{"id":6128,"date":"2026-03-29T09:45:04","date_gmt":"2026-03-29T09:45:04","guid":{"rendered":"https:\/\/operacinesistema.lt\/?post_type=product&#038;p=6128"},"modified":"2026-03-29T09:46:30","modified_gmt":"2026-03-29T09:46:30","slug":"windows-11-pro-key-global-retail","status":"publish","type":"product","link":"https:\/\/operacinesistema.lt\/zh\/product\/windows-11-pro-key-global-retail\/","title":{"rendered":"Microsoft Windows 11 Pro \u5bc6\u94a5\uff08\u5168\u7403\uff09\uff08\u96f6\u552e"},"content":{"rendered":"<p><strong style=\"letter-spacing: 0px;\">Microsoft Windows 11 Pro\uff08\u5168\u7403\u96f6\u552e\uff09<\/strong><span style=\"letter-spacing: 0px;\"> \u662f\u4e00\u6b3e\u5148\u8fdb\u7684\u64cd\u4f5c\u7cfb\u7edf\uff0c\u65e8\u5728\u5b9e\u73b0\u6700\u9ad8\u7684\u6548\u7387\u3001\u5b89\u5168\u6027\u548c\u7075\u6d3b\u6027\u3002\u5b83\u662f\u5b98\u65b9 <\/span><strong style=\"letter-spacing: 0px;\">\u96f6\u552e<\/strong><span style=\"letter-spacing: 0px;\"> \u4e0e\u6807\u51c6 OEM \u7248\u672c\u76f8\u6bd4\uff0c\u8be5\u7248\u672c\u63d0\u4f9b\u4e86\u66f4\u5927\u7684\u81ea\u7531\u5ea6\uff0c\u800c\u4e14 <\/span><strong style=\"letter-spacing: 0px;\">\u5168\u7403<\/strong><span style=\"letter-spacing: 0px;\"> \u8fd9\u79cd\u5730\u4f4d\u786e\u4fdd\u4e86\u5728\u4efb\u4f55\u5730\u533a\u7684\u8fd0\u884c\u90fd\u4e0d\u53d7\u9650\u5236\u3002.<\/span><\/p>\n<div class=\"win11-description-container\">\n<div class=\"digital-notice-box\">\n<p style=\"margin: 0;\"><strong>\u2139\ufe0f \u91cd\u8981\u63d0\u793a\uff1a\u6570\u5b57\u4ea7\u54c1\u3002.<\/strong><br \/>\n\u60a8\u8d2d\u4e70\u7684\u662f\u6fc0\u6d3b\u5bc6\u94a5\uff08Key\uff09\u3002\u4e0d\u53d1\u9001\u5b9e\u4f53\u4ecb\u8d28\uff08USB\/DVD\uff09\u3002\u4ed8\u6b3e\u540e\uff0c\u6211\u4eec\u4f1a\u7acb\u5373\u901a\u8fc7\u7535\u5b50\u90ae\u4ef6\u63d0\u4f9b\u4ee3\u7801\u548c\u8bf4\u660e\u3002.<\/p>\n<\/div>\n<h2>\u4e3a\u4ec0\u4e48\u9009\u62e9 Windows 11 Pro \u96f6\u552e\u7248\uff1f<\/h2>\n<ul class=\"win11-features-list\">\n<li><strong>\u96f6\u552e\u8bb8\u53ef\u8bc1\u7684\u597d\u5904<\/strong> \u4e0e OEM \u4e0d\u540c\uff0c\u96f6\u552e\u8bb8\u53ef\u8bc1\u4e0d\u4f1a\u6c38\u8fdc \u201e\u7ed1\u5b9a \u201c\u5728\u4e00\u5757\u4e3b\u677f\u4e0a\u3002\u6839\u636e\u5fae\u8f6f\u7684\u89c4\u5b9a\uff0c\u5b83\u53ef\u4ee5\u4f5c\u4e3a\u786c\u4ef6\u5347\u7ea7\u7684\u4e00\u90e8\u5206\u8f6c\u79fb\u5230\u53e6\u4e00\u53f0\u8ba1\u7b97\u673a\u4e0a\u3002.<\/li>\n<li><strong>\u5168\u7403\u7248\u672c\uff08\u65e0\u533a\u57df\u9650\u5236\uff09\uff1a<\/strong> \u6fc0\u6d3b\u5bc6\u94a5\u6ca1\u6709\u5730\u57df\u9650\u5236\u3002\u60a8\u53ef\u4ee5\u5728\u7acb\u9676\u5b9b\u6216\u4e16\u754c\u4efb\u4f55\u5176\u4ed6\u56fd\u5bb6\u4f7f\u7528\u3002.<\/li>\n<li><strong>\u73b0\u4ee3\u8bbe\u8ba1\uff1a<\/strong> \u5168\u65b0\u7684 \u201e\u5f00\u59cb \u201c\u83dc\u5355\u3001\u5706\u89d2\u7a97\u53e3\u548c\u6d41\u7545\u7684\u52a8\u753b\u6548\u679c\uff0c\u786e\u4fdd\u4e86\u7f8e\u89c2\u548c\u7528\u6237\u53cb\u597d\u7684\u5de5\u4f5c\u73af\u5883\u3002.<\/li>\n<li><strong>\u5546\u52a1\u8231\u5b89\u5168\uff1a<\/strong> \u96c6\u6210\u5728 <em>\u6bd4\u7279\u9501<\/em> \u52a0\u5bc6\u3001, <em>Windows Hello<\/em> \u751f\u7269\u8bc6\u522b\u5b89\u5168\u548c TPM 2.0 \u652f\u6301\u53ef\u6700\u5927\u9650\u5ea6\u5730\u4fdd\u62a4\u6570\u636e\u5b89\u5168\u3002.<\/li>\n<li><strong>\u865a\u62df\u5316\u4e0e\u5de5\u4f5c<\/strong> \u5168\u90e8 <em>Hyper-V<\/em>, <em>\u8fdc\u7a0b\u684c\u9762<\/em> \u548c <em>\u6c99\u76d2<\/em> \u4e13\u4e1a\u652f\u6301\u3002.<\/li>\n<li><strong>\u6e05\u6d01\u90e8\u7f72\uff1a<\/strong> \u4f7f\u7528\u5fae\u8f6f\u5b98\u65b9\u5a92\u4f53\u521b\u5efa\u5de5\u5177\uff0c\u4f60\u5c06\u5b89\u88c5\u4e00\u4e2a\u5e72\u51c0\u7684\u7cfb\u7edf\uff0c\u6ca1\u6709\u4e0d\u5fc5\u8981\u7684\u81c3\u80bf\u8f6f\u4ef6\u3002.<\/li>\n<\/ul>\n<h2>\u6280\u672f\u4fe1\u606f<\/h2>\n<table class=\"specs-table\">\n<tbody>\n<tr>\n<th>\u4ea7\u54c1<\/th>\n<td>Microsoft Windows 11 Pro \u5bc6\u94a5\uff08\u5168\u7403\uff09\uff08\u96f6\u552e<\/td>\n<\/tr>\n<tr>\n<th>\u8bb8\u53ef\u8bc1\u7c7b\u578b<\/th>\n<td>\u6570\u5b57\uff08ESD\uff09\uff0c1 PC<\/td>\n<\/tr>\n<tr>\n<th>\u5efa\u7b51\u5b66<\/th>\n<td>64 \u4f4d<\/td>\n<\/tr>\n<tr>\n<th>\u6709\u6548\u6027<\/th>\n<td>\u65e0\u9650\u671f\uff08\u7ec8\u8eab\uff09<\/td>\n<\/tr>\n<tr>\n<th>\u8bed\u8a00<\/th>\n<td>\u591a\u8bed\u8a00\uff08\u5305\u62ec\u7acb\u9676\u5b9b\u8bed\u5728\u5185\u7684\u6240\u6709\u8bed\u8a00\uff09<\/td>\n<\/tr>\n<\/tbody>\n<\/table>\n<h2>\u6700\u4f4e\u7cfb\u7edf\u8981\u6c42<\/h2>\n<p style=\"font-size: 0.9em; color: #666; margin-bottom: 15px;\">\u8d2d\u4e70\u524d\uff0c\u8bf7\u786e\u4fdd\u60a8\u7684\u8bbe\u5907\u7b26\u5408\u8fd9\u4e9b\u8981\u6c42\uff1a<\/p>\n<div class=\"req-grid\">\n<div class=\"req-item\"><strong>\u5904\u7406\u5668<\/strong><br \/>\n1 GHz\u30012 \u4e2a\u5185\u6838\u300164 \u4f4d\u517c\u5bb9\u6027<\/div>\n<div class=\"req-item\"><strong>RAM\uff08\u5185\u5b58\uff09<\/strong><br \/>\n4 GB \u6216\u4ee5\u4e0a<\/div>\n<div class=\"req-item\"><strong>\u5b58\u50a8\u5e93<\/strong><br \/>\n64 GB \u53ef\u7528\u7a7a\u95f4<\/div>\n<div class=\"req-item\"><strong>\u5b89\u5168<\/strong><br \/>\nTPM 2.0\uff0c\u652f\u6301\u5b89\u5168\u542f\u52a8<\/div>\n<div class=\"req-item\"><strong>\u56fe\u5f62<\/strong><br \/>\nDirectX 12 \/ WDDM 2.0<\/div>\n<div class=\"req-item\"><strong>\u5c4f\u5e55<\/strong><br \/>\n9 \u82f1\u5bf8 min\uff0c720p \u5206\u8fa8\u7387<\/div>\n<\/div>\n<div style=\"margin-top: 40px; border-top: 1px solid #eee; padding-top: 20px;\">\n<h3>\ud83d\udce6 \u60a8\u8d2d\u4e70\u65f6\u4f1a\u5f97\u5230\u4ec0\u4e48\uff1f<\/h3>\n<ul style=\"list-style-type: circle; padding-left: 20px;\">\n<li>1 x \u539f\u88c5 <strong>Windows 11 Pro \u96f6\u552e\u7248<\/strong> \u6fc0\u6d3b\u7801 (XXXXX-XXXXX-XXXXX-XXXXX-XXXXX)\u3002.<\/li>\n<li>\u4e0b\u8f7d\u5b89\u88c5\u6587\u4ef6\u7684\u5fae\u8f6f\u5b98\u65b9\u7f51\u7ad9\u94fe\u63a5\u3002.<\/li>\n<li>\u7b80\u77ed\u7684\u542f\u52a8\u8bf4\u660e\u3002.<\/li>\n<\/ul>\n<\/div>\n<\/div>","protected":false},"excerpt":{"rendered":"<ul style=\"list-style: none; padding: 0; margin: 0;\">\n<li style=\"display: flex; align-items: center; gap: 8px; font-family: 'Jost', sans-serif; font-size: 14px; font-weight: 400; color: #ffffff; line-height: 1.2; margin-bottom: 8px;\"><img decoding=\"async\" style=\"display: block; flex-shrink: 0;\" src=\"https:\/\/operacinesistema.lt\/wp-content\/uploads\/2026\/03\/Official-product-3.png\" alt=\"\" width=\"25\" height=\"25\" \/>\n<div>\u6b63\u5f0f\u8bb8\u53ef\u8bc1\u5bc6\u94a5<\/div>\n<\/li>\n<li style=\"display: flex; align-items: center; gap: 8px; font-family: 'Jost', sans-serif; font-size: 14px; font-weight: 400; color: #ffffff; line-height: 1.2; margin-bottom: 8px;\"><img decoding=\"async\" style=\"display: block; flex-shrink: 0;\" src=\"https:\/\/operacinesistema.lt\/wp-content\/uploads\/2026\/03\/Multilingual-1.png\" alt=\"\" width=\"25\" height=\"25\" \/>\n<div>\u53ef\u9009\u62e9\u6240\u6709\u8bed\u8a00<\/div>\n<\/li>\n<li style=\"display: flex; align-items: center; gap: 8px; font-family: 'Jost', sans-serif; font-size: 14px; font-weight: 400; color: #ffffff; line-height: 1.2; margin-bottom: 8px;\"><img decoding=\"async\" style=\"display: block; flex-shrink: 0;\" src=\"https:\/\/operacinesistema.lt\/wp-content\/uploads\/2026\/03\/Instant-delivery-3.png\" alt=\"\" width=\"25\" height=\"25\" \/>\n<div>\u5168\u5929\u5019\u5373\u65f6\u4ea4\u4ed8<\/div>\n<\/li>\n<li style=\"display: flex; align-items: center; gap: 8px; font-family: 'Jost', sans-serif; font-size: 14px; font-weight: 400; color: #ffffff; line-height: 1.2;\"><img loading=\"lazy\" decoding=\"async\" style=\"display: block; flex-shrink: 0;\" src=\"https:\/\/operacinesistema.lt\/wp-content\/uploads\/2026\/03\/Money-back-guarantee.png\" alt=\"\" width=\"25\" height=\"25\" \/>\n<div>\u9000\u6b3e\u4fdd\u8bc1<\/div>\n<\/li>\n<\/ul>","protected":false},"featured_media":4546,"template":"","meta":[],"product_brand":[],"product_cat":[140],"product_tag":[],"class_list":{"0":"post-6128","1":"product","2":"type-product","3":"status-publish","4":"has-post-thumbnail","6":"product_cat-skaitmenines-operacines-sistemos","8":"first","9":"instock","10":"sale","11":"featured","12":"virtual","13":"purchasable","14":"product-type-simple"},"yoast_head":"<!-- This site is optimized with the Yoast SEO plugin v27.3 - https:\/\/yoast.com\/product\/yoast-seo-wordpress\/ -->\n<title>Microsoft Windows 11 Pro Key GLOBAL (Retail) - operacinesistema.lt<\/title>\n<meta name=\"description\" content=\"\u012esigykite originali\u0105 Windows 11 Pro licencij\u0105 (skaitmeninis raktas) u\u017e puiki\u0105 kain\u0105! Greitas aktyvavimas, patikima licencija ir visi profesional\u016bs \u012frankiai.\" \/>\n<meta name=\"robots\" content=\"index, follow, max-snippet:-1, max-image-preview:large, max-video-preview:-1\" \/>\n<link rel=\"canonical\" href=\"https:\/\/operacinesistema.lt\/zh\/product\/windows-11-pro-key-global-retail\/\" \/>\n<meta property=\"og:locale\" content=\"zh_CN\" \/>\n<meta property=\"og:type\" content=\"article\" \/>\n<meta property=\"og:title\" content=\"Microsoft Windows 11 Pro Key GLOBAL (Retail) - operacinesistema.lt\" \/>\n<meta property=\"og:description\" content=\"\u012esigykite originali\u0105 Windows 11 Pro licencij\u0105 (skaitmeninis raktas) u\u017e puiki\u0105 kain\u0105! Greitas aktyvavimas, patikima licencija ir visi profesional\u016bs \u012frankiai.\" \/>\n<meta property=\"og:url\" content=\"https:\/\/operacinesistema.lt\/zh\/product\/windows-11-pro-key-global-retail\/\" \/>\n<meta property=\"og:site_name\" content=\"operacinesistema.lt\" \/>\n<meta property=\"article:modified_time\" content=\"2026-03-29T09:46:30+00:00\" \/>\n<meta property=\"og:image\" content=\"https:\/\/operacinesistema.lt\/wp-content\/uploads\/2024\/11\/Fizinis-produktas-11.png\" \/>\n\t<meta property=\"og:image:width\" content=\"1000\" \/>\n\t<meta property=\"og:image:height\" content=\"1000\" \/>\n\t<meta property=\"og:image:type\" content=\"image\/png\" \/>\n<meta name=\"twitter:card\" content=\"summary_large_image\" \/>\n<meta name=\"twitter:label1\" content=\"\u9884\u8ba1\u9605\u8bfb\u65f6\u95f4\" \/>\n\t<meta name=\"twitter:data1\" content=\"2 \u5206\" \/>\n<script type=\"application\/ld+json\" class=\"yoast-schema-graph\">{\"@context\":\"https:\\\/\\\/schema.org\",\"@graph\":[{\"@type\":\"WebPage\",\"@id\":\"https:\\\/\\\/operacinesistema.lt\\\/product\\\/windows-11-pro-key-global-retail\\\/\",\"url\":\"https:\\\/\\\/operacinesistema.lt\\\/product\\\/windows-11-pro-key-global-retail\\\/\",\"name\":\"Microsoft Windows 11 Pro Key GLOBAL (Retail) - operacinesistema.lt\",\"isPartOf\":{\"@id\":\"https:\\\/\\\/operacinesistema.lt\\\/#website\"},\"primaryImageOfPage\":{\"@id\":\"https:\\\/\\\/operacinesistema.lt\\\/product\\\/windows-11-pro-key-global-retail\\\/#primaryimage\"},\"image\":{\"@id\":\"https:\\\/\\\/operacinesistema.lt\\\/product\\\/windows-11-pro-key-global-retail\\\/#primaryimage\"},\"thumbnailUrl\":\"https:\\\/\\\/operacinesistema.lt\\\/wp-content\\\/uploads\\\/2024\\\/11\\\/Fizinis-produktas-11.png\",\"datePublished\":\"2026-03-29T09:45:04+00:00\",\"dateModified\":\"2026-03-29T09:46:30+00:00\",\"description\":\"\u012esigykite originali\u0105 Windows 11 Pro licencij\u0105 (skaitmeninis raktas) u\u017e puiki\u0105 kain\u0105! Greitas aktyvavimas, patikima licencija ir visi profesional\u016bs \u012frankiai.\",\"breadcrumb\":{\"@id\":\"https:\\\/\\\/operacinesistema.lt\\\/product\\\/windows-11-pro-key-global-retail\\\/#breadcrumb\"},\"inLanguage\":\"zh-Hans\",\"potentialAction\":[{\"@type\":\"ReadAction\",\"target\":[\"https:\\\/\\\/operacinesistema.lt\\\/product\\\/windows-11-pro-key-global-retail\\\/\"]}]},{\"@type\":\"ImageObject\",\"inLanguage\":\"zh-Hans\",\"@id\":\"https:\\\/\\\/operacinesistema.lt\\\/product\\\/windows-11-pro-key-global-retail\\\/#primaryimage\",\"url\":\"https:\\\/\\\/operacinesistema.lt\\\/wp-content\\\/uploads\\\/2024\\\/11\\\/Fizinis-produktas-11.png\",\"contentUrl\":\"https:\\\/\\\/operacinesistema.lt\\\/wp-content\\\/uploads\\\/2024\\\/11\\\/Fizinis-produktas-11.png\",\"width\":1000,\"height\":1000,\"caption\":\"Windows 11 Pro USB 64-Bit operacin\u0117 sistema\"},{\"@type\":\"BreadcrumbList\",\"@id\":\"https:\\\/\\\/operacinesistema.lt\\\/product\\\/windows-11-pro-key-global-retail\\\/#breadcrumb\",\"itemListElement\":[{\"@type\":\"ListItem\",\"position\":1,\"name\":\"Home\",\"item\":\"https:\\\/\\\/operacinesistema.lt\\\/\"},{\"@type\":\"ListItem\",\"position\":2,\"name\":\"Parduotuv\u0117\",\"item\":\"https:\\\/\\\/operacinesistema.lt\\\/parduotuve\\\/\"},{\"@type\":\"ListItem\",\"position\":3,\"name\":\"Microsoft Windows 11 Pro Key GLOBAL (Retail)\"}]},{\"@type\":\"WebSite\",\"@id\":\"https:\\\/\\\/operacinesistema.lt\\\/#website\",\"url\":\"https:\\\/\\\/operacinesistema.lt\\\/\",\"name\":\"operacinesistema.lt\",\"description\":\"Originali operacin\u0117 sistema\",\"potentialAction\":[{\"@type\":\"SearchAction\",\"target\":{\"@type\":\"EntryPoint\",\"urlTemplate\":\"https:\\\/\\\/operacinesistema.lt\\\/?s={search_term_string}\"},\"query-input\":{\"@type\":\"PropertyValueSpecification\",\"valueRequired\":true,\"valueName\":\"search_term_string\"}}],\"inLanguage\":\"zh-Hans\"}]}<\/script>\n<!-- \/ Yoast SEO plugin. -->","yoast_head_json":{"title":"Microsoft Windows 11 Pro Key GLOBAL (Retail) - operacinesistema.lt","description":"\u012esigykite originali\u0105 Windows 11 Pro licencij\u0105 (skaitmeninis raktas) u\u017e puiki\u0105 kain\u0105! Greitas aktyvavimas, patikima licencija ir visi profesional\u016bs \u012frankiai.","robots":{"index":"index","follow":"follow","max-snippet":"max-snippet:-1","max-image-preview":"max-image-preview:large","max-video-preview":"max-video-preview:-1"},"canonical":"https:\/\/operacinesistema.lt\/zh\/product\/windows-11-pro-key-global-retail\/","og_locale":"zh_CN","og_type":"article","og_title":"Microsoft Windows 11 Pro Key GLOBAL (Retail) - operacinesistema.lt","og_description":"\u012esigykite originali\u0105 Windows 11 Pro licencij\u0105 (skaitmeninis raktas) u\u017e puiki\u0105 kain\u0105! Greitas aktyvavimas, patikima licencija ir visi profesional\u016bs \u012frankiai.","og_url":"https:\/\/operacinesistema.lt\/zh\/product\/windows-11-pro-key-global-retail\/","og_site_name":"operacinesistema.lt","article_modified_time":"2026-03-29T09:46:30+00:00","og_image":[{"width":1000,"height":1000,"url":"https:\/\/operacinesistema.lt\/wp-content\/uploads\/2024\/11\/Fizinis-produktas-11.png","type":"image\/png"}],"twitter_card":"summary_large_image","twitter_misc":{"\u9884\u8ba1\u9605\u8bfb\u65f6\u95f4":"2 \u5206"},"schema":{"@context":"https:\/\/schema.org","@graph":[{"@type":"WebPage","@id":"https:\/\/operacinesistema.lt\/product\/windows-11-pro-key-global-retail\/","url":"https:\/\/operacinesistema.lt\/product\/windows-11-pro-key-global-retail\/","name":"Microsoft Windows 11 Pro Key GLOBAL (Retail) - operacinesistema.lt","isPartOf":{"@id":"https:\/\/operacinesistema.lt\/#website"},"primaryImageOfPage":{"@id":"https:\/\/operacinesistema.lt\/product\/windows-11-pro-key-global-retail\/#primaryimage"},"image":{"@id":"https:\/\/operacinesistema.lt\/product\/windows-11-pro-key-global-retail\/#primaryimage"},"thumbnailUrl":"https:\/\/operacinesistema.lt\/wp-content\/uploads\/2024\/11\/Fizinis-produktas-11.png","datePublished":"2026-03-29T09:45:04+00:00","dateModified":"2026-03-29T09:46:30+00:00","description":"\u012esigykite originali\u0105 Windows 11 Pro licencij\u0105 (skaitmeninis raktas) u\u017e puiki\u0105 kain\u0105! Greitas aktyvavimas, patikima licencija ir visi profesional\u016bs \u012frankiai.","breadcrumb":{"@id":"https:\/\/operacinesistema.lt\/product\/windows-11-pro-key-global-retail\/#breadcrumb"},"inLanguage":"zh-Hans","potentialAction":[{"@type":"ReadAction","target":["https:\/\/operacinesistema.lt\/product\/windows-11-pro-key-global-retail\/"]}]},{"@type":"ImageObject","inLanguage":"zh-Hans","@id":"https:\/\/operacinesistema.lt\/product\/windows-11-pro-key-global-retail\/#primaryimage","url":"https:\/\/operacinesistema.lt\/wp-content\/uploads\/2024\/11\/Fizinis-produktas-11.png","contentUrl":"https:\/\/operacinesistema.lt\/wp-content\/uploads\/2024\/11\/Fizinis-produktas-11.png","width":1000,"height":1000,"caption":"Windows 11 Pro USB 64-Bit operacin\u0117 sistema"},{"@type":"BreadcrumbList","@id":"https:\/\/operacinesistema.lt\/product\/windows-11-pro-key-global-retail\/#breadcrumb","itemListElement":[{"@type":"ListItem","position":1,"name":"Home","item":"https:\/\/operacinesistema.lt\/"},{"@type":"ListItem","position":2,"name":"Parduotuv\u0117","item":"https:\/\/operacinesistema.lt\/parduotuve\/"},{"@type":"ListItem","position":3,"name":"Microsoft Windows 11 Pro Key GLOBAL (Retail)"}]},{"@type":"WebSite","@id":"https:\/\/operacinesistema.lt\/#website","url":"https:\/\/operacinesistema.lt\/","name":"operacinesistema.lt","description":"\u539f\u59cb\u64cd\u4f5c\u7cfb\u7edf","potentialAction":[{"@type":"SearchAction","target":{"@type":"EntryPoint","urlTemplate":"https:\/\/operacinesistema.lt\/?s={search_term_string}"},"query-input":{"@type":"PropertyValueSpecification","valueRequired":true,"valueName":"search_term_string"}}],"inLanguage":"zh-Hans"}]}},"_links":{"self":[{"href":"https:\/\/operacinesistema.lt\/zh\/wp-json\/wp\/v2\/product\/6128","targetHints":{"allow":["GET"]}}],"collection":[{"href":"https:\/\/operacinesistema.lt\/zh\/wp-json\/wp\/v2\/product"}],"about":[{"href":"https:\/\/operacinesistema.lt\/zh\/wp-json\/wp\/v2\/types\/product"}],"version-history":[{"count":2,"href":"https:\/\/operacinesistema.lt\/zh\/wp-json\/wp\/v2\/product\/6128\/revisions"}],"predecessor-version":[{"id":6157,"href":"https:\/\/operacinesistema.lt\/zh\/wp-json\/wp\/v2\/product\/6128\/revisions\/6157"}],"wp:featuredmedia":[{"embeddable":true,"href":"https:\/\/operacinesistema.lt\/zh\/wp-json\/wp\/v2\/media\/4546"}],"wp:attachment":[{"href":"https:\/\/operacinesistema.lt\/zh\/wp-json\/wp\/v2\/media?parent=6128"}],"wp:term":[{"taxonomy":"product_brand","embeddable":true,"href":"https:\/\/operacinesistema.lt\/zh\/wp-json\/wp\/v2\/product_brand?post=6128"},{"taxonomy":"product_cat","embeddable":true,"href":"https:\/\/operacinesistema.lt\/zh\/wp-json\/wp\/v2\/product_cat?post=6128"},{"taxonomy":"product_tag","embeddable":true,"href":"https:\/\/operacinesistema.lt\/zh\/wp-json\/wp\/v2\/product_tag?post=6128"}],"curies":[{"name":"wp","href":"https:\/\/api.w.org\/{rel}","templated":true}]}}