{"id":4396,"date":"2024-11-19T09:33:47","date_gmt":"2024-11-19T09:33:47","guid":{"rendered":"https:\/\/operacinesistema.lt\/?page_id=4396"},"modified":"2024-11-19T09:33:47","modified_gmt":"2024-11-19T09:33:47","slug":"grazinimo-politika","status":"publish","type":"page","link":"https:\/\/operacinesistema.lt\/zh\/grazinimo-politika\/","title":{"rendered":"\u9000\u8d27\u653f\u7b56"},"content":{"rendered":"<p>\u6700\u540e\u66f4\u65b0\u65f6\u95f4\uff1a 2024-11-19&nbsp;<\/p>\n\n\n\n<p>SERA International, MB \u012fsipareigoja laikytis Lietuvos Respublikos \u012fstatym\u0173, u\u017etikrinan\u010di\u0173 pirk\u0117j\u0173 teises. \u0160ioje politikoje apra\u0161omos preki\u0173 gr\u0105\u017einimo, keitimo ir garantinio aptarnavimo s\u0105lygos, taikomos perkant produktus m\u016bs\u0173 svetain\u0117je <a href=\"https:\/\/operacinesistema.lt\/zh\/\">https:\/\/operacinesistema.lt\/<\/a>.\u00a0<\/p>\n\n\n\n<h3 class=\"wp-block-heading\">1. Preki\u0173 gr\u0105\u017einimo s\u0105lygos<\/h3>\n\n\n\n<p>1.1. 14 dien\u0173 pinig\u0173 gr\u0105\u017einimo garantija:<\/p>\n\n\n\n<p>Vadovaujantis Lietuvos Respublikos civilinio kodekso 6.228(10) straipsniu, pirk\u0117jas turi teis\u0119 gr\u0105\u017einti \u012fsigyt\u0105 prek\u0119 per 14 dien\u0173 nuo jos gavimo, nenurodydamas prie\u017easties.&nbsp;<\/p>\n\n\n\n<p>1.2. Preki\u0173 b\u016bkl\u0117<\/p>\n\n\n\n<ul class=\"wp-block-list\">\n<li>Gr\u0105\u017einamos prek\u0117s turi b\u016bti:\u00a0<ul><li>Nenaudotos ir nesugadintos<\/li><\/ul><ul><li>Originalioje, nepa\u017eeistoje pakuot\u0117je<\/li><\/ul>\n<ul class=\"wp-block-list\">\n<li>Su visais priedais (jei taikoma)<\/li>\n<\/ul>\n<\/li>\n<\/ul>\n\n\n\n<p>Jei prek\u0117 buvo sugadinta ar naudota, gr\u0105\u017einimas gali b\u016bti nepriimtas arba gali b\u016bti suma\u017einta gr\u0105\u017einama suma.&nbsp;<\/p>\n\n\n\n<p>1.3. Preki\u0173, kuri\u0173 gr\u0105\u017einti negalima:<\/p>\n\n\n\n<ul class=\"wp-block-list\">\n<li>Programin\u0117 \u012franga ar licencijos, kurios buvo aktyvuotos<\/li>\n\n\n\n<li>Individualiai u\u017esakytos prek\u0117s<\/li>\n<\/ul>\n\n\n\n<p>1.4. Gr\u0105\u017einimo i\u0161laidos:<\/p>\n\n\n\n<p>Pirk\u0117jas atsakingas u\u017e preki\u0173 gr\u0105\u017einimo i\u0161laidas, i\u0161skyrus atvejus, kai prek\u0117 buvo nekokybi\u0161ka arba gauta ne ta, kuri buvo u\u017esakyta.&nbsp;<\/p>\n\n\n\n<h3 class=\"wp-block-heading\">2. Preki\u0173 keitimas<\/h3>\n\n\n\n<p>2.1. Prek\u0117s gali b\u016bti kei\u010diamos tik tuo atveju, jei buvo gauta netinkama arba brokuota prek\u0117.&nbsp;<\/p>\n\n\n\n<p>2.2. Keitimui taikomos tos pa\u010dios s\u0105lygos, kaip ir gr\u0105\u017einimui (\u017er. 1.2 punkt\u0105).&nbsp;<\/p>\n\n\n\n<h3 class=\"wp-block-heading\">3. Gr\u0105\u017einimo procesas<\/h3>\n\n\n\n<p>3.1. Nor\u0117dami gr\u0105\u017einti ar pakeisti prek\u0119, atlikite \u0161iuos veiksmus:&nbsp;<\/p>\n\n\n\n<p>Susisiekite su mumis el. pa\u0161tu <a href=\"mailto:help@operacinesistema.lt\">help@operacinesistema.lt<\/a> ir pateikite \u0161i\u0105 informacij\u0105:\u00a0<\/p>\n\n\n\n<ul class=\"wp-block-list\">\n<li>U\u017esakymo numer\u012f<\/li>\n\n\n\n<li>Prek\u0117s pavadinim\u0105 ir gr\u0105\u017einimo ar keitimo prie\u017east\u012f<\/li>\n\n\n\n<li>Jei prek\u0117 yra brokuota, prid\u0117kite jos nuotraukas<\/li>\n<\/ul>\n\n\n\n<p>3.2. Gav\u0119 j\u016bs\u0173 u\u017eklaus\u0105, suteiksime i\u0161samias gr\u0105\u017einimo instrukcijas, \u012fskaitant informacij\u0105 apie siuntimo adres\u0105.&nbsp;<\/p>\n\n\n\n<p>3.3. Gr\u0105\u017einim\u0105 atlikite per pasirinkt\u0105 pa\u0161tomat\u0105, i\u0161saugokite siuntimo kvit\u0105 kaip gr\u0105\u017einimo \u012frodym\u0105.&nbsp;<\/p>\n\n\n\n<h3 class=\"wp-block-heading\">4. Pinig\u0173 gr\u0105\u017einimas<\/h3>\n\n\n\n<p>4.1. Pinigai gr\u0105\u017einami per 14 dien\u0173 nuo prek\u0117s gavimo ir patikrinimo.&nbsp;<\/p>\n\n\n\n<p>4.2. Pinigai pervedami \u012f t\u0105 pa\u010di\u0105 s\u0105skait\u0105, i\u0161 kurios buvo atliktas mok\u0117jimas.&nbsp;<\/p>\n\n\n\n<p>4.3. Jei buvo pasirinktas pristatymas mokamu pa\u0161tomatu, pristatymo kaina negr\u0105\u017einama (i\u0161skyrus nekokybi\u0161k\u0173 preki\u0173 atvejus).&nbsp;<\/p>\n\n\n\n<h3 class=\"wp-block-heading\">5. Garantijos ir brokuotos prek\u0117s<\/h3>\n\n\n\n<p>5.1. Jei prek\u0117 yra brokuota, garantinis aptarnavimas taikomas pagal Lietuvos Respublikos civilinio kodekso reikalavimus.&nbsp;<\/p>\n\n\n\n<p>5.2. Brokuot\u0105 prek\u0119 galite gr\u0105\u017einti arba pra\u0161yti jos pakeitimo.&nbsp;<\/p>\n\n\n\n<p>5.3. Susisiekite su mumis el. pa\u0161tu <a href=\"mailto:help@operacinesistema.lt\">help@operacinesistema.lt<\/a>, pateikdami vis\u0105 informacij\u0105 apie brok\u0105, \u012fskaitant nuotraukas.\u00a0<\/p>\n\n\n\n<h3 class=\"wp-block-heading\">6. Kontaktai<\/h3>\n\n\n\n<p>Jei turite klausim\u0173 d\u0117l gr\u0105\u017einimo ar garantijos:&nbsp;<\/p>\n\n\n\n<p>\u7535\u5b50\u90ae\u4ef6\uff1a <a href=\"mailto:help@operacinesistema.lt\">help@operacinesistema.lt<\/a><\/p>\n\n\n\n<p>\u7535\u8bdd\uff1a+370 601 66511&nbsp;<\/p>\n\n\n\n<p>SERA International, MB pasilieka teis\u0119 bet kuriuo metu atnaujinti \u0161i\u0105 politik\u0105. Atnaujinimai bus skelbiami m\u016bs\u0173 svetain\u0117je.<\/p>","protected":false},"excerpt":{"rendered":"<p>Paskutin\u012f kart\u0105 atnaujinta: 2024-11-19&nbsp; SERA International, MB \u012fsipareigoja laikytis Lietuvos Respublikos \u012fstatym\u0173, u\u017etikrinan\u010di\u0173 pirk\u0117j\u0173 teises. \u0160ioje politikoje apra\u0161omos preki\u0173 gr\u0105\u017einimo, keitimo ir garantinio aptarnavimo s\u0105lygos, taikomos perkant produktus m\u016bs\u0173 svetain\u0117je https:\/\/operacinesistema.lt\/.\u00a0 1. Preki\u0173 gr\u0105\u017einimo s\u0105lygos 1.1. 14 dien\u0173 pinig\u0173 gr\u0105\u017einimo garantija: Vadovaujantis Lietuvos Respublikos civilinio kodekso 6.228(10) straipsniu, pirk\u0117jas turi teis\u0119 gr\u0105\u017einti \u012fsigyt\u0105 prek\u0119 per 14 dien\u0173 nuo jos gavimo, nenurodydamas prie\u017easties.&nbsp; 1.2. Preki\u0173 b\u016bkl\u0117 Jei prek\u0117 buvo sugadinta ar naudota, gr\u0105\u017einimas gali b\u016bti nepriimtas arba gali b\u016bti suma\u017einta gr\u0105\u017einama suma.&nbsp; 1.3. Preki\u0173, kuri\u0173 gr\u0105\u017einti negalima: 1.4. Gr\u0105\u017einimo i\u0161laidos: Pirk\u0117jas atsakingas u\u017e preki\u0173 gr\u0105\u017einimo i\u0161laidas, i\u0161skyrus atvejus, kai prek\u0117 buvo nekokybi\u0161ka arba gauta ne ta, kuri buvo u\u017esakyta.&nbsp; 2. Preki\u0173 keitimas 2.1. Prek\u0117s gali b\u016bti kei\u010diamos tik tuo atveju, jei buvo gauta netinkama arba brokuota prek\u0117.&nbsp; 2.2. Keitimui taikomos tos pa\u010dios s\u0105lygos, kaip ir gr\u0105\u017einimui (\u017er. 1.2 punkt\u0105).&nbsp; 3. Gr\u0105\u017einimo procesas 3.1. Nor\u0117dami gr\u0105\u017einti ar pakeisti prek\u0119, atlikite \u0161iuos veiksmus:&nbsp; Susisiekite su mumis el. pa\u0161tu help@operacinesistema.lt ir pateikite \u0161i\u0105 informacij\u0105:\u00a0 3.2. Gav\u0119 j\u016bs\u0173 u\u017eklaus\u0105, suteiksime i\u0161samias gr\u0105\u017einimo instrukcijas, \u012fskaitant informacij\u0105 apie siuntimo adres\u0105.&nbsp; 3.3. Gr\u0105\u017einim\u0105 atlikite per pasirinkt\u0105 pa\u0161tomat\u0105, i\u0161saugokite siuntimo kvit\u0105 kaip gr\u0105\u017einimo \u012frodym\u0105.&nbsp; 4. Pinig\u0173 gr\u0105\u017einimas 4.1. Pinigai gr\u0105\u017einami per 14 dien\u0173 nuo prek\u0117s gavimo ir patikrinimo.&nbsp; 4.2. Pinigai pervedami \u012f t\u0105 pa\u010di\u0105 s\u0105skait\u0105, i\u0161 kurios buvo atliktas mok\u0117jimas.&nbsp; 4.3. Jei buvo pasirinktas pristatymas mokamu pa\u0161tomatu, pristatymo kaina negr\u0105\u017einama (i\u0161skyrus nekokybi\u0161k\u0173 preki\u0173 atvejus).&nbsp; 5. Garantijos ir brokuotos prek\u0117s 5.1. Jei prek\u0117 yra brokuota, garantinis aptarnavimas taikomas pagal Lietuvos Respublikos civilinio kodekso reikalavimus.&nbsp; 5.2. Brokuot\u0105 prek\u0119 galite gr\u0105\u017einti arba pra\u0161yti jos pakeitimo.&nbsp; 5.3. Susisiekite su mumis el. pa\u0161tu help@operacinesistema.lt, pateikdami vis\u0105 informacij\u0105 apie brok\u0105, \u012fskaitant nuotraukas.\u00a0 6. Kontaktai Jei turite klausim\u0173 d\u0117l gr\u0105\u017einimo ar garantijos:&nbsp; El. pa\u0161tas: help@operacinesistema.lt Telefonas: +370 601 66511&nbsp; SERA International, MB pasilieka teis\u0119 bet kuriuo metu atnaujinti \u0161i\u0105 politik\u0105. Atnaujinimai bus skelbiami m\u016bs\u0173 svetain\u0117je.<\/p>","protected":false},"author":1,"featured_media":0,"parent":0,"menu_order":0,"comment_status":"closed","ping_status":"closed","template":"","meta":{"footnotes":""},"class_list":["post-4396","page","type-page","status-publish","hentry","post-no-thumbnail"],"yoast_head":"<!-- This site is optimized with the Yoast SEO plugin v27.3 - https:\/\/yoast.com\/product\/yoast-seo-wordpress\/ -->\n<title>Gr\u0105\u017einimo politika - operacinesistema.lt<\/title>\n<meta name=\"robots\" content=\"index, follow, max-snippet:-1, max-image-preview:large, max-video-preview:-1\" \/>\n<link rel=\"canonical\" href=\"https:\/\/operacinesistema.lt\/zh\/grazinimo-politika\/\" \/>\n<meta property=\"og:locale\" content=\"zh_CN\" \/>\n<meta property=\"og:type\" content=\"article\" \/>\n<meta property=\"og:title\" content=\"Gr\u0105\u017einimo politika - operacinesistema.lt\" \/>\n<meta property=\"og:description\" content=\"Paskutin\u012f kart\u0105 atnaujinta: 2024-11-19&nbsp; SERA International, MB \u012fsipareigoja laikytis Lietuvos Respublikos \u012fstatym\u0173, u\u017etikrinan\u010di\u0173 pirk\u0117j\u0173 teises. \u0160ioje politikoje apra\u0161omos preki\u0173 gr\u0105\u017einimo, keitimo ir garantinio aptarnavimo s\u0105lygos, taikomos perkant produktus m\u016bs\u0173 svetain\u0117je https:\/\/operacinesistema.lt\/.\u00a0 1. Preki\u0173 gr\u0105\u017einimo s\u0105lygos 1.1. 14 dien\u0173 pinig\u0173 gr\u0105\u017einimo garantija: Vadovaujantis Lietuvos Respublikos civilinio kodekso 6.228(10) straipsniu, pirk\u0117jas turi teis\u0119 gr\u0105\u017einti \u012fsigyt\u0105 prek\u0119 per 14 dien\u0173 nuo jos gavimo, nenurodydamas prie\u017easties.&nbsp; 1.2. Preki\u0173 b\u016bkl\u0117 Jei prek\u0117 buvo sugadinta ar naudota, gr\u0105\u017einimas gali b\u016bti nepriimtas arba gali b\u016bti suma\u017einta gr\u0105\u017einama suma.&nbsp; 1.3. Preki\u0173, kuri\u0173 gr\u0105\u017einti negalima: 1.4. Gr\u0105\u017einimo i\u0161laidos: Pirk\u0117jas atsakingas u\u017e preki\u0173 gr\u0105\u017einimo i\u0161laidas, i\u0161skyrus atvejus, kai prek\u0117 buvo nekokybi\u0161ka arba gauta ne ta, kuri buvo u\u017esakyta.&nbsp; 2. Preki\u0173 keitimas 2.1. Prek\u0117s gali b\u016bti kei\u010diamos tik tuo atveju, jei buvo gauta netinkama arba brokuota prek\u0117.&nbsp; 2.2. Keitimui taikomos tos pa\u010dios s\u0105lygos, kaip ir gr\u0105\u017einimui (\u017er. 1.2 punkt\u0105).&nbsp; 3. Gr\u0105\u017einimo procesas 3.1. Nor\u0117dami gr\u0105\u017einti ar pakeisti prek\u0119, atlikite \u0161iuos veiksmus:&nbsp; Susisiekite su mumis el. pa\u0161tu help@operacinesistema.lt ir pateikite \u0161i\u0105 informacij\u0105:\u00a0 3.2. Gav\u0119 j\u016bs\u0173 u\u017eklaus\u0105, suteiksime i\u0161samias gr\u0105\u017einimo instrukcijas, \u012fskaitant informacij\u0105 apie siuntimo adres\u0105.&nbsp; 3.3. Gr\u0105\u017einim\u0105 atlikite per pasirinkt\u0105 pa\u0161tomat\u0105, i\u0161saugokite siuntimo kvit\u0105 kaip gr\u0105\u017einimo \u012frodym\u0105.&nbsp; 4. Pinig\u0173 gr\u0105\u017einimas 4.1. Pinigai gr\u0105\u017einami per 14 dien\u0173 nuo prek\u0117s gavimo ir patikrinimo.&nbsp; 4.2. Pinigai pervedami \u012f t\u0105 pa\u010di\u0105 s\u0105skait\u0105, i\u0161 kurios buvo atliktas mok\u0117jimas.&nbsp; 4.3. Jei buvo pasirinktas pristatymas mokamu pa\u0161tomatu, pristatymo kaina negr\u0105\u017einama (i\u0161skyrus nekokybi\u0161k\u0173 preki\u0173 atvejus).&nbsp; 5. Garantijos ir brokuotos prek\u0117s 5.1. Jei prek\u0117 yra brokuota, garantinis aptarnavimas taikomas pagal Lietuvos Respublikos civilinio kodekso reikalavimus.&nbsp; 5.2. Brokuot\u0105 prek\u0119 galite gr\u0105\u017einti arba pra\u0161yti jos pakeitimo.&nbsp; 5.3. Susisiekite su mumis el. pa\u0161tu help@operacinesistema.lt, pateikdami vis\u0105 informacij\u0105 apie brok\u0105, \u012fskaitant nuotraukas.\u00a0 6. Kontaktai Jei turite klausim\u0173 d\u0117l gr\u0105\u017einimo ar garantijos:&nbsp; El. pa\u0161tas: help@operacinesistema.lt Telefonas: +370 601 66511&nbsp; SERA International, MB pasilieka teis\u0119 bet kuriuo metu atnaujinti \u0161i\u0105 politik\u0105. Atnaujinimai bus skelbiami m\u016bs\u0173 svetain\u0117je.\" \/>\n<meta property=\"og:url\" content=\"https:\/\/operacinesistema.lt\/zh\/grazinimo-politika\/\" \/>\n<meta property=\"og:site_name\" content=\"operacinesistema.lt\" \/>\n<meta name=\"twitter:card\" content=\"summary_large_image\" \/>\n<meta name=\"twitter:label1\" content=\"\u9884\u8ba1\u9605\u8bfb\u65f6\u95f4\" \/>\n\t<meta name=\"twitter:data1\" content=\"2 \u5206\" \/>\n<script type=\"application\/ld+json\" class=\"yoast-schema-graph\">{\"@context\":\"https:\\\/\\\/schema.org\",\"@graph\":[{\"@type\":\"WebPage\",\"@id\":\"https:\\\/\\\/operacinesistema.lt\\\/grazinimo-politika\\\/\",\"url\":\"https:\\\/\\\/operacinesistema.lt\\\/grazinimo-politika\\\/\",\"name\":\"Gr\u0105\u017einimo politika - operacinesistema.lt\",\"isPartOf\":{\"@id\":\"https:\\\/\\\/operacinesistema.lt\\\/#website\"},\"datePublished\":\"2024-11-19T09:33:47+00:00\",\"breadcrumb\":{\"@id\":\"https:\\\/\\\/operacinesistema.lt\\\/grazinimo-politika\\\/#breadcrumb\"},\"inLanguage\":\"zh-Hans\",\"potentialAction\":[{\"@type\":\"ReadAction\",\"target\":[\"https:\\\/\\\/operacinesistema.lt\\\/grazinimo-politika\\\/\"]}]},{\"@type\":\"BreadcrumbList\",\"@id\":\"https:\\\/\\\/operacinesistema.lt\\\/grazinimo-politika\\\/#breadcrumb\",\"itemListElement\":[{\"@type\":\"ListItem\",\"position\":1,\"name\":\"Home\",\"item\":\"https:\\\/\\\/operacinesistema.lt\\\/\"},{\"@type\":\"ListItem\",\"position\":2,\"name\":\"Gr\u0105\u017einimo politika\"}]},{\"@type\":\"WebSite\",\"@id\":\"https:\\\/\\\/operacinesistema.lt\\\/#website\",\"url\":\"https:\\\/\\\/operacinesistema.lt\\\/\",\"name\":\"operacinesistema.lt\",\"description\":\"Originali operacin\u0117 sistema\",\"potentialAction\":[{\"@type\":\"SearchAction\",\"target\":{\"@type\":\"EntryPoint\",\"urlTemplate\":\"https:\\\/\\\/operacinesistema.lt\\\/?s={search_term_string}\"},\"query-input\":{\"@type\":\"PropertyValueSpecification\",\"valueRequired\":true,\"valueName\":\"search_term_string\"}}],\"inLanguage\":\"zh-Hans\"}]}<\/script>\n<!-- \/ Yoast SEO plugin. -->","yoast_head_json":{"title":"Gr\u0105\u017einimo politika - operacinesistema.lt","robots":{"index":"index","follow":"follow","max-snippet":"max-snippet:-1","max-image-preview":"max-image-preview:large","max-video-preview":"max-video-preview:-1"},"canonical":"https:\/\/operacinesistema.lt\/zh\/grazinimo-politika\/","og_locale":"zh_CN","og_type":"article","og_title":"Gr\u0105\u017einimo politika - operacinesistema.lt","og_description":"Paskutin\u012f kart\u0105 atnaujinta: 2024-11-19&nbsp; SERA International, MB \u012fsipareigoja laikytis Lietuvos Respublikos \u012fstatym\u0173, u\u017etikrinan\u010di\u0173 pirk\u0117j\u0173 teises. \u0160ioje politikoje apra\u0161omos preki\u0173 gr\u0105\u017einimo, keitimo ir garantinio aptarnavimo s\u0105lygos, taikomos perkant produktus m\u016bs\u0173 svetain\u0117je https:\/\/operacinesistema.lt\/.\u00a0 1. Preki\u0173 gr\u0105\u017einimo s\u0105lygos 1.1. 14 dien\u0173 pinig\u0173 gr\u0105\u017einimo garantija: Vadovaujantis Lietuvos Respublikos civilinio kodekso 6.228(10) straipsniu, pirk\u0117jas turi teis\u0119 gr\u0105\u017einti \u012fsigyt\u0105 prek\u0119 per 14 dien\u0173 nuo jos gavimo, nenurodydamas prie\u017easties.&nbsp; 1.2. Preki\u0173 b\u016bkl\u0117 Jei prek\u0117 buvo sugadinta ar naudota, gr\u0105\u017einimas gali b\u016bti nepriimtas arba gali b\u016bti suma\u017einta gr\u0105\u017einama suma.&nbsp; 1.3. Preki\u0173, kuri\u0173 gr\u0105\u017einti negalima: 1.4. Gr\u0105\u017einimo i\u0161laidos: Pirk\u0117jas atsakingas u\u017e preki\u0173 gr\u0105\u017einimo i\u0161laidas, i\u0161skyrus atvejus, kai prek\u0117 buvo nekokybi\u0161ka arba gauta ne ta, kuri buvo u\u017esakyta.&nbsp; 2. Preki\u0173 keitimas 2.1. Prek\u0117s gali b\u016bti kei\u010diamos tik tuo atveju, jei buvo gauta netinkama arba brokuota prek\u0117.&nbsp; 2.2. Keitimui taikomos tos pa\u010dios s\u0105lygos, kaip ir gr\u0105\u017einimui (\u017er. 1.2 punkt\u0105).&nbsp; 3. Gr\u0105\u017einimo procesas 3.1. Nor\u0117dami gr\u0105\u017einti ar pakeisti prek\u0119, atlikite \u0161iuos veiksmus:&nbsp; Susisiekite su mumis el. pa\u0161tu help@operacinesistema.lt ir pateikite \u0161i\u0105 informacij\u0105:\u00a0 3.2. Gav\u0119 j\u016bs\u0173 u\u017eklaus\u0105, suteiksime i\u0161samias gr\u0105\u017einimo instrukcijas, \u012fskaitant informacij\u0105 apie siuntimo adres\u0105.&nbsp; 3.3. Gr\u0105\u017einim\u0105 atlikite per pasirinkt\u0105 pa\u0161tomat\u0105, i\u0161saugokite siuntimo kvit\u0105 kaip gr\u0105\u017einimo \u012frodym\u0105.&nbsp; 4. Pinig\u0173 gr\u0105\u017einimas 4.1. Pinigai gr\u0105\u017einami per 14 dien\u0173 nuo prek\u0117s gavimo ir patikrinimo.&nbsp; 4.2. Pinigai pervedami \u012f t\u0105 pa\u010di\u0105 s\u0105skait\u0105, i\u0161 kurios buvo atliktas mok\u0117jimas.&nbsp; 4.3. Jei buvo pasirinktas pristatymas mokamu pa\u0161tomatu, pristatymo kaina negr\u0105\u017einama (i\u0161skyrus nekokybi\u0161k\u0173 preki\u0173 atvejus).&nbsp; 5. Garantijos ir brokuotos prek\u0117s 5.1. Jei prek\u0117 yra brokuota, garantinis aptarnavimas taikomas pagal Lietuvos Respublikos civilinio kodekso reikalavimus.&nbsp; 5.2. Brokuot\u0105 prek\u0119 galite gr\u0105\u017einti arba pra\u0161yti jos pakeitimo.&nbsp; 5.3. Susisiekite su mumis el. pa\u0161tu help@operacinesistema.lt, pateikdami vis\u0105 informacij\u0105 apie brok\u0105, \u012fskaitant nuotraukas.\u00a0 6. Kontaktai Jei turite klausim\u0173 d\u0117l gr\u0105\u017einimo ar garantijos:&nbsp; El. pa\u0161tas: help@operacinesistema.lt Telefonas: +370 601 66511&nbsp; SERA International, MB pasilieka teis\u0119 bet kuriuo metu atnaujinti \u0161i\u0105 politik\u0105. Atnaujinimai bus skelbiami m\u016bs\u0173 svetain\u0117je.","og_url":"https:\/\/operacinesistema.lt\/zh\/grazinimo-politika\/","og_site_name":"operacinesistema.lt","twitter_card":"summary_large_image","twitter_misc":{"\u9884\u8ba1\u9605\u8bfb\u65f6\u95f4":"2 \u5206"},"schema":{"@context":"https:\/\/schema.org","@graph":[{"@type":"WebPage","@id":"https:\/\/operacinesistema.lt\/grazinimo-politika\/","url":"https:\/\/operacinesistema.lt\/grazinimo-politika\/","name":"Gr\u0105\u017einimo politika - operacinesistema.lt","isPartOf":{"@id":"https:\/\/operacinesistema.lt\/#website"},"datePublished":"2024-11-19T09:33:47+00:00","breadcrumb":{"@id":"https:\/\/operacinesistema.lt\/grazinimo-politika\/#breadcrumb"},"inLanguage":"zh-Hans","potentialAction":[{"@type":"ReadAction","target":["https:\/\/operacinesistema.lt\/grazinimo-politika\/"]}]},{"@type":"BreadcrumbList","@id":"https:\/\/operacinesistema.lt\/grazinimo-politika\/#breadcrumb","itemListElement":[{"@type":"ListItem","position":1,"name":"Home","item":"https:\/\/operacinesistema.lt\/"},{"@type":"ListItem","position":2,"name":"Gr\u0105\u017einimo politika"}]},{"@type":"WebSite","@id":"https:\/\/operacinesistema.lt\/#website","url":"https:\/\/operacinesistema.lt\/","name":"operacinesistema.lt","description":"\u539f\u59cb\u64cd\u4f5c\u7cfb\u7edf","potentialAction":[{"@type":"SearchAction","target":{"@type":"EntryPoint","urlTemplate":"https:\/\/operacinesistema.lt\/?s={search_term_string}"},"query-input":{"@type":"PropertyValueSpecification","valueRequired":true,"valueName":"search_term_string"}}],"inLanguage":"zh-Hans"}]}},"_links":{"self":[{"href":"https:\/\/operacinesistema.lt\/zh\/wp-json\/wp\/v2\/pages\/4396","targetHints":{"allow":["GET"]}}],"collection":[{"href":"https:\/\/operacinesistema.lt\/zh\/wp-json\/wp\/v2\/pages"}],"about":[{"href":"https:\/\/operacinesistema.lt\/zh\/wp-json\/wp\/v2\/types\/page"}],"author":[{"embeddable":true,"href":"https:\/\/operacinesistema.lt\/zh\/wp-json\/wp\/v2\/users\/1"}],"replies":[{"embeddable":true,"href":"https:\/\/operacinesistema.lt\/zh\/wp-json\/wp\/v2\/comments?post=4396"}],"version-history":[{"count":1,"href":"https:\/\/operacinesistema.lt\/zh\/wp-json\/wp\/v2\/pages\/4396\/revisions"}],"predecessor-version":[{"id":4397,"href":"https:\/\/operacinesistema.lt\/zh\/wp-json\/wp\/v2\/pages\/4396\/revisions\/4397"}],"wp:attachment":[{"href":"https:\/\/operacinesistema.lt\/zh\/wp-json\/wp\/v2\/media?parent=4396"}],"curies":[{"name":"wp","href":"https:\/\/api.w.org\/{rel}","templated":true}]}}