{"id":5217,"date":"2026-01-29T14:14:20","date_gmt":"2026-01-29T14:14:20","guid":{"rendered":"https:\/\/operacinesistema.lt\/?post_type=product&#038;p=5217"},"modified":"2026-03-24T18:51:52","modified_gmt":"2026-03-24T18:51:52","slug":"microsoft-windows-10-pro-key-global-retail","status":"publish","type":"product","link":"https:\/\/operacinesistema.lt\/vi\/san-pham\/microsoft-windows-10-pro-key-global-retail\/","title":{"rendered":"Kh\u00f3a Microsoft Windows 10 Pro GLOBAL (B\u00e1n l\u1ebb)"},"content":{"rendered":"<p><strong style=\"letter-spacing: 0px;\">Microsoft Windows 10 Pro (Global Retail)<\/strong><span style=\"letter-spacing: 0px;\"> l\u00e0 h\u1ec7 \u0111i\u1ec1u h\u00e0nh ti\u00ean ti\u1ebfn nh\u1ea5t, \u0111\u01b0\u1ee3c ph\u00e1t tri\u1ec3n nh\u1eb1m mang l\u1ea1i hi\u1ec7u qu\u1ea3, b\u1ea3o m\u1eadt v\u00e0 t\u00ednh linh ho\u1ea1t t\u1ed1i \u0111a. \u0110\u00e2y l\u00e0 h\u1ec7 \u0111i\u1ec1u h\u00e0nh ch\u00ednh th\u1ee9c <\/span><strong style=\"letter-spacing: 0px;\">B\u00e1n l\u1ebb<\/strong><span style=\"letter-spacing: 0px;\"> phi\u00ean b\u1ea3n n\u00e0y mang l\u1ea1i nhi\u1ec1u t\u1ef1 do h\u01a1n so v\u1edbi c\u00e1c phi\u00ean b\u1ea3n OEM ti\u00eau chu\u1ea9n, v\u00e0 <\/span><strong style=\"letter-spacing: 0px;\">To\u00e0n c\u1ea7u<\/strong><span style=\"letter-spacing: 0px;\"> T\u00ecnh tr\u1ea1ng n\u00e0y \u0111\u1ea3m b\u1ea3o ho\u1ea1t \u0111\u1ed9ng \u1edf b\u1ea5t k\u1ef3 khu v\u1ef1c n\u00e0o m\u00e0 kh\u00f4ng c\u00f3 h\u1ea1n ch\u1ebf.<\/span><\/p>\n<div class=\"win11-description-container\">\n<div class=\"digital-notice-box\">\n<p style=\"margin: 0;\"><strong>\u2139\ufe0f QUAN TR\u1eccNG: S\u1ea3n ph\u1ea9m k\u1ef9 thu\u1eadt s\u1ed1.<\/strong><br \/>\nQu\u00fd kh\u00e1ch \u0111ang mua m\u00e3 k\u00edch ho\u1ea1t gi\u1ea5y ph\u00e9p (Key). Ph\u01b0\u01a1ng ti\u1ec7n l\u01b0u tr\u1eef v\u1eadt l\u00fd (USB\/DVD) s\u1ebd kh\u00f4ng \u0111\u01b0\u1ee3c g\u1eedi \u0111i. M\u00e3 v\u00e0 h\u01b0\u1edbng d\u1eabn s\u1ebd \u0111\u01b0\u1ee3c g\u1eedi qua email ngay sau khi thanh to\u00e1n.<\/p>\n<\/div>\n<h2>Kod\u0117l verta rinktis Windows 10 Pro Retail?<\/h2>\n<ul class=\"win11-features-list\">\n<li><strong>L\u1ee3i \u00edch c\u1ee7a Gi\u1ea5y ph\u00e9p B\u00e1n l\u1ebb:<\/strong> Kh\u00e1c v\u1edbi gi\u1ea5y ph\u00e9p OEM, gi\u1ea5y ph\u00e9p Retail kh\u00f4ng b\u1ecb \u201eg\u1eafn li\u1ec1n\u201c v\u0129nh vi\u1ec5n v\u1edbi m\u1ed9t bo m\u1ea1ch ch\u1ee7 c\u1ee5 th\u1ec3. Theo quy \u0111\u1ecbnh c\u1ee7a Microsoft, gi\u1ea5y ph\u00e9p n\u00e0y c\u00f3 th\u1ec3 \u0111\u01b0\u1ee3c chuy\u1ec3n sang m\u00e1y t\u00ednh kh\u00e1c khi n\u00e2ng c\u1ea5p ph\u1ea7n c\u1ee9ng.<\/li>\n<li><strong>Phi\u00ean b\u1ea3n to\u00e0n c\u1ea7u (Kh\u00f4ng gi\u1edbi h\u1ea1n khu v\u1ef1c):<\/strong> Kh\u00f3a k\u00edch ho\u1ea1t kh\u00f4ng c\u00f3 gi\u1edbi h\u1ea1n v\u1ec1 \u0111\u1ecba l\u00fd. B\u1ea1n c\u00f3 th\u1ec3 s\u1eed d\u1ee5ng t\u1ea1i Lithuania ho\u1eb7c b\u1ea5t k\u1ef3 qu\u1ed1c gia n\u00e0o kh\u00e1c tr\u00ean th\u1ebf gi\u1edbi.<\/li>\n<li><strong>Thi\u1ebft k\u1ebf hi\u1ec7n \u0111\u1ea1i:<\/strong> Menu \u201eStart\u201c m\u1edbi, c\u00e1c g\u00f3c c\u1eeda s\u1ed5 bo tr\u00f2n v\u00e0 hi\u1ec7u \u1ee9ng chuy\u1ec3n \u0111\u1ed9ng m\u01b0\u1ee3t m\u00e0 mang \u0111\u1ebfn m\u1ed9t m\u00f4i tr\u01b0\u1eddng l\u00e0m vi\u1ec7c th\u1ea9m m\u1ef9 v\u00e0 ti\u1ec7n l\u1ee3i.<\/li>\n<li><strong>An ninh cho doanh nghi\u1ec7p:<\/strong> T\u00edch h\u1ee3p <em>BitLocker<\/em> m\u00e3 h\u00f3a, <em>Windows Hello<\/em> B\u1ea3o m\u1eadt sinh tr\u1eafc h\u1ecdc v\u00e0 h\u1ed7 tr\u1ee3 TPM 2.0 \u0111\u1ec3 \u0111\u1ea3m b\u1ea3o an to\u00e0n d\u1eef li\u1ec7u t\u1ed1i \u0111a.<\/li>\n<li><strong>\u1ea2o h\u00f3a v\u00e0 C\u00f4ng vi\u1ec7c:<\/strong> \u0110\u1ea7y \u0111\u1ee7 <em>Hyper-V<\/em>, <em>M\u00e1y t\u00ednh t\u1eeb xa<\/em> v\u00e0 <em>Sandbox<\/em> H\u1ed7 tr\u1ee3 d\u00e0nh cho c\u00e1c chuy\u00ean gia.<\/li>\n<li><strong>C\u00e0i \u0111\u1eb7t s\u1ea1ch:<\/strong> Khi s\u1eed d\u1ee5ng c\u00f4ng c\u1ee5 ch\u00ednh th\u1ee9c \u201eMicrosoft Media Creation Tool\u201c, b\u1ea1n s\u1ebd c\u00e0i \u0111\u1eb7t \u0111\u01b0\u1ee3c m\u1ed9t h\u1ec7 \u0111i\u1ec1u h\u00e0nh s\u1ea1ch s\u1ebd, kh\u00f4ng c\u00f3 c\u00e1c ph\u1ea7n m\u1ec1m kh\u00f4ng c\u1ea7n thi\u1ebft do nh\u00e0 s\u1ea3n xu\u1ea5t c\u00e0i \u0111\u1eb7t s\u1eb5n (\u201ebloatware\u201c).<\/li>\n<\/ul>\n<h2>Th\u00f4ng tin k\u1ef9 thu\u1eadt<\/h2>\n<table class=\"specs-table\">\n<tbody>\n<tr>\n<th>S\u1ea3n ph\u1ea9m<\/th>\n<td>Kh\u00f3a Microsoft Windows 10 Pro GLOBAL (B\u00e1n l\u1ebb)<\/td>\n<\/tr>\n<tr>\n<th>Lo\u1ea1i gi\u1ea5y ph\u00e9p<\/th>\n<td>K\u1ef9 thu\u1eadt s\u1ed1 (ESD), 1 chi\u1ebfc<\/td>\n<\/tr>\n<tr>\n<th>Ki\u1ebfn tr\u00fac<\/th>\n<td>64-bit<\/td>\n<\/tr>\n<tr>\n<th>Th\u1eddi h\u1ea1n hi\u1ec7u l\u1ef1c<\/th>\n<td>Kh\u00f4ng gi\u1edbi h\u1ea1n th\u1eddi h\u1ea1n (Tr\u1ecdn \u0111\u1eddi)<\/td>\n<\/tr>\n<tr>\n<th>Ng\u00f4n ng\u1eef<\/th>\n<td>\u0110a ng\u00f4n ng\u1eef (t\u1ea5t c\u1ea3 c\u00e1c ng\u00f4n ng\u1eef, bao g\u1ed3m c\u1ea3 ti\u1ebfng Litva)<\/td>\n<\/tr>\n<\/tbody>\n<\/table>\n<h2>Y\u00eau c\u1ea7u h\u1ec7 th\u1ed1ng t\u1ed1i thi\u1ec3u<\/h2>\n<p style=\"font-size: 0.9em; color: #666; margin-bottom: 15px;\">Tr\u01b0\u1edbc khi mua, h\u00e3y \u0111\u1ea3m b\u1ea3o r\u1eb1ng thi\u1ebft b\u1ecb c\u1ee7a b\u1ea1n \u0111\u00e1p \u1ee9ng c\u00e1c y\u00eau c\u1ea7u sau:<\/p>\n<div class=\"req-grid\">\n<div class=\"req-item\"><strong>B\u1ed9 x\u1eed l\u00fd<\/strong><br \/>\n1 GHz, 2 nh\u00e2n, t\u01b0\u01a1ng th\u00edch 64-bit<\/div>\n<div class=\"req-item\"><strong>RAM (B\u1ed9 nh\u1edb)<\/strong><br \/>\n4 GB tr\u1edf l\u00ean<\/div>\n<div class=\"req-item\"><strong>Kho l\u01b0u tr\u1eef<\/strong><br \/>\n64 GB dung l\u01b0\u1ee3ng tr\u1ed1ng<\/div>\n<div class=\"req-item\"><strong>An ninh<\/strong><br \/>\nTPM 2.0, h\u1ed7 tr\u1ee3 Secure Boot<\/div>\n<div class=\"req-item\"><strong>\u0110\u1ed3 h\u1ecda<\/strong><br \/>\nDirectX 12 \/ WDDM 2.0<\/div>\n<div class=\"req-item\"><strong>M\u00e0n h\u00ecnh<\/strong><br \/>\n9 ph\u00fat, \u0111\u1ed9 ph\u00e2n gi\u1ea3i 720p<\/div>\n<\/div>\n<div style=\"margin-top: 40px; border-top: 1px solid #eee; padding-top: 20px;\">\n<h3>\ud83d\udce6 B\u1ea1n s\u1ebd nh\u1eadn \u0111\u01b0\u1ee3c g\u00ec khi mua s\u1ea3n ph\u1ea9m n\u00e0y?<\/h3>\n<ul style=\"list-style-type: circle; padding-left: 20px;\">\n<li>1 x H\u00e0ng ch\u00ednh h\u00e3ng <strong>Windows 10 Pro Retail<\/strong> m\u00e3 k\u00edch ho\u1ea1t (XXXXX-XXXXX-XXXXX-XXXXX-XXXXX).<\/li>\n<li>Li\u00ean k\u1ebft \u0111\u1ebfn trang web ch\u00ednh th\u1ee9c c\u1ee7a Microsoft \u0111\u1ec3 t\u1ea3i xu\u1ed1ng c\u00e1c t\u1ec7p c\u00e0i \u0111\u1eb7t.<\/li>\n<li>H\u01b0\u1edbng d\u1eabn k\u00edch ho\u1ea1t ng\u1eafn g\u1ecdn.<\/li>\n<\/ul>\n<\/div>\n<\/div>","protected":false},"excerpt":{"rendered":"<ul style=\"list-style: none; padding: 0; margin: 0;\">\n<li style=\"display: flex; align-items: center; gap: 8px; font-family: 'Jost', sans-serif; font-size: 14px; font-weight: 400; color: #ffffff; line-height: 1.2; margin-bottom: 8px;\"><img decoding=\"async\" style=\"display: block; flex-shrink: 0;\" src=\"https:\/\/operacinesistema.lt\/wp-content\/uploads\/2026\/03\/Official-product-3.png\" alt=\"\" width=\"25\" height=\"25\" \/>\n<div>Kh\u00f3a c\u1ea5p ph\u00e9p ch\u00ednh th\u1ee9c<\/div>\n<\/li>\n<li style=\"display: flex; align-items: center; gap: 8px; font-family: 'Jost', sans-serif; font-size: 14px; font-weight: 400; color: #ffffff; line-height: 1.2; margin-bottom: 8px;\"><img decoding=\"async\" style=\"display: block; flex-shrink: 0;\" src=\"https:\/\/operacinesistema.lt\/wp-content\/uploads\/2026\/03\/Multilingual-1.png\" alt=\"\" width=\"25\" height=\"25\" \/>\n<div>Ch\u1ecdn t\u1ea5t c\u1ea3 c\u00e1c ng\u00f4n ng\u1eef<\/div>\n<\/li>\n<li style=\"display: flex; align-items: center; gap: 8px; font-family: 'Jost', sans-serif; font-size: 14px; font-weight: 400; color: #ffffff; line-height: 1.2; margin-bottom: 8px;\"><img decoding=\"async\" style=\"display: block; flex-shrink: 0;\" src=\"https:\/\/operacinesistema.lt\/wp-content\/uploads\/2026\/03\/Instant-delivery-3.png\" alt=\"\" width=\"25\" height=\"25\" \/>\n<div>Giao h\u00e0ng ngay l\u1eadp t\u1ee9c 24\/7<\/div>\n<\/li>\n<li style=\"display: flex; align-items: center; gap: 8px; font-family: 'Jost', sans-serif; font-size: 14px; font-weight: 400; color: #ffffff; line-height: 1.2;\"><img loading=\"lazy\" decoding=\"async\" style=\"display: block; flex-shrink: 0;\" src=\"https:\/\/operacinesistema.lt\/wp-content\/uploads\/2026\/03\/Money-back-guarantee.png\" alt=\"\" width=\"25\" height=\"25\" \/>\n<div>Ch\u00ednh s\u00e1ch ho\u00e0n ti\u1ec1n<\/div>\n<\/li>\n<\/ul>","protected":false},"featured_media":4547,"template":"","meta":[],"product_brand":[],"product_cat":[140],"product_tag":[],"class_list":{"0":"post-5217","1":"product","2":"type-product","3":"status-publish","4":"has-post-thumbnail","6":"product_cat-skaitmenines-operacines-sistemos","8":"first","9":"instock","10":"sale","11":"featured","12":"virtual","13":"purchasable","14":"product-type-simple"},"yoast_head":"<!-- This site is optimized with the Yoast SEO plugin v27.5 - https:\/\/yoast.com\/product\/yoast-seo-wordpress\/ -->\n<title>Microsoft Windows 10 Pro Key GLOBAL (Retail) - operacinesistema.lt<\/title>\n<meta name=\"description\" content=\"\u012esigykite originali\u0105 Windows 10 Pro licencij\u0105 (skaitmeninis raktas) u\u017e puiki\u0105 kain\u0105! Greitas aktyvavimas, patikima licencija ir visi profesional\u016bs \u012frankiai.\" \/>\n<meta name=\"robots\" content=\"index, follow, max-snippet:-1, max-image-preview:large, max-video-preview:-1\" \/>\n<link rel=\"canonical\" href=\"https:\/\/operacinesistema.lt\/vi\/san-pham\/microsoft-windows-10-pro-key-global-retail\/\" \/>\n<meta property=\"og:locale\" content=\"vi_VN\" \/>\n<meta property=\"og:type\" content=\"article\" \/>\n<meta property=\"og:title\" content=\"Microsoft Windows 10 Pro Key GLOBAL (Retail) - operacinesistema.lt\" \/>\n<meta property=\"og:description\" content=\"\u012esigykite originali\u0105 Windows 10 Pro licencij\u0105 (skaitmeninis raktas) u\u017e puiki\u0105 kain\u0105! Greitas aktyvavimas, patikima licencija ir visi profesional\u016bs \u012frankiai.\" \/>\n<meta property=\"og:url\" content=\"https:\/\/operacinesistema.lt\/vi\/san-pham\/microsoft-windows-10-pro-key-global-retail\/\" \/>\n<meta property=\"og:site_name\" content=\"operacinesistema.lt\" \/>\n<meta property=\"article:modified_time\" content=\"2026-03-24T18:51:52+00:00\" \/>\n<meta property=\"og:image\" content=\"https:\/\/operacinesistema.lt\/wp-content\/uploads\/2024\/11\/Fizinis-produktas-12.png\" \/>\n\t<meta property=\"og:image:width\" content=\"1000\" \/>\n\t<meta property=\"og:image:height\" content=\"1000\" \/>\n\t<meta property=\"og:image:type\" content=\"image\/png\" \/>\n<meta name=\"twitter:card\" content=\"summary_large_image\" \/>\n<meta name=\"twitter:label1\" content=\"\u01af\u1edbc t\u00ednh th\u1eddi gian \u0111\u1ecdc\" \/>\n\t<meta name=\"twitter:data1\" content=\"2 ph\u00fat\" \/>\n<script type=\"application\/ld+json\" class=\"yoast-schema-graph\">{\"@context\":\"https:\\\/\\\/schema.org\",\"@graph\":[{\"@type\":\"WebPage\",\"@id\":\"https:\\\/\\\/operacinesistema.lt\\\/product\\\/microsoft-windows-10-pro-key-global-retail\\\/\",\"url\":\"https:\\\/\\\/operacinesistema.lt\\\/product\\\/microsoft-windows-10-pro-key-global-retail\\\/\",\"name\":\"Microsoft Windows 10 Pro Key GLOBAL (Retail) - operacinesistema.lt\",\"isPartOf\":{\"@id\":\"https:\\\/\\\/operacinesistema.lt\\\/#website\"},\"primaryImageOfPage\":{\"@id\":\"https:\\\/\\\/operacinesistema.lt\\\/product\\\/microsoft-windows-10-pro-key-global-retail\\\/#primaryimage\"},\"image\":{\"@id\":\"https:\\\/\\\/operacinesistema.lt\\\/product\\\/microsoft-windows-10-pro-key-global-retail\\\/#primaryimage\"},\"thumbnailUrl\":\"https:\\\/\\\/operacinesistema.lt\\\/wp-content\\\/uploads\\\/2024\\\/11\\\/Fizinis-produktas-12.png\",\"datePublished\":\"2026-01-29T14:14:20+00:00\",\"dateModified\":\"2026-03-24T18:51:52+00:00\",\"description\":\"\u012esigykite originali\u0105 Windows 10 Pro licencij\u0105 (skaitmeninis raktas) u\u017e puiki\u0105 kain\u0105! Greitas aktyvavimas, patikima licencija ir visi profesional\u016bs \u012frankiai.\",\"breadcrumb\":{\"@id\":\"https:\\\/\\\/operacinesistema.lt\\\/product\\\/microsoft-windows-10-pro-key-global-retail\\\/#breadcrumb\"},\"inLanguage\":\"vi\",\"potentialAction\":[{\"@type\":\"ReadAction\",\"target\":[\"https:\\\/\\\/operacinesistema.lt\\\/product\\\/microsoft-windows-10-pro-key-global-retail\\\/\"]}]},{\"@type\":\"ImageObject\",\"inLanguage\":\"vi\",\"@id\":\"https:\\\/\\\/operacinesistema.lt\\\/product\\\/microsoft-windows-10-pro-key-global-retail\\\/#primaryimage\",\"url\":\"https:\\\/\\\/operacinesistema.lt\\\/wp-content\\\/uploads\\\/2024\\\/11\\\/Fizinis-produktas-12.png\",\"contentUrl\":\"https:\\\/\\\/operacinesistema.lt\\\/wp-content\\\/uploads\\\/2024\\\/11\\\/Fizinis-produktas-12.png\",\"width\":1000,\"height\":1000,\"caption\":\"Windows 10 Pro USB 32\\\/64-Bit operacin\u0117 sistema\"},{\"@type\":\"BreadcrumbList\",\"@id\":\"https:\\\/\\\/operacinesistema.lt\\\/product\\\/microsoft-windows-10-pro-key-global-retail\\\/#breadcrumb\",\"itemListElement\":[{\"@type\":\"ListItem\",\"position\":1,\"name\":\"Home\",\"item\":\"https:\\\/\\\/operacinesistema.lt\\\/\"},{\"@type\":\"ListItem\",\"position\":2,\"name\":\"Parduotuv\u0117\",\"item\":\"https:\\\/\\\/operacinesistema.lt\\\/parduotuve\\\/\"},{\"@type\":\"ListItem\",\"position\":3,\"name\":\"Microsoft Windows 10 Pro Key GLOBAL (Retail)\"}]},{\"@type\":\"WebSite\",\"@id\":\"https:\\\/\\\/operacinesistema.lt\\\/#website\",\"url\":\"https:\\\/\\\/operacinesistema.lt\\\/\",\"name\":\"operacinesistema.lt\",\"description\":\"\u012esigykite Windows 11 Pro u\u017e geriausi\u0105 kain\u0105\",\"potentialAction\":[{\"@type\":\"SearchAction\",\"target\":{\"@type\":\"EntryPoint\",\"urlTemplate\":\"https:\\\/\\\/operacinesistema.lt\\\/?s={search_term_string}\"},\"query-input\":{\"@type\":\"PropertyValueSpecification\",\"valueRequired\":true,\"valueName\":\"search_term_string\"}}],\"inLanguage\":\"vi\"}]}<\/script>\n<!-- \/ Yoast SEO plugin. -->","yoast_head_json":{"title":"Microsoft Windows 10 Pro Key GLOBAL (Retail) - operacinesistema.lt","description":"\u012esigykite originali\u0105 Windows 10 Pro licencij\u0105 (skaitmeninis raktas) u\u017e puiki\u0105 kain\u0105! Greitas aktyvavimas, patikima licencija ir visi profesional\u016bs \u012frankiai.","robots":{"index":"index","follow":"follow","max-snippet":"max-snippet:-1","max-image-preview":"max-image-preview:large","max-video-preview":"max-video-preview:-1"},"canonical":"https:\/\/operacinesistema.lt\/vi\/san-pham\/microsoft-windows-10-pro-key-global-retail\/","og_locale":"vi_VN","og_type":"article","og_title":"Microsoft Windows 10 Pro Key GLOBAL (Retail) - operacinesistema.lt","og_description":"\u012esigykite originali\u0105 Windows 10 Pro licencij\u0105 (skaitmeninis raktas) u\u017e puiki\u0105 kain\u0105! Greitas aktyvavimas, patikima licencija ir visi profesional\u016bs \u012frankiai.","og_url":"https:\/\/operacinesistema.lt\/vi\/san-pham\/microsoft-windows-10-pro-key-global-retail\/","og_site_name":"operacinesistema.lt","article_modified_time":"2026-03-24T18:51:52+00:00","og_image":[{"width":1000,"height":1000,"url":"https:\/\/operacinesistema.lt\/wp-content\/uploads\/2024\/11\/Fizinis-produktas-12.png","type":"image\/png"}],"twitter_card":"summary_large_image","twitter_misc":{"\u01af\u1edbc t\u00ednh th\u1eddi gian \u0111\u1ecdc":"2 ph\u00fat"},"schema":{"@context":"https:\/\/schema.org","@graph":[{"@type":"WebPage","@id":"https:\/\/operacinesistema.lt\/product\/microsoft-windows-10-pro-key-global-retail\/","url":"https:\/\/operacinesistema.lt\/product\/microsoft-windows-10-pro-key-global-retail\/","name":"Microsoft Windows 10 Pro Key GLOBAL (Retail) - operacinesistema.lt","isPartOf":{"@id":"https:\/\/operacinesistema.lt\/#website"},"primaryImageOfPage":{"@id":"https:\/\/operacinesistema.lt\/product\/microsoft-windows-10-pro-key-global-retail\/#primaryimage"},"image":{"@id":"https:\/\/operacinesistema.lt\/product\/microsoft-windows-10-pro-key-global-retail\/#primaryimage"},"thumbnailUrl":"https:\/\/operacinesistema.lt\/wp-content\/uploads\/2024\/11\/Fizinis-produktas-12.png","datePublished":"2026-01-29T14:14:20+00:00","dateModified":"2026-03-24T18:51:52+00:00","description":"\u012esigykite originali\u0105 Windows 10 Pro licencij\u0105 (skaitmeninis raktas) u\u017e puiki\u0105 kain\u0105! Greitas aktyvavimas, patikima licencija ir visi profesional\u016bs \u012frankiai.","breadcrumb":{"@id":"https:\/\/operacinesistema.lt\/product\/microsoft-windows-10-pro-key-global-retail\/#breadcrumb"},"inLanguage":"vi","potentialAction":[{"@type":"ReadAction","target":["https:\/\/operacinesistema.lt\/product\/microsoft-windows-10-pro-key-global-retail\/"]}]},{"@type":"ImageObject","inLanguage":"vi","@id":"https:\/\/operacinesistema.lt\/product\/microsoft-windows-10-pro-key-global-retail\/#primaryimage","url":"https:\/\/operacinesistema.lt\/wp-content\/uploads\/2024\/11\/Fizinis-produktas-12.png","contentUrl":"https:\/\/operacinesistema.lt\/wp-content\/uploads\/2024\/11\/Fizinis-produktas-12.png","width":1000,"height":1000,"caption":"Windows 10 Pro USB 32\/64-Bit operacin\u0117 sistema"},{"@type":"BreadcrumbList","@id":"https:\/\/operacinesistema.lt\/product\/microsoft-windows-10-pro-key-global-retail\/#breadcrumb","itemListElement":[{"@type":"ListItem","position":1,"name":"Home","item":"https:\/\/operacinesistema.lt\/"},{"@type":"ListItem","position":2,"name":"Parduotuv\u0117","item":"https:\/\/operacinesistema.lt\/parduotuve\/"},{"@type":"ListItem","position":3,"name":"Microsoft Windows 10 Pro Key GLOBAL (Retail)"}]},{"@type":"WebSite","@id":"https:\/\/operacinesistema.lt\/#website","url":"https:\/\/operacinesistema.lt\/","name":"h\u1ec7 th\u1ed1ng \u0111i\u1ec1u h\u00e0nh.lt","description":"Mua Windows 11 Pro v\u1edbi gi\u00e1 t\u1ed1t nh\u1ea5t","potentialAction":[{"@type":"SearchAction","target":{"@type":"EntryPoint","urlTemplate":"https:\/\/operacinesistema.lt\/?s={search_term_string}"},"query-input":{"@type":"PropertyValueSpecification","valueRequired":true,"valueName":"search_term_string"}}],"inLanguage":"vi"}]}},"_links":{"self":[{"href":"https:\/\/operacinesistema.lt\/vi\/wp-json\/wp\/v2\/product\/5217","targetHints":{"allow":["GET"]}}],"collection":[{"href":"https:\/\/operacinesistema.lt\/vi\/wp-json\/wp\/v2\/product"}],"about":[{"href":"https:\/\/operacinesistema.lt\/vi\/wp-json\/wp\/v2\/types\/product"}],"version-history":[{"count":0,"href":"https:\/\/operacinesistema.lt\/vi\/wp-json\/wp\/v2\/product\/5217\/revisions"}],"wp:featuredmedia":[{"embeddable":true,"href":"https:\/\/operacinesistema.lt\/vi\/wp-json\/wp\/v2\/media\/4547"}],"wp:attachment":[{"href":"https:\/\/operacinesistema.lt\/vi\/wp-json\/wp\/v2\/media?parent=5217"}],"wp:term":[{"taxonomy":"product_brand","embeddable":true,"href":"https:\/\/operacinesistema.lt\/vi\/wp-json\/wp\/v2\/product_brand?post=5217"},{"taxonomy":"product_cat","embeddable":true,"href":"https:\/\/operacinesistema.lt\/vi\/wp-json\/wp\/v2\/product_cat?post=5217"},{"taxonomy":"product_tag","embeddable":true,"href":"https:\/\/operacinesistema.lt\/vi\/wp-json\/wp\/v2\/product_tag?post=5217"}],"curies":[{"name":"wp","href":"https:\/\/api.w.org\/{rel}","templated":true}]}}