{"id":4480,"date":"2024-11-20T07:12:55","date_gmt":"2024-11-20T07:12:55","guid":{"rendered":"https:\/\/operacinesistema.lt\/?post_type=product&#038;p=4480"},"modified":"2026-05-01T07:15:22","modified_gmt":"2026-05-01T07:15:22","slug":"windows-10-pro-32-64-bit-usb","status":"publish","type":"product","link":"https:\/\/operacinesistema.lt\/tr\/urun\/windows-10-pro-32-64-bit-usb\/","title":{"rendered":"Windows 10 Pro 32\/64-Bit USB"},"content":{"rendered":"<p>Microsoft Windows 10 Pro 32\/64-Bit USB (uluslararas\u0131 s\u00fcr\u00fcm) y\u00fcksek performans, g\u00fcvenilirlik ve modern bir kullan\u0131c\u0131 deneyimi sunmak i\u00e7in tasarlanm\u0131\u015f profesyonel bir i\u015fletim sistemidir. Bu s\u00fcr\u00fcm, i\u015f, g\u00fcvenlik ve verimlilik i\u00e7in g\u00fcvenilir bir \u00e7\u00f6z\u00fcm arayan profesyoneller ve i\u015f kullan\u0131c\u0131lar\u0131 i\u00e7in idealdir. Pakete dahil olan USB dongle, i\u015fletim sisteminin basit ve h\u0131zl\u0131 bir \u015fekilde kurulmas\u0131n\u0131 sa\u011flar.<\/p>\n<h3>Anahtar \u00f6zellikler:<\/h3>\n<p>1.<strong> Kullan\u0131\u015fl\u0131 y\u00fckseltmelerle klasik tasar\u0131m<\/strong><br \/>\nWindows 10 Pro, daha da ak\u0131c\u0131 hale getirmek i\u00e7in geli\u015ftirmelerle birlikte tan\u0131d\u0131k kullan\u0131c\u0131 aray\u00fcz\u00fcn\u00fc korur. Yerle\u015fik Ba\u015flat men\u00fcs\u00fc, geli\u015fmi\u015f g\u00f6rev y\u00f6netimi ve pencere de\u011fi\u015ftirme, i\u015finizi verimli bir \u015fekilde y\u00f6netmenize yard\u0131mc\u0131 olur.<\/p>\n<p>2. <strong>\u00c7ok y\u00f6nl\u00fc performans<\/strong><br \/>\nHem en yeni hem de eski cihazlarla \u00e7al\u0131\u015facak \u015fekilde optimize edilmi\u015ftir. Windows 10 Pro, i\u015flemci ve bellek kaynaklar\u0131n\u0131n daha verimli bir \u015fekilde tahsis edilmesiyle istikrarl\u0131 ve h\u0131zl\u0131 performans sunar.<\/p>\n<p>3. <strong>Ak\u0131ll\u0131 g\u00fcvenlik<\/strong><br \/>\nBitLocker (disk \u015fifreleme) ve Windows Defender gibi yerle\u015fik g\u00fcvenlik \u00f6zellikleri en \u00fcst d\u00fczeyde veri korumas\u0131 sa\u011flar. G\u00fcvenli \u00d6ny\u00fckleme ve TPM deste\u011fi siber tehditlere kar\u015f\u0131 korumaya yard\u0131mc\u0131 olur.<\/p>\n<p>4. <strong>Kurumsal i\u015flevler ve sanalla\u015ft\u0131rma<\/strong><br \/>\nWindows 10 Pro, Hyper-V sanalla\u015ft\u0131rma, Uzak Masa\u00fcst\u00fc, Grup \u0130lkesi Y\u00f6netimi ve \u0130\u015f i\u00e7in Windows Update gibi profesyonel \u00f6zellikleri destekler. Bu \u00f6zellikler b\u00fcy\u00fck cihaz filolar\u0131n\u0131 y\u00f6netmek i\u00e7in idealdir.<\/p>\n<p>5. <strong>USB anahtar arac\u0131l\u0131\u011f\u0131yla kurulum<\/strong><br \/>\nPakete dahil olan USB anahtar\u0131, sistemin h\u0131zl\u0131 ve kolay bir \u015fekilde kurulmas\u0131n\u0131 sa\u011flar. Bu, y\u00fckseltmeler veya temiz kurulumlar i\u00e7in hem yeni hem de mevcut kurulumlar i\u00e7in idealdir.<\/p>\n<p>6. <strong>Uluslararas\u0131 versiyon<\/strong><br \/>\nTercih etti\u011finiz dili ve b\u00f6lgeyi se\u00e7ebilme \u00f6zelli\u011fi, sistemi d\u00fcnyan\u0131n her yerinde kullanabilmenizi sa\u011flar. Bu da maksimum uyumluluk ve esneklik sa\u011flar.<\/p>\n<p>7. <strong>D\u00fczenli g\u00fcncellemeler<\/strong><br \/>\nWindows 10 Pro, d\u00fczenli \u00f6zellik ve g\u00fcvenlik g\u00fcncelle\u015ftirmeleri alarak istikrarl\u0131 ve g\u00fcvenilir performans sa\u011flar.<\/p>\n<h3>Teknik \u00f6zellikler:<\/h3>\n<ul>\n<li>\u0130\u015fletim sistemi:Microsoft Windows 10 Pro 32\/64-Bit<\/li>\n<li>Desteklenen dil: uluslararas\u0131 (tercih etti\u011finiz dili ve b\u00f6lgeyi se\u00e7ebilirsiniz)<\/li>\n<li>Gereksinimler:\n<ul>\n<li>\u0130\u015flemci: 2 veya daha fazla \u00e7ekirdekli 1 GHz veya daha h\u0131zl\u0131<\/li>\n<li>Bellek: 1 GB RAM (32 bit) veya 2 GB RAM (64 bit)<\/li>\n<li>Depolama: 20 GB veya daha fazla<\/li>\n<li>Grafik kart\u0131: WDDM 1.0 s\u00fcr\u00fcc\u00fcs\u00fc ile DirectX 9 veya \u00fcst\u00fc<\/li>\n<li>Ekran: 800\u00d7600 veya daha y\u00fcksek \u00e7\u00f6z\u00fcn\u00fcrl\u00fck<\/li>\n<li>Cihazlar: ki\u015fisel bilgisayarlar ve diz\u00fcst\u00fc bilgisayarlar<\/li>\n<\/ul>\n<\/li>\n<li>Ambalaj: USB kurulum anahtar\u0131<\/li>\n<\/ul>\n<p>Microsoft Windows 10 Pro 32\/64-Bit USB, hem ki\u015fisel hem de i\u015f ama\u00e7l\u0131 kullan\u0131m i\u00e7in g\u00fcvenilir ve i\u015flevsel bir i\u015fletim sistemidir. USB anahtar\u0131 h\u0131zl\u0131 kurulum ve kullan\u0131m kolayl\u0131\u011f\u0131 sa\u011flarken, geli\u015fmi\u015f g\u00fcvenlik ve performans \u00f6zellikleri modern teknolojiden en iyi \u015fekilde yararlanman\u0131za olanak tan\u0131r.<\/p>","protected":false},"excerpt":{"rendered":"<ul style=\"list-style: none; padding: 0; margin: 0;\">\n<li style=\"display: flex; align-items: center; gap: 8px; font-family: 'Jost', sans-serif; font-size: 14px; font-weight: 400; color: #ffffff; line-height: 1.2; margin-bottom: 8px;\"><img decoding=\"async\" style=\"display: block; flex-shrink: 0;\" src=\"https:\/\/operacinesistema.lt\/wp-content\/uploads\/2026\/03\/Official-product-3.png\" alt=\"\" width=\"25\" height=\"25\" \/>\n<div>Resmi Microsoft \u00fcr\u00fcn\u00fc<\/div>\n<\/li>\n<li style=\"display: flex; align-items: center; gap: 8px; font-family: 'Jost', sans-serif; font-size: 14px; font-weight: 400; color: #ffffff; line-height: 1.2; margin-bottom: 8px;\"><img decoding=\"async\" style=\"display: block; flex-shrink: 0;\" src=\"https:\/\/operacinesistema.lt\/wp-content\/uploads\/2026\/03\/Multilingual-1.png\" alt=\"\" width=\"25\" height=\"25\" \/>\n<div>T\u00fcm dillerin se\u00e7imi<\/div>\n<\/li>\n<li style=\"display: flex; align-items: center; gap: 8px; font-family: 'Jost', sans-serif; font-size: 14px; font-weight: 400; color: #ffffff; line-height: 1.2; margin-bottom: 8px;\"><img decoding=\"async\" style=\"display: block; flex-shrink: 0;\" src=\"https:\/\/operacinesistema.lt\/wp-content\/uploads\/2026\/03\/USB.png\" alt=\"\" width=\"25\" height=\"25\" \/>\n<div>USB bellek + lisans<\/div>\n<\/li>\n<li style=\"display: flex; align-items: center; gap: 8px; font-family: 'Jost', sans-serif; font-size: 14px; font-weight: 400; color: #ffffff; line-height: 1.2;\"><img loading=\"lazy\" decoding=\"async\" style=\"display: block; flex-shrink: 0;\" src=\"https:\/\/operacinesistema.lt\/wp-content\/uploads\/2026\/03\/delivery.png\" alt=\"\" width=\"25\" height=\"25\" \/>\n<div>30 g\u00fcn i\u00e7inde teslimat.<\/div>\n<\/li>\n<\/ul>","protected":false},"featured_media":6018,"template":"","meta":[],"product_brand":[],"product_cat":[150,125],"product_tag":[],"class_list":{"0":"post-4480","1":"product","2":"type-product","3":"status-publish","4":"has-post-thumbnail","6":"product_cat-windows-10-pro","7":"product_cat-windows","9":"first","10":"onbackorder","11":"sale","12":"shipping-taxable","13":"purchasable","14":"product-type-simple"},"yoast_head":"<!-- This site is optimized with the Yoast SEO plugin v27.5 - https:\/\/yoast.com\/product\/yoast-seo-wordpress\/ -->\n<title>Windows 10 Pro 32\/64-Bit USB - operacinesistema.lt<\/title>\n<meta name=\"description\" content=\"\u012esigykite originali\u0105 Windows 10 Pro USB operacin\u0119 sistem\u0105 u\u017e puiki\u0105 kain\u0105! Greitas aktyvavimas, patikima licencija ir visi profesional\u016bs \u012frankiai.\" \/>\n<meta name=\"robots\" content=\"index, follow, max-snippet:-1, max-image-preview:large, max-video-preview:-1\" \/>\n<link rel=\"canonical\" href=\"https:\/\/operacinesistema.lt\/tr\/urun\/windows-10-pro-32-64-bit-usb\/\" \/>\n<meta property=\"og:locale\" content=\"tr_TR\" \/>\n<meta property=\"og:type\" content=\"article\" \/>\n<meta property=\"og:title\" content=\"Windows 10 Pro 32\/64-Bit USB - operacinesistema.lt\" \/>\n<meta property=\"og:description\" content=\"\u012esigykite originali\u0105 Windows 10 Pro USB operacin\u0119 sistem\u0105 u\u017e puiki\u0105 kain\u0105! Greitas aktyvavimas, patikima licencija ir visi profesional\u016bs \u012frankiai.\" \/>\n<meta property=\"og:url\" content=\"https:\/\/operacinesistema.lt\/tr\/urun\/windows-10-pro-32-64-bit-usb\/\" \/>\n<meta property=\"og:site_name\" content=\"operacinesistema.lt\" \/>\n<meta property=\"article:modified_time\" content=\"2026-05-01T07:15:22+00:00\" \/>\n<meta property=\"og:image\" content=\"https:\/\/operacinesistema.lt\/wp-content\/uploads\/2024\/11\/Windows-10-Pro-USB-1.png\" \/>\n\t<meta property=\"og:image:width\" content=\"1000\" \/>\n\t<meta property=\"og:image:height\" content=\"1000\" \/>\n\t<meta property=\"og:image:type\" content=\"image\/png\" \/>\n<meta name=\"twitter:card\" content=\"summary_large_image\" \/>\n<meta name=\"twitter:label1\" content=\"Tahmini okuma s\u00fcresi\" \/>\n\t<meta name=\"twitter:data1\" content=\"3 dakika\" \/>\n<script type=\"application\/ld+json\" class=\"yoast-schema-graph\">{\"@context\":\"https:\\\/\\\/schema.org\",\"@graph\":[{\"@type\":\"WebPage\",\"@id\":\"https:\\\/\\\/operacinesistema.lt\\\/product\\\/windows-10-pro-32-64-bit-usb\\\/\",\"url\":\"https:\\\/\\\/operacinesistema.lt\\\/product\\\/windows-10-pro-32-64-bit-usb\\\/\",\"name\":\"Windows 10 Pro 32\\\/64-Bit USB - operacinesistema.lt\",\"isPartOf\":{\"@id\":\"https:\\\/\\\/operacinesistema.lt\\\/#website\"},\"primaryImageOfPage\":{\"@id\":\"https:\\\/\\\/operacinesistema.lt\\\/product\\\/windows-10-pro-32-64-bit-usb\\\/#primaryimage\"},\"image\":{\"@id\":\"https:\\\/\\\/operacinesistema.lt\\\/product\\\/windows-10-pro-32-64-bit-usb\\\/#primaryimage\"},\"thumbnailUrl\":\"https:\\\/\\\/operacinesistema.lt\\\/wp-content\\\/uploads\\\/2024\\\/11\\\/Windows-10-Pro-USB-1.png\",\"datePublished\":\"2024-11-20T07:12:55+00:00\",\"dateModified\":\"2026-05-01T07:15:22+00:00\",\"description\":\"\u012esigykite originali\u0105 Windows 10 Pro USB operacin\u0119 sistem\u0105 u\u017e puiki\u0105 kain\u0105! Greitas aktyvavimas, patikima licencija ir visi profesional\u016bs \u012frankiai.\",\"breadcrumb\":{\"@id\":\"https:\\\/\\\/operacinesistema.lt\\\/product\\\/windows-10-pro-32-64-bit-usb\\\/#breadcrumb\"},\"inLanguage\":\"tr\",\"potentialAction\":[{\"@type\":\"ReadAction\",\"target\":[\"https:\\\/\\\/operacinesistema.lt\\\/product\\\/windows-10-pro-32-64-bit-usb\\\/\"]}]},{\"@type\":\"ImageObject\",\"inLanguage\":\"tr\",\"@id\":\"https:\\\/\\\/operacinesistema.lt\\\/product\\\/windows-10-pro-32-64-bit-usb\\\/#primaryimage\",\"url\":\"https:\\\/\\\/operacinesistema.lt\\\/wp-content\\\/uploads\\\/2024\\\/11\\\/Windows-10-Pro-USB-1.png\",\"contentUrl\":\"https:\\\/\\\/operacinesistema.lt\\\/wp-content\\\/uploads\\\/2024\\\/11\\\/Windows-10-Pro-USB-1.png\",\"width\":1000,\"height\":1000,\"caption\":\"Windows 10 Pro USB\"},{\"@type\":\"BreadcrumbList\",\"@id\":\"https:\\\/\\\/operacinesistema.lt\\\/product\\\/windows-10-pro-32-64-bit-usb\\\/#breadcrumb\",\"itemListElement\":[{\"@type\":\"ListItem\",\"position\":1,\"name\":\"Home\",\"item\":\"https:\\\/\\\/operacinesistema.lt\\\/\"},{\"@type\":\"ListItem\",\"position\":2,\"name\":\"Parduotuv\u0117\",\"item\":\"https:\\\/\\\/operacinesistema.lt\\\/parduotuve\\\/\"},{\"@type\":\"ListItem\",\"position\":3,\"name\":\"Windows 10 Pro 32\\\/64-Bit USB\"}]},{\"@type\":\"WebSite\",\"@id\":\"https:\\\/\\\/operacinesistema.lt\\\/#website\",\"url\":\"https:\\\/\\\/operacinesistema.lt\\\/\",\"name\":\"operacinesistema.lt\",\"description\":\"\u012esigykite Windows 11 Pro u\u017e geriausi\u0105 kain\u0105\",\"potentialAction\":[{\"@type\":\"SearchAction\",\"target\":{\"@type\":\"EntryPoint\",\"urlTemplate\":\"https:\\\/\\\/operacinesistema.lt\\\/?s={search_term_string}\"},\"query-input\":{\"@type\":\"PropertyValueSpecification\",\"valueRequired\":true,\"valueName\":\"search_term_string\"}}],\"inLanguage\":\"tr\"}]}<\/script>\n<!-- \/ Yoast SEO plugin. -->","yoast_head_json":{"title":"Windows 10 Pro 32\/64-Bit USB - operacinesistema.lt","description":"\u012esigykite originali\u0105 Windows 10 Pro USB operacin\u0119 sistem\u0105 u\u017e puiki\u0105 kain\u0105! Greitas aktyvavimas, patikima licencija ir visi profesional\u016bs \u012frankiai.","robots":{"index":"index","follow":"follow","max-snippet":"max-snippet:-1","max-image-preview":"max-image-preview:large","max-video-preview":"max-video-preview:-1"},"canonical":"https:\/\/operacinesistema.lt\/tr\/urun\/windows-10-pro-32-64-bit-usb\/","og_locale":"tr_TR","og_type":"article","og_title":"Windows 10 Pro 32\/64-Bit USB - operacinesistema.lt","og_description":"\u012esigykite originali\u0105 Windows 10 Pro USB operacin\u0119 sistem\u0105 u\u017e puiki\u0105 kain\u0105! Greitas aktyvavimas, patikima licencija ir visi profesional\u016bs \u012frankiai.","og_url":"https:\/\/operacinesistema.lt\/tr\/urun\/windows-10-pro-32-64-bit-usb\/","og_site_name":"operacinesistema.lt","article_modified_time":"2026-05-01T07:15:22+00:00","og_image":[{"width":1000,"height":1000,"url":"https:\/\/operacinesistema.lt\/wp-content\/uploads\/2024\/11\/Windows-10-Pro-USB-1.png","type":"image\/png"}],"twitter_card":"summary_large_image","twitter_misc":{"Tahmini okuma s\u00fcresi":"3 dakika"},"schema":{"@context":"https:\/\/schema.org","@graph":[{"@type":"WebPage","@id":"https:\/\/operacinesistema.lt\/product\/windows-10-pro-32-64-bit-usb\/","url":"https:\/\/operacinesistema.lt\/product\/windows-10-pro-32-64-bit-usb\/","name":"Windows 10 Pro 32\/64-Bit USB - operacinesistema.lt","isPartOf":{"@id":"https:\/\/operacinesistema.lt\/#website"},"primaryImageOfPage":{"@id":"https:\/\/operacinesistema.lt\/product\/windows-10-pro-32-64-bit-usb\/#primaryimage"},"image":{"@id":"https:\/\/operacinesistema.lt\/product\/windows-10-pro-32-64-bit-usb\/#primaryimage"},"thumbnailUrl":"https:\/\/operacinesistema.lt\/wp-content\/uploads\/2024\/11\/Windows-10-Pro-USB-1.png","datePublished":"2024-11-20T07:12:55+00:00","dateModified":"2026-05-01T07:15:22+00:00","description":"\u012esigykite originali\u0105 Windows 10 Pro USB operacin\u0119 sistem\u0105 u\u017e puiki\u0105 kain\u0105! Greitas aktyvavimas, patikima licencija ir visi profesional\u016bs \u012frankiai.","breadcrumb":{"@id":"https:\/\/operacinesistema.lt\/product\/windows-10-pro-32-64-bit-usb\/#breadcrumb"},"inLanguage":"tr","potentialAction":[{"@type":"ReadAction","target":["https:\/\/operacinesistema.lt\/product\/windows-10-pro-32-64-bit-usb\/"]}]},{"@type":"ImageObject","inLanguage":"tr","@id":"https:\/\/operacinesistema.lt\/product\/windows-10-pro-32-64-bit-usb\/#primaryimage","url":"https:\/\/operacinesistema.lt\/wp-content\/uploads\/2024\/11\/Windows-10-Pro-USB-1.png","contentUrl":"https:\/\/operacinesistema.lt\/wp-content\/uploads\/2024\/11\/Windows-10-Pro-USB-1.png","width":1000,"height":1000,"caption":"Windows 10 Pro USB"},{"@type":"BreadcrumbList","@id":"https:\/\/operacinesistema.lt\/product\/windows-10-pro-32-64-bit-usb\/#breadcrumb","itemListElement":[{"@type":"ListItem","position":1,"name":"Home","item":"https:\/\/operacinesistema.lt\/"},{"@type":"ListItem","position":2,"name":"Parduotuv\u0117","item":"https:\/\/operacinesistema.lt\/parduotuve\/"},{"@type":"ListItem","position":3,"name":"Windows 10 Pro 32\/64-Bit USB"}]},{"@type":"WebSite","@id":"https:\/\/operacinesistema.lt\/#website","url":"https:\/\/operacinesistema.lt\/","name":"operacinesistema.lt","description":"Windows 11 Pro'yu en iyi fiyata al\u0131n","potentialAction":[{"@type":"SearchAction","target":{"@type":"EntryPoint","urlTemplate":"https:\/\/operacinesistema.lt\/?s={search_term_string}"},"query-input":{"@type":"PropertyValueSpecification","valueRequired":true,"valueName":"search_term_string"}}],"inLanguage":"tr"}]}},"_links":{"self":[{"href":"https:\/\/operacinesistema.lt\/tr\/wp-json\/wp\/v2\/product\/4480","targetHints":{"allow":["GET"]}}],"collection":[{"href":"https:\/\/operacinesistema.lt\/tr\/wp-json\/wp\/v2\/product"}],"about":[{"href":"https:\/\/operacinesistema.lt\/tr\/wp-json\/wp\/v2\/types\/product"}],"version-history":[{"count":2,"href":"https:\/\/operacinesistema.lt\/tr\/wp-json\/wp\/v2\/product\/4480\/revisions"}],"predecessor-version":[{"id":6583,"href":"https:\/\/operacinesistema.lt\/tr\/wp-json\/wp\/v2\/product\/4480\/revisions\/6583"}],"wp:featuredmedia":[{"embeddable":true,"href":"https:\/\/operacinesistema.lt\/tr\/wp-json\/wp\/v2\/media\/6018"}],"wp:attachment":[{"href":"https:\/\/operacinesistema.lt\/tr\/wp-json\/wp\/v2\/media?parent=4480"}],"wp:term":[{"taxonomy":"product_brand","embeddable":true,"href":"https:\/\/operacinesistema.lt\/tr\/wp-json\/wp\/v2\/product_brand?post=4480"},{"taxonomy":"product_cat","embeddable":true,"href":"https:\/\/operacinesistema.lt\/tr\/wp-json\/wp\/v2\/product_cat?post=4480"},{"taxonomy":"product_tag","embeddable":true,"href":"https:\/\/operacinesistema.lt\/tr\/wp-json\/wp\/v2\/product_tag?post=4480"}],"curies":[{"name":"wp","href":"https:\/\/api.w.org\/{rel}","templated":true}]}}