{"id":4334,"date":"2024-11-18T19:51:52","date_gmt":"2024-11-18T19:51:52","guid":{"rendered":"https:\/\/operacinesistema.lt\/?post_type=product&#038;p=4334"},"modified":"2026-05-01T07:15:26","modified_gmt":"2026-05-01T07:15:26","slug":"windows-11-pro-64-bit-usb","status":"publish","type":"product","link":"https:\/\/operacinesistema.lt\/tr\/urun\/windows-11-pro-64-bit-usb\/","title":{"rendered":"Windows 11 Pro 64-Bit USB"},"content":{"rendered":"<p><strong>Microsoft Windows 11 Pro 64 bit USB<\/strong> (uluslararas\u0131 s\u00fcr\u00fcm) sadece y\u00fcksek performans de\u011fil ayn\u0131 zamanda modern bir kullan\u0131c\u0131 deneyimi sunmak i\u00e7in tasarlanm\u0131\u015f son teknoloji bir i\u015fletim sistemidir. Bu s\u00fcr\u00fcm, verimlilik, g\u00fcvenlik ve rahatl\u0131k i\u00e7in en son teknolojilerin t\u00fcm\u00fcnden yararlanmak isteyen hem profesyoneller hem de i\u015f kullan\u0131c\u0131lar\u0131 i\u00e7in tasarlanm\u0131\u015ft\u0131r. Pakete dahil olan USB anahtar\u0131, cihaz\u0131n\u0131z\u0131n durumu ne olursa olsun h\u0131zl\u0131 ve kolay bir kurulum s\u00fcreci sa\u011flar.<\/p>\n<h3>Anahtar \u00f6zellikler:<\/h3>\n<p>1. <strong>Modern tasar\u0131m ve kullan\u0131c\u0131 dostu kullan\u0131c\u0131 aray\u00fcz\u00fc g\u00fcncellemesi<\/strong><br \/>\nWindows 11 Pro, sadece \u00e7ekici g\u00f6r\u00fcnmekle kalmay\u0131p ayn\u0131 zamanda anla\u015f\u0131lmas\u0131 da kolay olan modern ve zarif bir kullan\u0131c\u0131 aray\u00fcz\u00fcne sahiptir. Yeni animasyonlar, ortalanm\u0131\u015f men\u00fcler ve geli\u015ftirilmi\u015f pencere y\u00f6netim ara\u00e7lar\u0131 ile ho\u015f ve verimli bir deneyim sunar.<\/p>\n<p>2. <strong>Geli\u015ftirilmi\u015f \u00fcretkenlik<\/strong><br \/>\nWindows 11 Pro, daha iyi performans ve daha h\u0131zl\u0131 \u00e7al\u0131\u015fma i\u00e7in sistem kaynaklar\u0131n\u0131 optimize eder. Geli\u015ftirilmi\u015f bellek y\u00f6netimi ve CPU kaynak tahsisi sayesinde, sistem daha b\u00fcy\u00fck g\u00f6revlerde bile daha h\u0131zl\u0131 ve daha kararl\u0131 \u00e7al\u0131\u015f\u0131r.<\/p>\n<p>3. <strong>G\u00fcvenlik<\/strong><br \/>\nBu, Windows 11 Pro'nun temel \u00f6zelliklerinden biridir. Sistem Windows Hello (biyometrik kimlik do\u011frulama), BitLocker (disk \u015fifreleme), Secure Boot ve TPM 2.0 deste\u011fi gibi geli\u015fmi\u015f g\u00fcvenlik ara\u00e7lar\u0131 i\u00e7erir. Bu, verilerinizin yetkisiz eri\u015fime ve siber tehditlere kar\u015f\u0131 g\u00fcvende olmas\u0131n\u0131 sa\u011flar.<\/p>\n<p>4. <strong>Sanalla\u015ft\u0131rma ve kurumsal i\u015flevler<\/strong><br \/>\nWindows 11 Pro ayn\u0131 zamanda profesyonel kullan\u0131c\u0131lar ve i\u015fletmeler i\u00e7indir. B\u00fcy\u00fck cihaz filolar\u0131n\u0131 y\u00f6netmek ve idare etmek i\u00e7in Hyper-V sanalla\u015ft\u0131rma, Uzak Masa\u00fcst\u00fc, Grup \u0130lkesi Y\u00f6netimi ve Windows Update for Business gibi \u00f6zellikleri destekler.<\/p>\n<p>5. <strong>USB anahtar arac\u0131l\u0131\u011f\u0131yla kurulum<\/strong><br \/>\nBirlikte verilen USB dongle, sadece bir USB ba\u011flant\u0131 noktas\u0131na takarak Windows 11 Pro'yu h\u0131zl\u0131 ve kolay bir \u015fekilde y\u00fcklemenizi sa\u011flar. Bu, \u00f6zellikle temiz bir y\u00fckleme yapman\u0131z veya mevcut bir i\u015fletim sistemini y\u00fckseltmeniz gerekti\u011finde kullan\u0131\u015fl\u0131d\u0131r.<\/p>\n<p>6. <strong>Uluslararas\u0131 versiyon<\/strong><br \/>\nWindows 11 Pro'nun bu uluslararas\u0131 s\u00fcr\u00fcm\u00fc, dilinizi ve b\u00f6lgenizi se\u00e7menizi kolayla\u015ft\u0131r\u0131r, b\u00f6ylece d\u00fcnyan\u0131n her yerinde kullanabilirsiniz. Bu, cihaz\u0131n\u0131zla ve farkl\u0131 b\u00f6lgesel ayarlarla tam uyumluluk sa\u011flar.<\/p>\n<p>7. <strong>Son g\u00fcncellemeler ve destek<\/strong><br \/>\nWindows 11 Pro, sisteminizin her zaman en son \u00f6zellikler ve g\u00fcvenlik yamalar\u0131 ile g\u00fcncel olmas\u0131n\u0131 sa\u011flar, b\u00f6ylece bilgisayar\u0131n\u0131z\u0131n her zaman g\u00fcvenli ve verimli bir \u015fekilde \u00e7al\u0131\u015fmaya haz\u0131r olaca\u011f\u0131ndan emin olabilirsiniz.<\/p>\n<h3>Teknik \u00f6zellikler:<\/h3>\n<ul>\n<li>\u0130\u015fletim sistemi:Microsoft Windows 11 Pro 64-bit<\/li>\n<li>Desteklenen dil: uluslararas\u0131 (tercih etti\u011finiz dili ve b\u00f6lgeyi se\u00e7ebilirsiniz)<\/li>\n<li>Bir sisteme ihtiya\u00e7 vard\u0131r:\n<ul>\n<li>\u0130\u015flemci: 2 veya daha fazla \u00e7ekirdekli 1 GHz veya daha h\u0131zl\u0131, 64 bit uyumlu<\/li>\n<li>Bellek: 4 GB RAM veya daha fazlas\u0131<\/li>\n<li>Depolama: 64 GB veya daha fazla<\/li>\n<li>Grafik kart\u0131: DirectX 12 veya \u00fcst\u00fc, WDDM 2.0 s\u00fcr\u00fcc\u00fcs\u00fc<\/li>\n<li>Ekran: 720p veya \u00fcst\u00fc<\/li>\n<\/ul>\n<\/li>\n<li>Cihaz tipi: ki\u015fisel bilgisayarlar, diz\u00fcst\u00fc bilgisayarlar<\/li>\n<li>Ambalaj: USB kurulum anahtar\u0131<\/li>\n<\/ul>\n<p><strong>Microsoft Windows 11 Pro 64 bit USB<\/strong>\u00a0en son teknolojik geli\u015fmelerden yararlanmak isteyen hem ki\u015fisel hem de kurumsal kullan\u0131c\u0131lar i\u00e7in m\u00fckemmel bir se\u00e7imdir. Bu \u00fcr\u00fcnle, h\u0131zl\u0131 ve kolay bir ba\u015flang\u0131\u00e7 i\u00e7in USB anahtar kurulumuyla birlikte g\u00fcvenilir, g\u00fcvenli ve y\u00fcksek performansl\u0131 bir i\u015fletim sistemine sahip olursunuz. G\u00fc\u00e7l\u00fc g\u00fcvenlik ve sanalla\u015ft\u0131rma ara\u00e7lar\u0131ndan yararlanmak isteyen hem profesyoneller hem de i\u015fletmeler i\u00e7in uygundur.<\/p>","protected":false},"excerpt":{"rendered":"<ul style=\"list-style: none; padding: 0; margin: 0;\">\n<li style=\"display: flex; align-items: center; gap: 8px; font-family: 'Jost', sans-serif; font-size: 14px; font-weight: 400; color: #ffffff; line-height: 1.2; margin-bottom: 8px;\"><img decoding=\"async\" style=\"display: block; flex-shrink: 0;\" src=\"https:\/\/operacinesistema.lt\/wp-content\/uploads\/2026\/03\/Official-product-3.png\" alt=\"\" width=\"25\" height=\"25\" \/>\n<div>Resmi Microsoft \u00fcr\u00fcn\u00fc<\/div>\n<\/li>\n<li style=\"display: flex; align-items: center; gap: 8px; font-family: 'Jost', sans-serif; font-size: 14px; font-weight: 400; color: #ffffff; line-height: 1.2; margin-bottom: 8px;\"><img decoding=\"async\" style=\"display: block; flex-shrink: 0;\" src=\"https:\/\/operacinesistema.lt\/wp-content\/uploads\/2026\/03\/Multilingual-1.png\" alt=\"\" width=\"25\" height=\"25\" \/>\n<div>T\u00fcm dillerin se\u00e7imi<\/div>\n<\/li>\n<li style=\"display: flex; align-items: center; gap: 8px; font-family: 'Jost', sans-serif; font-size: 14px; font-weight: 400; color: #ffffff; line-height: 1.2; margin-bottom: 8px;\"><img decoding=\"async\" style=\"display: block; flex-shrink: 0;\" src=\"https:\/\/operacinesistema.lt\/wp-content\/uploads\/2026\/03\/USB.png\" alt=\"\" width=\"25\" height=\"25\" \/>\n<div>USB bellek + lisans<\/div>\n<\/li>\n<li style=\"display: flex; align-items: center; gap: 8px; font-family: 'Jost', sans-serif; font-size: 14px; font-weight: 400; color: #ffffff; line-height: 1.2;\"><img loading=\"lazy\" decoding=\"async\" style=\"display: block; flex-shrink: 0;\" src=\"https:\/\/operacinesistema.lt\/wp-content\/uploads\/2026\/03\/delivery.png\" alt=\"\" width=\"25\" height=\"25\" \/>\n<div>2-3 g\u00fcn i\u00e7inde teslimat.<\/div>\n<\/li>\n<\/ul>","protected":false},"featured_media":6017,"template":"","meta":[],"product_brand":[],"product_cat":[149,125],"product_tag":[],"class_list":{"0":"post-4334","1":"product","2":"type-product","3":"status-publish","4":"has-post-thumbnail","6":"product_cat-windows-11-pro","7":"product_cat-windows","9":"first","10":"instock","11":"sale","12":"featured","13":"shipping-taxable","14":"purchasable","15":"product-type-simple"},"yoast_head":"<!-- This site is optimized with the Yoast SEO plugin v27.5 - https:\/\/yoast.com\/product\/yoast-seo-wordpress\/ -->\n<title>Windows 11 Pro 64-Bit USB - operacinesistema.lt<\/title>\n<meta name=\"description\" content=\"\u012esigykite originali\u0105 Windows 11 Pro USB operacin\u0119 sistem\u0105 u\u017e puiki\u0105 kain\u0105! Greitas aktyvavimas, patikima licencija ir visi profesional\u016bs \u012frankiai.\" \/>\n<meta name=\"robots\" content=\"index, follow, max-snippet:-1, max-image-preview:large, max-video-preview:-1\" \/>\n<link rel=\"canonical\" href=\"https:\/\/operacinesistema.lt\/tr\/urun\/windows-11-pro-64-bit-usb\/\" \/>\n<meta property=\"og:locale\" content=\"tr_TR\" \/>\n<meta property=\"og:type\" content=\"article\" \/>\n<meta property=\"og:title\" content=\"Windows 11 Pro 64-Bit USB - operacinesistema.lt\" \/>\n<meta property=\"og:description\" content=\"\u012esigykite originali\u0105 Windows 11 Pro USB operacin\u0119 sistem\u0105 u\u017e puiki\u0105 kain\u0105! Greitas aktyvavimas, patikima licencija ir visi profesional\u016bs \u012frankiai.\" \/>\n<meta property=\"og:url\" content=\"https:\/\/operacinesistema.lt\/tr\/urun\/windows-11-pro-64-bit-usb\/\" \/>\n<meta property=\"og:site_name\" content=\"operacinesistema.lt\" \/>\n<meta property=\"article:modified_time\" content=\"2026-05-01T07:15:26+00:00\" \/>\n<meta property=\"og:image\" content=\"https:\/\/operacinesistema.lt\/wp-content\/uploads\/2024\/11\/Windows-11-Pro-USB-1.png\" \/>\n\t<meta property=\"og:image:width\" content=\"1000\" \/>\n\t<meta property=\"og:image:height\" content=\"1000\" \/>\n\t<meta property=\"og:image:type\" content=\"image\/png\" \/>\n<meta name=\"twitter:card\" content=\"summary_large_image\" \/>\n<meta name=\"twitter:label1\" content=\"Tahmini okuma s\u00fcresi\" \/>\n\t<meta name=\"twitter:data1\" content=\"3 dakika\" \/>\n<script type=\"application\/ld+json\" class=\"yoast-schema-graph\">{\"@context\":\"https:\\\/\\\/schema.org\",\"@graph\":[{\"@type\":\"WebPage\",\"@id\":\"https:\\\/\\\/operacinesistema.lt\\\/product\\\/windows-11-pro-64-bit-usb\\\/\",\"url\":\"https:\\\/\\\/operacinesistema.lt\\\/product\\\/windows-11-pro-64-bit-usb\\\/\",\"name\":\"Windows 11 Pro 64-Bit USB - operacinesistema.lt\",\"isPartOf\":{\"@id\":\"https:\\\/\\\/operacinesistema.lt\\\/#website\"},\"primaryImageOfPage\":{\"@id\":\"https:\\\/\\\/operacinesistema.lt\\\/product\\\/windows-11-pro-64-bit-usb\\\/#primaryimage\"},\"image\":{\"@id\":\"https:\\\/\\\/operacinesistema.lt\\\/product\\\/windows-11-pro-64-bit-usb\\\/#primaryimage\"},\"thumbnailUrl\":\"https:\\\/\\\/operacinesistema.lt\\\/wp-content\\\/uploads\\\/2024\\\/11\\\/Windows-11-Pro-USB-1.png\",\"datePublished\":\"2024-11-18T19:51:52+00:00\",\"dateModified\":\"2026-05-01T07:15:26+00:00\",\"description\":\"\u012esigykite originali\u0105 Windows 11 Pro USB operacin\u0119 sistem\u0105 u\u017e puiki\u0105 kain\u0105! Greitas aktyvavimas, patikima licencija ir visi profesional\u016bs \u012frankiai.\",\"breadcrumb\":{\"@id\":\"https:\\\/\\\/operacinesistema.lt\\\/product\\\/windows-11-pro-64-bit-usb\\\/#breadcrumb\"},\"inLanguage\":\"tr\",\"potentialAction\":[{\"@type\":\"ReadAction\",\"target\":[\"https:\\\/\\\/operacinesistema.lt\\\/product\\\/windows-11-pro-64-bit-usb\\\/\"]}]},{\"@type\":\"ImageObject\",\"inLanguage\":\"tr\",\"@id\":\"https:\\\/\\\/operacinesistema.lt\\\/product\\\/windows-11-pro-64-bit-usb\\\/#primaryimage\",\"url\":\"https:\\\/\\\/operacinesistema.lt\\\/wp-content\\\/uploads\\\/2024\\\/11\\\/Windows-11-Pro-USB-1.png\",\"contentUrl\":\"https:\\\/\\\/operacinesistema.lt\\\/wp-content\\\/uploads\\\/2024\\\/11\\\/Windows-11-Pro-USB-1.png\",\"width\":1000,\"height\":1000,\"caption\":\"Windows 11 Pro USB\"},{\"@type\":\"BreadcrumbList\",\"@id\":\"https:\\\/\\\/operacinesistema.lt\\\/product\\\/windows-11-pro-64-bit-usb\\\/#breadcrumb\",\"itemListElement\":[{\"@type\":\"ListItem\",\"position\":1,\"name\":\"Home\",\"item\":\"https:\\\/\\\/operacinesistema.lt\\\/\"},{\"@type\":\"ListItem\",\"position\":2,\"name\":\"Parduotuv\u0117\",\"item\":\"https:\\\/\\\/operacinesistema.lt\\\/parduotuve\\\/\"},{\"@type\":\"ListItem\",\"position\":3,\"name\":\"Windows 11 Pro 64-Bit USB\"}]},{\"@type\":\"WebSite\",\"@id\":\"https:\\\/\\\/operacinesistema.lt\\\/#website\",\"url\":\"https:\\\/\\\/operacinesistema.lt\\\/\",\"name\":\"operacinesistema.lt\",\"description\":\"\u012esigykite Windows 11 Pro u\u017e geriausi\u0105 kain\u0105\",\"potentialAction\":[{\"@type\":\"SearchAction\",\"target\":{\"@type\":\"EntryPoint\",\"urlTemplate\":\"https:\\\/\\\/operacinesistema.lt\\\/?s={search_term_string}\"},\"query-input\":{\"@type\":\"PropertyValueSpecification\",\"valueRequired\":true,\"valueName\":\"search_term_string\"}}],\"inLanguage\":\"tr\"}]}<\/script>\n<!-- \/ Yoast SEO plugin. -->","yoast_head_json":{"title":"Windows 11 Pro 64-Bit USB - operacinesistema.lt","description":"\u012esigykite originali\u0105 Windows 11 Pro USB operacin\u0119 sistem\u0105 u\u017e puiki\u0105 kain\u0105! Greitas aktyvavimas, patikima licencija ir visi profesional\u016bs \u012frankiai.","robots":{"index":"index","follow":"follow","max-snippet":"max-snippet:-1","max-image-preview":"max-image-preview:large","max-video-preview":"max-video-preview:-1"},"canonical":"https:\/\/operacinesistema.lt\/tr\/urun\/windows-11-pro-64-bit-usb\/","og_locale":"tr_TR","og_type":"article","og_title":"Windows 11 Pro 64-Bit USB - operacinesistema.lt","og_description":"\u012esigykite originali\u0105 Windows 11 Pro USB operacin\u0119 sistem\u0105 u\u017e puiki\u0105 kain\u0105! Greitas aktyvavimas, patikima licencija ir visi profesional\u016bs \u012frankiai.","og_url":"https:\/\/operacinesistema.lt\/tr\/urun\/windows-11-pro-64-bit-usb\/","og_site_name":"operacinesistema.lt","article_modified_time":"2026-05-01T07:15:26+00:00","og_image":[{"width":1000,"height":1000,"url":"https:\/\/operacinesistema.lt\/wp-content\/uploads\/2024\/11\/Windows-11-Pro-USB-1.png","type":"image\/png"}],"twitter_card":"summary_large_image","twitter_misc":{"Tahmini okuma s\u00fcresi":"3 dakika"},"schema":{"@context":"https:\/\/schema.org","@graph":[{"@type":"WebPage","@id":"https:\/\/operacinesistema.lt\/product\/windows-11-pro-64-bit-usb\/","url":"https:\/\/operacinesistema.lt\/product\/windows-11-pro-64-bit-usb\/","name":"Windows 11 Pro 64-Bit USB - operacinesistema.lt","isPartOf":{"@id":"https:\/\/operacinesistema.lt\/#website"},"primaryImageOfPage":{"@id":"https:\/\/operacinesistema.lt\/product\/windows-11-pro-64-bit-usb\/#primaryimage"},"image":{"@id":"https:\/\/operacinesistema.lt\/product\/windows-11-pro-64-bit-usb\/#primaryimage"},"thumbnailUrl":"https:\/\/operacinesistema.lt\/wp-content\/uploads\/2024\/11\/Windows-11-Pro-USB-1.png","datePublished":"2024-11-18T19:51:52+00:00","dateModified":"2026-05-01T07:15:26+00:00","description":"\u012esigykite originali\u0105 Windows 11 Pro USB operacin\u0119 sistem\u0105 u\u017e puiki\u0105 kain\u0105! Greitas aktyvavimas, patikima licencija ir visi profesional\u016bs \u012frankiai.","breadcrumb":{"@id":"https:\/\/operacinesistema.lt\/product\/windows-11-pro-64-bit-usb\/#breadcrumb"},"inLanguage":"tr","potentialAction":[{"@type":"ReadAction","target":["https:\/\/operacinesistema.lt\/product\/windows-11-pro-64-bit-usb\/"]}]},{"@type":"ImageObject","inLanguage":"tr","@id":"https:\/\/operacinesistema.lt\/product\/windows-11-pro-64-bit-usb\/#primaryimage","url":"https:\/\/operacinesistema.lt\/wp-content\/uploads\/2024\/11\/Windows-11-Pro-USB-1.png","contentUrl":"https:\/\/operacinesistema.lt\/wp-content\/uploads\/2024\/11\/Windows-11-Pro-USB-1.png","width":1000,"height":1000,"caption":"Windows 11 Pro USB"},{"@type":"BreadcrumbList","@id":"https:\/\/operacinesistema.lt\/product\/windows-11-pro-64-bit-usb\/#breadcrumb","itemListElement":[{"@type":"ListItem","position":1,"name":"Home","item":"https:\/\/operacinesistema.lt\/"},{"@type":"ListItem","position":2,"name":"Parduotuv\u0117","item":"https:\/\/operacinesistema.lt\/parduotuve\/"},{"@type":"ListItem","position":3,"name":"Windows 11 Pro 64-Bit USB"}]},{"@type":"WebSite","@id":"https:\/\/operacinesistema.lt\/#website","url":"https:\/\/operacinesistema.lt\/","name":"operacinesistema.lt","description":"Windows 11 Pro'yu en iyi fiyata al\u0131n","potentialAction":[{"@type":"SearchAction","target":{"@type":"EntryPoint","urlTemplate":"https:\/\/operacinesistema.lt\/?s={search_term_string}"},"query-input":{"@type":"PropertyValueSpecification","valueRequired":true,"valueName":"search_term_string"}}],"inLanguage":"tr"}]}},"_links":{"self":[{"href":"https:\/\/operacinesistema.lt\/tr\/wp-json\/wp\/v2\/product\/4334","targetHints":{"allow":["GET"]}}],"collection":[{"href":"https:\/\/operacinesistema.lt\/tr\/wp-json\/wp\/v2\/product"}],"about":[{"href":"https:\/\/operacinesistema.lt\/tr\/wp-json\/wp\/v2\/types\/product"}],"version-history":[{"count":1,"href":"https:\/\/operacinesistema.lt\/tr\/wp-json\/wp\/v2\/product\/4334\/revisions"}],"predecessor-version":[{"id":6584,"href":"https:\/\/operacinesistema.lt\/tr\/wp-json\/wp\/v2\/product\/4334\/revisions\/6584"}],"wp:featuredmedia":[{"embeddable":true,"href":"https:\/\/operacinesistema.lt\/tr\/wp-json\/wp\/v2\/media\/6017"}],"wp:attachment":[{"href":"https:\/\/operacinesistema.lt\/tr\/wp-json\/wp\/v2\/media?parent=4334"}],"wp:term":[{"taxonomy":"product_brand","embeddable":true,"href":"https:\/\/operacinesistema.lt\/tr\/wp-json\/wp\/v2\/product_brand?post=4334"},{"taxonomy":"product_cat","embeddable":true,"href":"https:\/\/operacinesistema.lt\/tr\/wp-json\/wp\/v2\/product_cat?post=4334"},{"taxonomy":"product_tag","embeddable":true,"href":"https:\/\/operacinesistema.lt\/tr\/wp-json\/wp\/v2\/product_tag?post=4334"}],"curies":[{"name":"wp","href":"https:\/\/api.w.org\/{rel}","templated":true}]}}