{"id":4404,"date":"2024-11-19T11:15:00","date_gmt":"2024-11-19T11:15:00","guid":{"rendered":"https:\/\/operacinesistema.lt\/?page_id=4404"},"modified":"2025-11-10T13:00:01","modified_gmt":"2025-11-10T13:00:01","slug":"duk","status":"publish","type":"page","link":"https:\/\/operacinesistema.lt\/tr\/duk\/","title":{"rendered":"SSS"},"content":{"rendered":"<div data-elementor-type=\"wp-page\" data-elementor-id=\"4404\" class=\"elementor elementor-4404\">\n\t\t\t\t<div class=\"elementor-element elementor-element-b9de748 e-flex e-con-boxed e-con e-parent\" data-id=\"b9de748\" data-element_type=\"container\" data-e-type=\"container\">\n\t\t\t\t\t<div class=\"e-con-inner\">\n\t\t\t\t<div class=\"elementor-element elementor-element-9d56ec8 elementor-widget elementor-widget-tm-heading\" data-id=\"9d56ec8\" data-element_type=\"widget\" data-e-type=\"widget\" data-widget_type=\"tm-heading.default\">\n\t\t\t\t<div class=\"elementor-widget-container\">\n\t\t\t\t\t\t\t<div class=\"tm-modern-heading tm-modern-heading--style-01 tm-modern-heading--highlight-style-01\">\n\t\t\t\n\t\t\t\t\t<div class=\"heading-primary-wrap\">\n\t\t\t<h2 class=\"heading-primary elementor-heading-title\">S\u0131k\u00e7a sorulan sorular<\/h2>\t\t<\/div>\n\t\t\n\t\t\t\n\t\t\t\t\t<\/div>\n\t\t\t\t\t\t<\/div>\n\t\t\t\t<\/div>\n\t\t\t\t\t<\/div>\n\t\t\t\t<\/div>\n\t\t<div class=\"elementor-element elementor-element-700f1f0 e-flex e-con-boxed e-con e-parent\" data-id=\"700f1f0\" data-element_type=\"container\" data-e-type=\"container\">\n\t\t\t\t\t<div class=\"e-con-inner\">\n\t\t\t\t<div class=\"elementor-element elementor-element-084315e minimog-accordion-style-01 elementor-widget elementor-widget-tm-accordion\" data-id=\"084315e\" data-element_type=\"widget\" data-e-type=\"widget\" data-settings=\"{&quot;active_first_item&quot;:&quot;1&quot;}\" data-widget_type=\"tm-accordion.default\">\n\t\t\t\t<div class=\"elementor-widget-container\">\n\t\t\t\t\t\t\t<div class=\"minimog-accordion minimog-accordion-icon-right\" data-multi-open=\"1\">\n\t\t\t\t\t\t\t<div class=\"accordion-section active\">\n\t\t\t\t\t<div class=\"accordion-header\">\n\t\t\t\t\t\t<div class=\"accordion-title-wrapper\">\n\t\t\t\t\t\t\t<h6 class=\"accordion-title\">Windows 11 Pro i\u00e7in fiziksel bir \u00fcr\u00fcn m\u00fc yoksa dijital bir lisans m\u0131 alaca\u011f\u0131m?<\/h6>\t\t\t\t\t\t<\/div>\n\t\t\t\t\t\t\t\t\t\t\t\t\t<div class=\"accordion-icons\">\n\t\t\t\t\t\t\t\t<span\n\t\t\t\t\t\t\t\t\tclass=\"accordion-icon opened-icon\"><i class=\"far fa-angle-down\"><\/i><\/span>\n\t\t\t\t\t\t\t\t<span\n\t\t\t\t\t\t\t\t\tclass=\"accordion-icon closed-icon\"><i class=\"far fa-angle-up\"><\/i><\/span>\n\t\t\t\t\t\t\t<\/div>\n\t\t\t\t\t\t\t\t\t\t\t<\/div>\n\t\t\t\t\t<div class=\"accordion-content\">\n\t\t\t\t\t\t<p>Windows 11 Pro'yu sat\u0131n ald\u0131\u011f\u0131n\u0131zda, size USB bellek, k\u0131lavuz ve t\u00fcm orijinal ekipmanlarla birlikte orijinal fiziksel \u00fcr\u00fcn\u00fc g\u00f6nderece\u011fiz.<\/p>\t\t\t\t\t<\/div>\n\t\t\t\t<\/div>\n\t\t\t\t\t\t\t<div class=\"accordion-section\">\n\t\t\t\t\t<div class=\"accordion-header\">\n\t\t\t\t\t\t<div class=\"accordion-title-wrapper\">\n\t\t\t\t\t\t\t<h6 class=\"accordion-title\">Bu orijinal i\u015fletim sistemi mi?<\/h6>\t\t\t\t\t\t<\/div>\n\t\t\t\t\t\t\t\t\t\t\t\t\t<div class=\"accordion-icons\">\n\t\t\t\t\t\t\t\t<span\n\t\t\t\t\t\t\t\t\tclass=\"accordion-icon opened-icon\"><i class=\"far fa-angle-down\"><\/i><\/span>\n\t\t\t\t\t\t\t\t<span\n\t\t\t\t\t\t\t\t\tclass=\"accordion-icon closed-icon\"><i class=\"far fa-angle-up\"><\/i><\/span>\n\t\t\t\t\t\t\t<\/div>\n\t\t\t\t\t\t\t\t\t\t\t<\/div>\n\t\t\t\t\t<div class=\"accordion-content\">\n\t\t\t\t\t\t<p>Evet, t\u00fcm \u00fcr\u00fcnlerimiz orijinaldir, \u00e7al\u0131nmam\u0131\u015f, k\u0131r\u0131lmam\u0131\u015f veya ba\u015fka bir \u015fekilde kurcalanmam\u0131\u015ft\u0131r.<\/p>\t\t\t\t\t<\/div>\n\t\t\t\t<\/div>\n\t\t\t\t\t\t\t<div class=\"accordion-section\">\n\t\t\t\t\t<div class=\"accordion-header\">\n\t\t\t\t\t\t<div class=\"accordion-title-wrapper\">\n\t\t\t\t\t\t\t<h6 class=\"accordion-title\">\u0130\u015fletim sistemini iade edebilecek miyim?<\/h6>\t\t\t\t\t\t<\/div>\n\t\t\t\t\t\t\t\t\t\t\t\t\t<div class=\"accordion-icons\">\n\t\t\t\t\t\t\t\t<span\n\t\t\t\t\t\t\t\t\tclass=\"accordion-icon opened-icon\"><i class=\"far fa-angle-down\"><\/i><\/span>\n\t\t\t\t\t\t\t\t<span\n\t\t\t\t\t\t\t\t\tclass=\"accordion-icon closed-icon\"><i class=\"far fa-angle-up\"><\/i><\/span>\n\t\t\t\t\t\t\t<\/div>\n\t\t\t\t\t\t\t\t\t\t\t<\/div>\n\t\t\t\t\t<div class=\"accordion-content\">\n\t\t\t\t\t\t<p>Evet, fikrinizi de\u011fi\u015ftirirseniz ve i\u015fletim sistemini kullanmazsan\u0131z iade edebilirsiniz. Not: Ambalaj a\u00e7\u0131lmam\u0131\u015f, y\u0131rt\u0131lmam\u0131\u015f, kullan\u0131lmam\u0131\u015f veya ba\u015fka bir \u015fekilde hasar g\u00f6rmemi\u015f olmal\u0131d\u0131r. \u00dcr\u00fcn a\u00e7\u0131lm\u0131\u015f veya kullan\u0131lm\u0131\u015fsa iade kabul edilmeyecektir.<\/p>\t\t\t\t\t<\/div>\n\t\t\t\t<\/div>\n\t\t\t\t\t\t\t<div class=\"accordion-section\">\n\t\t\t\t\t<div class=\"accordion-header\">\n\t\t\t\t\t\t<div class=\"accordion-title-wrapper\">\n\t\t\t\t\t\t\t<h6 class=\"accordion-title\">Lisans anahtar\u0131 \u00e7al\u0131\u015fmazsa ne olur?<\/h6>\t\t\t\t\t\t<\/div>\n\t\t\t\t\t\t\t\t\t\t\t\t\t<div class=\"accordion-icons\">\n\t\t\t\t\t\t\t\t<span\n\t\t\t\t\t\t\t\t\tclass=\"accordion-icon opened-icon\"><i class=\"far fa-angle-down\"><\/i><\/span>\n\t\t\t\t\t\t\t\t<span\n\t\t\t\t\t\t\t\t\tclass=\"accordion-icon closed-icon\"><i class=\"far fa-angle-up\"><\/i><\/span>\n\t\t\t\t\t\t\t<\/div>\n\t\t\t\t\t\t\t\t\t\t\t<\/div>\n\t\t\t\t\t<div class=\"accordion-content\">\n\t\t\t\t\t\t<p>Lisans anahtar\u0131 \u00e7al\u0131\u015fmazsa, i\u015fletim sistemimizin paketini a\u00e7t\u0131\u011f\u0131n\u0131z ve lisans anahtar\u0131n\u0131 girdi\u011finiz video g\u00f6r\u00fcnt\u00fclerini sa\u011flamal\u0131s\u0131n\u0131z, ard\u0131ndan lisans anahtar\u0131 \u00e7al\u0131\u015fmazsa size yedek bir dijital lisans anahtar\u0131 sa\u011flayaca\u011f\u0131z.<\/p>\t\t\t\t\t<\/div>\n\t\t\t\t<\/div>\n\t\t\t\t\t\t\t<div class=\"accordion-section\">\n\t\t\t\t\t<div class=\"accordion-header\">\n\t\t\t\t\t\t<div class=\"accordion-title-wrapper\">\n\t\t\t\t\t\t\t<h6 class=\"accordion-title\">Teslimat ne kadar s\u00fcrer?<\/h6>\t\t\t\t\t\t<\/div>\n\t\t\t\t\t\t\t\t\t\t\t\t\t<div class=\"accordion-icons\">\n\t\t\t\t\t\t\t\t<span\n\t\t\t\t\t\t\t\t\tclass=\"accordion-icon opened-icon\"><i class=\"far fa-angle-down\"><\/i><\/span>\n\t\t\t\t\t\t\t\t<span\n\t\t\t\t\t\t\t\t\tclass=\"accordion-icon closed-icon\"><i class=\"far fa-angle-up\"><\/i><\/span>\n\t\t\t\t\t\t\t<\/div>\n\t\t\t\t\t\t\t\t\t\t\t<\/div>\n\t\t\t\t\t<div class=\"accordion-content\">\n\t\t\t\t\t\t<p>Litvanya'daki bir postaneye teslimat 1-3 g\u00fcn s\u00fcrer. Paket postaneye teslim edildi\u011finde \u00f6deme s\u0131ras\u0131nda SMS ve e-posta ile bilgilendirileceksiniz. Teslimattan sonra, paketinizi g\u00fcn\u00fcn herhangi bir saatinde almaya gelebilirsiniz.<\/p>\t\t\t\t\t<\/div>\n\t\t\t\t<\/div>\n\t\t\t\t\t\t\t<div class=\"accordion-section\">\n\t\t\t\t\t<div class=\"accordion-header\">\n\t\t\t\t\t\t<div class=\"accordion-title-wrapper\">\n\t\t\t\t\t\t\t<h6 class=\"accordion-title\">Windows 11 Pro ile verilerimi nas\u0131l koruyabilirim?<\/h6>\t\t\t\t\t\t<\/div>\n\t\t\t\t\t\t\t\t\t\t\t\t\t<div class=\"accordion-icons\">\n\t\t\t\t\t\t\t\t<span\n\t\t\t\t\t\t\t\t\tclass=\"accordion-icon opened-icon\"><i class=\"far fa-angle-down\"><\/i><\/span>\n\t\t\t\t\t\t\t\t<span\n\t\t\t\t\t\t\t\t\tclass=\"accordion-icon closed-icon\"><i class=\"far fa-angle-up\"><\/i><\/span>\n\t\t\t\t\t\t\t<\/div>\n\t\t\t\t\t\t\t\t\t\t\t<\/div>\n\t\t\t\t\t<div class=\"accordion-content\">\n\t\t\t\t\t\t<p>\u201eWindows 11 Pro, cihaz\u0131n\u0131z\u0131 kaybetseniz bile verilerinizin g\u00fcvende olmas\u0131n\u0131 sa\u011flayan yerle\u015fik BitLocker veri \u015fifrelemesiyle birlikte gelir. Daha da fazla g\u00fcvenlik i\u00e7in Windows Hello y\u00fcz veya parmak izi tan\u0131ma \u00f6zelli\u011fini de kullanabilirsiniz.<\/p>\t\t\t\t\t<\/div>\n\t\t\t\t<\/div>\n\t\t\t\t\t\t\t<div class=\"accordion-section\">\n\t\t\t\t\t<div class=\"accordion-header\">\n\t\t\t\t\t\t<div class=\"accordion-title-wrapper\">\n\t\t\t\t\t\t\t<h6 class=\"accordion-title\">Ad\u0131m Ad\u0131m Windows 11 Pro'yu nas\u0131l y\u00fcklerim?<\/h6>\t\t\t\t\t\t<\/div>\n\t\t\t\t\t\t\t\t\t\t\t\t\t<div class=\"accordion-icons\">\n\t\t\t\t\t\t\t\t<span\n\t\t\t\t\t\t\t\t\tclass=\"accordion-icon opened-icon\"><i class=\"far fa-angle-down\"><\/i><\/span>\n\t\t\t\t\t\t\t\t<span\n\t\t\t\t\t\t\t\t\tclass=\"accordion-icon closed-icon\"><i class=\"far fa-angle-up\"><\/i><\/span>\n\t\t\t\t\t\t\t<\/div>\n\t\t\t\t\t\t\t\t\t\t\t<\/div>\n\t\t\t\t\t<div class=\"accordion-content\">\n\t\t\t\t\t\t<ul><li>Bilgisayar\u0131n\u0131z\u0131 a\u00e7\u0131n ve USB belle\u011fi tak\u0131n.<\/li><li>BIOS ayarlar\u0131 arac\u0131l\u0131\u011f\u0131yla bilgisayar\u0131n\u0131z\u0131 USB s\u00fcr\u00fcc\u00fcden ba\u015flat\u0131n.<\/li><li>Dilinizi ve saatinizi se\u00e7in, ard\u0131ndan \u201e\u015eimdi Y\u00fckle \u201cye t\u0131klay\u0131n.<\/li><li>Aktivasyon kodunu girin ve kuruluma devam edin.<\/li><li>\u201e\u00d6zel Kurulum \u201cu se\u00e7in ve sistemi kurmak istedi\u011finiz s\u00fcr\u00fcc\u00fcy\u00fc belirtin.<\/li><li>Kurulum tamamlanana kadar bekleyin ve hesab\u0131n\u0131z\u0131 kurun.<\/li><\/ul>\t\t\t\t\t<\/div>\n\t\t\t\t<\/div>\n\t\t\t\t\t\t\t<div class=\"accordion-section\">\n\t\t\t\t\t<div class=\"accordion-header\">\n\t\t\t\t\t\t<div class=\"accordion-title-wrapper\">\n\t\t\t\t\t\t\t<h6 class=\"accordion-title\">Bilgisayar\u0131m\u0131n Windows 11 i\u00e7in haz\u0131r oldu\u011fundan nas\u0131l emin olabilirim?<\/h6>\t\t\t\t\t\t<\/div>\n\t\t\t\t\t\t\t\t\t\t\t\t\t<div class=\"accordion-icons\">\n\t\t\t\t\t\t\t\t<span\n\t\t\t\t\t\t\t\t\tclass=\"accordion-icon opened-icon\"><i class=\"far fa-angle-down\"><\/i><\/span>\n\t\t\t\t\t\t\t\t<span\n\t\t\t\t\t\t\t\t\tclass=\"accordion-icon closed-icon\"><i class=\"far fa-angle-up\"><\/i><\/span>\n\t\t\t\t\t\t\t<\/div>\n\t\t\t\t\t\t\t\t\t\t\t<\/div>\n\t\t\t\t\t<div class=\"accordion-content\">\n\t\t\t\t\t\t<p>Bilgisayar\u0131n\u0131z\u0131n Windows 11 ile uyumlulu\u011funu kontrol etmek i\u00e7in resmi Microsoft PC Health Check arac\u0131n\u0131 kullanabilirsiniz. Ara\u00e7 size t\u00fcm gereksinimlerin kar\u015f\u0131lan\u0131p kar\u015f\u0131lanmad\u0131\u011f\u0131n\u0131 g\u00f6sterecektir.<\/p>\t\t\t\t\t<\/div>\n\t\t\t\t<\/div>\n\t\t\t\t\t\t\t<div class=\"accordion-section\">\n\t\t\t\t\t<div class=\"accordion-header\">\n\t\t\t\t\t\t<div class=\"accordion-title-wrapper\">\n\t\t\t\t\t\t\t<h6 class=\"accordion-title\">Windows 11 kurulumdan sonra d\u00fczg\u00fcn \u00e7al\u0131\u015fmazsa ne olur?<\/h6>\t\t\t\t\t\t<\/div>\n\t\t\t\t\t\t\t\t\t\t\t\t\t<div class=\"accordion-icons\">\n\t\t\t\t\t\t\t\t<span\n\t\t\t\t\t\t\t\t\tclass=\"accordion-icon opened-icon\"><i class=\"far fa-angle-down\"><\/i><\/span>\n\t\t\t\t\t\t\t\t<span\n\t\t\t\t\t\t\t\t\tclass=\"accordion-icon closed-icon\"><i class=\"far fa-angle-up\"><\/i><\/span>\n\t\t\t\t\t\t\t<\/div>\n\t\t\t\t\t\t\t\t\t\t\t<\/div>\n\t\t\t\t\t<div class=\"accordion-content\">\n\t\t\t\t\t\t<p>E\u011fer sorunlar\u0131n\u0131z varsa, yapabilirsiniz:<\/p><ol><li>Ayarlar'da Sorun Giderici i\u015flevini ba\u015flatmay\u0131 deneyin.<\/li><li>S\u00fcr\u00fcc\u00fclerinizi g\u00fcncelleyin veya eksik g\u00fcncellemeleri y\u00fckleyin.<\/li><li>Bize ula\u015f\u0131n ve sorunu \u00e7\u00f6zmenize yard\u0131mc\u0131 olal\u0131m.<\/li><\/ol>\t\t\t\t\t<\/div>\n\t\t\t\t<\/div>\n\t\t\t\t\t\t\t<div class=\"accordion-section\">\n\t\t\t\t\t<div class=\"accordion-header\">\n\t\t\t\t\t\t<div class=\"accordion-title-wrapper\">\n\t\t\t\t\t\t\t<h6 class=\"accordion-title\">Ruhsat\u0131m\u0131n ge\u00e7erli olup olmad\u0131\u011f\u0131n\u0131 nas\u0131l bilebilirim?<\/h6>\t\t\t\t\t\t<\/div>\n\t\t\t\t\t\t\t\t\t\t\t\t\t<div class=\"accordion-icons\">\n\t\t\t\t\t\t\t\t<span\n\t\t\t\t\t\t\t\t\tclass=\"accordion-icon opened-icon\"><i class=\"far fa-angle-down\"><\/i><\/span>\n\t\t\t\t\t\t\t\t<span\n\t\t\t\t\t\t\t\t\tclass=\"accordion-icon closed-icon\"><i class=\"far fa-angle-up\"><\/i><\/span>\n\t\t\t\t\t\t\t<\/div>\n\t\t\t\t\t\t\t\t\t\t\t<\/div>\n\t\t\t\t\t<div class=\"accordion-content\">\n\t\t\t\t\t\t<p>Lisans\u0131n\u0131z\u0131n ge\u00e7erlili\u011fini Windows Ayarlar\u0131 \u2192 G\u00fcncelleme ve G\u00fcvenlik \u2192 Etkinle\u015ftirme \u00fczerinden kontrol edebilirsiniz. Orada sistemin ger\u00e7ek bir anahtarla etkinle\u015ftirildi\u011fini g\u00f6rmelisiniz.<\/p>\t\t\t\t\t<\/div>\n\t\t\t\t<\/div>\n\t\t\t\t\t\t\t<div class=\"accordion-section\">\n\t\t\t\t\t<div class=\"accordion-header\">\n\t\t\t\t\t\t<div class=\"accordion-title-wrapper\">\n\t\t\t\t\t\t\t<h6 class=\"accordion-title\">Sat\u0131n ald\u0131\u011f\u0131m lisans\u0131n bir zaman s\u0131n\u0131r\u0131 var m\u0131?<\/h6>\t\t\t\t\t\t<\/div>\n\t\t\t\t\t\t\t\t\t\t\t\t\t<div class=\"accordion-icons\">\n\t\t\t\t\t\t\t\t<span\n\t\t\t\t\t\t\t\t\tclass=\"accordion-icon opened-icon\"><i class=\"far fa-angle-down\"><\/i><\/span>\n\t\t\t\t\t\t\t\t<span\n\t\t\t\t\t\t\t\t\tclass=\"accordion-icon closed-icon\"><i class=\"far fa-angle-up\"><\/i><\/span>\n\t\t\t\t\t\t\t<\/div>\n\t\t\t\t\t\t\t\t\t\t\t<\/div>\n\t\t\t\t\t<div class=\"accordion-content\">\n\t\t\t\t\t\t<p>Hay\u0131r, sat\u0131n al\u0131nan lisans kal\u0131c\u0131d\u0131r ve ayn\u0131 bilgisayarda kullan\u0131ld\u0131\u011f\u0131nda son kullanma tarihi yoktur.<\/p>\t\t\t\t\t<\/div>\n\t\t\t\t<\/div>\n\t\t\t\t\t\t\t<div class=\"accordion-section\">\n\t\t\t\t\t<div class=\"accordion-header\">\n\t\t\t\t\t\t<div class=\"accordion-title-wrapper\">\n\t\t\t\t\t\t\t<h6 class=\"accordion-title\">Windows 11 ile bilgisayar\u0131m\u0131 vir\u00fcslerden nas\u0131l korurum?<\/h6>\t\t\t\t\t\t<\/div>\n\t\t\t\t\t\t\t\t\t\t\t\t\t<div class=\"accordion-icons\">\n\t\t\t\t\t\t\t\t<span\n\t\t\t\t\t\t\t\t\tclass=\"accordion-icon opened-icon\"><i class=\"far fa-angle-down\"><\/i><\/span>\n\t\t\t\t\t\t\t\t<span\n\t\t\t\t\t\t\t\t\tclass=\"accordion-icon closed-icon\"><i class=\"far fa-angle-up\"><\/i><\/span>\n\t\t\t\t\t\t\t<\/div>\n\t\t\t\t\t\t\t\t\t\t\t<\/div>\n\t\t\t\t\t<div class=\"accordion-content\">\n\t\t\t\t\t\t<p>\u201eWindows 11, ger\u00e7ek zamanl\u0131 koruma i\u00e7in yerle\u015fik Windows Defender antivir\u00fcs ile birlikte gelir. \u0130\u015fletim sistemini d\u00fczenli olarak g\u00fcncellemek ve \u015f\u00fcpheli dosyalar\u0131 indirmekten ka\u00e7\u0131nmak da \u00f6nemlidir.<\/p>\t\t\t\t\t<\/div>\n\t\t\t\t<\/div>\n\t\t\t\t\t\t\t<div class=\"accordion-section\">\n\t\t\t\t\t<div class=\"accordion-header\">\n\t\t\t\t\t\t<div class=\"accordion-title-wrapper\">\n\t\t\t\t\t\t\t<h6 class=\"accordion-title\">Windows 11\u201ei internet ba\u011flant\u0131s\u0131 olmadan kullanabilir miyim?<\/h6>\t\t\t\t\t\t<\/div>\n\t\t\t\t\t\t\t\t\t\t\t\t\t<div class=\"accordion-icons\">\n\t\t\t\t\t\t\t\t<span\n\t\t\t\t\t\t\t\t\tclass=\"accordion-icon opened-icon\"><i class=\"far fa-angle-down\"><\/i><\/span>\n\t\t\t\t\t\t\t\t<span\n\t\t\t\t\t\t\t\t\tclass=\"accordion-icon closed-icon\"><i class=\"far fa-angle-up\"><\/i><\/span>\n\t\t\t\t\t\t\t<\/div>\n\t\t\t\t\t\t\t\t\t\t\t<\/div>\n\t\t\t\t\t<div class=\"accordion-content\">\n\t\t\t\t\t\t<p>Evet, temel \u00f6zellikleri kullanabilirsiniz ancak g\u00fcncellemeler ve Microsoft Store gibi baz\u0131 hizmetler internet ba\u011flant\u0131s\u0131 olmadan \u00e7al\u0131\u015fmaz.<\/p>\t\t\t\t\t<\/div>\n\t\t\t\t<\/div>\n\t\t\t\t\t\t\t<div class=\"accordion-section\">\n\t\t\t\t\t<div class=\"accordion-header\">\n\t\t\t\t\t\t<div class=\"accordion-title-wrapper\">\n\t\t\t\t\t\t\t<h6 class=\"accordion-title\">Neden Windows 11\u201ee y\u00fckseltmelisiniz?<\/h6>\t\t\t\t\t\t<\/div>\n\t\t\t\t\t\t\t\t\t\t\t\t\t<div class=\"accordion-icons\">\n\t\t\t\t\t\t\t\t<span\n\t\t\t\t\t\t\t\t\tclass=\"accordion-icon opened-icon\"><i class=\"far fa-angle-down\"><\/i><\/span>\n\t\t\t\t\t\t\t\t<span\n\t\t\t\t\t\t\t\t\tclass=\"accordion-icon closed-icon\"><i class=\"far fa-angle-up\"><\/i><\/span>\n\t\t\t\t\t\t\t<\/div>\n\t\t\t\t\t\t\t\t\t\t\t<\/div>\n\t\t\t\t\t<div class=\"accordion-content\">\n\t\t\t\t\t\t<p>\u201eWindows 11 daha modern bir tasar\u0131m, daha iyi \u00fcretkenlik, sanal masa\u00fcstleri gibi yeni \u00f6zellikler ve i\u015finizi daha rahat ve g\u00fcvenli hale getirmek i\u00e7in geli\u015ftirilmi\u015f g\u00fcvenlik \u00f6nlemleri sunuyor.<\/p>\t\t\t\t\t<\/div>\n\t\t\t\t<\/div>\n\t\t\t\t\t<\/div>\n\t\t\t\t\t\t<\/div>\n\t\t\t\t<\/div>\n\t\t\t\t\t<\/div>\n\t\t\t\t<\/div>\n\t\t\t\t<\/div>","protected":false},"excerpt":{"rendered":"<p>Da\u017eniausiai u\u017eduodami klausimai Ar gausiu fizin\u012f produkt\u0105, ar skaitmenin\u0119 Windows 11 Pro licencij\u0105? \u012esigyj\u0119 Windows 11 Pro atsi\u0173sime Jums original\u0173 fizin\u012f produkt\u0105 su USB laikmena, instrukcija ir visa originalia komplektacija. Ar tai originali operacin\u0117 sistema? Taip, visi m\u016bs\u0173 produktai yra original\u016bs, nevogti, nenucrack&#8217;inti ar kitaip nesuklastoti. Ar gal\u0117siu gr\u0105\u017einti operacin\u0119 sistem\u0105? Taip, jei \u012fsigyj\u0119 operacin\u0119 sistem\u0105 apsigalvojote ir jos nepanaudojote, gal\u0117site j\u0105 gr\u0105\u017einti. Pastaba: pakuot\u0117 turi b\u016bti nei\u0161pakuota, nesupl\u0117\u0161yta, nepanaudota ar kitaip nepa\u017eeista. Atidarius ar panaudojus produkt\u0105, gr\u0105\u017einimas nebus priimtas. K\u0105 daryti, jeigu licencijos raktas nesuveik\u0117? Jeigu licencijos raktas nesuveik\u0117, b\u016btina pateikti vaizdo med\u017eiag\u0105, kaip i\u0161pakuojate m\u016bs\u0173 operacin\u0119 sistem\u0105 ir \u012fvedate licencijos rakt\u0105, tuomet jeigu licencijos raktas nesuveik\u0117, suteiksime Jums pakaitin\u012f skaitmenin\u012f licencijos rakt\u0105. Kiek laiko u\u017etrunka pristatymas? Siunta \u012f pa\u0161tomat\u0105 Lietuvoje pristatoma per 1-3 d.d. Apie siuntos pristatym\u0105 \u012f pa\u0161tomat\u0105 b\u016bsite informuoti SMS \u017einute ir el. pa\u0161tu nurodytu atsiskaitymo metu. Po pristatymo, gal\u0117site atvykti atsiimti siuntinio bet kuri\u0105 dien\u0105, bet kuriuo paros laiku. Kaip apsaugoti duomenis naudojant \u201eWindows 11 Pro\u201c? \u201eWindows 11 Pro\u201c turi integruot\u0105 \u201eBitLocker\u201c duomen\u0173 \u0161ifravimo funkcij\u0105, kuri u\u017etikrina, kad j\u016bs\u0173 duomenys bus saug\u016bs net jei prarastum\u0117te \u012frengin\u012f. Taip pat galima naudoti \u201eWindows Hello\u201c veido arba pir\u0161t\u0173 atspaud\u0173 atpa\u017einim\u0105, siekiant dar didesnio saugumo. Kaip \u012fdiegti \u201eWindows 11 Pro\u201c \u017eingsnis po \u017eingsnio (Step-by-Step)? \u012ejunkite kompiuter\u012f ir \u012fd\u0117kite USB laikmen\u0105. Paleiskite kompiuter\u012f i\u0161 USB disko per \u201eBIOS\u201c nustatymus. Pasirinkite kalb\u0105 ir laik\u0105, tada spauskite \u201eInstall Now\u201c. \u012eveskite aktyvacijos kod\u0105 ir t\u0119skite diegim\u0105. Pasirinkite \u201eCustom Installation\u201c ir nurodykite disk\u0105, kuriame norite \u012fdiegti sistem\u0105. Palaukite, kol diegimas bus baigtas, ir nustatykite savo paskyr\u0105. Kaip \u012fsitikinti, kad mano kompiuteris pasiruo\u0161\u0119s \u201eWindows 11\u201c diegimui? Galite naudoti oficial\u0173 \u201eMicrosoft PC Health Check\u201c \u012frank\u012f, kuris patikrins j\u016bs\u0173 kompiuterio suderinamum\u0105 su \u201eWindows 11\u201c. \u012erankis parodys, ar visi reikalavimai yra \u012fvykdyti. K\u0105 daryti, jei po diegimo \u201eWindows 11\u201c neveikia tinkamai? Jei susiduriate su problemomis, galite: Pabandykite paleisti \u201eTroubleshooter\u201c funkcij\u0105 per nustatymus. Atnaujinkite tvarkykles arba \u012fdiekite tr\u016bkstamus atnaujinimus. Susisiekite su mumis ir pad\u0117sime i\u0161spr\u0119sti problem\u0105. Kaip su\u017einoti, ar mano licencija galioja? J\u016bs\u0173 licencijos galiojim\u0105 galite patikrinti per \u201eWindows Settings\u201c \u2192 \u201eUpdate &amp; Security\u201c \u2192 \u201eActivation\u201c. Ten tur\u0117tum\u0117te matyti, kad sistema aktyvuota su autenti\u0161ku raktu. Ar \u012fsigyta licencija turi laikotarpio apribojim\u0173? Ne, \u012fsigyta licencija yra nuolatin\u0117 ir neturi galiojimo laiko, jei naudojama tame pa\u010diame kompiuteryje. Kaip apsaugoti savo kompiuter\u012f nuo virus\u0173 naudojant \u201eWindows 11\u201c? \u201eWindows 11\u201c turi integruot\u0105 \u201eWindows Defender\u201c antivirusin\u0119 program\u0105, kuri u\u017etikrina realaus laiko apsaug\u0105. Taip pat svarbu reguliariai atnaujinti operacin\u0119 sistem\u0105 ir vengti \u012ftartin\u0173 fail\u0173 atsisiuntimo. Ar galima naudoti \u201eWindows 11\u201c be interneto ry\u0161io? Taip, galite naudotis pagrindin\u0117mis funkcijomis, ta\u010diau kai kurios paslaugos, pvz., atnaujinimai ir \u201eMicrosoft Store\u201c, neveiks be interneto ry\u0161io. Kod\u0117l verta atsinaujinti \u012f \u201eWindows 11\u201c? \u201eWindows 11\u201c si\u016blo modernesn\u012f dizain\u0105, geresn\u012f produktyvum\u0105, naujas funkcijas, pvz., virtualias darbalauki\u0173 sritis ir patobulintas saugumo priemones, kurios u\u017etikrina patogesn\u012f ir saugesn\u012f darb\u0105.<\/p>","protected":false},"author":1,"featured_media":0,"parent":0,"menu_order":0,"comment_status":"closed","ping_status":"closed","template":"","meta":{"footnotes":""},"class_list":["post-4404","page","type-page","status-publish","hentry","post-no-thumbnail"],"yoast_head":"<!-- This site is optimized with the Yoast SEO plugin v27.4 - https:\/\/yoast.com\/product\/yoast-seo-wordpress\/ -->\n<title>DUK - operacinesistema.lt<\/title>\n<meta name=\"description\" content=\"Da\u017eniausiai u\u017eduodami klausimai apie operacines sistemas. Originalios operacin\u0117s u\u017e ger\u0105 kain\u0105 - operacinesistema.lt\" \/>\n<meta name=\"robots\" content=\"index, follow, max-snippet:-1, max-image-preview:large, max-video-preview:-1\" \/>\n<link rel=\"canonical\" href=\"https:\/\/operacinesistema.lt\/tr\/duk\/\" \/>\n<meta property=\"og:locale\" content=\"tr_TR\" \/>\n<meta property=\"og:type\" content=\"article\" \/>\n<meta property=\"og:title\" content=\"DUK - operacinesistema.lt\" \/>\n<meta property=\"og:description\" content=\"Da\u017eniausiai u\u017eduodami klausimai apie operacines sistemas. Originalios operacin\u0117s u\u017e ger\u0105 kain\u0105 - operacinesistema.lt\" \/>\n<meta property=\"og:url\" content=\"https:\/\/operacinesistema.lt\/tr\/duk\/\" \/>\n<meta property=\"og:site_name\" content=\"operacinesistema.lt\" \/>\n<meta property=\"article:modified_time\" content=\"2025-11-10T13:00:01+00:00\" \/>\n<meta name=\"twitter:card\" content=\"summary_large_image\" \/>\n<meta name=\"twitter:label1\" content=\"Tahmini okuma s\u00fcresi\" \/>\n\t<meta name=\"twitter:data1\" content=\"3 dakika\" \/>\n<script type=\"application\/ld+json\" class=\"yoast-schema-graph\">{\"@context\":\"https:\\\/\\\/schema.org\",\"@graph\":[{\"@type\":\"WebPage\",\"@id\":\"https:\\\/\\\/operacinesistema.lt\\\/duk\\\/\",\"url\":\"https:\\\/\\\/operacinesistema.lt\\\/duk\\\/\",\"name\":\"DUK - operacinesistema.lt\",\"isPartOf\":{\"@id\":\"https:\\\/\\\/operacinesistema.lt\\\/#website\"},\"datePublished\":\"2024-11-19T11:15:00+00:00\",\"dateModified\":\"2025-11-10T13:00:01+00:00\",\"description\":\"Da\u017eniausiai u\u017eduodami klausimai apie operacines sistemas. Originalios operacin\u0117s u\u017e ger\u0105 kain\u0105 - operacinesistema.lt\",\"breadcrumb\":{\"@id\":\"https:\\\/\\\/operacinesistema.lt\\\/duk\\\/#breadcrumb\"},\"inLanguage\":\"tr\",\"potentialAction\":[{\"@type\":\"ReadAction\",\"target\":[\"https:\\\/\\\/operacinesistema.lt\\\/duk\\\/\"]}]},{\"@type\":\"BreadcrumbList\",\"@id\":\"https:\\\/\\\/operacinesistema.lt\\\/duk\\\/#breadcrumb\",\"itemListElement\":[{\"@type\":\"ListItem\",\"position\":1,\"name\":\"Home\",\"item\":\"https:\\\/\\\/operacinesistema.lt\\\/\"},{\"@type\":\"ListItem\",\"position\":2,\"name\":\"DUK\"}]},{\"@type\":\"WebSite\",\"@id\":\"https:\\\/\\\/operacinesistema.lt\\\/#website\",\"url\":\"https:\\\/\\\/operacinesistema.lt\\\/\",\"name\":\"operacinesistema.lt\",\"description\":\"Originali operacin\u0117 sistema\",\"potentialAction\":[{\"@type\":\"SearchAction\",\"target\":{\"@type\":\"EntryPoint\",\"urlTemplate\":\"https:\\\/\\\/operacinesistema.lt\\\/?s={search_term_string}\"},\"query-input\":{\"@type\":\"PropertyValueSpecification\",\"valueRequired\":true,\"valueName\":\"search_term_string\"}}],\"inLanguage\":\"tr\"}]}<\/script>\n<!-- \/ Yoast SEO plugin. -->","yoast_head_json":{"title":"SSS - operacinesistema.lt","description":"\u0130\u015fletim sistemleri hakk\u0131nda s\u0131k\u00e7a sorulan sorular. Uygun fiyata orijinal i\u015fletim sistemleri - operacinesistema.lt","robots":{"index":"index","follow":"follow","max-snippet":"max-snippet:-1","max-image-preview":"max-image-preview:large","max-video-preview":"max-video-preview:-1"},"canonical":"https:\/\/operacinesistema.lt\/tr\/duk\/","og_locale":"tr_TR","og_type":"article","og_title":"DUK - operacinesistema.lt","og_description":"Da\u017eniausiai u\u017eduodami klausimai apie operacines sistemas. Originalios operacin\u0117s u\u017e ger\u0105 kain\u0105 - operacinesistema.lt","og_url":"https:\/\/operacinesistema.lt\/tr\/duk\/","og_site_name":"operacinesistema.lt","article_modified_time":"2025-11-10T13:00:01+00:00","twitter_card":"summary_large_image","twitter_misc":{"Tahmini okuma s\u00fcresi":"3 dakika"},"schema":{"@context":"https:\/\/schema.org","@graph":[{"@type":"WebPage","@id":"https:\/\/operacinesistema.lt\/duk\/","url":"https:\/\/operacinesistema.lt\/duk\/","name":"SSS - operacinesistema.lt","isPartOf":{"@id":"https:\/\/operacinesistema.lt\/#website"},"datePublished":"2024-11-19T11:15:00+00:00","dateModified":"2025-11-10T13:00:01+00:00","description":"\u0130\u015fletim sistemleri hakk\u0131nda s\u0131k\u00e7a sorulan sorular. Uygun fiyata orijinal i\u015fletim sistemleri - operacinesistema.lt","breadcrumb":{"@id":"https:\/\/operacinesistema.lt\/duk\/#breadcrumb"},"inLanguage":"tr","potentialAction":[{"@type":"ReadAction","target":["https:\/\/operacinesistema.lt\/duk\/"]}]},{"@type":"BreadcrumbList","@id":"https:\/\/operacinesistema.lt\/duk\/#breadcrumb","itemListElement":[{"@type":"ListItem","position":1,"name":"Home","item":"https:\/\/operacinesistema.lt\/"},{"@type":"ListItem","position":2,"name":"DUK"}]},{"@type":"WebSite","@id":"https:\/\/operacinesistema.lt\/#website","url":"https:\/\/operacinesistema.lt\/","name":"operacinesistema.lt","description":"Orijinal i\u015fletim sistemi","potentialAction":[{"@type":"SearchAction","target":{"@type":"EntryPoint","urlTemplate":"https:\/\/operacinesistema.lt\/?s={search_term_string}"},"query-input":{"@type":"PropertyValueSpecification","valueRequired":true,"valueName":"search_term_string"}}],"inLanguage":"tr"}]}},"_links":{"self":[{"href":"https:\/\/operacinesistema.lt\/tr\/wp-json\/wp\/v2\/pages\/4404","targetHints":{"allow":["GET"]}}],"collection":[{"href":"https:\/\/operacinesistema.lt\/tr\/wp-json\/wp\/v2\/pages"}],"about":[{"href":"https:\/\/operacinesistema.lt\/tr\/wp-json\/wp\/v2\/types\/page"}],"author":[{"embeddable":true,"href":"https:\/\/operacinesistema.lt\/tr\/wp-json\/wp\/v2\/users\/1"}],"replies":[{"embeddable":true,"href":"https:\/\/operacinesistema.lt\/tr\/wp-json\/wp\/v2\/comments?post=4404"}],"version-history":[{"count":14,"href":"https:\/\/operacinesistema.lt\/tr\/wp-json\/wp\/v2\/pages\/4404\/revisions"}],"predecessor-version":[{"id":4869,"href":"https:\/\/operacinesistema.lt\/tr\/wp-json\/wp\/v2\/pages\/4404\/revisions\/4869"}],"wp:attachment":[{"href":"https:\/\/operacinesistema.lt\/tr\/wp-json\/wp\/v2\/media?parent=4404"}],"curies":[{"name":"wp","href":"https:\/\/api.w.org\/{rel}","templated":true}]}}