{"id":4334,"date":"2024-11-18T19:51:52","date_gmt":"2024-11-18T19:51:52","guid":{"rendered":"https:\/\/operacinesistema.lt\/?post_type=product&#038;p=4334"},"modified":"2026-05-01T07:15:26","modified_gmt":"2026-05-01T07:15:26","slug":"windows-11-pro-64-bitars-usb","status":"publish","type":"product","link":"https:\/\/operacinesistema.lt\/sv\/produkt\/windows-11-pro-64-bitars-usb\/","title":{"rendered":"Windows 11 Pro 64-bitars USB"},"content":{"rendered":"<p><strong>Microsoft Windows 11 Pro 64-bitars USB<\/strong> (internationell version) \u00e4r ett banbrytande operativsystem som \u00e4r utformat f\u00f6r att inte bara ge h\u00f6g prestanda utan ocks\u00e5 en modern anv\u00e4ndarupplevelse. Den h\u00e4r versionen \u00e4r utformad f\u00f6r b\u00e5de professionella anv\u00e4ndare och f\u00f6retagsanv\u00e4ndare som vill dra nytta av all den senaste tekniken f\u00f6r effektivitet, s\u00e4kerhet och bekv\u00e4mlighet. USB-nyckeln som ing\u00e5r i paketet s\u00e4kerst\u00e4ller en snabb och enkel installationsprocess, oavsett enhetens tillst\u00e5nd.<\/p>\n<h3>Viktiga egenskaper:<\/h3>\n<p>1. <strong>Modern design och anv\u00e4ndarv\u00e4nligt anv\u00e4ndargr\u00e4nssnitt - uppdatering<\/strong><br \/>\nWindows 11 Pro har ett modernt och elegant anv\u00e4ndargr\u00e4nssnitt som inte bara ser attraktivt ut utan ocks\u00e5 \u00e4r l\u00e4tt att f\u00f6rst\u00e5. Med nya animationer, centrerade menyer och f\u00f6rb\u00e4ttrade verktyg f\u00f6r f\u00f6nsterhantering ger det en trevlig och effektiv upplevelse.<\/p>\n<p>2. <strong>F\u00f6rb\u00e4ttrad produktivitet<\/strong><br \/>\nWindows 11 Pro optimerar systemresurserna f\u00f6r b\u00e4ttre prestanda och snabbare drift. Tack vare f\u00f6rb\u00e4ttrad minneshantering och CPU-resursallokering g\u00e5r systemet snabbare och stabilare, \u00e4ven med st\u00f6rre uppgifter.<\/p>\n<p>3. <strong>S\u00e4kerhet<\/strong><br \/>\nDetta \u00e4r en av de viktigaste funktionerna i Windows 11 Pro. Systemet inneh\u00e5ller avancerade s\u00e4kerhetsverktyg som Windows Hello (biometrisk autentisering), BitLocker (diskkryptering), Secure Boot och TPM 2.0-st\u00f6d. Detta s\u00e4kerst\u00e4ller att dina data \u00e4r s\u00e4kra fr\u00e5n obeh\u00f6rig \u00e5tkomst och cyberhot.<\/p>\n<p>4. <strong>Virtualisering och f\u00f6retagsfunktioner<\/strong><br \/>\nWindows 11 Pro \u00e4r ocks\u00e5 avsett f\u00f6r professionella anv\u00e4ndare och f\u00f6retag. Det st\u00f6der funktioner som Hyper-V-virtualisering, fj\u00e4rrskrivbord, grupprinciphantering och Windows Update for Business f\u00f6r att hantera och administrera stora flottor av enheter.<\/p>\n<p>5. <strong>Installation via USB-nyckel<\/strong><br \/>\nDen medf\u00f6ljande USB-dongeln g\u00f6r det snabbt och enkelt att installera Windows 11 Pro genom att helt enkelt s\u00e4tta in den i en USB-port. Detta \u00e4r s\u00e4rskilt anv\u00e4ndbart n\u00e4r du beh\u00f6ver utf\u00f6ra en ren installation eller uppgradera ett befintligt operativsystem.<\/p>\n<p>6. <strong>Internationell version<\/strong><br \/>\nDen h\u00e4r internationella versionen av Windows 11 Pro g\u00f6r det enkelt att v\u00e4lja spr\u00e5k och region, s\u00e5 att du kan anv\u00e4nda den var som helst i v\u00e4rlden. Detta s\u00e4kerst\u00e4ller full kompatibilitet med din enhet och olika regionala inst\u00e4llningar.<\/p>\n<p>7. <strong>Senaste uppdateringar och support<\/strong><br \/>\nWindows 11 Pro s\u00e4kerst\u00e4ller att ditt system alltid \u00e4r uppdaterat med de senaste funktionerna och s\u00e4kerhetsuppdateringarna, s\u00e5 att du kan vara s\u00e4ker p\u00e5 att din dator alltid \u00e4r redo att arbeta s\u00e4kert och effektivt.<\/p>\n<h3>Tekniska egenskaper:<\/h3>\n<ul>\n<li>Operativsystem:Microsoft Windows 11 Pro 64-bitars<\/li>\n<li>Spr\u00e5k som st\u00f6ds: internationellt (du kan v\u00e4lja \u00f6nskat spr\u00e5k och region)<\/li>\n<li>Ett system beh\u00f6vs:\n<ul>\n<li>Processor: 1 GHz eller snabbare med 2 eller fler k\u00e4rnor, 64-bitars kompatibel<\/li>\n<li>Minne: 4 GB RAM eller mer<\/li>\n<li>Lagring: 64 GB eller mer<\/li>\n<li>Grafikkort: DirectX 12 eller h\u00f6gre, WDDM 2.0-drivrutin<\/li>\n<li>Sk\u00e4rm: 720p eller h\u00f6gre<\/li>\n<\/ul>\n<\/li>\n<li>Enhetstyp: persondatorer, b\u00e4rbara datorer<\/li>\n<li>F\u00f6rpackning: USB-installationsnyckel<\/li>\n<\/ul>\n<p><strong>Microsoft Windows 11 Pro 64-bitars USB<\/strong>\u00a0\u00e4r det perfekta valet f\u00f6r b\u00e5de privatpersoner och f\u00f6retag som vill dra nytta av alla de senaste tekniska framstegen. Med den h\u00e4r produkten f\u00e5r du ett p\u00e5litligt, s\u00e4kert och h\u00f6gpresterande operativsystem, med USB-nyckelinstallation f\u00f6r en snabb och enkel start. L\u00e4mplig f\u00f6r b\u00e5de professionella anv\u00e4ndare och f\u00f6retag som vill dra nytta av kraftfulla s\u00e4kerhets- och virtualiseringsverktyg.<\/p>","protected":false},"excerpt":{"rendered":"<ul style=\"list-style: none; padding: 0; margin: 0;\">\n<li style=\"display: flex; align-items: center; gap: 8px; font-family: 'Jost', sans-serif; font-size: 14px; font-weight: 400; color: #ffffff; line-height: 1.2; margin-bottom: 8px;\"><img decoding=\"async\" style=\"display: block; flex-shrink: 0;\" src=\"https:\/\/operacinesistema.lt\/wp-content\/uploads\/2026\/03\/Official-product-3.png\" alt=\"\" width=\"25\" height=\"25\" \/>\n<div>Officiell Microsoft-produkt<\/div>\n<\/li>\n<li style=\"display: flex; align-items: center; gap: 8px; font-family: 'Jost', sans-serif; font-size: 14px; font-weight: 400; color: #ffffff; line-height: 1.2; margin-bottom: 8px;\"><img decoding=\"async\" style=\"display: block; flex-shrink: 0;\" src=\"https:\/\/operacinesistema.lt\/wp-content\/uploads\/2026\/03\/Multilingual-1.png\" alt=\"\" width=\"25\" height=\"25\" \/>\n<div>Val av alla spr\u00e5k<\/div>\n<\/li>\n<li style=\"display: flex; align-items: center; gap: 8px; font-family: 'Jost', sans-serif; font-size: 14px; font-weight: 400; color: #ffffff; line-height: 1.2; margin-bottom: 8px;\"><img decoding=\"async\" style=\"display: block; flex-shrink: 0;\" src=\"https:\/\/operacinesistema.lt\/wp-content\/uploads\/2026\/03\/USB.png\" alt=\"\" width=\"25\" height=\"25\" \/>\n<div>USB-minne + licens<\/div>\n<\/li>\n<li style=\"display: flex; align-items: center; gap: 8px; font-family: 'Jost', sans-serif; font-size: 14px; font-weight: 400; color: #ffffff; line-height: 1.2;\"><img loading=\"lazy\" decoding=\"async\" style=\"display: block; flex-shrink: 0;\" src=\"https:\/\/operacinesistema.lt\/wp-content\/uploads\/2026\/03\/delivery.png\" alt=\"\" width=\"25\" height=\"25\" \/>\n<div>Leverans inom 2-3 dagar.<\/div>\n<\/li>\n<\/ul>","protected":false},"featured_media":6017,"template":"","meta":[],"product_brand":[],"product_cat":[149,125],"product_tag":[],"class_list":{"0":"post-4334","1":"product","2":"type-product","3":"status-publish","4":"has-post-thumbnail","6":"product_cat-windows-11-pro","7":"product_cat-windows","9":"first","10":"instock","11":"sale","12":"featured","13":"shipping-taxable","14":"purchasable","15":"product-type-simple"},"yoast_head":"<!-- This site is optimized with the Yoast SEO plugin v27.5 - https:\/\/yoast.com\/product\/yoast-seo-wordpress\/ -->\n<title>Windows 11 Pro 64-Bit USB - operacinesistema.lt<\/title>\n<meta name=\"description\" content=\"\u012esigykite originali\u0105 Windows 11 Pro USB operacin\u0119 sistem\u0105 u\u017e puiki\u0105 kain\u0105! Greitas aktyvavimas, patikima licencija ir visi profesional\u016bs \u012frankiai.\" \/>\n<meta name=\"robots\" content=\"index, follow, max-snippet:-1, max-image-preview:large, max-video-preview:-1\" \/>\n<link rel=\"canonical\" href=\"https:\/\/operacinesistema.lt\/sv\/produkt\/windows-11-pro-64-bitars-usb\/\" \/>\n<meta property=\"og:locale\" content=\"sv_SE\" \/>\n<meta property=\"og:type\" content=\"article\" \/>\n<meta property=\"og:title\" content=\"Windows 11 Pro 64-Bit USB - operacinesistema.lt\" \/>\n<meta property=\"og:description\" content=\"\u012esigykite originali\u0105 Windows 11 Pro USB operacin\u0119 sistem\u0105 u\u017e puiki\u0105 kain\u0105! Greitas aktyvavimas, patikima licencija ir visi profesional\u016bs \u012frankiai.\" \/>\n<meta property=\"og:url\" content=\"https:\/\/operacinesistema.lt\/sv\/produkt\/windows-11-pro-64-bitars-usb\/\" \/>\n<meta property=\"og:site_name\" content=\"operacinesistema.lt\" \/>\n<meta property=\"article:modified_time\" content=\"2026-05-01T07:15:26+00:00\" \/>\n<meta property=\"og:image\" content=\"https:\/\/operacinesistema.lt\/wp-content\/uploads\/2024\/11\/Windows-11-Pro-USB-1.png\" \/>\n\t<meta property=\"og:image:width\" content=\"1000\" \/>\n\t<meta property=\"og:image:height\" content=\"1000\" \/>\n\t<meta property=\"og:image:type\" content=\"image\/png\" \/>\n<meta name=\"twitter:card\" content=\"summary_large_image\" \/>\n<meta name=\"twitter:label1\" content=\"Ber\u00e4knad l\u00e4stid\" \/>\n\t<meta name=\"twitter:data1\" content=\"3 minuter\" \/>\n<script type=\"application\/ld+json\" class=\"yoast-schema-graph\">{\"@context\":\"https:\\\/\\\/schema.org\",\"@graph\":[{\"@type\":\"WebPage\",\"@id\":\"https:\\\/\\\/operacinesistema.lt\\\/product\\\/windows-11-pro-64-bit-usb\\\/\",\"url\":\"https:\\\/\\\/operacinesistema.lt\\\/product\\\/windows-11-pro-64-bit-usb\\\/\",\"name\":\"Windows 11 Pro 64-Bit USB - operacinesistema.lt\",\"isPartOf\":{\"@id\":\"https:\\\/\\\/operacinesistema.lt\\\/#website\"},\"primaryImageOfPage\":{\"@id\":\"https:\\\/\\\/operacinesistema.lt\\\/product\\\/windows-11-pro-64-bit-usb\\\/#primaryimage\"},\"image\":{\"@id\":\"https:\\\/\\\/operacinesistema.lt\\\/product\\\/windows-11-pro-64-bit-usb\\\/#primaryimage\"},\"thumbnailUrl\":\"https:\\\/\\\/operacinesistema.lt\\\/wp-content\\\/uploads\\\/2024\\\/11\\\/Windows-11-Pro-USB-1.png\",\"datePublished\":\"2024-11-18T19:51:52+00:00\",\"dateModified\":\"2026-05-01T07:15:26+00:00\",\"description\":\"\u012esigykite originali\u0105 Windows 11 Pro USB operacin\u0119 sistem\u0105 u\u017e puiki\u0105 kain\u0105! Greitas aktyvavimas, patikima licencija ir visi profesional\u016bs \u012frankiai.\",\"breadcrumb\":{\"@id\":\"https:\\\/\\\/operacinesistema.lt\\\/product\\\/windows-11-pro-64-bit-usb\\\/#breadcrumb\"},\"inLanguage\":\"sv-SE\",\"potentialAction\":[{\"@type\":\"ReadAction\",\"target\":[\"https:\\\/\\\/operacinesistema.lt\\\/product\\\/windows-11-pro-64-bit-usb\\\/\"]}]},{\"@type\":\"ImageObject\",\"inLanguage\":\"sv-SE\",\"@id\":\"https:\\\/\\\/operacinesistema.lt\\\/product\\\/windows-11-pro-64-bit-usb\\\/#primaryimage\",\"url\":\"https:\\\/\\\/operacinesistema.lt\\\/wp-content\\\/uploads\\\/2024\\\/11\\\/Windows-11-Pro-USB-1.png\",\"contentUrl\":\"https:\\\/\\\/operacinesistema.lt\\\/wp-content\\\/uploads\\\/2024\\\/11\\\/Windows-11-Pro-USB-1.png\",\"width\":1000,\"height\":1000,\"caption\":\"Windows 11 Pro USB\"},{\"@type\":\"BreadcrumbList\",\"@id\":\"https:\\\/\\\/operacinesistema.lt\\\/product\\\/windows-11-pro-64-bit-usb\\\/#breadcrumb\",\"itemListElement\":[{\"@type\":\"ListItem\",\"position\":1,\"name\":\"Home\",\"item\":\"https:\\\/\\\/operacinesistema.lt\\\/\"},{\"@type\":\"ListItem\",\"position\":2,\"name\":\"Parduotuv\u0117\",\"item\":\"https:\\\/\\\/operacinesistema.lt\\\/parduotuve\\\/\"},{\"@type\":\"ListItem\",\"position\":3,\"name\":\"Windows 11 Pro 64-Bit USB\"}]},{\"@type\":\"WebSite\",\"@id\":\"https:\\\/\\\/operacinesistema.lt\\\/#website\",\"url\":\"https:\\\/\\\/operacinesistema.lt\\\/\",\"name\":\"operacinesistema.lt\",\"description\":\"\u012esigykite Windows 11 Pro u\u017e geriausi\u0105 kain\u0105\",\"potentialAction\":[{\"@type\":\"SearchAction\",\"target\":{\"@type\":\"EntryPoint\",\"urlTemplate\":\"https:\\\/\\\/operacinesistema.lt\\\/?s={search_term_string}\"},\"query-input\":{\"@type\":\"PropertyValueSpecification\",\"valueRequired\":true,\"valueName\":\"search_term_string\"}}],\"inLanguage\":\"sv-SE\"}]}<\/script>\n<!-- \/ Yoast SEO plugin. -->","yoast_head_json":{"title":"Windows 11 Pro 64-bitars USB - operacinesistema.lt","description":"Skaffa originaloperativsystemet Windows 11 Pro USB till ett bra pris! Snabb aktivering, en p\u00e5litlig licens och alla professionella verktyg.","robots":{"index":"index","follow":"follow","max-snippet":"max-snippet:-1","max-image-preview":"max-image-preview:large","max-video-preview":"max-video-preview:-1"},"canonical":"https:\/\/operacinesistema.lt\/sv\/produkt\/windows-11-pro-64-bitars-usb\/","og_locale":"sv_SE","og_type":"article","og_title":"Windows 11 Pro 64-Bit USB - operacinesistema.lt","og_description":"\u012esigykite originali\u0105 Windows 11 Pro USB operacin\u0119 sistem\u0105 u\u017e puiki\u0105 kain\u0105! Greitas aktyvavimas, patikima licencija ir visi profesional\u016bs \u012frankiai.","og_url":"https:\/\/operacinesistema.lt\/sv\/produkt\/windows-11-pro-64-bitars-usb\/","og_site_name":"operacinesistema.lt","article_modified_time":"2026-05-01T07:15:26+00:00","og_image":[{"width":1000,"height":1000,"url":"https:\/\/operacinesistema.lt\/wp-content\/uploads\/2024\/11\/Windows-11-Pro-USB-1.png","type":"image\/png"}],"twitter_card":"summary_large_image","twitter_misc":{"Ber\u00e4knad l\u00e4stid":"3 minuter"},"schema":{"@context":"https:\/\/schema.org","@graph":[{"@type":"WebPage","@id":"https:\/\/operacinesistema.lt\/product\/windows-11-pro-64-bit-usb\/","url":"https:\/\/operacinesistema.lt\/product\/windows-11-pro-64-bit-usb\/","name":"Windows 11 Pro 64-bitars USB - operacinesistema.lt","isPartOf":{"@id":"https:\/\/operacinesistema.lt\/#website"},"primaryImageOfPage":{"@id":"https:\/\/operacinesistema.lt\/product\/windows-11-pro-64-bit-usb\/#primaryimage"},"image":{"@id":"https:\/\/operacinesistema.lt\/product\/windows-11-pro-64-bit-usb\/#primaryimage"},"thumbnailUrl":"https:\/\/operacinesistema.lt\/wp-content\/uploads\/2024\/11\/Windows-11-Pro-USB-1.png","datePublished":"2024-11-18T19:51:52+00:00","dateModified":"2026-05-01T07:15:26+00:00","description":"Skaffa originaloperativsystemet Windows 11 Pro USB till ett bra pris! Snabb aktivering, en p\u00e5litlig licens och alla professionella verktyg.","breadcrumb":{"@id":"https:\/\/operacinesistema.lt\/product\/windows-11-pro-64-bit-usb\/#breadcrumb"},"inLanguage":"sv-SE","potentialAction":[{"@type":"ReadAction","target":["https:\/\/operacinesistema.lt\/product\/windows-11-pro-64-bit-usb\/"]}]},{"@type":"ImageObject","inLanguage":"sv-SE","@id":"https:\/\/operacinesistema.lt\/product\/windows-11-pro-64-bit-usb\/#primaryimage","url":"https:\/\/operacinesistema.lt\/wp-content\/uploads\/2024\/11\/Windows-11-Pro-USB-1.png","contentUrl":"https:\/\/operacinesistema.lt\/wp-content\/uploads\/2024\/11\/Windows-11-Pro-USB-1.png","width":1000,"height":1000,"caption":"Windows 11 Pro USB"},{"@type":"BreadcrumbList","@id":"https:\/\/operacinesistema.lt\/product\/windows-11-pro-64-bit-usb\/#breadcrumb","itemListElement":[{"@type":"ListItem","position":1,"name":"Home","item":"https:\/\/operacinesistema.lt\/"},{"@type":"ListItem","position":2,"name":"Parduotuv\u0117","item":"https:\/\/operacinesistema.lt\/parduotuve\/"},{"@type":"ListItem","position":3,"name":"Windows 11 Pro 64-Bit USB"}]},{"@type":"WebSite","@id":"https:\/\/operacinesistema.lt\/#website","url":"https:\/\/operacinesistema.lt\/","name":"operacinesistema.lt","description":"F\u00e5 Windows 11 Pro till b\u00e4sta pris","potentialAction":[{"@type":"SearchAction","target":{"@type":"EntryPoint","urlTemplate":"https:\/\/operacinesistema.lt\/?s={search_term_string}"},"query-input":{"@type":"PropertyValueSpecification","valueRequired":true,"valueName":"search_term_string"}}],"inLanguage":"sv-SE"}]}},"_links":{"self":[{"href":"https:\/\/operacinesistema.lt\/sv\/wp-json\/wp\/v2\/product\/4334","targetHints":{"allow":["GET"]}}],"collection":[{"href":"https:\/\/operacinesistema.lt\/sv\/wp-json\/wp\/v2\/product"}],"about":[{"href":"https:\/\/operacinesistema.lt\/sv\/wp-json\/wp\/v2\/types\/product"}],"version-history":[{"count":1,"href":"https:\/\/operacinesistema.lt\/sv\/wp-json\/wp\/v2\/product\/4334\/revisions"}],"predecessor-version":[{"id":6584,"href":"https:\/\/operacinesistema.lt\/sv\/wp-json\/wp\/v2\/product\/4334\/revisions\/6584"}],"wp:featuredmedia":[{"embeddable":true,"href":"https:\/\/operacinesistema.lt\/sv\/wp-json\/wp\/v2\/media\/6017"}],"wp:attachment":[{"href":"https:\/\/operacinesistema.lt\/sv\/wp-json\/wp\/v2\/media?parent=4334"}],"wp:term":[{"taxonomy":"product_brand","embeddable":true,"href":"https:\/\/operacinesistema.lt\/sv\/wp-json\/wp\/v2\/product_brand?post=4334"},{"taxonomy":"product_cat","embeddable":true,"href":"https:\/\/operacinesistema.lt\/sv\/wp-json\/wp\/v2\/product_cat?post=4334"},{"taxonomy":"product_tag","embeddable":true,"href":"https:\/\/operacinesistema.lt\/sv\/wp-json\/wp\/v2\/product_tag?post=4334"}],"curies":[{"name":"wp","href":"https:\/\/api.w.org\/{rel}","templated":true}]}}