{"id":4396,"date":"2024-11-19T09:33:47","date_gmt":"2024-11-19T09:33:47","guid":{"rendered":"https:\/\/operacinesistema.lt\/?page_id=4396"},"modified":"2024-11-19T09:33:47","modified_gmt":"2024-11-19T09:33:47","slug":"aterbetalningspolicy","status":"publish","type":"page","link":"https:\/\/operacinesistema.lt\/sv\/aterbetalningspolicy\/","title":{"rendered":"Policy f\u00f6r returer"},"content":{"rendered":"<p>Senast uppdaterad: 2024-11-19&nbsp;<\/p>\n\n\n\n<p>sera International, MB f\u00f6rbinder sig att f\u00f6lja Republiken Litauens lagar, som s\u00e4kerst\u00e4ller k\u00f6parens r\u00e4ttigheter. Denna policy beskriver villkoren f\u00f6r returer, byten och kundservice f\u00f6r produkter som k\u00f6pts p\u00e5 v\u00e5r webbplats <a href=\"https:\/\/operacinesistema.lt\/sv\/\">https:\/\/operacinesistema.lt\/<\/a>.\u00a0<\/p>\n\n\n\n<h3 class=\"wp-block-heading\">1. Villkor f\u00f6r \u00e5terl\u00e4mnande av varor<\/h3>\n\n\n\n<p>1.1. 14 dagars pengarna tillbaka-garanti:<\/p>\n\n\n\n<p>I enlighet med artikel 6.228(10) i Republiken Litauens civillagstiftning har k\u00f6paren r\u00e4tt att returnera de k\u00f6pta varorna inom 14 dagar efter mottagandet, utan att ange n\u00e5gon anledning.&nbsp;<\/p>\n\n\n\n<p>1.2 Status f\u00f6r varor<\/p>\n\n\n\n<ul class=\"wp-block-list\">\n<li>Returnerade varor m\u00e5ste vara:\u00a0<ul><li>Oanv\u00e4nd och oskadad<\/li><\/ul><ul><li>I den ursprungliga, oskadade f\u00f6rpackningen<\/li><\/ul>\n<ul class=\"wp-block-list\">\n<li>Med alla bilagor (om till\u00e4mpligt)<\/li>\n<\/ul>\n<\/li>\n<\/ul>\n\n\n\n<p>Om produkten har skadats eller anv\u00e4nts kan det h\u00e4nda att \u00e5terbetalningen inte accepteras eller att den minskas.&nbsp;<\/p>\n\n\n\n<p>1.3 Varor som inte kan \u00e5terl\u00e4mnas:<\/p>\n\n\n\n<ul class=\"wp-block-list\">\n<li>Programvara eller licenser som har aktiverats<\/li>\n\n\n\n<li>Personligt anpassade varor<\/li>\n<\/ul>\n\n\n\n<p>1.4. Kostnader f\u00f6r \u00e5terl\u00e4mnande:<\/p>\n\n\n\n<p>K\u00f6paren \u00e4r ansvarig f\u00f6r kostnaden f\u00f6r att returnera varorna, s\u00e5vida inte varorna var av d\u00e5lig kvalitet eller inte var de best\u00e4llda varorna.&nbsp;<\/p>\n\n\n\n<h3 class=\"wp-block-heading\">2. Ers\u00e4ttning av varor<\/h3>\n\n\n\n<p>2.1 Varor f\u00e5r endast bytas ut om varorna har mottagits felaktiga eller defekta.&nbsp;<\/p>\n\n\n\n<p>2.2 F\u00f6r byte g\u00e4ller samma villkor som f\u00f6r retur (se punkt 1.2).&nbsp;<\/p>\n\n\n\n<h3 class=\"wp-block-heading\">3. \u00c5terbetalningsprocess<\/h3>\n\n\n\n<p>3.1 F\u00f6lj dessa steg f\u00f6r att returnera eller byta en vara:&nbsp;<\/p>\n\n\n\n<p>Kontakta oss via e-post <a href=\"mailto:help@operacinesistema.lt\">help@operacinesistema.lt<\/a> och l\u00e4mna f\u00f6ljande information:\u00a0<\/p>\n\n\n\n<ul class=\"wp-block-list\">\n<li>Best\u00e4llningsnummer<\/li>\n\n\n\n<li>Produktens namn och anledningen till returen eller bytet<\/li>\n\n\n\n<li>Om produkten \u00e4r felaktig, v\u00e4nligen bifoga foton<\/li>\n<\/ul>\n\n\n\n<p>3.2 N\u00e4r vi har mottagit din beg\u00e4ran kommer vi att f\u00f6rse dig med detaljerade returinstruktioner, inklusive uppgifter om leveransadress.&nbsp;<\/p>\n\n\n\n<p>3.3. Returnera via valfritt postkontor och spara leveranskvittot som bevis p\u00e5 att du har returnerat varan.&nbsp;<\/p>\n\n\n\n<h3 class=\"wp-block-heading\">4. \u00c5terbetalning av pengar<\/h3>\n\n\n\n<p>4.1 \u00c5terbetalning sker inom 14 dagar efter mottagande och kontroll av varan.&nbsp;<\/p>\n\n\n\n<p>4.2 Pengarna ska krediteras samma konto som betalningen gjordes fr\u00e5n.&nbsp;<\/p>\n\n\n\n<p>4.3 Om portofri leverans har valts \u00e5terbetalas inte leveranspriset (utom n\u00e4r det g\u00e4ller varor av l\u00e5g kvalitet).&nbsp;<\/p>\n\n\n\n<h3 class=\"wp-block-heading\">5. Garantier och defekta varor<\/h3>\n\n\n\n<p>5.1 Om varorna \u00e4r defekta ska garantiservicen till\u00e4mpas i enlighet med kraven i Litauens civillagstiftning.&nbsp;<\/p>\n\n\n\n<p>5.2 Du kan returnera den defekta produkten eller beg\u00e4ra en ers\u00e4ttning.&nbsp;<\/p>\n\n\n\n<p>5.3. Kontakta oss via e-post <a href=\"mailto:help@operacinesistema.lt\">help@operacinesistema.lt<\/a>, l\u00e4mna fullst\u00e4ndiga uppgifter om felet, inklusive fotografier.\u00a0<\/p>\n\n\n\n<h3 class=\"wp-block-heading\">6. Kontakt<\/h3>\n\n\n\n<p>Om du har n\u00e5gra fr\u00e5gor om \u00e5terbetalning eller garanti:&nbsp;<\/p>\n\n\n\n<p>E-post: <a href=\"mailto:help@operacinesistema.lt\">help@operacinesistema.lt<\/a><\/p>\n\n\n\n<p>Telefon: +370 601 66511&nbsp;<\/p>\n\n\n\n<p>sera International, MB f\u00f6rbeh\u00e5ller sig r\u00e4tten att n\u00e4r som helst uppdatera denna policy. Uppdateringar kommer att publiceras p\u00e5 v\u00e5r webbplats.<\/p>","protected":false},"excerpt":{"rendered":"<p>Paskutin\u012f kart\u0105 atnaujinta: 2024-11-19&nbsp; SERA International, MB \u012fsipareigoja laikytis Lietuvos Respublikos \u012fstatym\u0173, u\u017etikrinan\u010di\u0173 pirk\u0117j\u0173 teises. \u0160ioje politikoje apra\u0161omos preki\u0173 gr\u0105\u017einimo, keitimo ir garantinio aptarnavimo s\u0105lygos, taikomos perkant produktus m\u016bs\u0173 svetain\u0117je https:\/\/operacinesistema.lt\/.\u00a0 1. Preki\u0173 gr\u0105\u017einimo s\u0105lygos 1.1. 14 dien\u0173 pinig\u0173 gr\u0105\u017einimo garantija: Vadovaujantis Lietuvos Respublikos civilinio kodekso 6.228(10) straipsniu, pirk\u0117jas turi teis\u0119 gr\u0105\u017einti \u012fsigyt\u0105 prek\u0119 per 14 dien\u0173 nuo jos gavimo, nenurodydamas prie\u017easties.&nbsp; 1.2. Preki\u0173 b\u016bkl\u0117 Jei prek\u0117 buvo sugadinta ar naudota, gr\u0105\u017einimas gali b\u016bti nepriimtas arba gali b\u016bti suma\u017einta gr\u0105\u017einama suma.&nbsp; 1.3. Preki\u0173, kuri\u0173 gr\u0105\u017einti negalima: 1.4. Gr\u0105\u017einimo i\u0161laidos: Pirk\u0117jas atsakingas u\u017e preki\u0173 gr\u0105\u017einimo i\u0161laidas, i\u0161skyrus atvejus, kai prek\u0117 buvo nekokybi\u0161ka arba gauta ne ta, kuri buvo u\u017esakyta.&nbsp; 2. Preki\u0173 keitimas 2.1. Prek\u0117s gali b\u016bti kei\u010diamos tik tuo atveju, jei buvo gauta netinkama arba brokuota prek\u0117.&nbsp; 2.2. Keitimui taikomos tos pa\u010dios s\u0105lygos, kaip ir gr\u0105\u017einimui (\u017er. 1.2 punkt\u0105).&nbsp; 3. Gr\u0105\u017einimo procesas 3.1. Nor\u0117dami gr\u0105\u017einti ar pakeisti prek\u0119, atlikite \u0161iuos veiksmus:&nbsp; Susisiekite su mumis el. pa\u0161tu help@operacinesistema.lt ir pateikite \u0161i\u0105 informacij\u0105:\u00a0 3.2. Gav\u0119 j\u016bs\u0173 u\u017eklaus\u0105, suteiksime i\u0161samias gr\u0105\u017einimo instrukcijas, \u012fskaitant informacij\u0105 apie siuntimo adres\u0105.&nbsp; 3.3. Gr\u0105\u017einim\u0105 atlikite per pasirinkt\u0105 pa\u0161tomat\u0105, i\u0161saugokite siuntimo kvit\u0105 kaip gr\u0105\u017einimo \u012frodym\u0105.&nbsp; 4. Pinig\u0173 gr\u0105\u017einimas 4.1. Pinigai gr\u0105\u017einami per 14 dien\u0173 nuo prek\u0117s gavimo ir patikrinimo.&nbsp; 4.2. Pinigai pervedami \u012f t\u0105 pa\u010di\u0105 s\u0105skait\u0105, i\u0161 kurios buvo atliktas mok\u0117jimas.&nbsp; 4.3. Jei buvo pasirinktas pristatymas mokamu pa\u0161tomatu, pristatymo kaina negr\u0105\u017einama (i\u0161skyrus nekokybi\u0161k\u0173 preki\u0173 atvejus).&nbsp; 5. Garantijos ir brokuotos prek\u0117s 5.1. Jei prek\u0117 yra brokuota, garantinis aptarnavimas taikomas pagal Lietuvos Respublikos civilinio kodekso reikalavimus.&nbsp; 5.2. Brokuot\u0105 prek\u0119 galite gr\u0105\u017einti arba pra\u0161yti jos pakeitimo.&nbsp; 5.3. Susisiekite su mumis el. pa\u0161tu help@operacinesistema.lt, pateikdami vis\u0105 informacij\u0105 apie brok\u0105, \u012fskaitant nuotraukas.\u00a0 6. Kontaktai Jei turite klausim\u0173 d\u0117l gr\u0105\u017einimo ar garantijos:&nbsp; El. pa\u0161tas: help@operacinesistema.lt Telefonas: +370 601 66511&nbsp; SERA International, MB pasilieka teis\u0119 bet kuriuo metu atnaujinti \u0161i\u0105 politik\u0105. Atnaujinimai bus skelbiami m\u016bs\u0173 svetain\u0117je.<\/p>","protected":false},"author":1,"featured_media":0,"parent":0,"menu_order":0,"comment_status":"closed","ping_status":"closed","template":"","meta":{"footnotes":""},"class_list":["post-4396","page","type-page","status-publish","hentry","post-no-thumbnail"],"yoast_head":"<!-- This site is optimized with the Yoast SEO plugin v27.4 - https:\/\/yoast.com\/product\/yoast-seo-wordpress\/ -->\n<title>Gr\u0105\u017einimo politika - operacinesistema.lt<\/title>\n<meta name=\"robots\" content=\"index, follow, max-snippet:-1, max-image-preview:large, max-video-preview:-1\" \/>\n<link rel=\"canonical\" href=\"https:\/\/operacinesistema.lt\/sv\/aterbetalningspolicy\/\" \/>\n<meta property=\"og:locale\" content=\"sv_SE\" \/>\n<meta property=\"og:type\" content=\"article\" \/>\n<meta property=\"og:title\" content=\"Gr\u0105\u017einimo politika - operacinesistema.lt\" \/>\n<meta property=\"og:description\" content=\"Paskutin\u012f kart\u0105 atnaujinta: 2024-11-19&nbsp; SERA International, MB \u012fsipareigoja laikytis Lietuvos Respublikos \u012fstatym\u0173, u\u017etikrinan\u010di\u0173 pirk\u0117j\u0173 teises. \u0160ioje politikoje apra\u0161omos preki\u0173 gr\u0105\u017einimo, keitimo ir garantinio aptarnavimo s\u0105lygos, taikomos perkant produktus m\u016bs\u0173 svetain\u0117je https:\/\/operacinesistema.lt\/.\u00a0 1. Preki\u0173 gr\u0105\u017einimo s\u0105lygos 1.1. 14 dien\u0173 pinig\u0173 gr\u0105\u017einimo garantija: Vadovaujantis Lietuvos Respublikos civilinio kodekso 6.228(10) straipsniu, pirk\u0117jas turi teis\u0119 gr\u0105\u017einti \u012fsigyt\u0105 prek\u0119 per 14 dien\u0173 nuo jos gavimo, nenurodydamas prie\u017easties.&nbsp; 1.2. Preki\u0173 b\u016bkl\u0117 Jei prek\u0117 buvo sugadinta ar naudota, gr\u0105\u017einimas gali b\u016bti nepriimtas arba gali b\u016bti suma\u017einta gr\u0105\u017einama suma.&nbsp; 1.3. Preki\u0173, kuri\u0173 gr\u0105\u017einti negalima: 1.4. Gr\u0105\u017einimo i\u0161laidos: Pirk\u0117jas atsakingas u\u017e preki\u0173 gr\u0105\u017einimo i\u0161laidas, i\u0161skyrus atvejus, kai prek\u0117 buvo nekokybi\u0161ka arba gauta ne ta, kuri buvo u\u017esakyta.&nbsp; 2. Preki\u0173 keitimas 2.1. Prek\u0117s gali b\u016bti kei\u010diamos tik tuo atveju, jei buvo gauta netinkama arba brokuota prek\u0117.&nbsp; 2.2. Keitimui taikomos tos pa\u010dios s\u0105lygos, kaip ir gr\u0105\u017einimui (\u017er. 1.2 punkt\u0105).&nbsp; 3. Gr\u0105\u017einimo procesas 3.1. Nor\u0117dami gr\u0105\u017einti ar pakeisti prek\u0119, atlikite \u0161iuos veiksmus:&nbsp; Susisiekite su mumis el. pa\u0161tu help@operacinesistema.lt ir pateikite \u0161i\u0105 informacij\u0105:\u00a0 3.2. Gav\u0119 j\u016bs\u0173 u\u017eklaus\u0105, suteiksime i\u0161samias gr\u0105\u017einimo instrukcijas, \u012fskaitant informacij\u0105 apie siuntimo adres\u0105.&nbsp; 3.3. Gr\u0105\u017einim\u0105 atlikite per pasirinkt\u0105 pa\u0161tomat\u0105, i\u0161saugokite siuntimo kvit\u0105 kaip gr\u0105\u017einimo \u012frodym\u0105.&nbsp; 4. Pinig\u0173 gr\u0105\u017einimas 4.1. Pinigai gr\u0105\u017einami per 14 dien\u0173 nuo prek\u0117s gavimo ir patikrinimo.&nbsp; 4.2. Pinigai pervedami \u012f t\u0105 pa\u010di\u0105 s\u0105skait\u0105, i\u0161 kurios buvo atliktas mok\u0117jimas.&nbsp; 4.3. Jei buvo pasirinktas pristatymas mokamu pa\u0161tomatu, pristatymo kaina negr\u0105\u017einama (i\u0161skyrus nekokybi\u0161k\u0173 preki\u0173 atvejus).&nbsp; 5. Garantijos ir brokuotos prek\u0117s 5.1. Jei prek\u0117 yra brokuota, garantinis aptarnavimas taikomas pagal Lietuvos Respublikos civilinio kodekso reikalavimus.&nbsp; 5.2. Brokuot\u0105 prek\u0119 galite gr\u0105\u017einti arba pra\u0161yti jos pakeitimo.&nbsp; 5.3. Susisiekite su mumis el. pa\u0161tu help@operacinesistema.lt, pateikdami vis\u0105 informacij\u0105 apie brok\u0105, \u012fskaitant nuotraukas.\u00a0 6. Kontaktai Jei turite klausim\u0173 d\u0117l gr\u0105\u017einimo ar garantijos:&nbsp; El. pa\u0161tas: help@operacinesistema.lt Telefonas: +370 601 66511&nbsp; SERA International, MB pasilieka teis\u0119 bet kuriuo metu atnaujinti \u0161i\u0105 politik\u0105. Atnaujinimai bus skelbiami m\u016bs\u0173 svetain\u0117je.\" \/>\n<meta property=\"og:url\" content=\"https:\/\/operacinesistema.lt\/sv\/aterbetalningspolicy\/\" \/>\n<meta property=\"og:site_name\" content=\"operacinesistema.lt\" \/>\n<meta name=\"twitter:card\" content=\"summary_large_image\" \/>\n<meta name=\"twitter:label1\" content=\"Ber\u00e4knad l\u00e4stid\" \/>\n\t<meta name=\"twitter:data1\" content=\"2 minuter\" \/>\n<script type=\"application\/ld+json\" class=\"yoast-schema-graph\">{\"@context\":\"https:\\\/\\\/schema.org\",\"@graph\":[{\"@type\":\"WebPage\",\"@id\":\"https:\\\/\\\/operacinesistema.lt\\\/grazinimo-politika\\\/\",\"url\":\"https:\\\/\\\/operacinesistema.lt\\\/grazinimo-politika\\\/\",\"name\":\"Gr\u0105\u017einimo politika - operacinesistema.lt\",\"isPartOf\":{\"@id\":\"https:\\\/\\\/operacinesistema.lt\\\/#website\"},\"datePublished\":\"2024-11-19T09:33:47+00:00\",\"breadcrumb\":{\"@id\":\"https:\\\/\\\/operacinesistema.lt\\\/grazinimo-politika\\\/#breadcrumb\"},\"inLanguage\":\"sv-SE\",\"potentialAction\":[{\"@type\":\"ReadAction\",\"target\":[\"https:\\\/\\\/operacinesistema.lt\\\/grazinimo-politika\\\/\"]}]},{\"@type\":\"BreadcrumbList\",\"@id\":\"https:\\\/\\\/operacinesistema.lt\\\/grazinimo-politika\\\/#breadcrumb\",\"itemListElement\":[{\"@type\":\"ListItem\",\"position\":1,\"name\":\"Home\",\"item\":\"https:\\\/\\\/operacinesistema.lt\\\/\"},{\"@type\":\"ListItem\",\"position\":2,\"name\":\"Gr\u0105\u017einimo politika\"}]},{\"@type\":\"WebSite\",\"@id\":\"https:\\\/\\\/operacinesistema.lt\\\/#website\",\"url\":\"https:\\\/\\\/operacinesistema.lt\\\/\",\"name\":\"operacinesistema.lt\",\"description\":\"\u012esigykite Windows 11 Pro u\u017e geriausi\u0105 kain\u0105\",\"potentialAction\":[{\"@type\":\"SearchAction\",\"target\":{\"@type\":\"EntryPoint\",\"urlTemplate\":\"https:\\\/\\\/operacinesistema.lt\\\/?s={search_term_string}\"},\"query-input\":{\"@type\":\"PropertyValueSpecification\",\"valueRequired\":true,\"valueName\":\"search_term_string\"}}],\"inLanguage\":\"sv-SE\"}]}<\/script>\n<!-- \/ Yoast SEO plugin. -->","yoast_head_json":{"title":"Returpolicy - operacinesistema.lt","robots":{"index":"index","follow":"follow","max-snippet":"max-snippet:-1","max-image-preview":"max-image-preview:large","max-video-preview":"max-video-preview:-1"},"canonical":"https:\/\/operacinesistema.lt\/sv\/aterbetalningspolicy\/","og_locale":"sv_SE","og_type":"article","og_title":"Gr\u0105\u017einimo politika - operacinesistema.lt","og_description":"Paskutin\u012f kart\u0105 atnaujinta: 2024-11-19&nbsp; SERA International, MB \u012fsipareigoja laikytis Lietuvos Respublikos \u012fstatym\u0173, u\u017etikrinan\u010di\u0173 pirk\u0117j\u0173 teises. \u0160ioje politikoje apra\u0161omos preki\u0173 gr\u0105\u017einimo, keitimo ir garantinio aptarnavimo s\u0105lygos, taikomos perkant produktus m\u016bs\u0173 svetain\u0117je https:\/\/operacinesistema.lt\/.\u00a0 1. Preki\u0173 gr\u0105\u017einimo s\u0105lygos 1.1. 14 dien\u0173 pinig\u0173 gr\u0105\u017einimo garantija: Vadovaujantis Lietuvos Respublikos civilinio kodekso 6.228(10) straipsniu, pirk\u0117jas turi teis\u0119 gr\u0105\u017einti \u012fsigyt\u0105 prek\u0119 per 14 dien\u0173 nuo jos gavimo, nenurodydamas prie\u017easties.&nbsp; 1.2. Preki\u0173 b\u016bkl\u0117 Jei prek\u0117 buvo sugadinta ar naudota, gr\u0105\u017einimas gali b\u016bti nepriimtas arba gali b\u016bti suma\u017einta gr\u0105\u017einama suma.&nbsp; 1.3. Preki\u0173, kuri\u0173 gr\u0105\u017einti negalima: 1.4. Gr\u0105\u017einimo i\u0161laidos: Pirk\u0117jas atsakingas u\u017e preki\u0173 gr\u0105\u017einimo i\u0161laidas, i\u0161skyrus atvejus, kai prek\u0117 buvo nekokybi\u0161ka arba gauta ne ta, kuri buvo u\u017esakyta.&nbsp; 2. Preki\u0173 keitimas 2.1. Prek\u0117s gali b\u016bti kei\u010diamos tik tuo atveju, jei buvo gauta netinkama arba brokuota prek\u0117.&nbsp; 2.2. Keitimui taikomos tos pa\u010dios s\u0105lygos, kaip ir gr\u0105\u017einimui (\u017er. 1.2 punkt\u0105).&nbsp; 3. Gr\u0105\u017einimo procesas 3.1. Nor\u0117dami gr\u0105\u017einti ar pakeisti prek\u0119, atlikite \u0161iuos veiksmus:&nbsp; Susisiekite su mumis el. pa\u0161tu help@operacinesistema.lt ir pateikite \u0161i\u0105 informacij\u0105:\u00a0 3.2. Gav\u0119 j\u016bs\u0173 u\u017eklaus\u0105, suteiksime i\u0161samias gr\u0105\u017einimo instrukcijas, \u012fskaitant informacij\u0105 apie siuntimo adres\u0105.&nbsp; 3.3. Gr\u0105\u017einim\u0105 atlikite per pasirinkt\u0105 pa\u0161tomat\u0105, i\u0161saugokite siuntimo kvit\u0105 kaip gr\u0105\u017einimo \u012frodym\u0105.&nbsp; 4. Pinig\u0173 gr\u0105\u017einimas 4.1. Pinigai gr\u0105\u017einami per 14 dien\u0173 nuo prek\u0117s gavimo ir patikrinimo.&nbsp; 4.2. Pinigai pervedami \u012f t\u0105 pa\u010di\u0105 s\u0105skait\u0105, i\u0161 kurios buvo atliktas mok\u0117jimas.&nbsp; 4.3. Jei buvo pasirinktas pristatymas mokamu pa\u0161tomatu, pristatymo kaina negr\u0105\u017einama (i\u0161skyrus nekokybi\u0161k\u0173 preki\u0173 atvejus).&nbsp; 5. Garantijos ir brokuotos prek\u0117s 5.1. Jei prek\u0117 yra brokuota, garantinis aptarnavimas taikomas pagal Lietuvos Respublikos civilinio kodekso reikalavimus.&nbsp; 5.2. Brokuot\u0105 prek\u0119 galite gr\u0105\u017einti arba pra\u0161yti jos pakeitimo.&nbsp; 5.3. Susisiekite su mumis el. pa\u0161tu help@operacinesistema.lt, pateikdami vis\u0105 informacij\u0105 apie brok\u0105, \u012fskaitant nuotraukas.\u00a0 6. Kontaktai Jei turite klausim\u0173 d\u0117l gr\u0105\u017einimo ar garantijos:&nbsp; El. pa\u0161tas: help@operacinesistema.lt Telefonas: +370 601 66511&nbsp; SERA International, MB pasilieka teis\u0119 bet kuriuo metu atnaujinti \u0161i\u0105 politik\u0105. Atnaujinimai bus skelbiami m\u016bs\u0173 svetain\u0117je.","og_url":"https:\/\/operacinesistema.lt\/sv\/aterbetalningspolicy\/","og_site_name":"operacinesistema.lt","twitter_card":"summary_large_image","twitter_misc":{"Ber\u00e4knad l\u00e4stid":"2 minuter"},"schema":{"@context":"https:\/\/schema.org","@graph":[{"@type":"WebPage","@id":"https:\/\/operacinesistema.lt\/grazinimo-politika\/","url":"https:\/\/operacinesistema.lt\/grazinimo-politika\/","name":"Returpolicy - operacinesistema.lt","isPartOf":{"@id":"https:\/\/operacinesistema.lt\/#website"},"datePublished":"2024-11-19T09:33:47+00:00","breadcrumb":{"@id":"https:\/\/operacinesistema.lt\/grazinimo-politika\/#breadcrumb"},"inLanguage":"sv-SE","potentialAction":[{"@type":"ReadAction","target":["https:\/\/operacinesistema.lt\/grazinimo-politika\/"]}]},{"@type":"BreadcrumbList","@id":"https:\/\/operacinesistema.lt\/grazinimo-politika\/#breadcrumb","itemListElement":[{"@type":"ListItem","position":1,"name":"Home","item":"https:\/\/operacinesistema.lt\/"},{"@type":"ListItem","position":2,"name":"Gr\u0105\u017einimo politika"}]},{"@type":"WebSite","@id":"https:\/\/operacinesistema.lt\/#website","url":"https:\/\/operacinesistema.lt\/","name":"operacinesistema.lt","description":"\u012esigykite Windows 11 Pro u\u017e geriausi\u0105 kain\u0105","potentialAction":[{"@type":"SearchAction","target":{"@type":"EntryPoint","urlTemplate":"https:\/\/operacinesistema.lt\/?s={search_term_string}"},"query-input":{"@type":"PropertyValueSpecification","valueRequired":true,"valueName":"search_term_string"}}],"inLanguage":"sv-SE"}]}},"_links":{"self":[{"href":"https:\/\/operacinesistema.lt\/sv\/wp-json\/wp\/v2\/pages\/4396","targetHints":{"allow":["GET"]}}],"collection":[{"href":"https:\/\/operacinesistema.lt\/sv\/wp-json\/wp\/v2\/pages"}],"about":[{"href":"https:\/\/operacinesistema.lt\/sv\/wp-json\/wp\/v2\/types\/page"}],"author":[{"embeddable":true,"href":"https:\/\/operacinesistema.lt\/sv\/wp-json\/wp\/v2\/users\/1"}],"replies":[{"embeddable":true,"href":"https:\/\/operacinesistema.lt\/sv\/wp-json\/wp\/v2\/comments?post=4396"}],"version-history":[{"count":1,"href":"https:\/\/operacinesistema.lt\/sv\/wp-json\/wp\/v2\/pages\/4396\/revisions"}],"predecessor-version":[{"id":4397,"href":"https:\/\/operacinesistema.lt\/sv\/wp-json\/wp\/v2\/pages\/4396\/revisions\/4397"}],"wp:attachment":[{"href":"https:\/\/operacinesistema.lt\/sv\/wp-json\/wp\/v2\/media?parent=4396"}],"curies":[{"name":"wp","href":"https:\/\/api.w.org\/{rel}","templated":true}]}}