{"id":4386,"date":"2024-11-19T09:18:15","date_gmt":"2024-11-19T09:18:15","guid":{"rendered":"https:\/\/operacinesistema.lt\/?page_id=4386"},"modified":"2024-11-19T09:18:54","modified_gmt":"2024-11-19T09:18:54","slug":"integritetspolicy","status":"publish","type":"page","link":"https:\/\/operacinesistema.lt\/sv\/integritetspolicy\/","title":{"rendered":"Integritetspolicy"},"content":{"rendered":"<p>Senast uppdaterad: 2024-11-19&nbsp;<\/p>\n\n\n\n<p>sera International, MB (\u201evi\u201c, \u201ev\u00e5r\u201c eller \u201ebolaget\u201c) \u00e4r fast beslutet att skydda dina personuppgifter och respektera din integritet. Denna integritetspolicy f\u00f6rklarar hur vi samlar in, anv\u00e4nder och skyddar information n\u00e4r du bes\u00f6ker v\u00e5r webbplats <a href=\"https:\/\/operacinesistema.lt\/sv\/\">https:\/\/operacinesistema.lt\/<\/a> och k\u00f6pa v\u00e5ra produkter.\u00a0<\/p>\n\n\n\n<h3 class=\"wp-block-heading\">1. Vilka uppgifter samlar vi in?<\/h3>\n\n\n\n<p>1.1:<\/p>\n\n\n\n<p>F\u00f6r- och efternamn&nbsp;<\/p>\n\n\n\n<p>Adress (leverans- och faktureringsadress)&nbsp;<\/p>\n\n\n\n<p>E-postadress&nbsp;<\/p>\n\n\n\n<p>Telefonnummer&nbsp;<\/p>\n\n\n\n<p>1.2. Betalningsinformation:<\/p>\n\n\n\n<p>Betalningsinformation (uppgifter om bank\u00f6verf\u00f6ring, kontonummer).&nbsp;<\/p>\n\n\n\n<p>1.3 Tekniska data:<\/p>\n\n\n\n<p>IP-adress&nbsp;<\/p>\n\n\n\n<p>Typ och version av webbl\u00e4sare&nbsp;<\/p>\n\n\n\n<p>Uppgifter om webbplatsanv\u00e4ndning&nbsp;<\/p>\n\n\n\n<p>1.4 Ytterligare uppgifter:<\/p>\n\n\n\n<p>Information som du l\u00e4mnar n\u00e4r du kontaktar oss via e-post eller telefon.&nbsp;<\/p>\n\n\n\n<h3 class=\"wp-block-heading\">2. Hur anv\u00e4nder vi dina uppgifter?<\/h3>\n\n\n\n<p>Orderhantering och leverans.&nbsp;<\/p>\n\n\n\n<p>Fakturering och betalningsadministration.&nbsp;<\/p>\n\n\n\n<p>F\u00f6r att f\u00f6rb\u00e4ttra webbplatsens funktionalitet.&nbsp;<\/p>\n\n\n\n<p>F\u00f6r att informera dig om statusen f\u00f6r din best\u00e4llning eller tekniska uppdateringar.&nbsp;<\/p>\n\n\n\n<p>F\u00f6r r\u00e4ttsliga f\u00f6rpliktelser (t.ex. bokf\u00f6ring).&nbsp;<\/p>\n\n\n\n<h3 class=\"wp-block-heading\">3. R\u00e4ttslig grund f\u00f6r behandlingen<\/h3>\n\n\n\n<p>Vi behandlar dina uppgifter p\u00e5 grundval av:&nbsp;<\/p>\n\n\n\n<p>Fullg\u00f6rande av avtal - n\u00e4r du g\u00f6r en best\u00e4llning.&nbsp;<\/p>\n\n\n\n<p>Ber\u00e4ttigade intressen - s\u00e4kerst\u00e4lla att webbplatsen fungerar smidigt.&nbsp;<\/p>\n\n\n\n<p>R\u00e4ttsliga skyldigheter - redovisnings- och skattekrav.&nbsp;<\/p>\n\n\n\n<h3 class=\"wp-block-heading\">4. Delar vi med oss av dina uppgifter?<\/h3>\n\n\n\n<p>Dina uppgifter f\u00e5r endast \u00f6verf\u00f6ras till tredje part i f\u00f6ljande fall:&nbsp;<\/p>\n\n\n\n<p>Leverant\u00f6rer av leveranstj\u00e4nster (t.ex. budfirmor).&nbsp;<\/p>\n\n\n\n<p>Betalningsoperat\u00f6rer (banker, betalningsplattformar).&nbsp;<\/p>\n\n\n\n<p>Brottsbek\u00e4mpande myndigheter n\u00e4r s\u00e5 kr\u00e4vs enligt lag.&nbsp;<\/p>\n\n\n\n<h3 class=\"wp-block-heading\">5. Hur skyddar vi dina uppgifter?<\/h3>\n\n\n\n<p>Vi vidtar alla rimliga tekniska och organisatoriska \u00e5tg\u00e4rder f\u00f6r att skydda dina uppgifter fr\u00e5n obeh\u00f6rig \u00e5tkomst, f\u00f6rlust eller missbruk.&nbsp;<\/p>\n\n\n\n<h3 class=\"wp-block-heading\">6. Hur l\u00e4nge sparar vi uppgifter?<\/h3>\n\n\n\n<p>Dina uppgifter lagras:&nbsp;<\/p>\n\n\n\n<p>S\u00e5 l\u00e4nge som det \u00e4r n\u00f6dv\u00e4ndigt f\u00f6r att verkst\u00e4lla ordern och d\u00e4rmed sammanh\u00e4ngande \u00e5tg\u00e4rder.&nbsp;<\/p>\n\n\n\n<p>Med f\u00f6rbeh\u00e5ll f\u00f6r lagstadgade krav (t.ex. 10 \u00e5r f\u00f6r bokf\u00f6ringsmaterial).&nbsp;<\/p>\n\n\n\n<h3 class=\"wp-block-heading\">7. Dina r\u00e4ttigheter<\/h3>\n\n\n\n<p>Du har r\u00e4tt till:&nbsp;<\/p>\n\n\n\n<ul class=\"wp-block-list\">\n<li>F\u00e5 tillg\u00e5ng till och en kopia av dina uppgifter.\u00a0<\/li>\n\n\n\n<li>Kr\u00e4v korrigering av felaktiga uppgifter.\u00a0<\/li>\n\n\n\n<li>Beg\u00e4ra radering av dina uppgifter (\u201er\u00e4tten att bli bortgl\u00f6md\u201c) om det inte finns n\u00e5gra r\u00e4ttsliga grunder f\u00f6r att beh\u00e5lla dem.\u00a0<\/li>\n\n\n\n<li>Begr\u00e4nsa behandlingen i vissa fall.\u00a0<\/li>\n\n\n\n<li>L\u00e4mna in ett klagom\u00e5l till den statliga dataskyddsinspektionen <a href=\"https:\/\/vdai.lrv.lt\/\">https:\/\/vdai.lrv.lt\/<\/a>.<\/li>\n<\/ul>\n\n\n\n<h3 class=\"wp-block-heading\">8. Kakor<\/h3>\n\n\n\n<p>Vi anv\u00e4nder cookies f\u00f6r webbplatsens prestanda och analys. Du kan l\u00e4sa mer om anv\u00e4ndningen av cookies i v\u00e5r [Cookie Policy].&nbsp;<\/p>\n\n\n\n<h3 class=\"wp-block-heading\">9. Kontakt<\/h3>\n\n\n\n<p>Om du har n\u00e5gra fr\u00e5gor om denna integritetspolicy eller vill ut\u00f6va dina r\u00e4ttigheter, v\u00e4nligen kontakta:&nbsp;<\/p>\n\n\n\n<p>E-post: <a href=\"mailto:help@operacinesistema.lt\">help@operacinesistema.lt<\/a><\/p>\n\n\n\n<p>Telefon: +370 601 66511&nbsp;<\/p>\n\n\n\n<p>sera International, MB f\u00f6rbeh\u00e5ller sig r\u00e4tten att n\u00e4r som helst uppdatera denna integritetspolicy. Uppdateringar kommer att publiceras p\u00e5 v\u00e5r webbplats.&nbsp;<\/p>","protected":false},"excerpt":{"rendered":"<p>Paskutin\u012f kart\u0105 atnaujinta: 2024-11-19&nbsp; SERA International, MB (\u201emes\u201c, \u201em\u016bs\u0173\u201c ar \u201e\u012fmon\u0117\u201c) \u012fsipareigoja saugoti j\u016bs\u0173 asmens duomenis ir gerbti j\u016bs\u0173 privatum\u0105. \u0160i privatumo politika paai\u0161kina, kaip renkame, naudojame ir saugome informacij\u0105, kai lankot\u0117s m\u016bs\u0173 svetain\u0117je https:\/\/operacinesistema.lt\/ ir perkate m\u016bs\u0173 produktus.\u00a0 1. Kokius duomenis renkame? 1.1. Pirk\u0117jo duomenys: Vardas ir pavard\u0117&nbsp; Adresas (pristatymo ir s\u0105skaitos)&nbsp; El. pa\u0161to adresas&nbsp; Telefono numeris&nbsp; 1.2. Apmok\u0117jimo duomenys: Mok\u0117jimo informacija (banko pavedim\u0173 detal\u0117s, s\u0105skait\u0173 numeriai).&nbsp; 1.3. Techniniai duomenys: IP adresas&nbsp; Nar\u0161ykl\u0117s tipas ir versija&nbsp; Svetain\u0117s naudojimo duomenys&nbsp; 1.4. Papildomi duomenys: Informacija, kuri\u0105 pateikiate susisiekiant su mumis el. pa\u0161tu ar telefonu.&nbsp; 2. Kaip naudojame j\u016bs\u0173 duomenis? U\u017esakym\u0173 apdorojimui ir pristatymui.&nbsp; S\u0105skait\u0173 i\u0161ra\u0161ymui ir mok\u0117jim\u0173 administravimui.&nbsp; Svetain\u0117s funkcionalumo gerinimui.&nbsp; Informavimui apie u\u017esakymo b\u016bkl\u0119 ar techninius atnaujinimus.&nbsp; Teisin\u0117ms prievol\u0117ms vykdyti (pvz., buhalterinei apskaitai).&nbsp; 3. Teisinis pagrindas duomen\u0173 tvarkymui J\u016bs\u0173 duomenis tvarkome remdamiesi:&nbsp; Sutarties vykdymu \u2013 kai pateikiate u\u017esakym\u0105.&nbsp; Teis\u0117tais interesais \u2013 u\u017etikrinant skland\u0173 svetain\u0117s darb\u0105.&nbsp; Teisin\u0117mis prievol\u0117mis \u2013 apskaitos ir mokes\u010di\u0173 reikalavimais.&nbsp; 4. Ar dalinam\u0117s j\u016bs\u0173 duomenimis? J\u016bs\u0173 duomenys gali b\u016bti perduoti tre\u010diosioms \u0161alims tik \u0161iais atvejais:&nbsp; Pristatymo paslaug\u0173 teik\u0117jams (pvz., kurjeriams).&nbsp; Mok\u0117jim\u0173 operatoriams (bankams, mok\u0117jimo platformoms).&nbsp; Teis\u0117saugos institucijoms, kai to reikalauja \u012fstatymai.&nbsp; 5. Kaip saugome j\u016bs\u0173 duomenis? Imam\u0117s vis\u0173 pagr\u012fst\u0173 technini\u0173 ir organizacini\u0173 priemoni\u0173, kad apsaugotume j\u016bs\u0173 duomenis nuo neteis\u0117tos prieigos, praradimo ar netinkamo naudojimo.&nbsp; 6. Kiek laiko saugome duomenis? J\u016bs\u0173 duomenys saugomi:&nbsp; Tol, kol reikalinga u\u017esakymo vykdymui ir susijusiems veiksmams.&nbsp; Atsi\u017evelgiant \u012f teisinius reikalavimus (pvz., 10 met\u0173 apskaitos dokumentams).&nbsp; 7. J\u016bs\u0173 teis\u0117s J\u016bs turite teis\u0119:&nbsp; 8. Slapukai Naudojame slapukus svetain\u0117s veikimui ir analitikai. Pla\u010diau apie slapuk\u0173 naudojim\u0105 galite su\u017einoti m\u016bs\u0173 [Slapuk\u0173 politikoje].&nbsp; 9. Kontaktai Jei turite klausim\u0173 apie privatumo politik\u0105 arba norite pasinaudoti savo teis\u0117mis, kreipkit\u0117s:&nbsp; El. pa\u0161tas: help@operacinesistema.lt Telefonas: +370 601 66511&nbsp; SERA International, MB pasilieka teis\u0119 bet kada atnaujinti \u0161i\u0105 privatumo politik\u0105. Atnaujinimai bus skelbiami m\u016bs\u0173 svetain\u0117je.&nbsp;<\/p>","protected":false},"author":1,"featured_media":0,"parent":0,"menu_order":0,"comment_status":"closed","ping_status":"closed","template":"","meta":{"footnotes":""},"class_list":["post-4386","page","type-page","status-publish","hentry","post-no-thumbnail"],"yoast_head":"<!-- This site is optimized with the Yoast SEO plugin v27.4 - https:\/\/yoast.com\/product\/yoast-seo-wordpress\/ -->\n<title>Privatumo politika - operacinesistema.lt<\/title>\n<meta name=\"robots\" content=\"index, follow, max-snippet:-1, max-image-preview:large, max-video-preview:-1\" \/>\n<link rel=\"canonical\" href=\"https:\/\/operacinesistema.lt\/sv\/integritetspolicy\/\" \/>\n<meta property=\"og:locale\" content=\"sv_SE\" \/>\n<meta property=\"og:type\" content=\"article\" \/>\n<meta property=\"og:title\" content=\"Privatumo politika - operacinesistema.lt\" \/>\n<meta property=\"og:description\" content=\"Paskutin\u012f kart\u0105 atnaujinta: 2024-11-19&nbsp; SERA International, MB (\u201emes\u201c, \u201em\u016bs\u0173\u201c ar \u201e\u012fmon\u0117\u201c) \u012fsipareigoja saugoti j\u016bs\u0173 asmens duomenis ir gerbti j\u016bs\u0173 privatum\u0105. \u0160i privatumo politika paai\u0161kina, kaip renkame, naudojame ir saugome informacij\u0105, kai lankot\u0117s m\u016bs\u0173 svetain\u0117je https:\/\/operacinesistema.lt\/ ir perkate m\u016bs\u0173 produktus.\u00a0 1. Kokius duomenis renkame? 1.1. Pirk\u0117jo duomenys: Vardas ir pavard\u0117&nbsp; Adresas (pristatymo ir s\u0105skaitos)&nbsp; El. pa\u0161to adresas&nbsp; Telefono numeris&nbsp; 1.2. Apmok\u0117jimo duomenys: Mok\u0117jimo informacija (banko pavedim\u0173 detal\u0117s, s\u0105skait\u0173 numeriai).&nbsp; 1.3. Techniniai duomenys: IP adresas&nbsp; Nar\u0161ykl\u0117s tipas ir versija&nbsp; Svetain\u0117s naudojimo duomenys&nbsp; 1.4. Papildomi duomenys: Informacija, kuri\u0105 pateikiate susisiekiant su mumis el. pa\u0161tu ar telefonu.&nbsp; 2. Kaip naudojame j\u016bs\u0173 duomenis? U\u017esakym\u0173 apdorojimui ir pristatymui.&nbsp; S\u0105skait\u0173 i\u0161ra\u0161ymui ir mok\u0117jim\u0173 administravimui.&nbsp; Svetain\u0117s funkcionalumo gerinimui.&nbsp; Informavimui apie u\u017esakymo b\u016bkl\u0119 ar techninius atnaujinimus.&nbsp; Teisin\u0117ms prievol\u0117ms vykdyti (pvz., buhalterinei apskaitai).&nbsp; 3. Teisinis pagrindas duomen\u0173 tvarkymui J\u016bs\u0173 duomenis tvarkome remdamiesi:&nbsp; Sutarties vykdymu \u2013 kai pateikiate u\u017esakym\u0105.&nbsp; Teis\u0117tais interesais \u2013 u\u017etikrinant skland\u0173 svetain\u0117s darb\u0105.&nbsp; Teisin\u0117mis prievol\u0117mis \u2013 apskaitos ir mokes\u010di\u0173 reikalavimais.&nbsp; 4. Ar dalinam\u0117s j\u016bs\u0173 duomenimis? J\u016bs\u0173 duomenys gali b\u016bti perduoti tre\u010diosioms \u0161alims tik \u0161iais atvejais:&nbsp; Pristatymo paslaug\u0173 teik\u0117jams (pvz., kurjeriams).&nbsp; Mok\u0117jim\u0173 operatoriams (bankams, mok\u0117jimo platformoms).&nbsp; Teis\u0117saugos institucijoms, kai to reikalauja \u012fstatymai.&nbsp; 5. Kaip saugome j\u016bs\u0173 duomenis? Imam\u0117s vis\u0173 pagr\u012fst\u0173 technini\u0173 ir organizacini\u0173 priemoni\u0173, kad apsaugotume j\u016bs\u0173 duomenis nuo neteis\u0117tos prieigos, praradimo ar netinkamo naudojimo.&nbsp; 6. Kiek laiko saugome duomenis? J\u016bs\u0173 duomenys saugomi:&nbsp; Tol, kol reikalinga u\u017esakymo vykdymui ir susijusiems veiksmams.&nbsp; Atsi\u017evelgiant \u012f teisinius reikalavimus (pvz., 10 met\u0173 apskaitos dokumentams).&nbsp; 7. J\u016bs\u0173 teis\u0117s J\u016bs turite teis\u0119:&nbsp; 8. Slapukai Naudojame slapukus svetain\u0117s veikimui ir analitikai. Pla\u010diau apie slapuk\u0173 naudojim\u0105 galite su\u017einoti m\u016bs\u0173 [Slapuk\u0173 politikoje].&nbsp; 9. Kontaktai Jei turite klausim\u0173 apie privatumo politik\u0105 arba norite pasinaudoti savo teis\u0117mis, kreipkit\u0117s:&nbsp; El. pa\u0161tas: help@operacinesistema.lt Telefonas: +370 601 66511&nbsp; SERA International, MB pasilieka teis\u0119 bet kada atnaujinti \u0161i\u0105 privatumo politik\u0105. Atnaujinimai bus skelbiami m\u016bs\u0173 svetain\u0117je.&nbsp;\" \/>\n<meta property=\"og:url\" content=\"https:\/\/operacinesistema.lt\/sv\/integritetspolicy\/\" \/>\n<meta property=\"og:site_name\" content=\"operacinesistema.lt\" \/>\n<meta property=\"article:modified_time\" content=\"2024-11-19T09:18:54+00:00\" \/>\n<meta name=\"twitter:card\" content=\"summary_large_image\" \/>\n<meta name=\"twitter:label1\" content=\"Ber\u00e4knad l\u00e4stid\" \/>\n\t<meta name=\"twitter:data1\" content=\"2 minuter\" \/>\n<script type=\"application\/ld+json\" class=\"yoast-schema-graph\">{\"@context\":\"https:\\\/\\\/schema.org\",\"@graph\":[{\"@type\":\"WebPage\",\"@id\":\"https:\\\/\\\/operacinesistema.lt\\\/privatumo-politika\\\/\",\"url\":\"https:\\\/\\\/operacinesistema.lt\\\/privatumo-politika\\\/\",\"name\":\"Privatumo politika - operacinesistema.lt\",\"isPartOf\":{\"@id\":\"https:\\\/\\\/operacinesistema.lt\\\/#website\"},\"datePublished\":\"2024-11-19T09:18:15+00:00\",\"dateModified\":\"2024-11-19T09:18:54+00:00\",\"breadcrumb\":{\"@id\":\"https:\\\/\\\/operacinesistema.lt\\\/privatumo-politika\\\/#breadcrumb\"},\"inLanguage\":\"sv-SE\",\"potentialAction\":[{\"@type\":\"ReadAction\",\"target\":[\"https:\\\/\\\/operacinesistema.lt\\\/privatumo-politika\\\/\"]}]},{\"@type\":\"BreadcrumbList\",\"@id\":\"https:\\\/\\\/operacinesistema.lt\\\/privatumo-politika\\\/#breadcrumb\",\"itemListElement\":[{\"@type\":\"ListItem\",\"position\":1,\"name\":\"Home\",\"item\":\"https:\\\/\\\/operacinesistema.lt\\\/\"},{\"@type\":\"ListItem\",\"position\":2,\"name\":\"Privatumo politika\"}]},{\"@type\":\"WebSite\",\"@id\":\"https:\\\/\\\/operacinesistema.lt\\\/#website\",\"url\":\"https:\\\/\\\/operacinesistema.lt\\\/\",\"name\":\"operacinesistema.lt\",\"description\":\"\u012esigykite Windows 11 Pro u\u017e geriausi\u0105 kain\u0105\",\"potentialAction\":[{\"@type\":\"SearchAction\",\"target\":{\"@type\":\"EntryPoint\",\"urlTemplate\":\"https:\\\/\\\/operacinesistema.lt\\\/?s={search_term_string}\"},\"query-input\":{\"@type\":\"PropertyValueSpecification\",\"valueRequired\":true,\"valueName\":\"search_term_string\"}}],\"inLanguage\":\"sv-SE\"}]}<\/script>\n<!-- \/ Yoast SEO plugin. -->","yoast_head_json":{"title":"Integritetspolicy - operacinesistema.lt","robots":{"index":"index","follow":"follow","max-snippet":"max-snippet:-1","max-image-preview":"max-image-preview:large","max-video-preview":"max-video-preview:-1"},"canonical":"https:\/\/operacinesistema.lt\/sv\/integritetspolicy\/","og_locale":"sv_SE","og_type":"article","og_title":"Privatumo politika - operacinesistema.lt","og_description":"Paskutin\u012f kart\u0105 atnaujinta: 2024-11-19&nbsp; SERA International, MB (\u201emes\u201c, \u201em\u016bs\u0173\u201c ar \u201e\u012fmon\u0117\u201c) \u012fsipareigoja saugoti j\u016bs\u0173 asmens duomenis ir gerbti j\u016bs\u0173 privatum\u0105. \u0160i privatumo politika paai\u0161kina, kaip renkame, naudojame ir saugome informacij\u0105, kai lankot\u0117s m\u016bs\u0173 svetain\u0117je https:\/\/operacinesistema.lt\/ ir perkate m\u016bs\u0173 produktus.\u00a0 1. Kokius duomenis renkame? 1.1. Pirk\u0117jo duomenys: Vardas ir pavard\u0117&nbsp; Adresas (pristatymo ir s\u0105skaitos)&nbsp; El. pa\u0161to adresas&nbsp; Telefono numeris&nbsp; 1.2. Apmok\u0117jimo duomenys: Mok\u0117jimo informacija (banko pavedim\u0173 detal\u0117s, s\u0105skait\u0173 numeriai).&nbsp; 1.3. Techniniai duomenys: IP adresas&nbsp; Nar\u0161ykl\u0117s tipas ir versija&nbsp; Svetain\u0117s naudojimo duomenys&nbsp; 1.4. Papildomi duomenys: Informacija, kuri\u0105 pateikiate susisiekiant su mumis el. pa\u0161tu ar telefonu.&nbsp; 2. Kaip naudojame j\u016bs\u0173 duomenis? U\u017esakym\u0173 apdorojimui ir pristatymui.&nbsp; S\u0105skait\u0173 i\u0161ra\u0161ymui ir mok\u0117jim\u0173 administravimui.&nbsp; Svetain\u0117s funkcionalumo gerinimui.&nbsp; Informavimui apie u\u017esakymo b\u016bkl\u0119 ar techninius atnaujinimus.&nbsp; Teisin\u0117ms prievol\u0117ms vykdyti (pvz., buhalterinei apskaitai).&nbsp; 3. Teisinis pagrindas duomen\u0173 tvarkymui J\u016bs\u0173 duomenis tvarkome remdamiesi:&nbsp; Sutarties vykdymu \u2013 kai pateikiate u\u017esakym\u0105.&nbsp; Teis\u0117tais interesais \u2013 u\u017etikrinant skland\u0173 svetain\u0117s darb\u0105.&nbsp; Teisin\u0117mis prievol\u0117mis \u2013 apskaitos ir mokes\u010di\u0173 reikalavimais.&nbsp; 4. Ar dalinam\u0117s j\u016bs\u0173 duomenimis? J\u016bs\u0173 duomenys gali b\u016bti perduoti tre\u010diosioms \u0161alims tik \u0161iais atvejais:&nbsp; Pristatymo paslaug\u0173 teik\u0117jams (pvz., kurjeriams).&nbsp; Mok\u0117jim\u0173 operatoriams (bankams, mok\u0117jimo platformoms).&nbsp; Teis\u0117saugos institucijoms, kai to reikalauja \u012fstatymai.&nbsp; 5. Kaip saugome j\u016bs\u0173 duomenis? Imam\u0117s vis\u0173 pagr\u012fst\u0173 technini\u0173 ir organizacini\u0173 priemoni\u0173, kad apsaugotume j\u016bs\u0173 duomenis nuo neteis\u0117tos prieigos, praradimo ar netinkamo naudojimo.&nbsp; 6. Kiek laiko saugome duomenis? J\u016bs\u0173 duomenys saugomi:&nbsp; Tol, kol reikalinga u\u017esakymo vykdymui ir susijusiems veiksmams.&nbsp; Atsi\u017evelgiant \u012f teisinius reikalavimus (pvz., 10 met\u0173 apskaitos dokumentams).&nbsp; 7. J\u016bs\u0173 teis\u0117s J\u016bs turite teis\u0119:&nbsp; 8. Slapukai Naudojame slapukus svetain\u0117s veikimui ir analitikai. Pla\u010diau apie slapuk\u0173 naudojim\u0105 galite su\u017einoti m\u016bs\u0173 [Slapuk\u0173 politikoje].&nbsp; 9. Kontaktai Jei turite klausim\u0173 apie privatumo politik\u0105 arba norite pasinaudoti savo teis\u0117mis, kreipkit\u0117s:&nbsp; El. pa\u0161tas: help@operacinesistema.lt Telefonas: +370 601 66511&nbsp; SERA International, MB pasilieka teis\u0119 bet kada atnaujinti \u0161i\u0105 privatumo politik\u0105. Atnaujinimai bus skelbiami m\u016bs\u0173 svetain\u0117je.&nbsp;","og_url":"https:\/\/operacinesistema.lt\/sv\/integritetspolicy\/","og_site_name":"operacinesistema.lt","article_modified_time":"2024-11-19T09:18:54+00:00","twitter_card":"summary_large_image","twitter_misc":{"Ber\u00e4knad l\u00e4stid":"2 minuter"},"schema":{"@context":"https:\/\/schema.org","@graph":[{"@type":"WebPage","@id":"https:\/\/operacinesistema.lt\/privatumo-politika\/","url":"https:\/\/operacinesistema.lt\/privatumo-politika\/","name":"Integritetspolicy - operacinesistema.lt","isPartOf":{"@id":"https:\/\/operacinesistema.lt\/#website"},"datePublished":"2024-11-19T09:18:15+00:00","dateModified":"2024-11-19T09:18:54+00:00","breadcrumb":{"@id":"https:\/\/operacinesistema.lt\/privatumo-politika\/#breadcrumb"},"inLanguage":"sv-SE","potentialAction":[{"@type":"ReadAction","target":["https:\/\/operacinesistema.lt\/privatumo-politika\/"]}]},{"@type":"BreadcrumbList","@id":"https:\/\/operacinesistema.lt\/privatumo-politika\/#breadcrumb","itemListElement":[{"@type":"ListItem","position":1,"name":"Home","item":"https:\/\/operacinesistema.lt\/"},{"@type":"ListItem","position":2,"name":"Privatumo politika"}]},{"@type":"WebSite","@id":"https:\/\/operacinesistema.lt\/#website","url":"https:\/\/operacinesistema.lt\/","name":"operacinesistema.lt","description":"\u012esigykite Windows 11 Pro u\u017e geriausi\u0105 kain\u0105","potentialAction":[{"@type":"SearchAction","target":{"@type":"EntryPoint","urlTemplate":"https:\/\/operacinesistema.lt\/?s={search_term_string}"},"query-input":{"@type":"PropertyValueSpecification","valueRequired":true,"valueName":"search_term_string"}}],"inLanguage":"sv-SE"}]}},"_links":{"self":[{"href":"https:\/\/operacinesistema.lt\/sv\/wp-json\/wp\/v2\/pages\/4386","targetHints":{"allow":["GET"]}}],"collection":[{"href":"https:\/\/operacinesistema.lt\/sv\/wp-json\/wp\/v2\/pages"}],"about":[{"href":"https:\/\/operacinesistema.lt\/sv\/wp-json\/wp\/v2\/types\/page"}],"author":[{"embeddable":true,"href":"https:\/\/operacinesistema.lt\/sv\/wp-json\/wp\/v2\/users\/1"}],"replies":[{"embeddable":true,"href":"https:\/\/operacinesistema.lt\/sv\/wp-json\/wp\/v2\/comments?post=4386"}],"version-history":[{"count":3,"href":"https:\/\/operacinesistema.lt\/sv\/wp-json\/wp\/v2\/pages\/4386\/revisions"}],"predecessor-version":[{"id":4390,"href":"https:\/\/operacinesistema.lt\/sv\/wp-json\/wp\/v2\/pages\/4386\/revisions\/4390"}],"wp:attachment":[{"href":"https:\/\/operacinesistema.lt\/sv\/wp-json\/wp\/v2\/media?parent=4386"}],"curies":[{"name":"wp","href":"https:\/\/api.w.org\/{rel}","templated":true}]}}