{"id":6329,"date":"2026-04-12T10:33:00","date_gmt":"2026-04-12T10:33:00","guid":{"rendered":"https:\/\/operacinesistema.lt\/?post_type=product&#038;p=6329"},"modified":"2026-04-12T10:33:36","modified_gmt":"2026-04-12T10:33:36","slug":"windows-10-pro-key-global-retail","status":"publish","type":"product","link":"https:\/\/operacinesistema.lt\/ru\/%d0%bf%d1%80%d0%be%d0%b4%d1%83%d0%ba%d1%82\/windows-10-pro-key-global-retail\/","title":{"rendered":"Microsoft Windows 10 Pro Key GLOBAL (Retail)"},"content":{"rendered":"<p><strong style=\"letter-spacing: 0px;\">Microsoft Windows 10 Pro (\u0433\u043b\u043e\u0431\u0430\u043b\u044c\u043d\u0430\u044f \u0440\u043e\u0437\u043d\u0438\u0447\u043d\u0430\u044f \u043f\u0440\u043e\u0434\u0430\u0436\u0430)<\/strong><span style=\"letter-spacing: 0px;\"> \u044d\u0442\u043e \u0441\u043e\u0432\u0440\u0435\u043c\u0435\u043d\u043d\u0430\u044f \u043e\u043f\u0435\u0440\u0430\u0446\u0438\u043e\u043d\u043d\u0430\u044f \u0441\u0438\u0441\u0442\u0435\u043c\u0430, \u0441\u043e\u0437\u0434\u0430\u043d\u043d\u0430\u044f \u0434\u043b\u044f \u043c\u0430\u043a\u0441\u0438\u043c\u0430\u043b\u044c\u043d\u043e\u0439 \u044d\u0444\u0444\u0435\u043a\u0442\u0438\u0432\u043d\u043e\u0441\u0442\u0438, \u0431\u0435\u0437\u043e\u043f\u0430\u0441\u043d\u043e\u0441\u0442\u0438 \u0438 \u0433\u0438\u0431\u043a\u043e\u0441\u0442\u0438. \u041e\u043d\u0430 \u044f\u0432\u043b\u044f\u0435\u0442\u0441\u044f \u043e\u0444\u0438\u0446\u0438\u0430\u043b\u044c\u043d\u043e\u0439 <\/span><strong style=\"letter-spacing: 0px;\">Retail \u0432\u0435\u0440\u0441\u0438\u044f<\/strong><span style=\"letter-spacing: 0px;\"> \u0432\u0435\u0440\u0441\u0438\u044f, \u043a\u043e\u0442\u043e\u0440\u0430\u044f \u043f\u0440\u0435\u0434\u043b\u0430\u0433\u0430\u0435\u0442 \u0431\u043e\u043b\u044c\u0448\u0435 \u0441\u0432\u043e\u0431\u043e\u0434\u044b, \u0447\u0435\u043c \u0441\u0442\u0430\u043d\u0434\u0430\u0440\u0442\u043d\u0430\u044f OEM-\u0432\u0435\u0440\u0441\u0438\u044f, \u0438 <\/span><strong style=\"letter-spacing: 0px;\">\u0413\u043b\u043e\u0431\u0430\u043b\u044c\u043d\u0430\u044f<\/strong><span style=\"letter-spacing: 0px;\"> \u0421\u0442\u0430\u0442\u0443\u0441 \u043e\u0431\u0435\u0441\u043f\u0435\u0447\u0438\u0432\u0430\u0435\u0442 \u0440\u0430\u0431\u043e\u0442\u0443 \u0432 \u043b\u044e\u0431\u043e\u043c \u0440\u0435\u0433\u0438\u043e\u043d\u0435 \u0431\u0435\u0437 \u043e\u0433\u0440\u0430\u043d\u0438\u0447\u0435\u043d\u0438\u0439.<\/span><\/p>\n<div class=\"win11-description-container\">\n<div class=\"digital-notice-box\">\n<p style=\"margin: 0;\"><strong>\u2139\ufe0f \u0412\u0410\u0416\u041d\u041e: \u0426\u0438\u0444\u0440\u043e\u0432\u043e\u0439 \u043f\u0440\u043e\u0434\u0443\u043a\u0442.<\/strong><br \/>\n\u0412\u044b \u043f\u043e\u043a\u0443\u043f\u0430\u0435\u0442\u0435 \u043a\u043b\u044e\u0447 \u0430\u043a\u0442\u0438\u0432\u0430\u0446\u0438\u0438 (Key). \u041d\u0438\u043a\u0430\u043a\u0438\u0445 \u0444\u0438\u0437\u0438\u0447\u0435\u0441\u043a\u0438\u0445 \u043d\u043e\u0441\u0438\u0442\u0435\u043b\u0435\u0439 (USB\/DVD) \u043d\u0435 \u0432\u044b\u0441\u044b\u043b\u0430\u0435\u0442\u0441\u044f. \u041a\u043e\u0434 \u0438 \u0438\u043d\u0441\u0442\u0440\u0443\u043a\u0446\u0438\u0438 \u043f\u0440\u0435\u0434\u043e\u0441\u0442\u0430\u0432\u043b\u044f\u044e\u0442\u0441\u044f \u043f\u043e \u044d\u043b\u0435\u043a\u0442\u0440\u043e\u043d\u043d\u043e\u0439 \u043f\u043e\u0447\u0442\u0435 \u0441\u0440\u0430\u0437\u0443 \u043f\u043e\u0441\u043b\u0435 \u043e\u043f\u043b\u0430\u0442\u044b.<\/p>\n<\/div>\n<h2>\u041f\u043e\u0447\u0435\u043c\u0443 \u0441\u0442\u043e\u0438\u0442 \u0432\u044b\u0431\u0440\u0430\u0442\u044c Windows 10 Pro Retail?<\/h2>\n<ul class=\"win11-features-list\">\n<li><strong>\u041f\u0440\u0435\u0438\u043c\u0443\u0449\u0435\u0441\u0442\u0432\u0430 \u043b\u0438\u0446\u0435\u043d\u0437\u0438\u0438 \u043d\u0430 \u0440\u043e\u0437\u043d\u0438\u0447\u043d\u0443\u044e \u0442\u043e\u0440\u0433\u043e\u0432\u043b\u044e:<\/strong> \u0412 \u043e\u0442\u043b\u0438\u0447\u0438\u0435 \u043e\u0442 OEM, \u0440\u043e\u0437\u043d\u0438\u0447\u043d\u0430\u044f \u043b\u0438\u0446\u0435\u043d\u0437\u0438\u044f \u043d\u0435 \u201e\u043f\u0440\u0438\u0432\u044f\u0437\u0430\u043d\u0430\u201c \u043a \u043e\u0434\u043d\u043e\u0439 \u043c\u0430\u0442\u0435\u0440\u0438\u043d\u0441\u043a\u043e\u0439 \u043f\u043b\u0430\u0442\u0435 \u043d\u0430\u0432\u0441\u0435\u0433\u0434\u0430. \u0415\u0435 \u043c\u043e\u0436\u043d\u043e \u043f\u0435\u0440\u0435\u043d\u0435\u0441\u0442\u0438 \u043d\u0430 \u0434\u0440\u0443\u0433\u043e\u0439 \u043a\u043e\u043c\u043f\u044c\u044e\u0442\u0435\u0440 \u0432 \u0440\u0430\u043c\u043a\u0430\u0445 \u043e\u0431\u043d\u043e\u0432\u043b\u0435\u043d\u0438\u044f \u043e\u0431\u043e\u0440\u0443\u0434\u043e\u0432\u0430\u043d\u0438\u044f, \u0435\u0441\u043b\u0438 \u044d\u0442\u043e \u043f\u0440\u0435\u0434\u0443\u0441\u043c\u043e\u0442\u0440\u0435\u043d\u043e \u043f\u0440\u0430\u0432\u0438\u043b\u0430\u043c\u0438 Microsoft.<\/li>\n<li><strong>\u0413\u043b\u043e\u0431\u0430\u043b\u044c\u043d\u0430\u044f \u0432\u0435\u0440\u0441\u0438\u044f (Region Free):<\/strong> \u041a\u043b\u044e\u0447 \u0430\u043a\u0442\u0438\u0432\u0430\u0446\u0438\u0438 \u043d\u0435 \u0438\u043c\u0435\u0435\u0442 \u0433\u0435\u043e\u0433\u0440\u0430\u0444\u0438\u0447\u0435\u0441\u043a\u0438\u0445 \u043e\u0433\u0440\u0430\u043d\u0438\u0447\u0435\u043d\u0438\u0439. \u0412\u044b \u043c\u043e\u0436\u0435\u0442\u0435 \u0438\u0441\u043f\u043e\u043b\u044c\u0437\u043e\u0432\u0430\u0442\u044c \u0435\u0433\u043e \u0432 \u041b\u0438\u0442\u0432\u0435 \u0438\u043b\u0438 \u043b\u044e\u0431\u043e\u0439 \u0434\u0440\u0443\u0433\u043e\u0439 \u0441\u0442\u0440\u0430\u043d\u0435 \u043c\u0438\u0440\u0430.<\/li>\n<li><strong>\u0421\u043e\u0432\u0440\u0435\u043c\u0435\u043d\u043d\u044b\u0439 \u0434\u0438\u0437\u0430\u0439\u043d:<\/strong> \u041d\u043e\u0432\u043e\u0435 \u043c\u0435\u043d\u044e \u201e\u041f\u0443\u0441\u043a\u201c, \u0437\u0430\u043a\u0440\u0443\u0433\u043b\u0435\u043d\u043d\u044b\u0435 \u0443\u0433\u043b\u044b \u043e\u043a\u043e\u043d \u0438 \u043f\u043b\u0430\u0432\u043d\u0430\u044f \u0430\u043d\u0438\u043c\u0430\u0446\u0438\u044f \u043e\u0431\u0435\u0441\u043f\u0435\u0447\u0438\u0432\u0430\u044e\u0442 \u044d\u0441\u0442\u0435\u0442\u0438\u0447\u0435\u0441\u043a\u0438 \u043f\u0440\u0438\u044f\u0442\u043d\u0443\u044e \u0438 \u0443\u0434\u043e\u0431\u043d\u0443\u044e \u0440\u0430\u0431\u043e\u0447\u0443\u044e \u0441\u0440\u0435\u0434\u0443.<\/li>\n<li><strong>\u0411\u0435\u0437\u043e\u043f\u0430\u0441\u043d\u043e\u0441\u0442\u044c \u0431\u0438\u0437\u043d\u0435\u0441-\u043a\u043b\u0430\u0441\u0441\u0430:<\/strong> \u0418\u043d\u0442\u0435\u0433\u0440\u0430\u0446\u0438\u044f \u0432 <em>BitLocker<\/em> \u0448\u0438\u0444\u0440\u043e\u0432\u0430\u043d\u0438\u0435, <em>Windows Hello<\/em> \u0411\u0438\u043e\u043c\u0435\u0442\u0440\u0438\u0447\u0435\u0441\u043a\u0430\u044f \u0437\u0430\u0449\u0438\u0442\u0430 \u0438 \u043f\u043e\u0434\u0434\u0435\u0440\u0436\u043a\u0430 TPM 2.0 \u043e\u0431\u0435\u0441\u043f\u0435\u0447\u0438\u0432\u0430\u044e\u0442 \u043c\u0430\u043a\u0441\u0438\u043c\u0430\u043b\u044c\u043d\u0443\u044e \u0431\u0435\u0437\u043e\u043f\u0430\u0441\u043d\u043e\u0441\u0442\u044c \u0434\u0430\u043d\u043d\u044b\u0445.<\/li>\n<li><strong>\u0412\u0438\u0440\u0442\u0443\u0430\u043b\u0438\u0437\u0430\u0446\u0438\u044f \u0438 \u0440\u0430\u0431\u043e\u0442\u0430:<\/strong> \u041f\u043e\u043b\u043d\u044b\u0439 <em>Hyper-V<\/em>, <em>\u0423\u0434\u0430\u043b\u0435\u043d\u043d\u044b\u0439 \u0440\u0430\u0431\u043e\u0447\u0438\u0439 \u0441\u0442\u043e\u043b<\/em> \u0438 <em>\u041f\u0435\u0441\u043e\u0447\u043d\u0438\u0446\u0430<\/em> \u041f\u0440\u043e\u0444\u0435\u0441\u0441\u0438\u043e\u043d\u0430\u043b\u044c\u043d\u0430\u044f \u043f\u043e\u0434\u0434\u0435\u0440\u0436\u043a\u0430.<\/li>\n<li><strong>\u0427\u0438\u0441\u0442\u043e\u0435 \u0440\u0430\u0437\u0432\u0435\u0440\u0442\u044b\u0432\u0430\u043d\u0438\u0435:<\/strong> \u0418\u0441\u043f\u043e\u043b\u044c\u0437\u0443\u044f \u043e\u0444\u0438\u0446\u0438\u0430\u043b\u044c\u043d\u044b\u0439 \u0438\u043d\u0441\u0442\u0440\u0443\u043c\u0435\u043d\u0442 Microsoft Media Creation Tool, \u0432\u044b \u0443\u0441\u0442\u0430\u043d\u043e\u0432\u0438\u0442\u0435 \u0447\u0438\u0441\u0442\u0443\u044e \u0441\u0438\u0441\u0442\u0435\u043c\u0443 \u0431\u0435\u0437 \u043d\u0435\u043d\u0443\u0436\u043d\u043e\u0433\u043e \u201e\u0440\u0430\u0437\u0434\u0443\u0442\u043e\u0433\u043e\u201c \u041f\u041e.<\/li>\n<\/ul>\n<h2>\u0422\u0435\u0445\u043d\u0438\u0447\u0435\u0441\u043a\u0430\u044f \u0438\u043d\u0444\u043e\u0440\u043c\u0430\u0446\u0438\u044f<\/h2>\n<table class=\"specs-table\">\n<tbody>\n<tr>\n<th>\u041f\u0440\u043e\u0434\u0443\u043a\u0442<\/th>\n<td>Microsoft Windows 10 Pro Key GLOBAL (Retail)<\/td>\n<\/tr>\n<tr>\n<th>\u0422\u0438\u043f \u043b\u0438\u0446\u0435\u043d\u0437\u0438\u0438<\/th>\n<td>\u0426\u0438\u0444\u0440\u043e\u0432\u043e\u0439 (ESD), 1 \u041f\u041a<\/td>\n<\/tr>\n<tr>\n<th>\u0410\u0440\u0445\u0438\u0442\u0435\u043a\u0442\u0443\u0440\u0430<\/th>\n<td>64-\u0431\u0438\u0442<\/td>\n<\/tr>\n<tr>\n<th>\u0412\u0430\u043b\u0438\u0434\u043d\u043e\u0441\u0442\u044c<\/th>\n<td>\u0411\u0435\u0441\u0441\u0440\u043e\u0447\u043d\u043e (\u043f\u043e\u0436\u0438\u0437\u043d\u0435\u043d\u043d\u043e)<\/td>\n<\/tr>\n<tr>\n<th>\u042f\u0437\u044b\u043a<\/th>\n<td>\u041c\u0443\u043b\u044c\u0442\u0438\u044f\u0437\u044b\u0447\u043d\u043e\u0441\u0442\u044c (\u0432\u0441\u0435 \u044f\u0437\u044b\u043a\u0438, \u0432\u043a\u043b\u044e\u0447\u0430\u044f \u043b\u0438\u0442\u043e\u0432\u0441\u043a\u0438\u0439)<\/td>\n<\/tr>\n<\/tbody>\n<\/table>\n<h2>\u041c\u0438\u043d\u0438\u043c\u0430\u043b\u044c\u043d\u044b\u0435 \u0441\u0438\u0441\u0442\u0435\u043c\u043d\u044b\u0435 \u0442\u0440\u0435\u0431\u043e\u0432\u0430\u043d\u0438\u044f<\/h2>\n<p style=\"font-size: 0.9em; color: #666; margin-bottom: 15px;\">\u041f\u0435\u0440\u0435\u0434 \u043f\u043e\u043a\u0443\u043f\u043a\u043e\u0439 \u0443\u0431\u0435\u0434\u0438\u0442\u0435\u0441\u044c, \u0447\u0442\u043e \u0432\u0430\u0448\u0435 \u0443\u0441\u0442\u0440\u043e\u0439\u0441\u0442\u0432\u043e \u0441\u043e\u043e\u0442\u0432\u0435\u0442\u0441\u0442\u0432\u0443\u0435\u0442 \u044d\u0442\u0438\u043c \u0442\u0440\u0435\u0431\u043e\u0432\u0430\u043d\u0438\u044f\u043c:<\/p>\n<div class=\"req-grid\">\n<div class=\"req-item\"><strong>\u041f\u0440\u043e\u0446\u0435\u0441\u0441\u043e\u0440<\/strong><br \/>\n1 \u0413\u0413\u0446, 2 \u044f\u0434\u0440\u0430, 64-\u0431\u0438\u0442\u043d\u0430\u044f \u0441\u043e\u0432\u043c\u0435\u0441\u0442\u0438\u043c\u043e\u0441\u0442\u044c<\/div>\n<div class=\"req-item\"><strong>\u041e\u043f\u0435\u0440\u0430\u0442\u0438\u0432\u043d\u0430\u044f \u043f\u0430\u043c\u044f\u0442\u044c (\u043f\u0430\u043c\u044f\u0442\u044c)<\/strong><br \/>\n4 \u0413\u0411 \u0438\u043b\u0438 \u0431\u043e\u043b\u0435\u0435<\/div>\n<div class=\"req-item\"><strong>\u0420\u0435\u043f\u043e\u0437\u0438\u0442\u043e\u0440\u0438\u0439<\/strong><br \/>\n64 \u0413\u0411 \u0441\u0432\u043e\u0431\u043e\u0434\u043d\u043e\u0433\u043e \u043c\u0435\u0441\u0442\u0430<\/div>\n<div class=\"req-item\"><strong>\u0411\u0435\u0437\u043e\u043f\u0430\u0441\u043d\u043e\u0441\u0442\u044c<\/strong><br \/>\nTPM 2.0, \u043f\u043e\u0434\u0434\u0435\u0440\u0436\u043a\u0430 \u0431\u0435\u0437\u043e\u043f\u0430\u0441\u043d\u043e\u0439 \u0437\u0430\u0433\u0440\u0443\u0437\u043a\u0438<\/div>\n<div class=\"req-item\"><strong>\u0413\u0440\u0430\u0444\u0438\u043a\u0430<\/strong><br \/>\nDirectX 12 \/ WDDM 2.0<\/div>\n<div class=\"req-item\"><strong>\u042d\u043a\u0440\u0430\u043d<\/strong><br \/>\n9\u2033 \u043c\u0438\u043d, \u0440\u0430\u0437\u0440\u0435\u0448\u0435\u043d\u0438\u0435 720p<\/div>\n<\/div>\n<div style=\"margin-top: 40px; border-top: 1px solid #eee; padding-top: 20px;\">\n<h3>\ud83d\udce6 \u0427\u0442\u043e \u0432\u044b \u043f\u043e\u043b\u0443\u0447\u0430\u0435\u0442\u0435, \u043a\u043e\u0433\u0434\u0430 \u043f\u043e\u043a\u0443\u043f\u0430\u0435\u0442\u0435?<\/h3>\n<ul style=\"list-style-type: circle; padding-left: 20px;\">\n<li>1 x \u043e\u0440\u0438\u0433\u0438\u043d\u0430\u043b <strong>Windows 10 Pro Retail<\/strong> \u041a\u043e\u0434 \u0430\u043a\u0442\u0438\u0432\u0430\u0446\u0438\u0438 (XXXXX-XXXXX-XXXXX-XXXXX-XXXXX-XXXXX).<\/li>\n<li>\u0421\u0441\u044b\u043b\u043a\u0430 \u043d\u0430 \u043e\u0444\u0438\u0446\u0438\u0430\u043b\u044c\u043d\u044b\u0439 \u0441\u0430\u0439\u0442 Microsoft \u0434\u043b\u044f \u0437\u0430\u0433\u0440\u0443\u0437\u043a\u0438 \u0443\u0441\u0442\u0430\u043d\u043e\u0432\u043e\u0447\u043d\u044b\u0445 \u0444\u0430\u0439\u043b\u043e\u0432.<\/li>\n<li>\u041a\u0440\u0430\u0442\u043a\u0438\u0435 \u0438\u043d\u0441\u0442\u0440\u0443\u043a\u0446\u0438\u0438 \u043f\u043e \u0430\u043a\u0442\u0438\u0432\u0430\u0446\u0438\u0438.<\/li>\n<\/ul>\n<\/div>\n<\/div>","protected":false},"excerpt":{"rendered":"<ul style=\"list-style: none; padding: 0; margin: 0;\">\n<li style=\"display: flex; align-items: center; gap: 8px; font-family: 'Jost', sans-serif; font-size: 14px; font-weight: 400; color: #ffffff; line-height: 1.2; margin-bottom: 8px;\"><img decoding=\"async\" style=\"display: block; flex-shrink: 0;\" src=\"https:\/\/operacinesistema.lt\/wp-content\/uploads\/2026\/03\/Official-product-3.png\" alt=\"\" width=\"25\" height=\"25\" \/>\n<div>\u041e\u0444\u0438\u0446\u0438\u0430\u043b\u044c\u043d\u044b\u0439 \u043b\u0438\u0446\u0435\u043d\u0437\u0438\u043e\u043d\u043d\u044b\u0439 \u043a\u043b\u044e\u0447<\/div>\n<\/li>\n<li style=\"display: flex; align-items: center; gap: 8px; font-family: 'Jost', sans-serif; font-size: 14px; font-weight: 400; color: #ffffff; line-height: 1.2; margin-bottom: 8px;\"><img decoding=\"async\" style=\"display: block; flex-shrink: 0;\" src=\"https:\/\/operacinesistema.lt\/wp-content\/uploads\/2026\/03\/Multilingual-1.png\" alt=\"\" width=\"25\" height=\"25\" \/>\n<div>\u0412\u044b\u0431\u043e\u0440 \u0432\u0441\u0435\u0445 \u044f\u0437\u044b\u043a\u043e\u0432<\/div>\n<\/li>\n<li style=\"display: flex; align-items: center; gap: 8px; font-family: 'Jost', sans-serif; font-size: 14px; font-weight: 400; color: #ffffff; line-height: 1.2; margin-bottom: 8px;\"><img decoding=\"async\" style=\"display: block; flex-shrink: 0;\" src=\"https:\/\/operacinesistema.lt\/wp-content\/uploads\/2026\/03\/Instant-delivery-3.png\" alt=\"\" width=\"25\" height=\"25\" \/>\n<div>\u041c\u0433\u043d\u043e\u0432\u0435\u043d\u043d\u0430\u044f \u0434\u043e\u0441\u0442\u0430\u0432\u043a\u0430 24\/7<\/div>\n<\/li>\n<li style=\"display: flex; align-items: center; gap: 8px; font-family: 'Jost', sans-serif; font-size: 14px; font-weight: 400; color: #ffffff; line-height: 1.2;\"><img loading=\"lazy\" decoding=\"async\" style=\"display: block; flex-shrink: 0;\" src=\"https:\/\/operacinesistema.lt\/wp-content\/uploads\/2026\/03\/Money-back-guarantee.png\" alt=\"\" width=\"25\" height=\"25\" \/>\n<div>\u0413\u0430\u0440\u0430\u043d\u0442\u0438\u044f \u0432\u043e\u0437\u0432\u0440\u0430\u0442\u0430 \u0434\u0435\u043d\u0435\u0433<\/div>\n<\/li>\n<\/ul>","protected":false},"featured_media":4547,"template":"","meta":[],"product_brand":[],"product_cat":[140],"product_tag":[],"class_list":{"0":"post-6329","1":"product","2":"type-product","3":"status-publish","4":"has-post-thumbnail","6":"product_cat-skaitmenines-operacines-sistemos","8":"first","9":"instock","10":"sale","11":"featured","12":"virtual","13":"purchasable","14":"product-type-simple"},"yoast_head":"<!-- This site is optimized with the Yoast SEO plugin v27.3 - https:\/\/yoast.com\/product\/yoast-seo-wordpress\/ -->\n<title>Microsoft Windows 10 Pro Key GLOBAL (Retail) - operacinesistema.lt<\/title>\n<meta name=\"description\" content=\"\u012esigykite originali\u0105 Windows 10 Pro licencij\u0105 (skaitmeninis raktas) u\u017e puiki\u0105 kain\u0105! Greitas aktyvavimas, patikima licencija ir visi profesional\u016bs \u012frankiai.\" \/>\n<meta name=\"robots\" content=\"index, follow, max-snippet:-1, max-image-preview:large, max-video-preview:-1\" \/>\n<link rel=\"canonical\" href=\"https:\/\/operacinesistema.lt\/ru\/\u043f\u0440\u043e\u0434\u0443\u043a\u0442\/windows-10-pro-key-global-retail\/\" \/>\n<meta property=\"og:locale\" content=\"ru_RU\" \/>\n<meta property=\"og:type\" content=\"article\" \/>\n<meta property=\"og:title\" content=\"Microsoft Windows 10 Pro Key GLOBAL (Retail) - operacinesistema.lt\" \/>\n<meta property=\"og:description\" content=\"\u012esigykite originali\u0105 Windows 10 Pro licencij\u0105 (skaitmeninis raktas) u\u017e puiki\u0105 kain\u0105! Greitas aktyvavimas, patikima licencija ir visi profesional\u016bs \u012frankiai.\" \/>\n<meta property=\"og:url\" content=\"https:\/\/operacinesistema.lt\/ru\/\u043f\u0440\u043e\u0434\u0443\u043a\u0442\/windows-10-pro-key-global-retail\/\" \/>\n<meta property=\"og:site_name\" content=\"operacinesistema.lt\" \/>\n<meta property=\"article:modified_time\" content=\"2026-04-12T10:33:36+00:00\" \/>\n<meta property=\"og:image\" content=\"https:\/\/operacinesistema.lt\/wp-content\/uploads\/2024\/11\/Fizinis-produktas-12.png\" \/>\n\t<meta property=\"og:image:width\" content=\"1000\" \/>\n\t<meta property=\"og:image:height\" content=\"1000\" \/>\n\t<meta property=\"og:image:type\" content=\"image\/png\" \/>\n<meta name=\"twitter:card\" content=\"summary_large_image\" \/>\n<meta name=\"twitter:label1\" content=\"\u041f\u0440\u0438\u043c\u0435\u0440\u043d\u043e\u0435 \u0432\u0440\u0435\u043c\u044f \u0434\u043b\u044f \u0447\u0442\u0435\u043d\u0438\u044f\" \/>\n\t<meta name=\"twitter:data1\" content=\"2 \u043c\u0438\u043d\u0443\u0442\u044b\" \/>\n<script type=\"application\/ld+json\" class=\"yoast-schema-graph\">{\"@context\":\"https:\\\/\\\/schema.org\",\"@graph\":[{\"@type\":\"WebPage\",\"@id\":\"https:\\\/\\\/operacinesistema.lt\\\/product\\\/windows-10-pro-key-global-retail\\\/\",\"url\":\"https:\\\/\\\/operacinesistema.lt\\\/product\\\/windows-10-pro-key-global-retail\\\/\",\"name\":\"Microsoft Windows 10 Pro Key GLOBAL (Retail) - operacinesistema.lt\",\"isPartOf\":{\"@id\":\"https:\\\/\\\/operacinesistema.lt\\\/#website\"},\"primaryImageOfPage\":{\"@id\":\"https:\\\/\\\/operacinesistema.lt\\\/product\\\/windows-10-pro-key-global-retail\\\/#primaryimage\"},\"image\":{\"@id\":\"https:\\\/\\\/operacinesistema.lt\\\/product\\\/windows-10-pro-key-global-retail\\\/#primaryimage\"},\"thumbnailUrl\":\"https:\\\/\\\/operacinesistema.lt\\\/wp-content\\\/uploads\\\/2024\\\/11\\\/Fizinis-produktas-12.png\",\"datePublished\":\"2026-04-12T10:33:00+00:00\",\"dateModified\":\"2026-04-12T10:33:36+00:00\",\"description\":\"\u012esigykite originali\u0105 Windows 10 Pro licencij\u0105 (skaitmeninis raktas) u\u017e puiki\u0105 kain\u0105! Greitas aktyvavimas, patikima licencija ir visi profesional\u016bs \u012frankiai.\",\"breadcrumb\":{\"@id\":\"https:\\\/\\\/operacinesistema.lt\\\/product\\\/windows-10-pro-key-global-retail\\\/#breadcrumb\"},\"inLanguage\":\"ru-RU\",\"potentialAction\":[{\"@type\":\"ReadAction\",\"target\":[\"https:\\\/\\\/operacinesistema.lt\\\/product\\\/windows-10-pro-key-global-retail\\\/\"]}]},{\"@type\":\"ImageObject\",\"inLanguage\":\"ru-RU\",\"@id\":\"https:\\\/\\\/operacinesistema.lt\\\/product\\\/windows-10-pro-key-global-retail\\\/#primaryimage\",\"url\":\"https:\\\/\\\/operacinesistema.lt\\\/wp-content\\\/uploads\\\/2024\\\/11\\\/Fizinis-produktas-12.png\",\"contentUrl\":\"https:\\\/\\\/operacinesistema.lt\\\/wp-content\\\/uploads\\\/2024\\\/11\\\/Fizinis-produktas-12.png\",\"width\":1000,\"height\":1000,\"caption\":\"Windows 10 Pro USB 32\\\/64-Bit operacin\u0117 sistema\"},{\"@type\":\"BreadcrumbList\",\"@id\":\"https:\\\/\\\/operacinesistema.lt\\\/product\\\/windows-10-pro-key-global-retail\\\/#breadcrumb\",\"itemListElement\":[{\"@type\":\"ListItem\",\"position\":1,\"name\":\"Home\",\"item\":\"https:\\\/\\\/operacinesistema.lt\\\/\"},{\"@type\":\"ListItem\",\"position\":2,\"name\":\"Parduotuv\u0117\",\"item\":\"https:\\\/\\\/operacinesistema.lt\\\/parduotuve\\\/\"},{\"@type\":\"ListItem\",\"position\":3,\"name\":\"Microsoft Windows 10 Pro Key GLOBAL (Retail)\"}]},{\"@type\":\"WebSite\",\"@id\":\"https:\\\/\\\/operacinesistema.lt\\\/#website\",\"url\":\"https:\\\/\\\/operacinesistema.lt\\\/\",\"name\":\"operacinesistema.lt\",\"description\":\"Originali operacin\u0117 sistema\",\"potentialAction\":[{\"@type\":\"SearchAction\",\"target\":{\"@type\":\"EntryPoint\",\"urlTemplate\":\"https:\\\/\\\/operacinesistema.lt\\\/?s={search_term_string}\"},\"query-input\":{\"@type\":\"PropertyValueSpecification\",\"valueRequired\":true,\"valueName\":\"search_term_string\"}}],\"inLanguage\":\"ru-RU\"}]}<\/script>\n<!-- \/ Yoast SEO plugin. -->","yoast_head_json":{"title":"Microsoft Windows 10 Pro Key GLOBAL (Retail) - operacinesistema.lt","description":"\u041f\u043e\u043b\u0443\u0447\u0438\u0442\u0435 \u043d\u0430\u0441\u0442\u043e\u044f\u0449\u0443\u044e \u043b\u0438\u0446\u0435\u043d\u0437\u0438\u044e Windows 10 Pro (\u0446\u0438\u0444\u0440\u043e\u0432\u043e\u0439 \u043a\u043b\u044e\u0447) \u043f\u043e \u0432\u044b\u0433\u043e\u0434\u043d\u043e\u0439 \u0446\u0435\u043d\u0435! \u0411\u044b\u0441\u0442\u0440\u0430\u044f \u0430\u043a\u0442\u0438\u0432\u0430\u0446\u0438\u044f, \u043d\u0430\u0434\u0435\u0436\u043d\u0430\u044f \u043b\u0438\u0446\u0435\u043d\u0437\u0438\u044f \u0438 \u0432\u0441\u0435 \u043f\u0440\u043e\u0444\u0435\u0441\u0441\u0438\u043e\u043d\u0430\u043b\u044c\u043d\u044b\u0435 \u0438\u043d\u0441\u0442\u0440\u0443\u043c\u0435\u043d\u0442\u044b.","robots":{"index":"index","follow":"follow","max-snippet":"max-snippet:-1","max-image-preview":"max-image-preview:large","max-video-preview":"max-video-preview:-1"},"canonical":"https:\/\/operacinesistema.lt\/ru\/\u043f\u0440\u043e\u0434\u0443\u043a\u0442\/windows-10-pro-key-global-retail\/","og_locale":"ru_RU","og_type":"article","og_title":"Microsoft Windows 10 Pro Key GLOBAL (Retail) - operacinesistema.lt","og_description":"\u012esigykite originali\u0105 Windows 10 Pro licencij\u0105 (skaitmeninis raktas) u\u017e puiki\u0105 kain\u0105! Greitas aktyvavimas, patikima licencija ir visi profesional\u016bs \u012frankiai.","og_url":"https:\/\/operacinesistema.lt\/ru\/\u043f\u0440\u043e\u0434\u0443\u043a\u0442\/windows-10-pro-key-global-retail\/","og_site_name":"operacinesistema.lt","article_modified_time":"2026-04-12T10:33:36+00:00","og_image":[{"width":1000,"height":1000,"url":"https:\/\/operacinesistema.lt\/wp-content\/uploads\/2024\/11\/Fizinis-produktas-12.png","type":"image\/png"}],"twitter_card":"summary_large_image","twitter_misc":{"\u041f\u0440\u0438\u043c\u0435\u0440\u043d\u043e\u0435 \u0432\u0440\u0435\u043c\u044f \u0434\u043b\u044f \u0447\u0442\u0435\u043d\u0438\u044f":"2 \u043c\u0438\u043d\u0443\u0442\u044b"},"schema":{"@context":"https:\/\/schema.org","@graph":[{"@type":"WebPage","@id":"https:\/\/operacinesistema.lt\/product\/windows-10-pro-key-global-retail\/","url":"https:\/\/operacinesistema.lt\/product\/windows-10-pro-key-global-retail\/","name":"Microsoft Windows 10 Pro Key GLOBAL (Retail) - operacinesistema.lt","isPartOf":{"@id":"https:\/\/operacinesistema.lt\/#website"},"primaryImageOfPage":{"@id":"https:\/\/operacinesistema.lt\/product\/windows-10-pro-key-global-retail\/#primaryimage"},"image":{"@id":"https:\/\/operacinesistema.lt\/product\/windows-10-pro-key-global-retail\/#primaryimage"},"thumbnailUrl":"https:\/\/operacinesistema.lt\/wp-content\/uploads\/2024\/11\/Fizinis-produktas-12.png","datePublished":"2026-04-12T10:33:00+00:00","dateModified":"2026-04-12T10:33:36+00:00","description":"\u041f\u043e\u043b\u0443\u0447\u0438\u0442\u0435 \u043d\u0430\u0441\u0442\u043e\u044f\u0449\u0443\u044e \u043b\u0438\u0446\u0435\u043d\u0437\u0438\u044e Windows 10 Pro (\u0446\u0438\u0444\u0440\u043e\u0432\u043e\u0439 \u043a\u043b\u044e\u0447) \u043f\u043e \u0432\u044b\u0433\u043e\u0434\u043d\u043e\u0439 \u0446\u0435\u043d\u0435! \u0411\u044b\u0441\u0442\u0440\u0430\u044f \u0430\u043a\u0442\u0438\u0432\u0430\u0446\u0438\u044f, \u043d\u0430\u0434\u0435\u0436\u043d\u0430\u044f \u043b\u0438\u0446\u0435\u043d\u0437\u0438\u044f \u0438 \u0432\u0441\u0435 \u043f\u0440\u043e\u0444\u0435\u0441\u0441\u0438\u043e\u043d\u0430\u043b\u044c\u043d\u044b\u0435 \u0438\u043d\u0441\u0442\u0440\u0443\u043c\u0435\u043d\u0442\u044b.","breadcrumb":{"@id":"https:\/\/operacinesistema.lt\/product\/windows-10-pro-key-global-retail\/#breadcrumb"},"inLanguage":"ru-RU","potentialAction":[{"@type":"ReadAction","target":["https:\/\/operacinesistema.lt\/product\/windows-10-pro-key-global-retail\/"]}]},{"@type":"ImageObject","inLanguage":"ru-RU","@id":"https:\/\/operacinesistema.lt\/product\/windows-10-pro-key-global-retail\/#primaryimage","url":"https:\/\/operacinesistema.lt\/wp-content\/uploads\/2024\/11\/Fizinis-produktas-12.png","contentUrl":"https:\/\/operacinesistema.lt\/wp-content\/uploads\/2024\/11\/Fizinis-produktas-12.png","width":1000,"height":1000,"caption":"Windows 10 Pro USB 32\/64-Bit operacin\u0117 sistema"},{"@type":"BreadcrumbList","@id":"https:\/\/operacinesistema.lt\/product\/windows-10-pro-key-global-retail\/#breadcrumb","itemListElement":[{"@type":"ListItem","position":1,"name":"Home","item":"https:\/\/operacinesistema.lt\/"},{"@type":"ListItem","position":2,"name":"Parduotuv\u0117","item":"https:\/\/operacinesistema.lt\/parduotuve\/"},{"@type":"ListItem","position":3,"name":"Microsoft Windows 10 Pro Key GLOBAL (Retail)"}]},{"@type":"WebSite","@id":"https:\/\/operacinesistema.lt\/#website","url":"https:\/\/operacinesistema.lt\/","name":"operacinesistema.lt","description":"\u041e\u0440\u0438\u0433\u0438\u043d\u0430\u043b\u044c\u043d\u0430\u044f \u043e\u043f\u0435\u0440\u0430\u0446\u0438\u043e\u043d\u043d\u0430\u044f \u0441\u0438\u0441\u0442\u0435\u043c\u0430","potentialAction":[{"@type":"SearchAction","target":{"@type":"EntryPoint","urlTemplate":"https:\/\/operacinesistema.lt\/?s={search_term_string}"},"query-input":{"@type":"PropertyValueSpecification","valueRequired":true,"valueName":"search_term_string"}}],"inLanguage":"ru-RU"}]}},"_links":{"self":[{"href":"https:\/\/operacinesistema.lt\/ru\/wp-json\/wp\/v2\/product\/6329","targetHints":{"allow":["GET"]}}],"collection":[{"href":"https:\/\/operacinesistema.lt\/ru\/wp-json\/wp\/v2\/product"}],"about":[{"href":"https:\/\/operacinesistema.lt\/ru\/wp-json\/wp\/v2\/types\/product"}],"version-history":[{"count":1,"href":"https:\/\/operacinesistema.lt\/ru\/wp-json\/wp\/v2\/product\/6329\/revisions"}],"predecessor-version":[{"id":6330,"href":"https:\/\/operacinesistema.lt\/ru\/wp-json\/wp\/v2\/product\/6329\/revisions\/6330"}],"wp:featuredmedia":[{"embeddable":true,"href":"https:\/\/operacinesistema.lt\/ru\/wp-json\/wp\/v2\/media\/4547"}],"wp:attachment":[{"href":"https:\/\/operacinesistema.lt\/ru\/wp-json\/wp\/v2\/media?parent=6329"}],"wp:term":[{"taxonomy":"product_brand","embeddable":true,"href":"https:\/\/operacinesistema.lt\/ru\/wp-json\/wp\/v2\/product_brand?post=6329"},{"taxonomy":"product_cat","embeddable":true,"href":"https:\/\/operacinesistema.lt\/ru\/wp-json\/wp\/v2\/product_cat?post=6329"},{"taxonomy":"product_tag","embeddable":true,"href":"https:\/\/operacinesistema.lt\/ru\/wp-json\/wp\/v2\/product_tag?post=6329"}],"curies":[{"name":"wp","href":"https:\/\/api.w.org\/{rel}","templated":true}]}}