{"id":4820,"date":"2025-07-20T07:05:39","date_gmt":"2025-07-20T07:05:39","guid":{"rendered":"https:\/\/operacinesistema.lt\/?page_id=4820"},"modified":"2025-07-20T07:22:53","modified_gmt":"2025-07-20T07:22:53","slug":"rekomendacijos-sistema","status":"publish","type":"page","link":"https:\/\/operacinesistema.lt\/pt\/rekomendacijos-sistema\/","title":{"rendered":"Rekomendacijos sistema"},"content":{"rendered":"<div data-elementor-type=\"wp-page\" data-elementor-id=\"4820\" class=\"elementor elementor-4820\">\n\t\t\t\t<div class=\"elementor-element elementor-element-ad3ed21 e-flex e-con-boxed e-con e-parent\" data-id=\"ad3ed21\" data-element_type=\"container\" data-e-type=\"container\">\n\t\t\t\t\t<div class=\"e-con-inner\">\n\t\t\t\t<div class=\"elementor-element elementor-element-25c7c8b elementor-widget elementor-widget-image\" data-id=\"25c7c8b\" data-element_type=\"widget\" data-e-type=\"widget\" data-widget_type=\"image.default\">\n\t\t\t\t<div class=\"elementor-widget-container\">\n\t\t\t\t\t\t\t\t\t\t\t\t\t\t\t<img fetchpriority=\"high\" decoding=\"async\" width=\"300\" height=\"300\" src=\"https:\/\/operacinesistema.lt\/wp-content\/uploads\/2024\/11\/Fizinis-produktas-7-1-300x300.png\" class=\"attachment-medium size-medium wp-image-4530\" alt=\"Windows 11 Pro ir Windows 10 Pro\" srcset=\"https:\/\/operacinesistema.lt\/wp-content\/uploads\/2024\/11\/Fizinis-produktas-7-1-300x300.png 300w, https:\/\/operacinesistema.lt\/wp-content\/uploads\/2024\/11\/Fizinis-produktas-7-1-150x150.png 150w, https:\/\/operacinesistema.lt\/wp-content\/uploads\/2024\/11\/Fizinis-produktas-7-1-768x768.png 768w, https:\/\/operacinesistema.lt\/wp-content\/uploads\/2024\/11\/Fizinis-produktas-7-1-600x600.png 600w, https:\/\/operacinesistema.lt\/wp-content\/uploads\/2024\/11\/Fizinis-produktas-7-1.png 1000w\" sizes=\"(max-width: 300px) 100vw, 300px\" \/>\t\t\t\t\t\t\t\t\t\t\t\t\t\t\t<\/div>\n\t\t\t\t<\/div>\n\t\t\t\t\t<\/div>\n\t\t\t\t<\/div>\n\t\t<div class=\"elementor-element elementor-element-857611c e-flex e-con-boxed e-con e-parent\" data-id=\"857611c\" data-element_type=\"container\" data-e-type=\"container\">\n\t\t\t\t\t<div class=\"e-con-inner\">\n\t\t\t\t<div class=\"elementor-element elementor-element-99ee916 elementor-widget elementor-widget-heading\" data-id=\"99ee916\" data-element_type=\"widget\" data-e-type=\"widget\" data-widget_type=\"heading.default\">\n\t\t\t\t<div class=\"elementor-widget-container\">\n\t\t\t\t\t<span class=\"elementor-heading-title elementor-size-default\">Vertiname kiekvien\u0105 rekomendacij\u0105 ir maloniai kvie\u010diame rekomenduoti m\u016bs\u0173 paslaugas savo draugams! U\u017e s\u0117kming\u0105 rekomendacij\u0105 atsid\u0117kosime dovan\u0173 kuponu, kadangi J\u016bs\u0173 atsiliepimas \u2013 tai m\u016bs\u0173 vizitin\u0117 kortel\u0117.<\/span>\t\t\t\t<\/div>\n\t\t\t\t<\/div>\n\t\t\t\t\t<\/div>\n\t\t\t\t<\/div>\n\t\t<div class=\"elementor-element elementor-element-74dbecc e-flex e-con-boxed e-con e-parent\" data-id=\"74dbecc\" data-element_type=\"container\" data-e-type=\"container\">\n\t\t\t\t\t<div class=\"e-con-inner\">\n\t\t\t\t<div class=\"elementor-element elementor-element-de4e04d elementor-widget elementor-widget-heading\" data-id=\"de4e04d\" data-element_type=\"widget\" data-e-type=\"widget\" data-widget_type=\"heading.default\">\n\t\t\t\t<div class=\"elementor-widget-container\">\n\t\t\t\t\t<h2 class=\"elementor-heading-title elementor-size-default\">Kaip tai veikia?<\/h2>\t\t\t\t<\/div>\n\t\t\t\t<\/div>\n\t\t\t\t<div class=\"elementor-element elementor-element-1327e6b e-n-tabs-mobile elementor-widget elementor-widget-n-tabs\" data-id=\"1327e6b\" data-element_type=\"widget\" data-e-type=\"widget\" data-settings=\"{&quot;horizontal_scroll&quot;:&quot;disable&quot;}\" data-widget_type=\"nested-tabs.default\">\n\t\t\t\t<div class=\"elementor-widget-container\">\n\t\t\t\t\t\t\t<div class=\"e-n-tabs\" data-widget-number=\"20086379\" aria-label=\"Schede. Apri gli elementi con Invio o Spazio, chiudili con Esc e naviga con i tasti freccia.\" data-no-translation-aria-label=\"\">\n\t\t\t<div class=\"e-n-tabs-heading\" role=\"tablist\">\n\t\t\t\t\t<button id=\"e-n-tab-title-200863791\" data-tab-title-id=\"e-n-tab-title-200863791\" class=\"e-n-tab-title\" aria-selected=\"true\" data-tab-index=\"1\" role=\"tab\" tabindex=\"0\" aria-controls=\"e-n-tab-content-200863791\" style=\"--n-tabs-title-order: 1;\">\n\t\t\t\t\t\t<span class=\"e-n-tab-title-text\">\n\t\t\t\t1.\t\t\t<\/span>\n\t\t<\/button>\n\t\t\t\t<button id=\"e-n-tab-title-200863792\" data-tab-title-id=\"e-n-tab-title-200863792\" class=\"e-n-tab-title\" aria-selected=\"false\" data-tab-index=\"2\" role=\"tab\" tabindex=\"-1\" aria-controls=\"e-n-tab-content-200863792\" style=\"--n-tabs-title-order: 2;\">\n\t\t\t\t\t\t<span class=\"e-n-tab-title-text\">\n\t\t\t\t2.\t\t\t<\/span>\n\t\t<\/button>\n\t\t\t\t<button id=\"e-n-tab-title-200863793\" data-tab-title-id=\"e-n-tab-title-200863793\" class=\"e-n-tab-title\" aria-selected=\"false\" data-tab-index=\"3\" role=\"tab\" tabindex=\"-1\" aria-controls=\"e-n-tab-content-200863793\" style=\"--n-tabs-title-order: 3;\">\n\t\t\t\t\t\t<span class=\"e-n-tab-title-text\">\n\t\t\t\t3.\t\t\t<\/span>\n\t\t<\/button>\n\t\t\t\t\t<\/div>\n\t\t\t<div class=\"e-n-tabs-content\">\n\t\t\t\t<div id=\"e-n-tab-content-200863791\" role=\"tabpanel\" aria-labelledby=\"e-n-tab-title-200863791\" data-tab-index=\"1\" style=\"--n-tabs-title-order: 1;\" class=\"e-active elementor-element elementor-element-5f68432 e-con-full e-flex e-con e-child\" data-id=\"5f68432\" data-element_type=\"container\" data-e-type=\"container\">\n\t\t\t\t<div class=\"elementor-element elementor-element-4bfff8c elementor-widget elementor-widget-heading\" data-id=\"4bfff8c\" data-element_type=\"widget\" data-e-type=\"widget\" data-widget_type=\"heading.default\">\n\t\t\t\t<div class=\"elementor-widget-container\">\n\t\t\t\t\t<span class=\"elementor-heading-title elementor-size-default\">Turite pa\u017eystam\u0173, kurie domisi kompiuteriais ar tiesiog nor\u0117t\u0173 \u012fsigyti operacin\u0119 sistem\u0105? Maloniai kvie\u010diame rekomenduoti m\u016bs\u0173 puslap\u012f (operacinesistema.lt) savo draugams ar pa\u017eystamiems.<\/span>\t\t\t\t<\/div>\n\t\t\t\t<\/div>\n\t\t\t\t<\/div>\n\t\t<div id=\"e-n-tab-content-200863792\" role=\"tabpanel\" aria-labelledby=\"e-n-tab-title-200863792\" data-tab-index=\"2\" style=\"--n-tabs-title-order: 2;\" class=\"elementor-element elementor-element-aa9121c e-con-full e-flex e-con e-child\" data-id=\"aa9121c\" data-element_type=\"container\" data-e-type=\"container\">\n\t\t\t\t<div class=\"elementor-element elementor-element-2e9e49b elementor-widget elementor-widget-heading\" data-id=\"2e9e49b\" data-element_type=\"widget\" data-e-type=\"widget\" data-widget_type=\"heading.default\">\n\t\t\t\t<div class=\"elementor-widget-container\">\n\t\t\t\t\t<span class=\"elementor-heading-title elementor-size-default\">Asmuo nori \u012fsigyti operacin\u0119 sistem\u0105 su J\u016bs\u0173 rekomendacija? Puiku, tereikia, kad susidom\u0117j\u0119s asmuo pamin\u0117t\u0173 J\u016bs\u0173 kontaktus \"pastabose\" pateikiant u\u017esakym\u0105.<\/span>\t\t\t\t<\/div>\n\t\t\t\t<\/div>\n\t\t\t\t<\/div>\n\t\t<div id=\"e-n-tab-content-200863793\" role=\"tabpanel\" aria-labelledby=\"e-n-tab-title-200863793\" data-tab-index=\"3\" style=\"--n-tabs-title-order: 3;\" class=\"elementor-element elementor-element-5bd4d35 e-con-full e-flex e-con e-child\" data-id=\"5bd4d35\" data-element_type=\"container\" data-e-type=\"container\">\n\t\t\t\t<div class=\"elementor-element elementor-element-a46f576 elementor-widget elementor-widget-heading\" data-id=\"a46f576\" data-element_type=\"widget\" data-e-type=\"widget\" data-widget_type=\"heading.default\">\n\t\t\t\t<div class=\"elementor-widget-container\">\n\t\t\t\t\t<span class=\"elementor-heading-title elementor-size-default\">Asmuo s\u0117kmingai pateik\u0117 u\u017esakym\u0105 su J\u016bs\u0173 rekomendacija? Sveikiname, mes Jums suteiksime 10 \u20ac vert\u0117s dovan\u0173 kupon\u0105 u\u017e kiekvien\u0105 operacin\u0119 sistem\u0105 (vnt.), pvz.: Jei pa\u017eystamas u\u017esako 5 operacines sistemas, gausite 50 \u20ac vert\u0117s kupon\u0105.<\/span>\t\t\t\t<\/div>\n\t\t\t\t<\/div>\n\t\t\t\t<\/div>\n\t\t\t\t\t<\/div>\n\t\t<\/div>\n\t\t\t\t\t\t<\/div>\n\t\t\t\t<\/div>\n\t\t\t\t\t<\/div>\n\t\t\t\t<\/div>\n\t\t\t\t<\/div>","protected":false},"excerpt":{"rendered":"<p>Vertiname kiekvien\u0105 rekomendacij\u0105 ir maloniai kvie\u010diame rekomenduoti m\u016bs\u0173 paslaugas savo draugams! U\u017e s\u0117kming\u0105 rekomendacij\u0105 atsid\u0117kosime dovan\u0173 kuponu, kadangi J\u016bs\u0173 atsiliepimas \u2013 tai m\u016bs\u0173 vizitin\u0117 kortel\u0117. Kaip tai veikia? 1. 2. 3. Turite pa\u017eystam\u0173, kurie domisi kompiuteriais ar tiesiog nor\u0117t\u0173 \u012fsigyti operacin\u0119 sistem\u0105? Maloniai kvie\u010diame rekomenduoti m\u016bs\u0173 puslap\u012f (operacinesistema.lt) savo draugams ar pa\u017eystamiems. Asmuo nori \u012fsigyti operacin\u0119 sistem\u0105 su J\u016bs\u0173 rekomendacija? Puiku, tereikia, kad susidom\u0117j\u0119s asmuo pamin\u0117t\u0173 J\u016bs\u0173 kontaktus &#8220;pastabose&#8221; pateikiant u\u017esakym\u0105. Asmuo s\u0117kmingai pateik\u0117 u\u017esakym\u0105 su J\u016bs\u0173 rekomendacija? Sveikiname, mes Jums suteiksime 10 \u20ac vert\u0117s dovan\u0173 kupon\u0105 u\u017e kiekvien\u0105 operacin\u0119 sistem\u0105 (vnt.), pvz.: Jei pa\u017eystamas u\u017esako 5 operacines sistemas, gausite 50 \u20ac vert\u0117s kupon\u0105. Turite pa\u017eystam\u0173, kurie domisi kompiuteriais ar tiesiog nor\u0117t\u0173 \u012fsigyti operacin\u0119 sistem\u0105? Maloniai kvie\u010diame rekomenduoti m\u016bs\u0173 puslap\u012f (operacinesistema.lt) savo draugams ar pa\u017eystamiems. Asmuo nori \u012fsigyti operacin\u0119 sistem\u0105 su J\u016bs\u0173 rekomendacija? Puiku, tereikia, kad susidom\u0117j\u0119s asmuo pamin\u0117t\u0173 J\u016bs\u0173 kontaktus &#8220;pastabose&#8221; pateikiant u\u017esakym\u0105. Asmuo s\u0117kmingai pateik\u0117 u\u017esakym\u0105 su J\u016bs\u0173 rekomendacija? Sveikiname, mes Jums suteiksime 10 \u20ac vert\u0117s dovan\u0173 kupon\u0105 u\u017e kiekvien\u0105 operacin\u0119 sistem\u0105 (vnt.), pvz.: Jei pa\u017eystamas u\u017esako 5 operacines sistemas, gausite 50 \u20ac vert\u0117s kupon\u0105.<\/p>","protected":false},"author":1,"featured_media":0,"parent":0,"menu_order":0,"comment_status":"closed","ping_status":"closed","template":"","meta":{"footnotes":""},"class_list":["post-4820","page","type-page","status-publish","hentry","post-no-thumbnail"],"yoast_head":"<!-- This site is optimized with the Yoast SEO plugin v27.3 - https:\/\/yoast.com\/product\/yoast-seo-wordpress\/ -->\n<title>Rekomendacijos sistema - operacinesistema.lt<\/title>\n<meta name=\"description\" content=\"Rekomenduokite mus draugams ar pa\u017eystamiems ir u\u017e kiekvien\u0105 \u012fsigyt\u0105 operacin\u0119 sistem\u0105 gaukite dovan\u0173 kuponus!\" \/>\n<meta name=\"robots\" content=\"index, follow, max-snippet:-1, max-image-preview:large, max-video-preview:-1\" \/>\n<link rel=\"canonical\" href=\"https:\/\/operacinesistema.lt\/pt\/rekomendacijos-sistema\/\" \/>\n<meta property=\"og:locale\" content=\"pt_BR\" \/>\n<meta property=\"og:type\" content=\"article\" \/>\n<meta property=\"og:title\" content=\"Rekomendacijos sistema - operacinesistema.lt\" \/>\n<meta property=\"og:description\" content=\"Rekomenduokite mus draugams ar pa\u017eystamiems ir u\u017e kiekvien\u0105 \u012fsigyt\u0105 operacin\u0119 sistem\u0105 gaukite dovan\u0173 kuponus!\" \/>\n<meta property=\"og:url\" content=\"https:\/\/operacinesistema.lt\/pt\/rekomendacijos-sistema\/\" \/>\n<meta property=\"og:site_name\" content=\"operacinesistema.lt\" \/>\n<meta property=\"article:modified_time\" content=\"2025-07-20T07:22:53+00:00\" \/>\n<meta property=\"og:image\" content=\"https:\/\/operacinesistema.lt\/wp-content\/uploads\/2024\/11\/Fizinis-produktas-7-1.png\" \/>\n\t<meta property=\"og:image:width\" content=\"1000\" \/>\n\t<meta property=\"og:image:height\" content=\"1000\" \/>\n\t<meta property=\"og:image:type\" content=\"image\/png\" \/>\n<meta name=\"twitter:card\" content=\"summary_large_image\" \/>\n<meta name=\"twitter:label1\" content=\"Est. tempo de leitura\" \/>\n\t<meta name=\"twitter:data1\" content=\"2 minutos\" \/>\n<script type=\"application\/ld+json\" class=\"yoast-schema-graph\">{\"@context\":\"https:\\\/\\\/schema.org\",\"@graph\":[{\"@type\":\"WebPage\",\"@id\":\"https:\\\/\\\/operacinesistema.lt\\\/rekomendacijos-sistema\\\/\",\"url\":\"https:\\\/\\\/operacinesistema.lt\\\/rekomendacijos-sistema\\\/\",\"name\":\"Rekomendacijos sistema - operacinesistema.lt\",\"isPartOf\":{\"@id\":\"https:\\\/\\\/operacinesistema.lt\\\/#website\"},\"primaryImageOfPage\":{\"@id\":\"https:\\\/\\\/operacinesistema.lt\\\/rekomendacijos-sistema\\\/#primaryimage\"},\"image\":{\"@id\":\"https:\\\/\\\/operacinesistema.lt\\\/rekomendacijos-sistema\\\/#primaryimage\"},\"thumbnailUrl\":\"https:\\\/\\\/operacinesistema.lt\\\/wp-content\\\/uploads\\\/2024\\\/11\\\/Fizinis-produktas-7-1-300x300.png\",\"datePublished\":\"2025-07-20T07:05:39+00:00\",\"dateModified\":\"2025-07-20T07:22:53+00:00\",\"description\":\"Rekomenduokite mus draugams ar pa\u017eystamiems ir u\u017e kiekvien\u0105 \u012fsigyt\u0105 operacin\u0119 sistem\u0105 gaukite dovan\u0173 kuponus!\",\"breadcrumb\":{\"@id\":\"https:\\\/\\\/operacinesistema.lt\\\/rekomendacijos-sistema\\\/#breadcrumb\"},\"inLanguage\":\"pt-BR\",\"potentialAction\":[{\"@type\":\"ReadAction\",\"target\":[\"https:\\\/\\\/operacinesistema.lt\\\/rekomendacijos-sistema\\\/\"]}]},{\"@type\":\"ImageObject\",\"inLanguage\":\"pt-BR\",\"@id\":\"https:\\\/\\\/operacinesistema.lt\\\/rekomendacijos-sistema\\\/#primaryimage\",\"url\":\"https:\\\/\\\/operacinesistema.lt\\\/wp-content\\\/uploads\\\/2024\\\/11\\\/Fizinis-produktas-7-1-300x300.png\",\"contentUrl\":\"https:\\\/\\\/operacinesistema.lt\\\/wp-content\\\/uploads\\\/2024\\\/11\\\/Fizinis-produktas-7-1-300x300.png\"},{\"@type\":\"BreadcrumbList\",\"@id\":\"https:\\\/\\\/operacinesistema.lt\\\/rekomendacijos-sistema\\\/#breadcrumb\",\"itemListElement\":[{\"@type\":\"ListItem\",\"position\":1,\"name\":\"Home\",\"item\":\"https:\\\/\\\/operacinesistema.lt\\\/\"},{\"@type\":\"ListItem\",\"position\":2,\"name\":\"Rekomendacijos sistema\"}]},{\"@type\":\"WebSite\",\"@id\":\"https:\\\/\\\/operacinesistema.lt\\\/#website\",\"url\":\"https:\\\/\\\/operacinesistema.lt\\\/\",\"name\":\"operacinesistema.lt\",\"description\":\"Originali operacin\u0117 sistema\",\"potentialAction\":[{\"@type\":\"SearchAction\",\"target\":{\"@type\":\"EntryPoint\",\"urlTemplate\":\"https:\\\/\\\/operacinesistema.lt\\\/?s={search_term_string}\"},\"query-input\":{\"@type\":\"PropertyValueSpecification\",\"valueRequired\":true,\"valueName\":\"search_term_string\"}}],\"inLanguage\":\"pt-BR\"}]}<\/script>\n<!-- \/ Yoast SEO plugin. -->","yoast_head_json":{"title":"Rekomendacijos sistema - operacinesistema.lt","description":"Rekomenduokite mus draugams ar pa\u017eystamiems ir u\u017e kiekvien\u0105 \u012fsigyt\u0105 operacin\u0119 sistem\u0105 gaukite dovan\u0173 kuponus!","robots":{"index":"index","follow":"follow","max-snippet":"max-snippet:-1","max-image-preview":"max-image-preview:large","max-video-preview":"max-video-preview:-1"},"canonical":"https:\/\/operacinesistema.lt\/pt\/rekomendacijos-sistema\/","og_locale":"pt_BR","og_type":"article","og_title":"Rekomendacijos sistema - operacinesistema.lt","og_description":"Rekomenduokite mus draugams ar pa\u017eystamiems ir u\u017e kiekvien\u0105 \u012fsigyt\u0105 operacin\u0119 sistem\u0105 gaukite dovan\u0173 kuponus!","og_url":"https:\/\/operacinesistema.lt\/pt\/rekomendacijos-sistema\/","og_site_name":"operacinesistema.lt","article_modified_time":"2025-07-20T07:22:53+00:00","og_image":[{"width":1000,"height":1000,"url":"https:\/\/operacinesistema.lt\/wp-content\/uploads\/2024\/11\/Fizinis-produktas-7-1.png","type":"image\/png"}],"twitter_card":"summary_large_image","twitter_misc":{"Est. tempo de leitura":"2 minutos"},"schema":{"@context":"https:\/\/schema.org","@graph":[{"@type":"WebPage","@id":"https:\/\/operacinesistema.lt\/rekomendacijos-sistema\/","url":"https:\/\/operacinesistema.lt\/rekomendacijos-sistema\/","name":"Rekomendacijos sistema - operacinesistema.lt","isPartOf":{"@id":"https:\/\/operacinesistema.lt\/#website"},"primaryImageOfPage":{"@id":"https:\/\/operacinesistema.lt\/rekomendacijos-sistema\/#primaryimage"},"image":{"@id":"https:\/\/operacinesistema.lt\/rekomendacijos-sistema\/#primaryimage"},"thumbnailUrl":"https:\/\/operacinesistema.lt\/wp-content\/uploads\/2024\/11\/Fizinis-produktas-7-1-300x300.png","datePublished":"2025-07-20T07:05:39+00:00","dateModified":"2025-07-20T07:22:53+00:00","description":"Rekomenduokite mus draugams ar pa\u017eystamiems ir u\u017e kiekvien\u0105 \u012fsigyt\u0105 operacin\u0119 sistem\u0105 gaukite dovan\u0173 kuponus!","breadcrumb":{"@id":"https:\/\/operacinesistema.lt\/rekomendacijos-sistema\/#breadcrumb"},"inLanguage":"pt-BR","potentialAction":[{"@type":"ReadAction","target":["https:\/\/operacinesistema.lt\/rekomendacijos-sistema\/"]}]},{"@type":"ImageObject","inLanguage":"pt-BR","@id":"https:\/\/operacinesistema.lt\/rekomendacijos-sistema\/#primaryimage","url":"https:\/\/operacinesistema.lt\/wp-content\/uploads\/2024\/11\/Fizinis-produktas-7-1-300x300.png","contentUrl":"https:\/\/operacinesistema.lt\/wp-content\/uploads\/2024\/11\/Fizinis-produktas-7-1-300x300.png"},{"@type":"BreadcrumbList","@id":"https:\/\/operacinesistema.lt\/rekomendacijos-sistema\/#breadcrumb","itemListElement":[{"@type":"ListItem","position":1,"name":"Home","item":"https:\/\/operacinesistema.lt\/"},{"@type":"ListItem","position":2,"name":"Rekomendacijos sistema"}]},{"@type":"WebSite","@id":"https:\/\/operacinesistema.lt\/#website","url":"https:\/\/operacinesistema.lt\/","name":"operacinesistema.lt","description":"Originali operacin\u0117 sistema","potentialAction":[{"@type":"SearchAction","target":{"@type":"EntryPoint","urlTemplate":"https:\/\/operacinesistema.lt\/?s={search_term_string}"},"query-input":{"@type":"PropertyValueSpecification","valueRequired":true,"valueName":"search_term_string"}}],"inLanguage":"pt-BR"}]}},"_links":{"self":[{"href":"https:\/\/operacinesistema.lt\/pt\/wp-json\/wp\/v2\/pages\/4820","targetHints":{"allow":["GET"]}}],"collection":[{"href":"https:\/\/operacinesistema.lt\/pt\/wp-json\/wp\/v2\/pages"}],"about":[{"href":"https:\/\/operacinesistema.lt\/pt\/wp-json\/wp\/v2\/types\/page"}],"author":[{"embeddable":true,"href":"https:\/\/operacinesistema.lt\/pt\/wp-json\/wp\/v2\/users\/1"}],"replies":[{"embeddable":true,"href":"https:\/\/operacinesistema.lt\/pt\/wp-json\/wp\/v2\/comments?post=4820"}],"version-history":[{"count":11,"href":"https:\/\/operacinesistema.lt\/pt\/wp-json\/wp\/v2\/pages\/4820\/revisions"}],"predecessor-version":[{"id":4831,"href":"https:\/\/operacinesistema.lt\/pt\/wp-json\/wp\/v2\/pages\/4820\/revisions\/4831"}],"wp:attachment":[{"href":"https:\/\/operacinesistema.lt\/pt\/wp-json\/wp\/v2\/media?parent=4820"}],"curies":[{"name":"wp","href":"https:\/\/api.w.org\/{rel}","templated":true}]}}