{"id":4391,"date":"2024-11-19T09:24:48","date_gmt":"2024-11-19T09:24:48","guid":{"rendered":"https:\/\/operacinesistema.lt\/?page_id=4391"},"modified":"2024-11-19T09:24:48","modified_gmt":"2024-11-19T09:24:48","slug":"taisykliu-ir-salygu-puslapis","status":"publish","type":"page","link":"https:\/\/operacinesistema.lt\/pt\/taisykliu-ir-salygu-puslapis\/","title":{"rendered":"P\u00e1gina de Termos e Condi\u00e7\u00f5es"},"content":{"rendered":"<p>\u00daltima atualiza\u00e7\u00e3o: 2024-11-19&nbsp;<\/p>\n\n\n\n<p>Bem-vindo ao site da SERA International, MB <a href=\"https:\/\/operacinesistema.lt\/pt\/\">https:\/\/operacinesistema.lt\/<\/a>.<\/p>\n\n\n\n<p>Ao usar nosso site ou comprar nossos produtos, voc\u00ea concorda em obedecer a estes termos e condi\u00e7\u00f5es. Leia-os com aten\u00e7\u00e3o.&nbsp;<\/p>\n\n\n\n<h3 class=\"wp-block-heading\">1. Disposi\u00e7\u00f5es gerais<\/h3>\n\n\n\n<p>1.1 Estes termos e condi\u00e7\u00f5es se aplicam a todas as compras no site.&nbsp;<\/p>\n\n\n\n<p>1.2. A SERA International, MB reserva-se o direito de alterar estas regras a qualquer momento, atualizando-as no site.&nbsp;<\/p>\n\n\n\n<p>1.3 O Site e seu conte\u00fado s\u00e3o de propriedade intelectual da Sera International, MB.&nbsp;<\/p>\n\n\n\n<h3 class=\"wp-block-heading\">2. Pedido de mercadorias<\/h3>\n\n\n\n<p>2.1 Todos os pedidos feitos no site ser\u00e3o considerados como um contrato de venda entre o usu\u00e1rio (o cliente) e a SERA International, MB.&nbsp;<\/p>\n\n\n\n<p>2.2 Um pedido s\u00f3 poder\u00e1 ser feito depois que os detalhes corretos forem fornecidos e voc\u00ea tiver concordado com estes Termos e Condi\u00e7\u00f5es.&nbsp;<\/p>\n\n\n\n<p>2.3 Um pedido ser\u00e1 considerado v\u00e1lido somente ap\u00f3s o recebimento do pagamento.&nbsp;<\/p>\n\n\n\n<h3 class=\"wp-block-heading\">3. Pagamentos<\/h3>\n\n\n\n<p>3.1 Os m\u00e9todos de pagamento oferecidos no Site incluem transfer\u00eancias banc\u00e1rias e outras plataformas de pagamento especificadas.&nbsp;<\/p>\n\n\n\n<p>3.2 Os pagamentos devem ser feitos em euros (\u20ac).&nbsp;<\/p>\n\n\n\n<p>3.3 O Cliente deve garantir que os detalhes de pagamento sejam fornecidos corretamente.&nbsp;<\/p>\n\n\n\n<p>4. Entrega de mercadorias<\/p>\n\n\n\n<p>4.1 Os bens dever\u00e3o ser entregues somente no territ\u00f3rio da Litu\u00e2nia.&nbsp;<\/p>\n\n\n\n<p>4.2 M\u00e9todos de entrega:&nbsp;<\/p>\n\n\n\n<ul class=\"wp-block-list\">\n<li>Correios<\/li>\n<\/ul>\n\n\n\n<p>4.3 Prazo de entrega: de 1 a 5 dias \u00fateis ap\u00f3s o pagamento do pedido.&nbsp;<\/p>\n\n\n\n<p>4.4 A taxa de entrega dever\u00e1 ser especificada no momento do pedido.&nbsp;<\/p>\n\n\n\n<h3 class=\"wp-block-heading\">5. Devolu\u00e7\u00f5es e garantias<\/h3>\n\n\n\n<p>5.1 De acordo com a legisla\u00e7\u00e3o da Rep\u00fablica da Litu\u00e2nia, os produtos f\u00edsicos podem ser devolvidos em at\u00e9 14 dias ap\u00f3s o recebimento, desde que n\u00e3o tenham sido usados e estejam em sua embalagem original.&nbsp;<\/p>\n\n\n\n<p>5.2 Para devolver um item, entre em contato conosco por e-mail <a href=\"mailto:help@operacinesistema.lt\">help@operacinesistema.lt<\/a>.\u00a0<\/p>\n\n\n\n<p>5.3 As garantias se aplicam somente a defeitos de fabrica\u00e7\u00e3o. As garantias n\u00e3o s\u00e3o v\u00e1lidas devido a uso indevido ou danos mec\u00e2nicos.&nbsp;<\/p>\n\n\n\n<h3 class=\"wp-block-heading\">6. Responsabilidade do cliente<\/h3>\n\n\n\n<p>6.1 Voc\u00ea \u00e9 respons\u00e1vel pela exatid\u00e3o das informa\u00e7\u00f5es que fornecer.&nbsp;<\/p>\n\n\n\n<p>6.2 \u00c9 proibido usar o site para atividades ilegais ou para interferir na funcionalidade do site.&nbsp;<\/p>\n\n\n\n<h3 class=\"wp-block-heading\">7. Limita\u00e7\u00e3o de responsabilidade<\/h3>\n\n\n\n<p>7.1 A sera International, MB n\u00e3o ser\u00e1 respons\u00e1vel por atrasos na entrega causados por terceiros (por exemplo, servi\u00e7os de correio) ou por for\u00e7a maior.&nbsp;<\/p>\n\n\n\n<p>7.2 As informa\u00e7\u00f5es no Site s\u00e3o fornecidas \u201eno estado em que se encontram\u201c, sem quaisquer garantias adicionais.&nbsp;<\/p>\n\n\n\n<h3 class=\"wp-block-heading\">8. Privacidade<\/h3>\n\n\n\n<p>8.1 As informa\u00e7\u00f5es sobre como processamos seus dados est\u00e3o definidas em nosso <a href=\"https:\/\/operacinesistema.lt\/pt\/privatumo-politika\/\">https:\/\/operacinesistema.lt\/privatumo-politika<\/a>.\u00a0<\/p>\n\n\n\n<h3 class=\"wp-block-heading\">9. Lei aplic\u00e1vel e solu\u00e7\u00e3o de controv\u00e9rsias<\/h3>\n\n\n\n<p>9.1 Estas Regras ser\u00e3o regidas pelas leis da Rep\u00fablica da Litu\u00e2nia.&nbsp;<\/p>\n\n\n\n<p>9.2 Todas as disputas dever\u00e3o ser resolvidas por meio de negocia\u00e7\u00e3o. Caso n\u00e3o se chegue a um acordo, a disputa dever\u00e1 ser resolvida no tribunal lituano do local de registro da empresa.&nbsp;<\/p>\n\n\n\n<h3 class=\"wp-block-heading\">10. Contato<\/h3>\n\n\n\n<p>Se tiver alguma d\u00favida sobre essas regras ou sua aplica\u00e7\u00e3o, entre em contato:&nbsp;<\/p>\n\n\n\n<p>E-mail: <a href=\"mailto:help@operacinesistema.lt\">help@operacinesistema.lt<\/a><\/p>\n\n\n\n<p>Telefone: +370 601 66511&nbsp;<\/p>\n\n\n\n<p>Obrigado por escolher a SERA International, MB.<\/p>","protected":false},"excerpt":{"rendered":"<p>Paskutin\u012f kart\u0105 atnaujinta: 2024-11-19&nbsp; Sveiki atvyk\u0119 \u012f SERA International, MB svetain\u0119 https:\/\/operacinesistema.lt\/. Naudodamiesi m\u016bs\u0173 svetaine ar \u012fsigydami m\u016bs\u0173 produktus, j\u016bs sutinkate laikytis \u0161i\u0173 taisykli\u0173 ir s\u0105lyg\u0173. Pra\u0161ome jas atid\u017eiai perskaityti.&nbsp; 1. Bendrosios nuostatos 1.1. \u0160ios taisykl\u0117s ir s\u0105lygos taikomos visiems apsipirkimams svetain\u0117je.&nbsp; 1.2. SERA International, MB pasilieka teis\u0119 bet kuriuo metu keisti \u0161ias taisykles, atnaujinant jas svetain\u0117je.&nbsp; 1.3. Svetain\u0117 ir jos turinys yra intelektin\u0117 nuosavyb\u0117, priklausanti SERA International, MB.&nbsp; 2. Preki\u0173 u\u017esakymas 2.1. Visi u\u017esakymai svetain\u0117je laikomi pirkimo-pardavimo sutartimi tarp j\u016bs\u0173 (kliento) ir SERA International, MB.&nbsp; 2.2. U\u017esakym\u0105 galima pateikti tik pateikus teisingus duomenis ir sutikus su \u0161iomis taisykl\u0117mis.&nbsp; 2.3. U\u017esakymas laikomas galiojan\u010diu tik gavus mok\u0117jim\u0105.&nbsp; 3. Mok\u0117jimai 3.1. Svetain\u0117je si\u016blomi mok\u0117jimo b\u016bdai: banko pavedimai ir kitos nurodytos mok\u0117jimo platformos.&nbsp; 3.2. Mok\u0117jimai turi b\u016bti atliekami eurais (\u20ac).&nbsp; 3.3. Klientas privalo u\u017etikrinti, kad mok\u0117jimo duomenys b\u016bt\u0173 pateikti teisingai.&nbsp; 4. Preki\u0173 pristatymas 4.1. Prek\u0117s pristatomos tik Lietuvos teritorijoje.&nbsp; 4.2. Pristatymo b\u016bdai:&nbsp; 4.3. Pristatymo terminas 1-5 darbo dienos nuo u\u017esakymo apmok\u0117jimo.&nbsp; 4.4. Pristatymo mokestis nurodomas u\u017esakymo metu.&nbsp; 5. Preki\u0173 gr\u0105\u017einimas ir garantijos 5.1. Vadovaujantis Lietuvos Respublikos teis\u0117s aktais, fiziniai produktai gali b\u016bti gr\u0105\u017einami per 14 dien\u0173 nuo gavimo, jei jie nebuvo naudoti ir yra originalioje pakuot\u0117je.&nbsp; 5.2. Nor\u0117dami gr\u0105\u017einti prek\u0119, susisiekite su mumis el. pa\u0161tu help@operacinesistema.lt.\u00a0 5.3. Garantijos taikomos tik gamybos defektams. Garantija negalioja d\u0117l netinkamo naudojimo ar mechanini\u0173 pa\u017eeidim\u0173.&nbsp; 6. Kliento atsakomyb\u0117 6.1. J\u016bs atsakote u\u017e teising\u0105 savo pateikt\u0173 duomen\u0173 pateikim\u0105.&nbsp; 6.2. Draud\u017eiama naudoti svetain\u0119 neteis\u0117tiems veiksmams vykdyti arba svetain\u0117s funkcionalumui trikdyti.&nbsp; 7. Atsakomyb\u0117s apribojimas 7.1. SERA International, MB neatsako u\u017e pristatymo v\u0117lavim\u0105, jei tai \u012fvyko d\u0117l tre\u010di\u0173j\u0173 \u0161ali\u0173 (pvz., kurjeri\u0173 tarnybos) ar force majeure aplinkybi\u0173.&nbsp; 7.2. Svetain\u0117s informacija yra teikiama \u201ekaip yra\u201c be joki\u0173 papildom\u0173 garantij\u0173.&nbsp; 8. Privatumas 8.1. Informacija apie tai, kaip tvarkome j\u016bs\u0173 duomenis, pateikta m\u016bs\u0173 https:\/\/operacinesistema.lt\/privatumo-politika.\u00a0 9. Taikoma teis\u0117 ir gin\u010d\u0173 sprendimas 9.1. \u0160ioms taisykl\u0117ms taikoma Lietuvos Respublikos teis\u0117.&nbsp; 9.2. Visi gin\u010dai sprend\u017eiami deryb\u0173 keliu. Nepavykus susitarti, gin\u010das sprend\u017eiamas Lietuvos teisme pagal \u012fmon\u0117s registracijos viet\u0105.&nbsp; 10. Kontaktai Jei turite klausim\u0173 apie \u0161ias taisykles ar j\u0173 taikym\u0105, kreipkit\u0117s:&nbsp; El. pa\u0161tas: help@operacinesistema.lt Telefonas: +370 601 66511&nbsp; D\u0117kojame, kad pasirinkote SERA International, MB.<\/p>","protected":false},"author":1,"featured_media":0,"parent":0,"menu_order":0,"comment_status":"closed","ping_status":"closed","template":"","meta":{"footnotes":""},"class_list":["post-4391","page","type-page","status-publish","hentry","post-no-thumbnail"],"yoast_head":"<!-- This site is optimized with the Yoast SEO plugin v27.4 - https:\/\/yoast.com\/product\/yoast-seo-wordpress\/ -->\n<title>Taisykli\u0173 ir s\u0105lyg\u0173 puslapis - operacinesistema.lt<\/title>\n<meta name=\"robots\" content=\"index, follow, max-snippet:-1, max-image-preview:large, max-video-preview:-1\" \/>\n<link rel=\"canonical\" href=\"https:\/\/operacinesistema.lt\/pt\/taisykliu-ir-salygu-puslapis\/\" \/>\n<meta property=\"og:locale\" content=\"pt_BR\" \/>\n<meta property=\"og:type\" content=\"article\" \/>\n<meta property=\"og:title\" content=\"Taisykli\u0173 ir s\u0105lyg\u0173 puslapis - operacinesistema.lt\" \/>\n<meta property=\"og:description\" content=\"Paskutin\u012f kart\u0105 atnaujinta: 2024-11-19&nbsp; Sveiki atvyk\u0119 \u012f SERA International, MB svetain\u0119 https:\/\/operacinesistema.lt\/. Naudodamiesi m\u016bs\u0173 svetaine ar \u012fsigydami m\u016bs\u0173 produktus, j\u016bs sutinkate laikytis \u0161i\u0173 taisykli\u0173 ir s\u0105lyg\u0173. Pra\u0161ome jas atid\u017eiai perskaityti.&nbsp; 1. Bendrosios nuostatos 1.1. \u0160ios taisykl\u0117s ir s\u0105lygos taikomos visiems apsipirkimams svetain\u0117je.&nbsp; 1.2. SERA International, MB pasilieka teis\u0119 bet kuriuo metu keisti \u0161ias taisykles, atnaujinant jas svetain\u0117je.&nbsp; 1.3. Svetain\u0117 ir jos turinys yra intelektin\u0117 nuosavyb\u0117, priklausanti SERA International, MB.&nbsp; 2. Preki\u0173 u\u017esakymas 2.1. Visi u\u017esakymai svetain\u0117je laikomi pirkimo-pardavimo sutartimi tarp j\u016bs\u0173 (kliento) ir SERA International, MB.&nbsp; 2.2. U\u017esakym\u0105 galima pateikti tik pateikus teisingus duomenis ir sutikus su \u0161iomis taisykl\u0117mis.&nbsp; 2.3. U\u017esakymas laikomas galiojan\u010diu tik gavus mok\u0117jim\u0105.&nbsp; 3. Mok\u0117jimai 3.1. Svetain\u0117je si\u016blomi mok\u0117jimo b\u016bdai: banko pavedimai ir kitos nurodytos mok\u0117jimo platformos.&nbsp; 3.2. Mok\u0117jimai turi b\u016bti atliekami eurais (\u20ac).&nbsp; 3.3. Klientas privalo u\u017etikrinti, kad mok\u0117jimo duomenys b\u016bt\u0173 pateikti teisingai.&nbsp; 4. Preki\u0173 pristatymas 4.1. Prek\u0117s pristatomos tik Lietuvos teritorijoje.&nbsp; 4.2. Pristatymo b\u016bdai:&nbsp; 4.3. Pristatymo terminas 1-5 darbo dienos nuo u\u017esakymo apmok\u0117jimo.&nbsp; 4.4. Pristatymo mokestis nurodomas u\u017esakymo metu.&nbsp; 5. Preki\u0173 gr\u0105\u017einimas ir garantijos 5.1. Vadovaujantis Lietuvos Respublikos teis\u0117s aktais, fiziniai produktai gali b\u016bti gr\u0105\u017einami per 14 dien\u0173 nuo gavimo, jei jie nebuvo naudoti ir yra originalioje pakuot\u0117je.&nbsp; 5.2. Nor\u0117dami gr\u0105\u017einti prek\u0119, susisiekite su mumis el. pa\u0161tu help@operacinesistema.lt.\u00a0 5.3. Garantijos taikomos tik gamybos defektams. Garantija negalioja d\u0117l netinkamo naudojimo ar mechanini\u0173 pa\u017eeidim\u0173.&nbsp; 6. Kliento atsakomyb\u0117 6.1. J\u016bs atsakote u\u017e teising\u0105 savo pateikt\u0173 duomen\u0173 pateikim\u0105.&nbsp; 6.2. Draud\u017eiama naudoti svetain\u0119 neteis\u0117tiems veiksmams vykdyti arba svetain\u0117s funkcionalumui trikdyti.&nbsp; 7. Atsakomyb\u0117s apribojimas 7.1. SERA International, MB neatsako u\u017e pristatymo v\u0117lavim\u0105, jei tai \u012fvyko d\u0117l tre\u010di\u0173j\u0173 \u0161ali\u0173 (pvz., kurjeri\u0173 tarnybos) ar force majeure aplinkybi\u0173.&nbsp; 7.2. Svetain\u0117s informacija yra teikiama \u201ekaip yra\u201c be joki\u0173 papildom\u0173 garantij\u0173.&nbsp; 8. Privatumas 8.1. Informacija apie tai, kaip tvarkome j\u016bs\u0173 duomenis, pateikta m\u016bs\u0173 https:\/\/operacinesistema.lt\/privatumo-politika.\u00a0 9. Taikoma teis\u0117 ir gin\u010d\u0173 sprendimas 9.1. \u0160ioms taisykl\u0117ms taikoma Lietuvos Respublikos teis\u0117.&nbsp; 9.2. Visi gin\u010dai sprend\u017eiami deryb\u0173 keliu. Nepavykus susitarti, gin\u010das sprend\u017eiamas Lietuvos teisme pagal \u012fmon\u0117s registracijos viet\u0105.&nbsp; 10. Kontaktai Jei turite klausim\u0173 apie \u0161ias taisykles ar j\u0173 taikym\u0105, kreipkit\u0117s:&nbsp; El. pa\u0161tas: help@operacinesistema.lt Telefonas: +370 601 66511&nbsp; D\u0117kojame, kad pasirinkote SERA International, MB.\" \/>\n<meta property=\"og:url\" content=\"https:\/\/operacinesistema.lt\/pt\/taisykliu-ir-salygu-puslapis\/\" \/>\n<meta property=\"og:site_name\" content=\"operacinesistema.lt\" \/>\n<meta name=\"twitter:card\" content=\"summary_large_image\" \/>\n<meta name=\"twitter:label1\" content=\"Est. tempo de leitura\" \/>\n\t<meta name=\"twitter:data1\" content=\"2 minutos\" \/>\n<script type=\"application\/ld+json\" class=\"yoast-schema-graph\">{\"@context\":\"https:\\\/\\\/schema.org\",\"@graph\":[{\"@type\":\"WebPage\",\"@id\":\"https:\\\/\\\/operacinesistema.lt\\\/taisykliu-ir-salygu-puslapis\\\/\",\"url\":\"https:\\\/\\\/operacinesistema.lt\\\/taisykliu-ir-salygu-puslapis\\\/\",\"name\":\"Taisykli\u0173 ir s\u0105lyg\u0173 puslapis - operacinesistema.lt\",\"isPartOf\":{\"@id\":\"https:\\\/\\\/operacinesistema.lt\\\/#website\"},\"datePublished\":\"2024-11-19T09:24:48+00:00\",\"breadcrumb\":{\"@id\":\"https:\\\/\\\/operacinesistema.lt\\\/taisykliu-ir-salygu-puslapis\\\/#breadcrumb\"},\"inLanguage\":\"pt-BR\",\"potentialAction\":[{\"@type\":\"ReadAction\",\"target\":[\"https:\\\/\\\/operacinesistema.lt\\\/taisykliu-ir-salygu-puslapis\\\/\"]}]},{\"@type\":\"BreadcrumbList\",\"@id\":\"https:\\\/\\\/operacinesistema.lt\\\/taisykliu-ir-salygu-puslapis\\\/#breadcrumb\",\"itemListElement\":[{\"@type\":\"ListItem\",\"position\":1,\"name\":\"Home\",\"item\":\"https:\\\/\\\/operacinesistema.lt\\\/\"},{\"@type\":\"ListItem\",\"position\":2,\"name\":\"Taisykli\u0173 ir s\u0105lyg\u0173 puslapis\"}]},{\"@type\":\"WebSite\",\"@id\":\"https:\\\/\\\/operacinesistema.lt\\\/#website\",\"url\":\"https:\\\/\\\/operacinesistema.lt\\\/\",\"name\":\"operacinesistema.lt\",\"description\":\"\u012esigykite Windows 11 Pro u\u017e geriausi\u0105 kain\u0105\",\"potentialAction\":[{\"@type\":\"SearchAction\",\"target\":{\"@type\":\"EntryPoint\",\"urlTemplate\":\"https:\\\/\\\/operacinesistema.lt\\\/?s={search_term_string}\"},\"query-input\":{\"@type\":\"PropertyValueSpecification\",\"valueRequired\":true,\"valueName\":\"search_term_string\"}}],\"inLanguage\":\"pt-BR\"}]}<\/script>\n<!-- \/ Yoast SEO plugin. -->","yoast_head_json":{"title":"Taisykli\u0173 ir s\u0105lyg\u0173 puslapis - operacinesistema.lt","robots":{"index":"index","follow":"follow","max-snippet":"max-snippet:-1","max-image-preview":"max-image-preview:large","max-video-preview":"max-video-preview:-1"},"canonical":"https:\/\/operacinesistema.lt\/pt\/taisykliu-ir-salygu-puslapis\/","og_locale":"pt_BR","og_type":"article","og_title":"Taisykli\u0173 ir s\u0105lyg\u0173 puslapis - operacinesistema.lt","og_description":"Paskutin\u012f kart\u0105 atnaujinta: 2024-11-19&nbsp; Sveiki atvyk\u0119 \u012f SERA International, MB svetain\u0119 https:\/\/operacinesistema.lt\/. Naudodamiesi m\u016bs\u0173 svetaine ar \u012fsigydami m\u016bs\u0173 produktus, j\u016bs sutinkate laikytis \u0161i\u0173 taisykli\u0173 ir s\u0105lyg\u0173. Pra\u0161ome jas atid\u017eiai perskaityti.&nbsp; 1. Bendrosios nuostatos 1.1. \u0160ios taisykl\u0117s ir s\u0105lygos taikomos visiems apsipirkimams svetain\u0117je.&nbsp; 1.2. SERA International, MB pasilieka teis\u0119 bet kuriuo metu keisti \u0161ias taisykles, atnaujinant jas svetain\u0117je.&nbsp; 1.3. Svetain\u0117 ir jos turinys yra intelektin\u0117 nuosavyb\u0117, priklausanti SERA International, MB.&nbsp; 2. Preki\u0173 u\u017esakymas 2.1. Visi u\u017esakymai svetain\u0117je laikomi pirkimo-pardavimo sutartimi tarp j\u016bs\u0173 (kliento) ir SERA International, MB.&nbsp; 2.2. U\u017esakym\u0105 galima pateikti tik pateikus teisingus duomenis ir sutikus su \u0161iomis taisykl\u0117mis.&nbsp; 2.3. U\u017esakymas laikomas galiojan\u010diu tik gavus mok\u0117jim\u0105.&nbsp; 3. Mok\u0117jimai 3.1. Svetain\u0117je si\u016blomi mok\u0117jimo b\u016bdai: banko pavedimai ir kitos nurodytos mok\u0117jimo platformos.&nbsp; 3.2. Mok\u0117jimai turi b\u016bti atliekami eurais (\u20ac).&nbsp; 3.3. Klientas privalo u\u017etikrinti, kad mok\u0117jimo duomenys b\u016bt\u0173 pateikti teisingai.&nbsp; 4. Preki\u0173 pristatymas 4.1. Prek\u0117s pristatomos tik Lietuvos teritorijoje.&nbsp; 4.2. Pristatymo b\u016bdai:&nbsp; 4.3. Pristatymo terminas 1-5 darbo dienos nuo u\u017esakymo apmok\u0117jimo.&nbsp; 4.4. Pristatymo mokestis nurodomas u\u017esakymo metu.&nbsp; 5. Preki\u0173 gr\u0105\u017einimas ir garantijos 5.1. Vadovaujantis Lietuvos Respublikos teis\u0117s aktais, fiziniai produktai gali b\u016bti gr\u0105\u017einami per 14 dien\u0173 nuo gavimo, jei jie nebuvo naudoti ir yra originalioje pakuot\u0117je.&nbsp; 5.2. Nor\u0117dami gr\u0105\u017einti prek\u0119, susisiekite su mumis el. pa\u0161tu help@operacinesistema.lt.\u00a0 5.3. Garantijos taikomos tik gamybos defektams. Garantija negalioja d\u0117l netinkamo naudojimo ar mechanini\u0173 pa\u017eeidim\u0173.&nbsp; 6. Kliento atsakomyb\u0117 6.1. J\u016bs atsakote u\u017e teising\u0105 savo pateikt\u0173 duomen\u0173 pateikim\u0105.&nbsp; 6.2. Draud\u017eiama naudoti svetain\u0119 neteis\u0117tiems veiksmams vykdyti arba svetain\u0117s funkcionalumui trikdyti.&nbsp; 7. Atsakomyb\u0117s apribojimas 7.1. SERA International, MB neatsako u\u017e pristatymo v\u0117lavim\u0105, jei tai \u012fvyko d\u0117l tre\u010di\u0173j\u0173 \u0161ali\u0173 (pvz., kurjeri\u0173 tarnybos) ar force majeure aplinkybi\u0173.&nbsp; 7.2. Svetain\u0117s informacija yra teikiama \u201ekaip yra\u201c be joki\u0173 papildom\u0173 garantij\u0173.&nbsp; 8. Privatumas 8.1. Informacija apie tai, kaip tvarkome j\u016bs\u0173 duomenis, pateikta m\u016bs\u0173 https:\/\/operacinesistema.lt\/privatumo-politika.\u00a0 9. Taikoma teis\u0117 ir gin\u010d\u0173 sprendimas 9.1. \u0160ioms taisykl\u0117ms taikoma Lietuvos Respublikos teis\u0117.&nbsp; 9.2. Visi gin\u010dai sprend\u017eiami deryb\u0173 keliu. Nepavykus susitarti, gin\u010das sprend\u017eiamas Lietuvos teisme pagal \u012fmon\u0117s registracijos viet\u0105.&nbsp; 10. Kontaktai Jei turite klausim\u0173 apie \u0161ias taisykles ar j\u0173 taikym\u0105, kreipkit\u0117s:&nbsp; El. pa\u0161tas: help@operacinesistema.lt Telefonas: +370 601 66511&nbsp; D\u0117kojame, kad pasirinkote SERA International, MB.","og_url":"https:\/\/operacinesistema.lt\/pt\/taisykliu-ir-salygu-puslapis\/","og_site_name":"operacinesistema.lt","twitter_card":"summary_large_image","twitter_misc":{"Est. tempo de leitura":"2 minutos"},"schema":{"@context":"https:\/\/schema.org","@graph":[{"@type":"WebPage","@id":"https:\/\/operacinesistema.lt\/taisykliu-ir-salygu-puslapis\/","url":"https:\/\/operacinesistema.lt\/taisykliu-ir-salygu-puslapis\/","name":"Taisykli\u0173 ir s\u0105lyg\u0173 puslapis - operacinesistema.lt","isPartOf":{"@id":"https:\/\/operacinesistema.lt\/#website"},"datePublished":"2024-11-19T09:24:48+00:00","breadcrumb":{"@id":"https:\/\/operacinesistema.lt\/taisykliu-ir-salygu-puslapis\/#breadcrumb"},"inLanguage":"pt-BR","potentialAction":[{"@type":"ReadAction","target":["https:\/\/operacinesistema.lt\/taisykliu-ir-salygu-puslapis\/"]}]},{"@type":"BreadcrumbList","@id":"https:\/\/operacinesistema.lt\/taisykliu-ir-salygu-puslapis\/#breadcrumb","itemListElement":[{"@type":"ListItem","position":1,"name":"Home","item":"https:\/\/operacinesistema.lt\/"},{"@type":"ListItem","position":2,"name":"Taisykli\u0173 ir s\u0105lyg\u0173 puslapis"}]},{"@type":"WebSite","@id":"https:\/\/operacinesistema.lt\/#website","url":"https:\/\/operacinesistema.lt\/","name":"operacinesistema.lt","description":"\u012esigykite Windows 11 Pro u\u017e geriausi\u0105 kain\u0105","potentialAction":[{"@type":"SearchAction","target":{"@type":"EntryPoint","urlTemplate":"https:\/\/operacinesistema.lt\/?s={search_term_string}"},"query-input":{"@type":"PropertyValueSpecification","valueRequired":true,"valueName":"search_term_string"}}],"inLanguage":"pt-BR"}]}},"_links":{"self":[{"href":"https:\/\/operacinesistema.lt\/pt\/wp-json\/wp\/v2\/pages\/4391","targetHints":{"allow":["GET"]}}],"collection":[{"href":"https:\/\/operacinesistema.lt\/pt\/wp-json\/wp\/v2\/pages"}],"about":[{"href":"https:\/\/operacinesistema.lt\/pt\/wp-json\/wp\/v2\/types\/page"}],"author":[{"embeddable":true,"href":"https:\/\/operacinesistema.lt\/pt\/wp-json\/wp\/v2\/users\/1"}],"replies":[{"embeddable":true,"href":"https:\/\/operacinesistema.lt\/pt\/wp-json\/wp\/v2\/comments?post=4391"}],"version-history":[{"count":1,"href":"https:\/\/operacinesistema.lt\/pt\/wp-json\/wp\/v2\/pages\/4391\/revisions"}],"predecessor-version":[{"id":4392,"href":"https:\/\/operacinesistema.lt\/pt\/wp-json\/wp\/v2\/pages\/4391\/revisions\/4392"}],"wp:attachment":[{"href":"https:\/\/operacinesistema.lt\/pt\/wp-json\/wp\/v2\/media?parent=4391"}],"curies":[{"name":"wp","href":"https:\/\/api.w.org\/{rel}","templated":true}]}}