{"id":4334,"date":"2024-11-18T19:51:52","date_gmt":"2024-11-18T19:51:52","guid":{"rendered":"https:\/\/operacinesistema.lt\/?post_type=product&#038;p=4334"},"modified":"2026-05-01T07:15:26","modified_gmt":"2026-05-01T07:15:26","slug":"windows-11-pro-64-bit-usb","status":"publish","type":"product","link":"https:\/\/operacinesistema.lt\/pl\/produkt\/windows-11-pro-64-bit-usb\/","title":{"rendered":"Windows 11 Pro 64-bit USB"},"content":{"rendered":"<p><strong>Microsoft Windows 11 Pro 64-bit USB<\/strong> (wersja mi\u0119dzynarodowa) to najnowocze\u015bniejszy system operacyjny zaprojektowany tak, aby zapewni\u0107 nie tylko wysok\u0105 wydajno\u015b\u0107, ale tak\u017ce nowoczesne wra\u017cenia u\u017cytkownika. Wersja ta jest przeznaczona zar\u00f3wno dla profesjonalist\u00f3w, jak i u\u017cytkownik\u00f3w biznesowych, kt\u00f3rzy chc\u0105 korzysta\u0107 ze wszystkich najnowszych technologii zapewniaj\u0105cych wydajno\u015b\u0107, bezpiecze\u0144stwo i wygod\u0119. Klucz USB do\u0142\u0105czony do opakowania zapewnia szybki i \u0142atwy proces instalacji, niezale\u017cnie od stanu urz\u0105dzenia.<\/p>\n<h3>Najwa\u017cniejsze cechy:<\/h3>\n<p>1. <strong>Nowoczesny wygl\u0105d i przyjazny dla u\u017cytkownika interfejs u\u017cytkownika<\/strong><br \/>\nWindows 11 Pro posiada nowoczesny i elegancki interfejs u\u017cytkownika, kt\u00f3ry nie tylko wygl\u0105da atrakcyjnie, ale jest r\u00f3wnie\u017c \u0142atwy do zrozumienia. Dzi\u0119ki nowym animacjom, wy\u015brodkowanym menu i ulepszonym narz\u0119dziom do zarz\u0105dzania oknami, zapewnia przyjemne i wydajne do\u015bwiadczenie.<\/p>\n<p>2. <strong>Zwi\u0119kszona produktywno\u015b\u0107<\/strong><br \/>\nWindows 11 Pro optymalizuje zasoby systemowe pod k\u0105tem lepszej wydajno\u015bci i szybszego dzia\u0142ania. Dzi\u0119ki ulepszonemu zarz\u0105dzaniu pami\u0119ci\u0105 i alokacji zasob\u00f3w procesora, system dzia\u0142a szybciej i stabilniej, nawet przy wi\u0119kszych zadaniach.<\/p>\n<p>3. <strong>Bezpiecze\u0144stwo<\/strong><br \/>\nJest to jedna z kluczowych funkcji systemu Windows 11 Pro. System zawiera zaawansowane narz\u0119dzia bezpiecze\u0144stwa, takie jak Windows Hello (uwierzytelnianie biometryczne), BitLocker (szyfrowanie dysku), Secure Boot i obs\u0142uga TPM 2.0. Zapewnia to bezpiecze\u0144stwo danych przed nieautoryzowanym dost\u0119pem i zagro\u017ceniami cybernetycznymi.<\/p>\n<p>4. <strong>Wirtualizacja i funkcje przedsi\u0119biorstwa<\/strong><br \/>\nWindows 11 Pro jest r\u00f3wnie\u017c przeznaczony dla profesjonalnych u\u017cytkownik\u00f3w i firm. Obs\u0142uguje funkcje takie jak wirtualizacja Hyper-V, Pulpit zdalny, Zarz\u0105dzanie zasadami grupy i Windows Update dla firm do zarz\u0105dzania i administrowania du\u017cymi flotami urz\u0105dze\u0144.<\/p>\n<p>5. <strong>Instalacja za pomoc\u0105 klucza USB<\/strong><br \/>\nDo\u0142\u0105czony klucz sprz\u0119towy USB umo\u017cliwia szybk\u0105 i \u0142atw\u0105 instalacj\u0119 systemu Windows 11 Pro poprzez w\u0142o\u017cenie go do portu USB. Jest to szczeg\u00f3lnie przydatne, gdy trzeba przeprowadzi\u0107 czyst\u0105 instalacj\u0119 lub uaktualni\u0107 istniej\u0105cy system operacyjny.<\/p>\n<p>6. <strong>Wersja mi\u0119dzynarodowa<\/strong><br \/>\nTa mi\u0119dzynarodowa wersja systemu Windows 11 Pro u\u0142atwia wyb\u00f3r j\u0119zyka i regionu, dzi\u0119ki czemu mo\u017cna z niej korzysta\u0107 w dowolnym miejscu na \u015bwiecie. Zapewnia to pe\u0142n\u0105 kompatybilno\u015b\u0107 z urz\u0105dzeniem i r\u00f3\u017cnymi ustawieniami regionalnymi.<\/p>\n<p>7. <strong>Najnowsze aktualizacje i wsparcie<\/strong><br \/>\nWindows 11 Pro zapewnia, \u017ce system jest zawsze na bie\u017c\u0105co z najnowszymi funkcjami i poprawkami zabezpiecze\u0144, dzi\u0119ki czemu mo\u017cesz mie\u0107 pewno\u015b\u0107, \u017ce Tw\u00f3j komputer b\u0119dzie zawsze gotowy do bezpiecznej i wydajnej pracy.<\/p>\n<h3>W\u0142a\u015bciwo\u015bci techniczne:<\/h3>\n<ul>\n<li>System operacyjny: Microsoft Windows 11 Pro 64-bit<\/li>\n<li>Obs\u0142ugiwany j\u0119zyk: mi\u0119dzynarodowy (mo\u017cna wybra\u0107 preferowany j\u0119zyk i region)<\/li>\n<li>Potrzebny jest system:\n<ul>\n<li>Procesor: 1 GHz lub szybszy z 2 lub wi\u0119cej rdzeniami, kompatybilny z 64-bitami<\/li>\n<li>Pami\u0119\u0107: 4 GB RAM lub wi\u0119cej<\/li>\n<li>Pami\u0119\u0107 masowa: 64 GB lub wi\u0119cej<\/li>\n<li>Karta graficzna: DirectX 12 lub nowszy, sterownik WDDM 2.0<\/li>\n<li>Wy\u015bwietlacz: 720p lub wy\u017cszy<\/li>\n<\/ul>\n<\/li>\n<li>Typ urz\u0105dzenia: komputery osobiste, laptopy<\/li>\n<li>Opakowanie: klucz instalacyjny USB<\/li>\n<\/ul>\n<p><strong>Microsoft Windows 11 Pro 64-bit USB<\/strong>\u00a0to doskona\u0142y wyb\u00f3r zar\u00f3wno dla u\u017cytkownik\u00f3w osobistych, jak i biznesowych, kt\u00f3rzy chc\u0105 korzysta\u0107 ze wszystkich najnowszych osi\u0105gni\u0119\u0107 technologicznych. Dzi\u0119ki temu produktowi otrzymujesz niezawodny, bezpieczny i wydajny system operacyjny z instalacj\u0105 za pomoc\u0105 klucza USB, co zapewnia szybki i \u0142atwy start. Nadaje si\u0119 zar\u00f3wno dla profesjonalist\u00f3w, jak i firm, kt\u00f3re chc\u0105 korzysta\u0107 z pot\u0119\u017cnych narz\u0119dzi bezpiecze\u0144stwa i wirtualizacji.<\/p>","protected":false},"excerpt":{"rendered":"<ul style=\"list-style: none; padding: 0; margin: 0;\">\n<li style=\"display: flex; align-items: center; gap: 8px; font-family: 'Jost', sans-serif; font-size: 14px; font-weight: 400; color: #ffffff; line-height: 1.2; margin-bottom: 8px;\"><img decoding=\"async\" style=\"display: block; flex-shrink: 0;\" src=\"https:\/\/operacinesistema.lt\/wp-content\/uploads\/2026\/03\/Official-product-3.png\" alt=\"\" width=\"25\" height=\"25\" \/>\n<div>Oficialus Microsoft produktas<\/div>\n<\/li>\n<li style=\"display: flex; align-items: center; gap: 8px; font-family: 'Jost', sans-serif; font-size: 14px; font-weight: 400; color: #ffffff; line-height: 1.2; margin-bottom: 8px;\"><img decoding=\"async\" style=\"display: block; flex-shrink: 0;\" src=\"https:\/\/operacinesistema.lt\/wp-content\/uploads\/2026\/03\/Multilingual-1.png\" alt=\"\" width=\"25\" height=\"25\" \/>\n<div>Vis\u0173 kalb\u0173 pasirinkimas<\/div>\n<\/li>\n<li style=\"display: flex; align-items: center; gap: 8px; font-family: 'Jost', sans-serif; font-size: 14px; font-weight: 400; color: #ffffff; line-height: 1.2; margin-bottom: 8px;\"><img decoding=\"async\" style=\"display: block; flex-shrink: 0;\" src=\"https:\/\/operacinesistema.lt\/wp-content\/uploads\/2026\/03\/USB.png\" alt=\"\" width=\"25\" height=\"25\" \/>\n<div>USB laikmena + licencija<\/div>\n<\/li>\n<li style=\"display: flex; align-items: center; gap: 8px; font-family: 'Jost', sans-serif; font-size: 14px; font-weight: 400; color: #ffffff; line-height: 1.2;\"><img loading=\"lazy\" decoding=\"async\" style=\"display: block; flex-shrink: 0;\" src=\"https:\/\/operacinesistema.lt\/wp-content\/uploads\/2026\/03\/delivery.png\" alt=\"\" width=\"25\" height=\"25\" \/>\n<div>Pristatymas per 2-3 d.d.<\/div>\n<\/li>\n<\/ul>","protected":false},"featured_media":6017,"template":"","meta":[],"product_brand":[],"product_cat":[149,125],"product_tag":[],"class_list":{"0":"post-4334","1":"product","2":"type-product","3":"status-publish","4":"has-post-thumbnail","6":"product_cat-windows-11-pro","7":"product_cat-windows","9":"first","10":"instock","11":"sale","12":"featured","13":"shipping-taxable","14":"purchasable","15":"product-type-simple"},"yoast_head":"<!-- This site is optimized with the Yoast SEO plugin v27.5 - https:\/\/yoast.com\/product\/yoast-seo-wordpress\/ -->\n<title>Windows 11 Pro 64-Bit USB - operacinesistema.lt<\/title>\n<meta name=\"description\" content=\"\u012esigykite originali\u0105 Windows 11 Pro USB operacin\u0119 sistem\u0105 u\u017e puiki\u0105 kain\u0105! Greitas aktyvavimas, patikima licencija ir visi profesional\u016bs \u012frankiai.\" \/>\n<meta name=\"robots\" content=\"index, follow, max-snippet:-1, max-image-preview:large, max-video-preview:-1\" \/>\n<link rel=\"canonical\" href=\"https:\/\/operacinesistema.lt\/pl\/produkt\/windows-11-pro-64-bit-usb\/\" \/>\n<meta property=\"og:locale\" content=\"pl_PL\" \/>\n<meta property=\"og:type\" content=\"article\" \/>\n<meta property=\"og:title\" content=\"Windows 11 Pro 64-Bit USB - operacinesistema.lt\" \/>\n<meta property=\"og:description\" content=\"\u012esigykite originali\u0105 Windows 11 Pro USB operacin\u0119 sistem\u0105 u\u017e puiki\u0105 kain\u0105! Greitas aktyvavimas, patikima licencija ir visi profesional\u016bs \u012frankiai.\" \/>\n<meta property=\"og:url\" content=\"https:\/\/operacinesistema.lt\/pl\/produkt\/windows-11-pro-64-bit-usb\/\" \/>\n<meta property=\"og:site_name\" content=\"operacinesistema.lt\" \/>\n<meta property=\"article:modified_time\" content=\"2026-05-01T07:15:26+00:00\" \/>\n<meta property=\"og:image\" content=\"https:\/\/operacinesistema.lt\/wp-content\/uploads\/2024\/11\/Windows-11-Pro-USB-1.png\" \/>\n\t<meta property=\"og:image:width\" content=\"1000\" \/>\n\t<meta property=\"og:image:height\" content=\"1000\" \/>\n\t<meta property=\"og:image:type\" content=\"image\/png\" \/>\n<meta name=\"twitter:card\" content=\"summary_large_image\" \/>\n<meta name=\"twitter:label1\" content=\"Szacowany czas czytania\" \/>\n\t<meta name=\"twitter:data1\" content=\"3 minuty\" \/>\n<script type=\"application\/ld+json\" class=\"yoast-schema-graph\">{\"@context\":\"https:\\\/\\\/schema.org\",\"@graph\":[{\"@type\":\"WebPage\",\"@id\":\"https:\\\/\\\/operacinesistema.lt\\\/product\\\/windows-11-pro-64-bit-usb\\\/\",\"url\":\"https:\\\/\\\/operacinesistema.lt\\\/product\\\/windows-11-pro-64-bit-usb\\\/\",\"name\":\"Windows 11 Pro 64-Bit USB - operacinesistema.lt\",\"isPartOf\":{\"@id\":\"https:\\\/\\\/operacinesistema.lt\\\/#website\"},\"primaryImageOfPage\":{\"@id\":\"https:\\\/\\\/operacinesistema.lt\\\/product\\\/windows-11-pro-64-bit-usb\\\/#primaryimage\"},\"image\":{\"@id\":\"https:\\\/\\\/operacinesistema.lt\\\/product\\\/windows-11-pro-64-bit-usb\\\/#primaryimage\"},\"thumbnailUrl\":\"https:\\\/\\\/operacinesistema.lt\\\/wp-content\\\/uploads\\\/2024\\\/11\\\/Windows-11-Pro-USB-1.png\",\"datePublished\":\"2024-11-18T19:51:52+00:00\",\"dateModified\":\"2026-05-01T07:15:26+00:00\",\"description\":\"\u012esigykite originali\u0105 Windows 11 Pro USB operacin\u0119 sistem\u0105 u\u017e puiki\u0105 kain\u0105! Greitas aktyvavimas, patikima licencija ir visi profesional\u016bs \u012frankiai.\",\"breadcrumb\":{\"@id\":\"https:\\\/\\\/operacinesistema.lt\\\/product\\\/windows-11-pro-64-bit-usb\\\/#breadcrumb\"},\"inLanguage\":\"pl-PL\",\"potentialAction\":[{\"@type\":\"ReadAction\",\"target\":[\"https:\\\/\\\/operacinesistema.lt\\\/product\\\/windows-11-pro-64-bit-usb\\\/\"]}]},{\"@type\":\"ImageObject\",\"inLanguage\":\"pl-PL\",\"@id\":\"https:\\\/\\\/operacinesistema.lt\\\/product\\\/windows-11-pro-64-bit-usb\\\/#primaryimage\",\"url\":\"https:\\\/\\\/operacinesistema.lt\\\/wp-content\\\/uploads\\\/2024\\\/11\\\/Windows-11-Pro-USB-1.png\",\"contentUrl\":\"https:\\\/\\\/operacinesistema.lt\\\/wp-content\\\/uploads\\\/2024\\\/11\\\/Windows-11-Pro-USB-1.png\",\"width\":1000,\"height\":1000,\"caption\":\"Windows 11 Pro USB\"},{\"@type\":\"BreadcrumbList\",\"@id\":\"https:\\\/\\\/operacinesistema.lt\\\/product\\\/windows-11-pro-64-bit-usb\\\/#breadcrumb\",\"itemListElement\":[{\"@type\":\"ListItem\",\"position\":1,\"name\":\"Home\",\"item\":\"https:\\\/\\\/operacinesistema.lt\\\/\"},{\"@type\":\"ListItem\",\"position\":2,\"name\":\"Parduotuv\u0117\",\"item\":\"https:\\\/\\\/operacinesistema.lt\\\/parduotuve\\\/\"},{\"@type\":\"ListItem\",\"position\":3,\"name\":\"Windows 11 Pro 64-Bit USB\"}]},{\"@type\":\"WebSite\",\"@id\":\"https:\\\/\\\/operacinesistema.lt\\\/#website\",\"url\":\"https:\\\/\\\/operacinesistema.lt\\\/\",\"name\":\"operacinesistema.lt\",\"description\":\"\u012esigykite Windows 11 Pro u\u017e geriausi\u0105 kain\u0105\",\"potentialAction\":[{\"@type\":\"SearchAction\",\"target\":{\"@type\":\"EntryPoint\",\"urlTemplate\":\"https:\\\/\\\/operacinesistema.lt\\\/?s={search_term_string}\"},\"query-input\":{\"@type\":\"PropertyValueSpecification\",\"valueRequired\":true,\"valueName\":\"search_term_string\"}}],\"inLanguage\":\"pl-PL\"}]}<\/script>\n<!-- \/ Yoast SEO plugin. -->","yoast_head_json":{"title":"Windows 11 Pro 64-bit USB - operacinesistema.lt","description":"Uzyskaj oryginalny system operacyjny Windows 11 Pro USB w doskona\u0142ej cenie! Szybka aktywacja, niezawodna licencja i wszystkie profesjonalne narz\u0119dzia.","robots":{"index":"index","follow":"follow","max-snippet":"max-snippet:-1","max-image-preview":"max-image-preview:large","max-video-preview":"max-video-preview:-1"},"canonical":"https:\/\/operacinesistema.lt\/pl\/produkt\/windows-11-pro-64-bit-usb\/","og_locale":"pl_PL","og_type":"article","og_title":"Windows 11 Pro 64-Bit USB - operacinesistema.lt","og_description":"\u012esigykite originali\u0105 Windows 11 Pro USB operacin\u0119 sistem\u0105 u\u017e puiki\u0105 kain\u0105! Greitas aktyvavimas, patikima licencija ir visi profesional\u016bs \u012frankiai.","og_url":"https:\/\/operacinesistema.lt\/pl\/produkt\/windows-11-pro-64-bit-usb\/","og_site_name":"operacinesistema.lt","article_modified_time":"2026-05-01T07:15:26+00:00","og_image":[{"width":1000,"height":1000,"url":"https:\/\/operacinesistema.lt\/wp-content\/uploads\/2024\/11\/Windows-11-Pro-USB-1.png","type":"image\/png"}],"twitter_card":"summary_large_image","twitter_misc":{"Szacowany czas czytania":"3 minuty"},"schema":{"@context":"https:\/\/schema.org","@graph":[{"@type":"WebPage","@id":"https:\/\/operacinesistema.lt\/product\/windows-11-pro-64-bit-usb\/","url":"https:\/\/operacinesistema.lt\/product\/windows-11-pro-64-bit-usb\/","name":"Windows 11 Pro 64-bit USB - operacinesistema.lt","isPartOf":{"@id":"https:\/\/operacinesistema.lt\/#website"},"primaryImageOfPage":{"@id":"https:\/\/operacinesistema.lt\/product\/windows-11-pro-64-bit-usb\/#primaryimage"},"image":{"@id":"https:\/\/operacinesistema.lt\/product\/windows-11-pro-64-bit-usb\/#primaryimage"},"thumbnailUrl":"https:\/\/operacinesistema.lt\/wp-content\/uploads\/2024\/11\/Windows-11-Pro-USB-1.png","datePublished":"2024-11-18T19:51:52+00:00","dateModified":"2026-05-01T07:15:26+00:00","description":"Uzyskaj oryginalny system operacyjny Windows 11 Pro USB w doskona\u0142ej cenie! Szybka aktywacja, niezawodna licencja i wszystkie profesjonalne narz\u0119dzia.","breadcrumb":{"@id":"https:\/\/operacinesistema.lt\/product\/windows-11-pro-64-bit-usb\/#breadcrumb"},"inLanguage":"pl-PL","potentialAction":[{"@type":"ReadAction","target":["https:\/\/operacinesistema.lt\/product\/windows-11-pro-64-bit-usb\/"]}]},{"@type":"ImageObject","inLanguage":"pl-PL","@id":"https:\/\/operacinesistema.lt\/product\/windows-11-pro-64-bit-usb\/#primaryimage","url":"https:\/\/operacinesistema.lt\/wp-content\/uploads\/2024\/11\/Windows-11-Pro-USB-1.png","contentUrl":"https:\/\/operacinesistema.lt\/wp-content\/uploads\/2024\/11\/Windows-11-Pro-USB-1.png","width":1000,"height":1000,"caption":"Windows 11 Pro USB"},{"@type":"BreadcrumbList","@id":"https:\/\/operacinesistema.lt\/product\/windows-11-pro-64-bit-usb\/#breadcrumb","itemListElement":[{"@type":"ListItem","position":1,"name":"Home","item":"https:\/\/operacinesistema.lt\/"},{"@type":"ListItem","position":2,"name":"Parduotuv\u0117","item":"https:\/\/operacinesistema.lt\/parduotuve\/"},{"@type":"ListItem","position":3,"name":"Windows 11 Pro 64-Bit USB"}]},{"@type":"WebSite","@id":"https:\/\/operacinesistema.lt\/#website","url":"https:\/\/operacinesistema.lt\/","name":"operacinesistema.lt","description":"Windows 11 Pro w najlepszej cenie","potentialAction":[{"@type":"SearchAction","target":{"@type":"EntryPoint","urlTemplate":"https:\/\/operacinesistema.lt\/?s={search_term_string}"},"query-input":{"@type":"PropertyValueSpecification","valueRequired":true,"valueName":"search_term_string"}}],"inLanguage":"pl-PL"}]}},"_links":{"self":[{"href":"https:\/\/operacinesistema.lt\/pl\/wp-json\/wp\/v2\/product\/4334","targetHints":{"allow":["GET"]}}],"collection":[{"href":"https:\/\/operacinesistema.lt\/pl\/wp-json\/wp\/v2\/product"}],"about":[{"href":"https:\/\/operacinesistema.lt\/pl\/wp-json\/wp\/v2\/types\/product"}],"version-history":[{"count":1,"href":"https:\/\/operacinesistema.lt\/pl\/wp-json\/wp\/v2\/product\/4334\/revisions"}],"predecessor-version":[{"id":6584,"href":"https:\/\/operacinesistema.lt\/pl\/wp-json\/wp\/v2\/product\/4334\/revisions\/6584"}],"wp:featuredmedia":[{"embeddable":true,"href":"https:\/\/operacinesistema.lt\/pl\/wp-json\/wp\/v2\/media\/6017"}],"wp:attachment":[{"href":"https:\/\/operacinesistema.lt\/pl\/wp-json\/wp\/v2\/media?parent=4334"}],"wp:term":[{"taxonomy":"product_brand","embeddable":true,"href":"https:\/\/operacinesistema.lt\/pl\/wp-json\/wp\/v2\/product_brand?post=4334"},{"taxonomy":"product_cat","embeddable":true,"href":"https:\/\/operacinesistema.lt\/pl\/wp-json\/wp\/v2\/product_cat?post=4334"},{"taxonomy":"product_tag","embeddable":true,"href":"https:\/\/operacinesistema.lt\/pl\/wp-json\/wp\/v2\/product_tag?post=4334"}],"curies":[{"name":"wp","href":"https:\/\/api.w.org\/{rel}","templated":true}]}}