{"id":4396,"date":"2024-11-19T09:33:47","date_gmt":"2024-11-19T09:33:47","guid":{"rendered":"https:\/\/operacinesistema.lt\/?page_id=4396"},"modified":"2024-11-19T09:33:47","modified_gmt":"2024-11-19T09:33:47","slug":"restitutiebeleid","status":"publish","type":"page","link":"https:\/\/operacinesistema.lt\/nl\/restitutiebeleid\/","title":{"rendered":"Retourbeleid"},"content":{"rendered":"<p>Laatst bijgewerkt op: 2024-11-19&nbsp;<\/p>\n\n\n\n<p>sera International, MB verplicht zich te voldoen aan de wetten van de Republiek Litouwen, die de rechten van kopers waarborgen. Dit beleid beschrijft de voorwaarden voor retourzendingen, omruilingen en service na verkoop voor producten die op onze website zijn gekocht. <a href=\"https:\/\/operacinesistema.lt\/nl\/\">https:\/\/operacinesistema.lt\/<\/a>.\u00a0<\/p>\n\n\n\n<h3 class=\"wp-block-heading\">1. Voorwaarden voor het retourneren van goederen<\/h3>\n\n\n\n<p>1.1. 14 dagen geld-terug-garantie:<\/p>\n\n\n\n<p>Overeenkomstig artikel 6.228(10) van het Burgerlijk Wetboek van de Republiek Litouwen heeft de koper het recht om de gekochte goederen binnen 14 dagen na ontvangst zonder opgaaf van reden te retourneren.&nbsp;<\/p>\n\n\n\n<p>1.2 Status van goederen<\/p>\n\n\n\n<ul class=\"wp-block-list\">\n<li>Geretourneerde goederen moeten:\u00a0<ul><li>Ongebruikt en onbeschadigd<\/li><\/ul><ul><li>In de originele, onbeschadigde verpakking<\/li><\/ul>\n<ul class=\"wp-block-list\">\n<li>Met alle bijlagen (indien van toepassing)<\/li>\n<\/ul>\n<\/li>\n<\/ul>\n\n\n\n<p>Als het product beschadigd of gebruikt is, wordt de restitutie mogelijk niet geaccepteerd of verminderd.&nbsp;<\/p>\n\n\n\n<p>1.3. Goederen die niet kunnen worden geretourneerd:<\/p>\n\n\n\n<ul class=\"wp-block-list\">\n<li>Software of licenties die geactiveerd zijn<\/li>\n\n\n\n<li>Gepersonaliseerde goederen<\/li>\n<\/ul>\n\n\n\n<p>1.4. Retourkosten:<\/p>\n\n\n\n<p>De koper is verantwoordelijk voor de kosten van het retourneren van de goederen, tenzij de goederen van slechte kwaliteit waren of niet de goederen waren die besteld waren.&nbsp;<\/p>\n\n\n\n<h3 class=\"wp-block-heading\">2. Vervanging van goederen<\/h3>\n\n\n\n<p>2.1 Goederen kunnen alleen worden vervangen als de goederen defect of gebrekkig zijn ontvangen.&nbsp;<\/p>\n\n\n\n<p>2.2 Voor ruilen gelden dezelfde voorwaarden als voor retourneren (zie punt 1.2).&nbsp;<\/p>\n\n\n\n<h3 class=\"wp-block-heading\">3. Terugbetalingsprocedure<\/h3>\n\n\n\n<p>3.1 Volg deze stappen om een artikel te retourneren of te ruilen:&nbsp;<\/p>\n\n\n\n<p>Neem per e-mail contact met ons op <a href=\"mailto:help@operacinesistema.lt\">help@operacinesistema.lt<\/a> en geef de volgende informatie:\u00a0<\/p>\n\n\n\n<ul class=\"wp-block-list\">\n<li>Bestelnummer<\/li>\n\n\n\n<li>De naam van het product en de reden voor de retourzending of omruiling<\/li>\n\n\n\n<li>Als het product defect is, voeg dan foto's bij<\/li>\n<\/ul>\n\n\n\n<p>3.2 Na ontvangst van je verzoek zullen we je voorzien van gedetailleerde instructies voor het retourneren, inclusief details over het verzendadres.&nbsp;<\/p>\n\n\n\n<p>3.3. Retourneer via het postkantoor van je keuze en bewaar het ontvangstbewijs als bewijs van retournering.&nbsp;<\/p>\n\n\n\n<h3 class=\"wp-block-heading\">4. Terugbetaling van geld<\/h3>\n\n\n\n<p>4.1 Restituties worden binnen 14 dagen na ontvangst en inspectie van de goederen terugbetaald.&nbsp;<\/p>\n\n\n\n<p>4.2 Het geld wordt bijgeschreven op dezelfde rekening waarvan de betaling is gedaan.&nbsp;<\/p>\n\n\n\n<p>4.3 Indien voor franco levering is gekozen, wordt de leveringsprijs niet gerestitueerd (behalve in het geval van goederen van lage kwaliteit).&nbsp;<\/p>\n\n\n\n<h3 class=\"wp-block-heading\">5. Garanties en defecte goederen<\/h3>\n\n\n\n<p>5.1 Als de goederen defect zijn, wordt de garantieservice toegepast in overeenstemming met de vereisten van het Burgerlijk Wetboek van de Republiek Litouwen.&nbsp;<\/p>\n\n\n\n<p>5.2 U kunt het defecte product retourneren of een vervangend product aanvragen.&nbsp;<\/p>\n\n\n\n<p>5.3. Neem per e-mail contact met ons op <a href=\"mailto:help@operacinesistema.lt\">help@operacinesistema.lt<\/a>, met alle details van het defect, inclusief foto's.\u00a0<\/p>\n\n\n\n<h3 class=\"wp-block-heading\">6. Neem contact op met<\/h3>\n\n\n\n<p>Als je vragen hebt over de terugbetaling of garantie:&nbsp;<\/p>\n\n\n\n<p>E-mail: <a href=\"mailto:help@operacinesistema.lt\">help@operacinesistema.lt<\/a><\/p>\n\n\n\n<p>Telefoon: +370 601 66511&nbsp;<\/p>\n\n\n\n<p>sera International, MB behoudt zich het recht voor dit beleid te allen tijde te actualiseren. Updates worden op onze website gepubliceerd.<\/p>","protected":false},"excerpt":{"rendered":"<p>Paskutin\u012f kart\u0105 atnaujinta: 2024-11-19&nbsp; SERA International, MB \u012fsipareigoja laikytis Lietuvos Respublikos \u012fstatym\u0173, u\u017etikrinan\u010di\u0173 pirk\u0117j\u0173 teises. \u0160ioje politikoje apra\u0161omos preki\u0173 gr\u0105\u017einimo, keitimo ir garantinio aptarnavimo s\u0105lygos, taikomos perkant produktus m\u016bs\u0173 svetain\u0117je https:\/\/operacinesistema.lt\/.\u00a0 1. Preki\u0173 gr\u0105\u017einimo s\u0105lygos 1.1. 14 dien\u0173 pinig\u0173 gr\u0105\u017einimo garantija: Vadovaujantis Lietuvos Respublikos civilinio kodekso 6.228(10) straipsniu, pirk\u0117jas turi teis\u0119 gr\u0105\u017einti \u012fsigyt\u0105 prek\u0119 per 14 dien\u0173 nuo jos gavimo, nenurodydamas prie\u017easties.&nbsp; 1.2. Preki\u0173 b\u016bkl\u0117 Jei prek\u0117 buvo sugadinta ar naudota, gr\u0105\u017einimas gali b\u016bti nepriimtas arba gali b\u016bti suma\u017einta gr\u0105\u017einama suma.&nbsp; 1.3. Preki\u0173, kuri\u0173 gr\u0105\u017einti negalima: 1.4. Gr\u0105\u017einimo i\u0161laidos: Pirk\u0117jas atsakingas u\u017e preki\u0173 gr\u0105\u017einimo i\u0161laidas, i\u0161skyrus atvejus, kai prek\u0117 buvo nekokybi\u0161ka arba gauta ne ta, kuri buvo u\u017esakyta.&nbsp; 2. Preki\u0173 keitimas 2.1. Prek\u0117s gali b\u016bti kei\u010diamos tik tuo atveju, jei buvo gauta netinkama arba brokuota prek\u0117.&nbsp; 2.2. Keitimui taikomos tos pa\u010dios s\u0105lygos, kaip ir gr\u0105\u017einimui (\u017er. 1.2 punkt\u0105).&nbsp; 3. Gr\u0105\u017einimo procesas 3.1. Nor\u0117dami gr\u0105\u017einti ar pakeisti prek\u0119, atlikite \u0161iuos veiksmus:&nbsp; Susisiekite su mumis el. pa\u0161tu help@operacinesistema.lt ir pateikite \u0161i\u0105 informacij\u0105:\u00a0 3.2. Gav\u0119 j\u016bs\u0173 u\u017eklaus\u0105, suteiksime i\u0161samias gr\u0105\u017einimo instrukcijas, \u012fskaitant informacij\u0105 apie siuntimo adres\u0105.&nbsp; 3.3. Gr\u0105\u017einim\u0105 atlikite per pasirinkt\u0105 pa\u0161tomat\u0105, i\u0161saugokite siuntimo kvit\u0105 kaip gr\u0105\u017einimo \u012frodym\u0105.&nbsp; 4. Pinig\u0173 gr\u0105\u017einimas 4.1. Pinigai gr\u0105\u017einami per 14 dien\u0173 nuo prek\u0117s gavimo ir patikrinimo.&nbsp; 4.2. Pinigai pervedami \u012f t\u0105 pa\u010di\u0105 s\u0105skait\u0105, i\u0161 kurios buvo atliktas mok\u0117jimas.&nbsp; 4.3. Jei buvo pasirinktas pristatymas mokamu pa\u0161tomatu, pristatymo kaina negr\u0105\u017einama (i\u0161skyrus nekokybi\u0161k\u0173 preki\u0173 atvejus).&nbsp; 5. Garantijos ir brokuotos prek\u0117s 5.1. Jei prek\u0117 yra brokuota, garantinis aptarnavimas taikomas pagal Lietuvos Respublikos civilinio kodekso reikalavimus.&nbsp; 5.2. Brokuot\u0105 prek\u0119 galite gr\u0105\u017einti arba pra\u0161yti jos pakeitimo.&nbsp; 5.3. Susisiekite su mumis el. pa\u0161tu help@operacinesistema.lt, pateikdami vis\u0105 informacij\u0105 apie brok\u0105, \u012fskaitant nuotraukas.\u00a0 6. Kontaktai Jei turite klausim\u0173 d\u0117l gr\u0105\u017einimo ar garantijos:&nbsp; El. pa\u0161tas: help@operacinesistema.lt Telefonas: +370 601 66511&nbsp; SERA International, MB pasilieka teis\u0119 bet kuriuo metu atnaujinti \u0161i\u0105 politik\u0105. Atnaujinimai bus skelbiami m\u016bs\u0173 svetain\u0117je.<\/p>","protected":false},"author":1,"featured_media":0,"parent":0,"menu_order":0,"comment_status":"closed","ping_status":"closed","template":"","meta":{"footnotes":""},"class_list":["post-4396","page","type-page","status-publish","hentry","post-no-thumbnail"],"yoast_head":"<!-- This site is optimized with the Yoast SEO plugin v27.5 - https:\/\/yoast.com\/product\/yoast-seo-wordpress\/ -->\n<title>Gr\u0105\u017einimo politika - operacinesistema.lt<\/title>\n<meta name=\"robots\" content=\"index, follow, max-snippet:-1, max-image-preview:large, max-video-preview:-1\" \/>\n<link rel=\"canonical\" href=\"https:\/\/operacinesistema.lt\/nl\/restitutiebeleid\/\" \/>\n<meta property=\"og:locale\" content=\"nl_NL\" \/>\n<meta property=\"og:type\" content=\"article\" \/>\n<meta property=\"og:title\" content=\"Gr\u0105\u017einimo politika - operacinesistema.lt\" \/>\n<meta property=\"og:description\" content=\"Paskutin\u012f kart\u0105 atnaujinta: 2024-11-19&nbsp; SERA International, MB \u012fsipareigoja laikytis Lietuvos Respublikos \u012fstatym\u0173, u\u017etikrinan\u010di\u0173 pirk\u0117j\u0173 teises. \u0160ioje politikoje apra\u0161omos preki\u0173 gr\u0105\u017einimo, keitimo ir garantinio aptarnavimo s\u0105lygos, taikomos perkant produktus m\u016bs\u0173 svetain\u0117je https:\/\/operacinesistema.lt\/.\u00a0 1. Preki\u0173 gr\u0105\u017einimo s\u0105lygos 1.1. 14 dien\u0173 pinig\u0173 gr\u0105\u017einimo garantija: Vadovaujantis Lietuvos Respublikos civilinio kodekso 6.228(10) straipsniu, pirk\u0117jas turi teis\u0119 gr\u0105\u017einti \u012fsigyt\u0105 prek\u0119 per 14 dien\u0173 nuo jos gavimo, nenurodydamas prie\u017easties.&nbsp; 1.2. Preki\u0173 b\u016bkl\u0117 Jei prek\u0117 buvo sugadinta ar naudota, gr\u0105\u017einimas gali b\u016bti nepriimtas arba gali b\u016bti suma\u017einta gr\u0105\u017einama suma.&nbsp; 1.3. Preki\u0173, kuri\u0173 gr\u0105\u017einti negalima: 1.4. Gr\u0105\u017einimo i\u0161laidos: Pirk\u0117jas atsakingas u\u017e preki\u0173 gr\u0105\u017einimo i\u0161laidas, i\u0161skyrus atvejus, kai prek\u0117 buvo nekokybi\u0161ka arba gauta ne ta, kuri buvo u\u017esakyta.&nbsp; 2. Preki\u0173 keitimas 2.1. Prek\u0117s gali b\u016bti kei\u010diamos tik tuo atveju, jei buvo gauta netinkama arba brokuota prek\u0117.&nbsp; 2.2. Keitimui taikomos tos pa\u010dios s\u0105lygos, kaip ir gr\u0105\u017einimui (\u017er. 1.2 punkt\u0105).&nbsp; 3. Gr\u0105\u017einimo procesas 3.1. Nor\u0117dami gr\u0105\u017einti ar pakeisti prek\u0119, atlikite \u0161iuos veiksmus:&nbsp; Susisiekite su mumis el. pa\u0161tu help@operacinesistema.lt ir pateikite \u0161i\u0105 informacij\u0105:\u00a0 3.2. Gav\u0119 j\u016bs\u0173 u\u017eklaus\u0105, suteiksime i\u0161samias gr\u0105\u017einimo instrukcijas, \u012fskaitant informacij\u0105 apie siuntimo adres\u0105.&nbsp; 3.3. Gr\u0105\u017einim\u0105 atlikite per pasirinkt\u0105 pa\u0161tomat\u0105, i\u0161saugokite siuntimo kvit\u0105 kaip gr\u0105\u017einimo \u012frodym\u0105.&nbsp; 4. Pinig\u0173 gr\u0105\u017einimas 4.1. Pinigai gr\u0105\u017einami per 14 dien\u0173 nuo prek\u0117s gavimo ir patikrinimo.&nbsp; 4.2. Pinigai pervedami \u012f t\u0105 pa\u010di\u0105 s\u0105skait\u0105, i\u0161 kurios buvo atliktas mok\u0117jimas.&nbsp; 4.3. Jei buvo pasirinktas pristatymas mokamu pa\u0161tomatu, pristatymo kaina negr\u0105\u017einama (i\u0161skyrus nekokybi\u0161k\u0173 preki\u0173 atvejus).&nbsp; 5. Garantijos ir brokuotos prek\u0117s 5.1. Jei prek\u0117 yra brokuota, garantinis aptarnavimas taikomas pagal Lietuvos Respublikos civilinio kodekso reikalavimus.&nbsp; 5.2. Brokuot\u0105 prek\u0119 galite gr\u0105\u017einti arba pra\u0161yti jos pakeitimo.&nbsp; 5.3. Susisiekite su mumis el. pa\u0161tu help@operacinesistema.lt, pateikdami vis\u0105 informacij\u0105 apie brok\u0105, \u012fskaitant nuotraukas.\u00a0 6. Kontaktai Jei turite klausim\u0173 d\u0117l gr\u0105\u017einimo ar garantijos:&nbsp; El. pa\u0161tas: help@operacinesistema.lt Telefonas: +370 601 66511&nbsp; SERA International, MB pasilieka teis\u0119 bet kuriuo metu atnaujinti \u0161i\u0105 politik\u0105. Atnaujinimai bus skelbiami m\u016bs\u0173 svetain\u0117je.\" \/>\n<meta property=\"og:url\" content=\"https:\/\/operacinesistema.lt\/nl\/restitutiebeleid\/\" \/>\n<meta property=\"og:site_name\" content=\"operacinesistema.lt\" \/>\n<meta name=\"twitter:card\" content=\"summary_large_image\" \/>\n<meta name=\"twitter:label1\" content=\"Geschatte leestijd\" \/>\n\t<meta name=\"twitter:data1\" content=\"2 minuten\" \/>\n<script type=\"application\/ld+json\" class=\"yoast-schema-graph\">{\"@context\":\"https:\\\/\\\/schema.org\",\"@graph\":[{\"@type\":\"WebPage\",\"@id\":\"https:\\\/\\\/operacinesistema.lt\\\/grazinimo-politika\\\/\",\"url\":\"https:\\\/\\\/operacinesistema.lt\\\/grazinimo-politika\\\/\",\"name\":\"Gr\u0105\u017einimo politika - operacinesistema.lt\",\"isPartOf\":{\"@id\":\"https:\\\/\\\/operacinesistema.lt\\\/#website\"},\"datePublished\":\"2024-11-19T09:33:47+00:00\",\"breadcrumb\":{\"@id\":\"https:\\\/\\\/operacinesistema.lt\\\/grazinimo-politika\\\/#breadcrumb\"},\"inLanguage\":\"nl-NL\",\"potentialAction\":[{\"@type\":\"ReadAction\",\"target\":[\"https:\\\/\\\/operacinesistema.lt\\\/grazinimo-politika\\\/\"]}]},{\"@type\":\"BreadcrumbList\",\"@id\":\"https:\\\/\\\/operacinesistema.lt\\\/grazinimo-politika\\\/#breadcrumb\",\"itemListElement\":[{\"@type\":\"ListItem\",\"position\":1,\"name\":\"Home\",\"item\":\"https:\\\/\\\/operacinesistema.lt\\\/\"},{\"@type\":\"ListItem\",\"position\":2,\"name\":\"Gr\u0105\u017einimo politika\"}]},{\"@type\":\"WebSite\",\"@id\":\"https:\\\/\\\/operacinesistema.lt\\\/#website\",\"url\":\"https:\\\/\\\/operacinesistema.lt\\\/\",\"name\":\"operacinesistema.lt\",\"description\":\"\u012esigykite Windows 11 Pro u\u017e geriausi\u0105 kain\u0105\",\"potentialAction\":[{\"@type\":\"SearchAction\",\"target\":{\"@type\":\"EntryPoint\",\"urlTemplate\":\"https:\\\/\\\/operacinesistema.lt\\\/?s={search_term_string}\"},\"query-input\":{\"@type\":\"PropertyValueSpecification\",\"valueRequired\":true,\"valueName\":\"search_term_string\"}}],\"inLanguage\":\"nl-NL\"}]}<\/script>\n<!-- \/ Yoast SEO plugin. -->","yoast_head_json":{"title":"Retourbeleid - operacinesistema.nl","robots":{"index":"index","follow":"follow","max-snippet":"max-snippet:-1","max-image-preview":"max-image-preview:large","max-video-preview":"max-video-preview:-1"},"canonical":"https:\/\/operacinesistema.lt\/nl\/restitutiebeleid\/","og_locale":"nl_NL","og_type":"article","og_title":"Gr\u0105\u017einimo politika - operacinesistema.lt","og_description":"Paskutin\u012f kart\u0105 atnaujinta: 2024-11-19&nbsp; SERA International, MB \u012fsipareigoja laikytis Lietuvos Respublikos \u012fstatym\u0173, u\u017etikrinan\u010di\u0173 pirk\u0117j\u0173 teises. \u0160ioje politikoje apra\u0161omos preki\u0173 gr\u0105\u017einimo, keitimo ir garantinio aptarnavimo s\u0105lygos, taikomos perkant produktus m\u016bs\u0173 svetain\u0117je https:\/\/operacinesistema.lt\/.\u00a0 1. Preki\u0173 gr\u0105\u017einimo s\u0105lygos 1.1. 14 dien\u0173 pinig\u0173 gr\u0105\u017einimo garantija: Vadovaujantis Lietuvos Respublikos civilinio kodekso 6.228(10) straipsniu, pirk\u0117jas turi teis\u0119 gr\u0105\u017einti \u012fsigyt\u0105 prek\u0119 per 14 dien\u0173 nuo jos gavimo, nenurodydamas prie\u017easties.&nbsp; 1.2. Preki\u0173 b\u016bkl\u0117 Jei prek\u0117 buvo sugadinta ar naudota, gr\u0105\u017einimas gali b\u016bti nepriimtas arba gali b\u016bti suma\u017einta gr\u0105\u017einama suma.&nbsp; 1.3. Preki\u0173, kuri\u0173 gr\u0105\u017einti negalima: 1.4. Gr\u0105\u017einimo i\u0161laidos: Pirk\u0117jas atsakingas u\u017e preki\u0173 gr\u0105\u017einimo i\u0161laidas, i\u0161skyrus atvejus, kai prek\u0117 buvo nekokybi\u0161ka arba gauta ne ta, kuri buvo u\u017esakyta.&nbsp; 2. Preki\u0173 keitimas 2.1. Prek\u0117s gali b\u016bti kei\u010diamos tik tuo atveju, jei buvo gauta netinkama arba brokuota prek\u0117.&nbsp; 2.2. Keitimui taikomos tos pa\u010dios s\u0105lygos, kaip ir gr\u0105\u017einimui (\u017er. 1.2 punkt\u0105).&nbsp; 3. Gr\u0105\u017einimo procesas 3.1. Nor\u0117dami gr\u0105\u017einti ar pakeisti prek\u0119, atlikite \u0161iuos veiksmus:&nbsp; Susisiekite su mumis el. pa\u0161tu help@operacinesistema.lt ir pateikite \u0161i\u0105 informacij\u0105:\u00a0 3.2. Gav\u0119 j\u016bs\u0173 u\u017eklaus\u0105, suteiksime i\u0161samias gr\u0105\u017einimo instrukcijas, \u012fskaitant informacij\u0105 apie siuntimo adres\u0105.&nbsp; 3.3. Gr\u0105\u017einim\u0105 atlikite per pasirinkt\u0105 pa\u0161tomat\u0105, i\u0161saugokite siuntimo kvit\u0105 kaip gr\u0105\u017einimo \u012frodym\u0105.&nbsp; 4. Pinig\u0173 gr\u0105\u017einimas 4.1. Pinigai gr\u0105\u017einami per 14 dien\u0173 nuo prek\u0117s gavimo ir patikrinimo.&nbsp; 4.2. Pinigai pervedami \u012f t\u0105 pa\u010di\u0105 s\u0105skait\u0105, i\u0161 kurios buvo atliktas mok\u0117jimas.&nbsp; 4.3. Jei buvo pasirinktas pristatymas mokamu pa\u0161tomatu, pristatymo kaina negr\u0105\u017einama (i\u0161skyrus nekokybi\u0161k\u0173 preki\u0173 atvejus).&nbsp; 5. Garantijos ir brokuotos prek\u0117s 5.1. Jei prek\u0117 yra brokuota, garantinis aptarnavimas taikomas pagal Lietuvos Respublikos civilinio kodekso reikalavimus.&nbsp; 5.2. Brokuot\u0105 prek\u0119 galite gr\u0105\u017einti arba pra\u0161yti jos pakeitimo.&nbsp; 5.3. Susisiekite su mumis el. pa\u0161tu help@operacinesistema.lt, pateikdami vis\u0105 informacij\u0105 apie brok\u0105, \u012fskaitant nuotraukas.\u00a0 6. Kontaktai Jei turite klausim\u0173 d\u0117l gr\u0105\u017einimo ar garantijos:&nbsp; El. pa\u0161tas: help@operacinesistema.lt Telefonas: +370 601 66511&nbsp; SERA International, MB pasilieka teis\u0119 bet kuriuo metu atnaujinti \u0161i\u0105 politik\u0105. Atnaujinimai bus skelbiami m\u016bs\u0173 svetain\u0117je.","og_url":"https:\/\/operacinesistema.lt\/nl\/restitutiebeleid\/","og_site_name":"operacinesistema.lt","twitter_card":"summary_large_image","twitter_misc":{"Geschatte leestijd":"2 minuten"},"schema":{"@context":"https:\/\/schema.org","@graph":[{"@type":"WebPage","@id":"https:\/\/operacinesistema.lt\/grazinimo-politika\/","url":"https:\/\/operacinesistema.lt\/grazinimo-politika\/","name":"Retourbeleid - operacinesistema.nl","isPartOf":{"@id":"https:\/\/operacinesistema.lt\/#website"},"datePublished":"2024-11-19T09:33:47+00:00","breadcrumb":{"@id":"https:\/\/operacinesistema.lt\/grazinimo-politika\/#breadcrumb"},"inLanguage":"nl-NL","potentialAction":[{"@type":"ReadAction","target":["https:\/\/operacinesistema.lt\/grazinimo-politika\/"]}]},{"@type":"BreadcrumbList","@id":"https:\/\/operacinesistema.lt\/grazinimo-politika\/#breadcrumb","itemListElement":[{"@type":"ListItem","position":1,"name":"Home","item":"https:\/\/operacinesistema.lt\/"},{"@type":"ListItem","position":2,"name":"Gr\u0105\u017einimo politika"}]},{"@type":"WebSite","@id":"https:\/\/operacinesistema.lt\/#website","url":"https:\/\/operacinesistema.lt\/","name":"operacinesistema.lt","description":"Krijg Windows 11 Pro voor de beste prijs","potentialAction":[{"@type":"SearchAction","target":{"@type":"EntryPoint","urlTemplate":"https:\/\/operacinesistema.lt\/?s={search_term_string}"},"query-input":{"@type":"PropertyValueSpecification","valueRequired":true,"valueName":"search_term_string"}}],"inLanguage":"nl-NL"}]}},"_links":{"self":[{"href":"https:\/\/operacinesistema.lt\/nl\/wp-json\/wp\/v2\/pages\/4396","targetHints":{"allow":["GET"]}}],"collection":[{"href":"https:\/\/operacinesistema.lt\/nl\/wp-json\/wp\/v2\/pages"}],"about":[{"href":"https:\/\/operacinesistema.lt\/nl\/wp-json\/wp\/v2\/types\/page"}],"author":[{"embeddable":true,"href":"https:\/\/operacinesistema.lt\/nl\/wp-json\/wp\/v2\/users\/1"}],"replies":[{"embeddable":true,"href":"https:\/\/operacinesistema.lt\/nl\/wp-json\/wp\/v2\/comments?post=4396"}],"version-history":[{"count":0,"href":"https:\/\/operacinesistema.lt\/nl\/wp-json\/wp\/v2\/pages\/4396\/revisions"}],"wp:attachment":[{"href":"https:\/\/operacinesistema.lt\/nl\/wp-json\/wp\/v2\/media?parent=4396"}],"curies":[{"name":"wp","href":"https:\/\/api.w.org\/{rel}","templated":true}]}}