{"id":4404,"date":"2024-11-19T11:15:00","date_gmt":"2024-11-19T11:15:00","guid":{"rendered":"https:\/\/operacinesistema.lt\/?page_id=4404"},"modified":"2025-11-10T13:00:01","modified_gmt":"2025-11-10T13:00:01","slug":"duk","status":"publish","type":"page","link":"https:\/\/operacinesistema.lt\/lv\/duk\/","title":{"rendered":"BIE\u017d\u0100K UZDOTIE JAUT\u0100JUMI"},"content":{"rendered":"<div data-elementor-type=\"wp-page\" data-elementor-id=\"4404\" class=\"elementor elementor-4404\">\n\t\t\t\t<div class=\"elementor-element elementor-element-b9de748 e-flex e-con-boxed e-con e-parent\" data-id=\"b9de748\" data-element_type=\"container\" data-e-type=\"container\">\n\t\t\t\t\t<div class=\"e-con-inner\">\n\t\t\t\t<div class=\"elementor-element elementor-element-9d56ec8 elementor-widget elementor-widget-tm-heading\" data-id=\"9d56ec8\" data-element_type=\"widget\" data-e-type=\"widget\" data-widget_type=\"tm-heading.default\">\n\t\t\t\t<div class=\"elementor-widget-container\">\n\t\t\t\t\t\t\t<div class=\"tm-modern-heading tm-modern-heading--style-01 tm-modern-heading--highlight-style-01\">\n\t\t\t\n\t\t\t\t\t<div class=\"heading-primary-wrap\">\n\t\t\t<h2 class=\"heading-primary elementor-heading-title\">Bie\u017e\u0101k uzdotie jaut\u0101jumi<\/h2>\t\t<\/div>\n\t\t\n\t\t\t\n\t\t\t\t\t<\/div>\n\t\t\t\t\t\t<\/div>\n\t\t\t\t<\/div>\n\t\t\t\t\t<\/div>\n\t\t\t\t<\/div>\n\t\t<div class=\"elementor-element elementor-element-700f1f0 e-flex e-con-boxed e-con e-parent\" data-id=\"700f1f0\" data-element_type=\"container\" data-e-type=\"container\">\n\t\t\t\t\t<div class=\"e-con-inner\">\n\t\t\t\t<div class=\"elementor-element elementor-element-084315e minimog-accordion-style-01 elementor-widget elementor-widget-tm-accordion\" data-id=\"084315e\" data-element_type=\"widget\" data-e-type=\"widget\" data-settings=\"{&quot;active_first_item&quot;:&quot;1&quot;}\" data-widget_type=\"tm-accordion.default\">\n\t\t\t\t<div class=\"elementor-widget-container\">\n\t\t\t\t\t\t\t<div class=\"minimog-accordion minimog-accordion-icon-right\" data-multi-open=\"1\">\n\t\t\t\t\t\t\t<div class=\"accordion-section active\">\n\t\t\t\t\t<div class=\"accordion-header\">\n\t\t\t\t\t\t<div class=\"accordion-title-wrapper\">\n\t\t\t\t\t\t\t<h6 class=\"accordion-title\">Vai es sa\u0146em\u0161u fizisku produktu vai Windows 11 Pro digit\u0101lo licenci?<\/h6>\t\t\t\t\t\t<\/div>\n\t\t\t\t\t\t\t\t\t\t\t\t\t<div class=\"accordion-icons\">\n\t\t\t\t\t\t\t\t<span\n\t\t\t\t\t\t\t\t\tclass=\"accordion-icon opened-icon\"><i class=\"far fa-angle-down\"><\/i><\/span>\n\t\t\t\t\t\t\t\t<span\n\t\t\t\t\t\t\t\t\tclass=\"accordion-icon closed-icon\"><i class=\"far fa-angle-up\"><\/i><\/span>\n\t\t\t\t\t\t\t<\/div>\n\t\t\t\t\t\t\t\t\t\t\t<\/div>\n\t\t\t\t\t<div class=\"accordion-content\">\n\t\t\t\t\t\t<p>Ieg\u0101d\u0101joties Windows 11 Pro, m\u0113s jums nos\u016bt\u012bsim ori\u0123in\u0101lo fizisko produktu ar USB atmi\u0146u, rokasgr\u0101matu un visu ori\u0123in\u0101lo apr\u012bkojumu.<\/p>\t\t\t\t\t<\/div>\n\t\t\t\t<\/div>\n\t\t\t\t\t\t\t<div class=\"accordion-section\">\n\t\t\t\t\t<div class=\"accordion-header\">\n\t\t\t\t\t\t<div class=\"accordion-title-wrapper\">\n\t\t\t\t\t\t\t<h6 class=\"accordion-title\">Vai \u0161\u012b ir ori\u0123in\u0101l\u0101 oper\u0113t\u0101jsist\u0113ma?<\/h6>\t\t\t\t\t\t<\/div>\n\t\t\t\t\t\t\t\t\t\t\t\t\t<div class=\"accordion-icons\">\n\t\t\t\t\t\t\t\t<span\n\t\t\t\t\t\t\t\t\tclass=\"accordion-icon opened-icon\"><i class=\"far fa-angle-down\"><\/i><\/span>\n\t\t\t\t\t\t\t\t<span\n\t\t\t\t\t\t\t\t\tclass=\"accordion-icon closed-icon\"><i class=\"far fa-angle-up\"><\/i><\/span>\n\t\t\t\t\t\t\t<\/div>\n\t\t\t\t\t\t\t\t\t\t\t<\/div>\n\t\t\t\t\t<div class=\"accordion-content\">\n\t\t\t\t\t\t<p>J\u0101, visi m\u016bsu produkti ir ori\u0123in\u0101li, nav zagti, saplais\u0101ju\u0161i vai k\u0101 cit\u0101di viltoti.<\/p>\t\t\t\t\t<\/div>\n\t\t\t\t<\/div>\n\t\t\t\t\t\t\t<div class=\"accordion-section\">\n\t\t\t\t\t<div class=\"accordion-header\">\n\t\t\t\t\t\t<div class=\"accordion-title-wrapper\">\n\t\t\t\t\t\t\t<h6 class=\"accordion-title\">Vai oper\u0113t\u0101jsist\u0113mu var\u0113s atgriezt?<\/h6>\t\t\t\t\t\t<\/div>\n\t\t\t\t\t\t\t\t\t\t\t\t\t<div class=\"accordion-icons\">\n\t\t\t\t\t\t\t\t<span\n\t\t\t\t\t\t\t\t\tclass=\"accordion-icon opened-icon\"><i class=\"far fa-angle-down\"><\/i><\/span>\n\t\t\t\t\t\t\t\t<span\n\t\t\t\t\t\t\t\t\tclass=\"accordion-icon closed-icon\"><i class=\"far fa-angle-up\"><\/i><\/span>\n\t\t\t\t\t\t\t<\/div>\n\t\t\t\t\t\t\t\t\t\t\t<\/div>\n\t\t\t\t\t<div class=\"accordion-content\">\n\t\t\t\t\t\t<p>J\u0101, ja p\u0101rdom\u0101jat un oper\u0113t\u0101jsist\u0113mu neizmantojat, varat to atgriezt. Piez\u012bme: Iepakojums nedr\u012bkst b\u016bt sapl\u0113sts, sapl\u0113sts, lietots vai cit\u0101di boj\u0101ts. Ja produkts ir atv\u0113rts vai lietots, atgrie\u0161ana netiks pie\u0146emta.<\/p>\t\t\t\t\t<\/div>\n\t\t\t\t<\/div>\n\t\t\t\t\t\t\t<div class=\"accordion-section\">\n\t\t\t\t\t<div class=\"accordion-header\">\n\t\t\t\t\t\t<div class=\"accordion-title-wrapper\">\n\t\t\t\t\t\t\t<h6 class=\"accordion-title\">Ko dar\u012bt, ja licences atsl\u0113ga nedarbojas?<\/h6>\t\t\t\t\t\t<\/div>\n\t\t\t\t\t\t\t\t\t\t\t\t\t<div class=\"accordion-icons\">\n\t\t\t\t\t\t\t\t<span\n\t\t\t\t\t\t\t\t\tclass=\"accordion-icon opened-icon\"><i class=\"far fa-angle-down\"><\/i><\/span>\n\t\t\t\t\t\t\t\t<span\n\t\t\t\t\t\t\t\t\tclass=\"accordion-icon closed-icon\"><i class=\"far fa-angle-up\"><\/i><\/span>\n\t\t\t\t\t\t\t<\/div>\n\t\t\t\t\t\t\t\t\t\t\t<\/div>\n\t\t\t\t\t<div class=\"accordion-content\">\n\t\t\t\t\t\t<p>Ja licences atsl\u0113ga nedarbojas, jums ir j\u0101iesniedz videoieraksts, kur\u0101 redzams, k\u0101 izpakojat m\u016bsu oper\u0113t\u0101jsist\u0113mu un ievad\u0101t licences atsl\u0113gu, un, ja licences atsl\u0113ga nedarbojas, m\u0113s jums izsniegsim rezerves digit\u0101lo licences atsl\u0113gu.<\/p>\t\t\t\t\t<\/div>\n\t\t\t\t<\/div>\n\t\t\t\t\t\t\t<div class=\"accordion-section\">\n\t\t\t\t\t<div class=\"accordion-header\">\n\t\t\t\t\t\t<div class=\"accordion-title-wrapper\">\n\t\t\t\t\t\t\t<h6 class=\"accordion-title\">Cik ilgs ir pieg\u0101des laiks?<\/h6>\t\t\t\t\t\t<\/div>\n\t\t\t\t\t\t\t\t\t\t\t\t\t<div class=\"accordion-icons\">\n\t\t\t\t\t\t\t\t<span\n\t\t\t\t\t\t\t\t\tclass=\"accordion-icon opened-icon\"><i class=\"far fa-angle-down\"><\/i><\/span>\n\t\t\t\t\t\t\t\t<span\n\t\t\t\t\t\t\t\t\tclass=\"accordion-icon closed-icon\"><i class=\"far fa-angle-up\"><\/i><\/span>\n\t\t\t\t\t\t\t<\/div>\n\t\t\t\t\t\t\t\t\t\t\t<\/div>\n\t\t\t\t\t<div class=\"accordion-content\">\n\t\t\t\t\t\t<p>Pieg\u0101de uz pasta noda\u013cu Lietuv\u0101 aiz\u0146em 1-3 dienas. Kad s\u016bt\u012bjums tiks nog\u0101d\u0101ts pasta noda\u013c\u0101, j\u016bs par to tiksiet inform\u0113ts ar SMS un e-pastu. P\u0113c pieg\u0101des j\u016bs varat ierasties sa\u0146emt savu s\u016bt\u012bjumu jebkur\u0101 dien\u0101 un jebkur\u0101 diennakts laik\u0101.<\/p>\t\t\t\t\t<\/div>\n\t\t\t\t<\/div>\n\t\t\t\t\t\t\t<div class=\"accordion-section\">\n\t\t\t\t\t<div class=\"accordion-header\">\n\t\t\t\t\t\t<div class=\"accordion-title-wrapper\">\n\t\t\t\t\t\t\t<h6 class=\"accordion-title\">K\u0101 aizsarg\u0101t savus datus, izmantojot Windows 11 Pro?<\/h6>\t\t\t\t\t\t<\/div>\n\t\t\t\t\t\t\t\t\t\t\t\t\t<div class=\"accordion-icons\">\n\t\t\t\t\t\t\t\t<span\n\t\t\t\t\t\t\t\t\tclass=\"accordion-icon opened-icon\"><i class=\"far fa-angle-down\"><\/i><\/span>\n\t\t\t\t\t\t\t\t<span\n\t\t\t\t\t\t\t\t\tclass=\"accordion-icon closed-icon\"><i class=\"far fa-angle-up\"><\/i><\/span>\n\t\t\t\t\t\t\t<\/div>\n\t\t\t\t\t\t\t\t\t\t\t<\/div>\n\t\t\t\t\t<div class=\"accordion-content\">\n\t\t\t\t\t\t<p>\u201eWindows 11 Pro ir ieb\u016bv\u0113ts BitLocker datu \u0161ifr\u0113\u0161ana, kas nodro\u0161ina datu dro\u0161\u012bbu pat tad, ja pazaud\u0113jat ier\u012bci. V\u0113l liel\u0101kai dro\u0161\u012bbai varat izmantot ar\u012b Windows Hello sejas vai pirkstu nospiedumu atpaz\u012b\u0161anu.<\/p>\t\t\t\t\t<\/div>\n\t\t\t\t<\/div>\n\t\t\t\t\t\t\t<div class=\"accordion-section\">\n\t\t\t\t\t<div class=\"accordion-header\">\n\t\t\t\t\t\t<div class=\"accordion-title-wrapper\">\n\t\t\t\t\t\t\t<h6 class=\"accordion-title\">K\u0101 soli pa solim instal\u0113t oper\u0113t\u0101jsist\u0113mu Windows 11 Pro?<\/h6>\t\t\t\t\t\t<\/div>\n\t\t\t\t\t\t\t\t\t\t\t\t\t<div class=\"accordion-icons\">\n\t\t\t\t\t\t\t\t<span\n\t\t\t\t\t\t\t\t\tclass=\"accordion-icon opened-icon\"><i class=\"far fa-angle-down\"><\/i><\/span>\n\t\t\t\t\t\t\t\t<span\n\t\t\t\t\t\t\t\t\tclass=\"accordion-icon closed-icon\"><i class=\"far fa-angle-up\"><\/i><\/span>\n\t\t\t\t\t\t\t<\/div>\n\t\t\t\t\t\t\t\t\t\t\t<\/div>\n\t\t\t\t\t<div class=\"accordion-content\">\n\t\t\t\t\t\t<ul><li>Iesl\u0113dziet datoru un ievietojiet USB atmi\u0146u.<\/li><li>Palaidiet datoru no USB diska, izmantojot BIOS iestat\u012bjumus.<\/li><li>Izv\u0113lieties valodu un laiku, p\u0113c tam noklik\u0161\u0137iniet uz \u201eInstal\u0113t tagad\u201c.<\/li><li>Ievadiet aktiviz\u0101cijas kodu un turpiniet instal\u0113\u0161anu.<\/li><li>Izv\u0113lieties \u201eCustom Installation\u201c un nor\u0101diet disku, kur\u0101 v\u0113laties instal\u0113t sist\u0113mu.<\/li><li>Pagaidiet, l\u012bdz instal\u0113\u0161ana ir pabeigta, un iestatiet kontu.<\/li><\/ul>\t\t\t\t\t<\/div>\n\t\t\t\t<\/div>\n\t\t\t\t\t\t\t<div class=\"accordion-section\">\n\t\t\t\t\t<div class=\"accordion-header\">\n\t\t\t\t\t\t<div class=\"accordion-title-wrapper\">\n\t\t\t\t\t\t\t<h6 class=\"accordion-title\">K\u0101 p\u0101rliecin\u0101ties, vai mans dators ir sagatavots oper\u0113t\u0101jsist\u0113mai Windows 11?<\/h6>\t\t\t\t\t\t<\/div>\n\t\t\t\t\t\t\t\t\t\t\t\t\t<div class=\"accordion-icons\">\n\t\t\t\t\t\t\t\t<span\n\t\t\t\t\t\t\t\t\tclass=\"accordion-icon opened-icon\"><i class=\"far fa-angle-down\"><\/i><\/span>\n\t\t\t\t\t\t\t\t<span\n\t\t\t\t\t\t\t\t\tclass=\"accordion-icon closed-icon\"><i class=\"far fa-angle-up\"><\/i><\/span>\n\t\t\t\t\t\t\t<\/div>\n\t\t\t\t\t\t\t\t\t\t\t<\/div>\n\t\t\t\t\t<div class=\"accordion-content\">\n\t\t\t\t\t\t<p>Lai p\u0101rbaud\u012btu datora sader\u012bbu ar oper\u0113t\u0101jsist\u0113mu Windows 11, varat izmantot ofici\u0101lo r\u012bku Microsoft PC Health Check. \u0160is r\u012bks par\u0101d\u012bs, vai visas pras\u012bbas ir izpild\u012btas.<\/p>\t\t\t\t\t<\/div>\n\t\t\t\t<\/div>\n\t\t\t\t\t\t\t<div class=\"accordion-section\">\n\t\t\t\t\t<div class=\"accordion-header\">\n\t\t\t\t\t\t<div class=\"accordion-title-wrapper\">\n\t\t\t\t\t\t\t<h6 class=\"accordion-title\">Ko dar\u012bt, ja p\u0113c instal\u0113\u0161anas Windows 11 nedarbojas pareizi?<\/h6>\t\t\t\t\t\t<\/div>\n\t\t\t\t\t\t\t\t\t\t\t\t\t<div class=\"accordion-icons\">\n\t\t\t\t\t\t\t\t<span\n\t\t\t\t\t\t\t\t\tclass=\"accordion-icon opened-icon\"><i class=\"far fa-angle-down\"><\/i><\/span>\n\t\t\t\t\t\t\t\t<span\n\t\t\t\t\t\t\t\t\tclass=\"accordion-icon closed-icon\"><i class=\"far fa-angle-up\"><\/i><\/span>\n\t\t\t\t\t\t\t<\/div>\n\t\t\t\t\t\t\t\t\t\t\t<\/div>\n\t\t\t\t\t<div class=\"accordion-content\">\n\t\t\t\t\t\t<p>Ja rodas probl\u0113mas, varat:<\/p><ol><li>Izm\u0113\u0123iniet iestat\u012bjumos palaist probl\u0113mu nov\u0113r\u0161anas funkciju.<\/li><li>Atjauniniet draiverus vai instal\u0113jiet tr\u016bksto\u0161os atjaunin\u0101jumus.<\/li><li>Sazinieties ar mums, un m\u0113s pal\u012bdz\u0113sim jums atrisin\u0101t probl\u0113mu.<\/li><\/ol>\t\t\t\t\t<\/div>\n\t\t\t\t<\/div>\n\t\t\t\t\t\t\t<div class=\"accordion-section\">\n\t\t\t\t\t<div class=\"accordion-header\">\n\t\t\t\t\t\t<div class=\"accordion-title-wrapper\">\n\t\t\t\t\t\t\t<h6 class=\"accordion-title\">K\u0101 es varu zin\u0101t, vai mana licence ir der\u012bga?<\/h6>\t\t\t\t\t\t<\/div>\n\t\t\t\t\t\t\t\t\t\t\t\t\t<div class=\"accordion-icons\">\n\t\t\t\t\t\t\t\t<span\n\t\t\t\t\t\t\t\t\tclass=\"accordion-icon opened-icon\"><i class=\"far fa-angle-down\"><\/i><\/span>\n\t\t\t\t\t\t\t\t<span\n\t\t\t\t\t\t\t\t\tclass=\"accordion-icon closed-icon\"><i class=\"far fa-angle-up\"><\/i><\/span>\n\t\t\t\t\t\t\t<\/div>\n\t\t\t\t\t\t\t\t\t\t\t<\/div>\n\t\t\t\t\t<div class=\"accordion-content\">\n\t\t\t\t\t\t<p>Licences der\u012bgumu varat p\u0101rbaud\u012bt, izmantojot Windows Iestat\u012bjumi \u2192 Atjaunin\u0101\u0161ana un dro\u0161\u012bba \u2192 Aktiviz\u0113\u0161ana. Tur vajadz\u0113tu redz\u0113t, ka sist\u0113ma ir aktiviz\u0113ta ar autentisku atsl\u0113gu.<\/p>\t\t\t\t\t<\/div>\n\t\t\t\t<\/div>\n\t\t\t\t\t\t\t<div class=\"accordion-section\">\n\t\t\t\t\t<div class=\"accordion-header\">\n\t\t\t\t\t\t<div class=\"accordion-title-wrapper\">\n\t\t\t\t\t\t\t<h6 class=\"accordion-title\">Vai manis ieg\u016btajai licencei ir noteikts laika ierobe\u017eojums?<\/h6>\t\t\t\t\t\t<\/div>\n\t\t\t\t\t\t\t\t\t\t\t\t\t<div class=\"accordion-icons\">\n\t\t\t\t\t\t\t\t<span\n\t\t\t\t\t\t\t\t\tclass=\"accordion-icon opened-icon\"><i class=\"far fa-angle-down\"><\/i><\/span>\n\t\t\t\t\t\t\t\t<span\n\t\t\t\t\t\t\t\t\tclass=\"accordion-icon closed-icon\"><i class=\"far fa-angle-up\"><\/i><\/span>\n\t\t\t\t\t\t\t<\/div>\n\t\t\t\t\t\t\t\t\t\t\t<\/div>\n\t\t\t\t\t<div class=\"accordion-content\">\n\t\t\t\t\t\t<p>N\u0113, ieg\u0101d\u0101t\u0101 licence ir past\u0101v\u012bga, un tai nav der\u012bguma termi\u0146a beig\u0101m, ja to izmanto taj\u0101 pa\u0161\u0101 dator\u0101.<\/p>\t\t\t\t\t<\/div>\n\t\t\t\t<\/div>\n\t\t\t\t\t\t\t<div class=\"accordion-section\">\n\t\t\t\t\t<div class=\"accordion-header\">\n\t\t\t\t\t\t<div class=\"accordion-title-wrapper\">\n\t\t\t\t\t\t\t<h6 class=\"accordion-title\">K\u0101 aizsarg\u0101t datoru pret v\u012brusiem, izmantojot Windows 11?<\/h6>\t\t\t\t\t\t<\/div>\n\t\t\t\t\t\t\t\t\t\t\t\t\t<div class=\"accordion-icons\">\n\t\t\t\t\t\t\t\t<span\n\t\t\t\t\t\t\t\t\tclass=\"accordion-icon opened-icon\"><i class=\"far fa-angle-down\"><\/i><\/span>\n\t\t\t\t\t\t\t\t<span\n\t\t\t\t\t\t\t\t\tclass=\"accordion-icon closed-icon\"><i class=\"far fa-angle-up\"><\/i><\/span>\n\t\t\t\t\t\t\t<\/div>\n\t\t\t\t\t\t\t\t\t\t\t<\/div>\n\t\t\t\t\t<div class=\"accordion-content\">\n\t\t\t\t\t\t<p>\u201eOper\u0113t\u0101jsist\u0113m\u0101 Windows 11 ir ieb\u016bv\u0113ts Windows Defender antiv\u012bruss, kas nodro\u0161ina aizsardz\u012bbu re\u0101laj\u0101 laik\u0101. Svar\u012bgi ir ar\u012b regul\u0101ri atjaunin\u0101t oper\u0113t\u0101jsist\u0113mu un izvair\u012bties no aizdom\u012bgu failu lejupiel\u0101des.<\/p>\t\t\t\t\t<\/div>\n\t\t\t\t<\/div>\n\t\t\t\t\t\t\t<div class=\"accordion-section\">\n\t\t\t\t\t<div class=\"accordion-header\">\n\t\t\t\t\t\t<div class=\"accordion-title-wrapper\">\n\t\t\t\t\t\t\t<h6 class=\"accordion-title\">Vai Windows 11 var lietot bez interneta savienojuma?<\/h6>\t\t\t\t\t\t<\/div>\n\t\t\t\t\t\t\t\t\t\t\t\t\t<div class=\"accordion-icons\">\n\t\t\t\t\t\t\t\t<span\n\t\t\t\t\t\t\t\t\tclass=\"accordion-icon opened-icon\"><i class=\"far fa-angle-down\"><\/i><\/span>\n\t\t\t\t\t\t\t\t<span\n\t\t\t\t\t\t\t\t\tclass=\"accordion-icon closed-icon\"><i class=\"far fa-angle-up\"><\/i><\/span>\n\t\t\t\t\t\t\t<\/div>\n\t\t\t\t\t\t\t\t\t\t\t<\/div>\n\t\t\t\t\t<div class=\"accordion-content\">\n\t\t\t\t\t\t<p>J\u0101, varat izmantot pamatfunkcijas, ta\u010du da\u017ei pakalpojumi, piem\u0113ram, atjaunin\u0101jumi un Microsoft veikals, nedarbojas bez interneta savienojuma.<\/p>\t\t\t\t\t<\/div>\n\t\t\t\t<\/div>\n\t\t\t\t\t\t\t<div class=\"accordion-section\">\n\t\t\t\t\t<div class=\"accordion-header\">\n\t\t\t\t\t\t<div class=\"accordion-title-wrapper\">\n\t\t\t\t\t\t\t<h6 class=\"accordion-title\">K\u0101p\u0113c atjaunin\u0101t oper\u0113t\u0101jsist\u0113mu Windows 11?<\/h6>\t\t\t\t\t\t<\/div>\n\t\t\t\t\t\t\t\t\t\t\t\t\t<div class=\"accordion-icons\">\n\t\t\t\t\t\t\t\t<span\n\t\t\t\t\t\t\t\t\tclass=\"accordion-icon opened-icon\"><i class=\"far fa-angle-down\"><\/i><\/span>\n\t\t\t\t\t\t\t\t<span\n\t\t\t\t\t\t\t\t\tclass=\"accordion-icon closed-icon\"><i class=\"far fa-angle-up\"><\/i><\/span>\n\t\t\t\t\t\t\t<\/div>\n\t\t\t\t\t\t\t\t\t\t\t<\/div>\n\t\t\t\t\t<div class=\"accordion-content\">\n\t\t\t\t\t\t<p>\u201eWindows 11 pied\u0101v\u0101 modern\u0101ku dizainu, liel\u0101ku produktivit\u0101ti, jaunas funkcijas, piem\u0113ram, virtu\u0101los darbvirsmas, un uzlabotus dro\u0161\u012bbas pas\u0101kumus, lai darbs b\u016btu \u0113rt\u0101ks un dro\u0161\u0101ks.<\/p>\t\t\t\t\t<\/div>\n\t\t\t\t<\/div>\n\t\t\t\t\t<\/div>\n\t\t\t\t\t\t<\/div>\n\t\t\t\t<\/div>\n\t\t\t\t\t<\/div>\n\t\t\t\t<\/div>\n\t\t\t\t<\/div>","protected":false},"excerpt":{"rendered":"<p>Da\u017eniausiai u\u017eduodami klausimai Ar gausiu fizin\u012f produkt\u0105, ar skaitmenin\u0119 Windows 11 Pro licencij\u0105? \u012esigyj\u0119 Windows 11 Pro atsi\u0173sime Jums original\u0173 fizin\u012f produkt\u0105 su USB laikmena, instrukcija ir visa originalia komplektacija. Ar tai originali operacin\u0117 sistema? Taip, visi m\u016bs\u0173 produktai yra original\u016bs, nevogti, nenucrack&#8217;inti ar kitaip nesuklastoti. Ar gal\u0117siu gr\u0105\u017einti operacin\u0119 sistem\u0105? Taip, jei \u012fsigyj\u0119 operacin\u0119 sistem\u0105 apsigalvojote ir jos nepanaudojote, gal\u0117site j\u0105 gr\u0105\u017einti. Pastaba: pakuot\u0117 turi b\u016bti nei\u0161pakuota, nesupl\u0117\u0161yta, nepanaudota ar kitaip nepa\u017eeista. Atidarius ar panaudojus produkt\u0105, gr\u0105\u017einimas nebus priimtas. K\u0105 daryti, jeigu licencijos raktas nesuveik\u0117? Jeigu licencijos raktas nesuveik\u0117, b\u016btina pateikti vaizdo med\u017eiag\u0105, kaip i\u0161pakuojate m\u016bs\u0173 operacin\u0119 sistem\u0105 ir \u012fvedate licencijos rakt\u0105, tuomet jeigu licencijos raktas nesuveik\u0117, suteiksime Jums pakaitin\u012f skaitmenin\u012f licencijos rakt\u0105. Kiek laiko u\u017etrunka pristatymas? Siunta \u012f pa\u0161tomat\u0105 Lietuvoje pristatoma per 1-3 d.d. Apie siuntos pristatym\u0105 \u012f pa\u0161tomat\u0105 b\u016bsite informuoti SMS \u017einute ir el. pa\u0161tu nurodytu atsiskaitymo metu. Po pristatymo, gal\u0117site atvykti atsiimti siuntinio bet kuri\u0105 dien\u0105, bet kuriuo paros laiku. Kaip apsaugoti duomenis naudojant \u201eWindows 11 Pro\u201c? \u201eWindows 11 Pro\u201c turi integruot\u0105 \u201eBitLocker\u201c duomen\u0173 \u0161ifravimo funkcij\u0105, kuri u\u017etikrina, kad j\u016bs\u0173 duomenys bus saug\u016bs net jei prarastum\u0117te \u012frengin\u012f. Taip pat galima naudoti \u201eWindows Hello\u201c veido arba pir\u0161t\u0173 atspaud\u0173 atpa\u017einim\u0105, siekiant dar didesnio saugumo. Kaip \u012fdiegti \u201eWindows 11 Pro\u201c \u017eingsnis po \u017eingsnio (Step-by-Step)? \u012ejunkite kompiuter\u012f ir \u012fd\u0117kite USB laikmen\u0105. Paleiskite kompiuter\u012f i\u0161 USB disko per \u201eBIOS\u201c nustatymus. Pasirinkite kalb\u0105 ir laik\u0105, tada spauskite \u201eInstall Now\u201c. \u012eveskite aktyvacijos kod\u0105 ir t\u0119skite diegim\u0105. Pasirinkite \u201eCustom Installation\u201c ir nurodykite disk\u0105, kuriame norite \u012fdiegti sistem\u0105. Palaukite, kol diegimas bus baigtas, ir nustatykite savo paskyr\u0105. Kaip \u012fsitikinti, kad mano kompiuteris pasiruo\u0161\u0119s \u201eWindows 11\u201c diegimui? Galite naudoti oficial\u0173 \u201eMicrosoft PC Health Check\u201c \u012frank\u012f, kuris patikrins j\u016bs\u0173 kompiuterio suderinamum\u0105 su \u201eWindows 11\u201c. \u012erankis parodys, ar visi reikalavimai yra \u012fvykdyti. K\u0105 daryti, jei po diegimo \u201eWindows 11\u201c neveikia tinkamai? Jei susiduriate su problemomis, galite: Pabandykite paleisti \u201eTroubleshooter\u201c funkcij\u0105 per nustatymus. Atnaujinkite tvarkykles arba \u012fdiekite tr\u016bkstamus atnaujinimus. Susisiekite su mumis ir pad\u0117sime i\u0161spr\u0119sti problem\u0105. Kaip su\u017einoti, ar mano licencija galioja? J\u016bs\u0173 licencijos galiojim\u0105 galite patikrinti per \u201eWindows Settings\u201c \u2192 \u201eUpdate &amp; Security\u201c \u2192 \u201eActivation\u201c. Ten tur\u0117tum\u0117te matyti, kad sistema aktyvuota su autenti\u0161ku raktu. Ar \u012fsigyta licencija turi laikotarpio apribojim\u0173? Ne, \u012fsigyta licencija yra nuolatin\u0117 ir neturi galiojimo laiko, jei naudojama tame pa\u010diame kompiuteryje. Kaip apsaugoti savo kompiuter\u012f nuo virus\u0173 naudojant \u201eWindows 11\u201c? \u201eWindows 11\u201c turi integruot\u0105 \u201eWindows Defender\u201c antivirusin\u0119 program\u0105, kuri u\u017etikrina realaus laiko apsaug\u0105. Taip pat svarbu reguliariai atnaujinti operacin\u0119 sistem\u0105 ir vengti \u012ftartin\u0173 fail\u0173 atsisiuntimo. Ar galima naudoti \u201eWindows 11\u201c be interneto ry\u0161io? Taip, galite naudotis pagrindin\u0117mis funkcijomis, ta\u010diau kai kurios paslaugos, pvz., atnaujinimai ir \u201eMicrosoft Store\u201c, neveiks be interneto ry\u0161io. Kod\u0117l verta atsinaujinti \u012f \u201eWindows 11\u201c? \u201eWindows 11\u201c si\u016blo modernesn\u012f dizain\u0105, geresn\u012f produktyvum\u0105, naujas funkcijas, pvz., virtualias darbalauki\u0173 sritis ir patobulintas saugumo priemones, kurios u\u017etikrina patogesn\u012f ir saugesn\u012f darb\u0105.<\/p>","protected":false},"author":1,"featured_media":0,"parent":0,"menu_order":0,"comment_status":"closed","ping_status":"closed","template":"","meta":{"footnotes":""},"class_list":["post-4404","page","type-page","status-publish","hentry","post-no-thumbnail"],"yoast_head":"<!-- This site is optimized with the Yoast SEO plugin v27.4 - https:\/\/yoast.com\/product\/yoast-seo-wordpress\/ -->\n<title>DUK - operacinesistema.lt<\/title>\n<meta name=\"description\" content=\"Da\u017eniausiai u\u017eduodami klausimai apie operacines sistemas. Originalios operacin\u0117s u\u017e ger\u0105 kain\u0105 - operacinesistema.lt\" \/>\n<meta name=\"robots\" content=\"index, follow, max-snippet:-1, max-image-preview:large, max-video-preview:-1\" \/>\n<link rel=\"canonical\" href=\"https:\/\/operacinesistema.lt\/lv\/duk\/\" \/>\n<meta property=\"og:locale\" content=\"lv_LV\" \/>\n<meta property=\"og:type\" content=\"article\" \/>\n<meta property=\"og:title\" content=\"DUK - operacinesistema.lt\" \/>\n<meta property=\"og:description\" content=\"Da\u017eniausiai u\u017eduodami klausimai apie operacines sistemas. Originalios operacin\u0117s u\u017e ger\u0105 kain\u0105 - operacinesistema.lt\" \/>\n<meta property=\"og:url\" content=\"https:\/\/operacinesistema.lt\/lv\/duk\/\" \/>\n<meta property=\"og:site_name\" content=\"operacinesistema.lt\" \/>\n<meta property=\"article:modified_time\" content=\"2025-11-10T13:00:01+00:00\" \/>\n<meta name=\"twitter:card\" content=\"summary_large_image\" \/>\n<meta name=\"twitter:label1\" content=\"Est. reading time\" \/>\n\t<meta name=\"twitter:data1\" content=\"3 min\u016btes\" \/>\n<script type=\"application\/ld+json\" class=\"yoast-schema-graph\">{\"@context\":\"https:\\\/\\\/schema.org\",\"@graph\":[{\"@type\":\"WebPage\",\"@id\":\"https:\\\/\\\/operacinesistema.lt\\\/duk\\\/\",\"url\":\"https:\\\/\\\/operacinesistema.lt\\\/duk\\\/\",\"name\":\"DUK - operacinesistema.lt\",\"isPartOf\":{\"@id\":\"https:\\\/\\\/operacinesistema.lt\\\/#website\"},\"datePublished\":\"2024-11-19T11:15:00+00:00\",\"dateModified\":\"2025-11-10T13:00:01+00:00\",\"description\":\"Da\u017eniausiai u\u017eduodami klausimai apie operacines sistemas. Originalios operacin\u0117s u\u017e ger\u0105 kain\u0105 - operacinesistema.lt\",\"breadcrumb\":{\"@id\":\"https:\\\/\\\/operacinesistema.lt\\\/duk\\\/#breadcrumb\"},\"inLanguage\":\"lv-LV\",\"potentialAction\":[{\"@type\":\"ReadAction\",\"target\":[\"https:\\\/\\\/operacinesistema.lt\\\/duk\\\/\"]}]},{\"@type\":\"BreadcrumbList\",\"@id\":\"https:\\\/\\\/operacinesistema.lt\\\/duk\\\/#breadcrumb\",\"itemListElement\":[{\"@type\":\"ListItem\",\"position\":1,\"name\":\"Home\",\"item\":\"https:\\\/\\\/operacinesistema.lt\\\/\"},{\"@type\":\"ListItem\",\"position\":2,\"name\":\"DUK\"}]},{\"@type\":\"WebSite\",\"@id\":\"https:\\\/\\\/operacinesistema.lt\\\/#website\",\"url\":\"https:\\\/\\\/operacinesistema.lt\\\/\",\"name\":\"operacinesistema.lt\",\"description\":\"\u012esigykite Windows 11 Pro u\u017e geriausi\u0105 kain\u0105\",\"potentialAction\":[{\"@type\":\"SearchAction\",\"target\":{\"@type\":\"EntryPoint\",\"urlTemplate\":\"https:\\\/\\\/operacinesistema.lt\\\/?s={search_term_string}\"},\"query-input\":{\"@type\":\"PropertyValueSpecification\",\"valueRequired\":true,\"valueName\":\"search_term_string\"}}],\"inLanguage\":\"lv-LV\"}]}<\/script>\n<!-- \/ Yoast SEO plugin. -->","yoast_head_json":{"title":"Bie\u017e\u0101k uzdotie jaut\u0101jumi - operacinesistema.lt","description":"Bie\u017e\u0101k uzdotie jaut\u0101jumi par oper\u0113t\u0101jsist\u0113m\u0101m. Ori\u0123in\u0101las oper\u0113t\u0101jsist\u0113mas par labu cenu - operacinesistema.lt","robots":{"index":"index","follow":"follow","max-snippet":"max-snippet:-1","max-image-preview":"max-image-preview:large","max-video-preview":"max-video-preview:-1"},"canonical":"https:\/\/operacinesistema.lt\/lv\/duk\/","og_locale":"lv_LV","og_type":"article","og_title":"DUK - operacinesistema.lt","og_description":"Da\u017eniausiai u\u017eduodami klausimai apie operacines sistemas. Originalios operacin\u0117s u\u017e ger\u0105 kain\u0105 - operacinesistema.lt","og_url":"https:\/\/operacinesistema.lt\/lv\/duk\/","og_site_name":"operacinesistema.lt","article_modified_time":"2025-11-10T13:00:01+00:00","twitter_card":"summary_large_image","twitter_misc":{"Est. reading time":"3 min\u016btes"},"schema":{"@context":"https:\/\/schema.org","@graph":[{"@type":"WebPage","@id":"https:\/\/operacinesistema.lt\/duk\/","url":"https:\/\/operacinesistema.lt\/duk\/","name":"Bie\u017e\u0101k uzdotie jaut\u0101jumi - operacinesistema.lt","isPartOf":{"@id":"https:\/\/operacinesistema.lt\/#website"},"datePublished":"2024-11-19T11:15:00+00:00","dateModified":"2025-11-10T13:00:01+00:00","description":"Bie\u017e\u0101k uzdotie jaut\u0101jumi par oper\u0113t\u0101jsist\u0113m\u0101m. Ori\u0123in\u0101las oper\u0113t\u0101jsist\u0113mas par labu cenu - operacinesistema.lt","breadcrumb":{"@id":"https:\/\/operacinesistema.lt\/duk\/#breadcrumb"},"inLanguage":"lv-LV","potentialAction":[{"@type":"ReadAction","target":["https:\/\/operacinesistema.lt\/duk\/"]}]},{"@type":"BreadcrumbList","@id":"https:\/\/operacinesistema.lt\/duk\/#breadcrumb","itemListElement":[{"@type":"ListItem","position":1,"name":"Home","item":"https:\/\/operacinesistema.lt\/"},{"@type":"ListItem","position":2,"name":"DUK"}]},{"@type":"WebSite","@id":"https:\/\/operacinesistema.lt\/#website","url":"https:\/\/operacinesistema.lt\/","name":"operacinesistema.lt","description":"\u012esigykite Windows 11 Pro u\u017e geriausi\u0105 kain\u0105","potentialAction":[{"@type":"SearchAction","target":{"@type":"EntryPoint","urlTemplate":"https:\/\/operacinesistema.lt\/?s={search_term_string}"},"query-input":{"@type":"PropertyValueSpecification","valueRequired":true,"valueName":"search_term_string"}}],"inLanguage":"lv-LV"}]}},"_links":{"self":[{"href":"https:\/\/operacinesistema.lt\/lv\/wp-json\/wp\/v2\/pages\/4404","targetHints":{"allow":["GET"]}}],"collection":[{"href":"https:\/\/operacinesistema.lt\/lv\/wp-json\/wp\/v2\/pages"}],"about":[{"href":"https:\/\/operacinesistema.lt\/lv\/wp-json\/wp\/v2\/types\/page"}],"author":[{"embeddable":true,"href":"https:\/\/operacinesistema.lt\/lv\/wp-json\/wp\/v2\/users\/1"}],"replies":[{"embeddable":true,"href":"https:\/\/operacinesistema.lt\/lv\/wp-json\/wp\/v2\/comments?post=4404"}],"version-history":[{"count":14,"href":"https:\/\/operacinesistema.lt\/lv\/wp-json\/wp\/v2\/pages\/4404\/revisions"}],"predecessor-version":[{"id":4869,"href":"https:\/\/operacinesistema.lt\/lv\/wp-json\/wp\/v2\/pages\/4404\/revisions\/4869"}],"wp:attachment":[{"href":"https:\/\/operacinesistema.lt\/lv\/wp-json\/wp\/v2\/media?parent=4404"}],"curies":[{"name":"wp","href":"https:\/\/api.w.org\/{rel}","templated":true}]}}