{"id":4386,"date":"2024-11-19T09:18:15","date_gmt":"2024-11-19T09:18:15","guid":{"rendered":"https:\/\/operacinesistema.lt\/?page_id=4386"},"modified":"2024-11-19T09:18:54","modified_gmt":"2024-11-19T09:18:54","slug":"privatuma-politika","status":"publish","type":"page","link":"https:\/\/operacinesistema.lt\/lv\/privatuma-politika\/","title":{"rendered":"Konfidencialit\u0101tes politika"},"content":{"rendered":"<p>P\u0113d\u0113jo reizi atjaunin\u0101ts: 2024-11-19&nbsp;<\/p>\n\n\n\n<p>sera International, MB (\u201em\u0113s\u201c, \u201em\u016bsu\u201c vai \u201eUz\u0146\u0113mums\u201c) ir ap\u0146\u0113musies aizsarg\u0101t J\u016bsu personas datus un iev\u0113rot J\u016bsu priv\u0101tumu. \u0160\u012b priv\u0101tuma politika izskaidro, k\u0101 m\u0113s v\u0101cam, izmantojam un aizsarg\u0101jam inform\u0101ciju, kad apmekl\u0113jat m\u016bsu t\u012bmek\u013ca vietni. <a href=\"https:\/\/operacinesistema.lt\/lv\/\">https:\/\/operacinesistema.lt\/<\/a> un ieg\u0101d\u0101ties m\u016bsu produktus.\u00a0<\/p>\n\n\n\n<h3 class=\"wp-block-heading\">1. K\u0101dus datus m\u0113s v\u0101cam?<\/h3>\n\n\n\n<p>1.1:<\/p>\n\n\n\n<p>V\u0101rds un uzv\u0101rds&nbsp;<\/p>\n\n\n\n<p>Adrese (pieg\u0101des un nor\u0113\u0137inu)&nbsp;<\/p>\n\n\n\n<p>E-pasta adrese&nbsp;<\/p>\n\n\n\n<p>T\u0101lru\u0146a numurs&nbsp;<\/p>\n\n\n\n<p>1.2. Maks\u0101juma inform\u0101cija:<\/p>\n\n\n\n<p>Maks\u0101jumu inform\u0101cija (bankas p\u0101rskait\u012bjuma inform\u0101cija, konta numurs).&nbsp;<\/p>\n\n\n\n<p>1.3 Tehniskie dati:<\/p>\n\n\n\n<p>IP adrese&nbsp;<\/p>\n\n\n\n<p>P\u0101rl\u016bkprogrammas tips un versija&nbsp;<\/p>\n\n\n\n<p>T\u012bmek\u013ca vietnes lieto\u0161anas dati&nbsp;<\/p>\n\n\n\n<p>1.4 Papildu dati:<\/p>\n\n\n\n<p>Inform\u0101cija, ko sniedzat, sazinoties ar mums pa e-pastu vai t\u0101lruni.&nbsp;<\/p>\n\n\n\n<h3 class=\"wp-block-heading\">2. K\u0101 m\u0113s izmantojam j\u016bsu datus?<\/h3>\n\n\n\n<p>Pas\u016bt\u012bjumu apstr\u0101de un pieg\u0101de.&nbsp;<\/p>\n\n\n\n<p>R\u0113\u0137inu izrakst\u012b\u0161ana un maks\u0101jumu administr\u0113\u0161ana.&nbsp;<\/p>\n\n\n\n<p>Lai uzlabotu vietnes funkcionalit\u0101ti.&nbsp;<\/p>\n\n\n\n<p>Lai inform\u0113tu j\u016bs par j\u016bsu pas\u016bt\u012bjuma statusu vai tehniskiem atjaunin\u0101jumiem.&nbsp;<\/p>\n\n\n\n<p>juridisko saist\u012bbu izpildei (piem\u0113ram, gr\u0101matved\u012bbai).&nbsp;<\/p>\n\n\n\n<h3 class=\"wp-block-heading\">3. Apstr\u0101des juridiskais pamats<\/h3>\n\n\n\n<p>M\u0113s apstr\u0101d\u0101jam j\u016bsu datus, pamatojoties uz:&nbsp;<\/p>\n\n\n\n<p>L\u012bguma izpilde - kad veicat pas\u016bt\u012bjumu.&nbsp;<\/p>\n\n\n\n<p>Le\u0123it\u012bm\u0101s intereses - vietnes netrauc\u0113tas darb\u012bbas nodro\u0161in\u0101\u0161ana.&nbsp;<\/p>\n\n\n\n<p>Juridisk\u0101s saist\u012bbas - gr\u0101matved\u012bbas un nodok\u013cu pras\u012bbas.&nbsp;<\/p>\n\n\n\n<h3 class=\"wp-block-heading\">4. Vai m\u0113s kop\u012bgojam j\u016bsu datus?<\/h3>\n\n\n\n<p>J\u016bsu dati var tikt p\u0101rs\u016bt\u012bti tre\u0161\u0101m person\u0101m tikai \u0161\u0101dos gad\u012bjumos:&nbsp;<\/p>\n\n\n\n<p>pieg\u0101des pakalpojumu sniedz\u0113ji (piem\u0113ram, kurjeri).&nbsp;<\/p>\n\n\n\n<p>Maks\u0101jumu operatori (bankas, maks\u0101jumu platformas).&nbsp;<\/p>\n\n\n\n<p>ties\u012bbaizsardz\u012bbas iest\u0101d\u0113m, ja to pieprasa likums.&nbsp;<\/p>\n\n\n\n<h3 class=\"wp-block-heading\">5. K\u0101 m\u0113s aizsarg\u0101jam j\u016bsu datus?<\/h3>\n\n\n\n<p>M\u0113s veicam visus sapr\u0101t\u012bgos tehniskos un organizatoriskos pas\u0101kumus, lai aizsarg\u0101tu j\u016bsu datus no neat\u013cautas piek\u013cuves, nozaud\u0113\u0161anas vai \u013caunpr\u0101t\u012bgas izmanto\u0161anas.&nbsp;<\/p>\n\n\n\n<h3 class=\"wp-block-heading\">6. Cik ilgi m\u0113s glab\u0101jam datus?<\/h3>\n\n\n\n<p>J\u016bsu dati tiek glab\u0101ti:&nbsp;<\/p>\n\n\n\n<p>tik ilgi, cik nepiecie\u0161ams r\u012bkojuma izpildei un saist\u012btaj\u0101m darb\u012bb\u0101m.&nbsp;<\/p>\n\n\n\n<p>Atkar\u012bb\u0101 no juridiskaj\u0101m pras\u012bb\u0101m (piem\u0113ram, 10 gadi gr\u0101matved\u012bbas dokumentiem).&nbsp;<\/p>\n\n\n\n<h3 class=\"wp-block-heading\">7. J\u016bsu ties\u012bbas<\/h3>\n\n\n\n<p>Jums ir ties\u012bbas:&nbsp;<\/p>\n\n\n\n<ul class=\"wp-block-list\">\n<li>Piek\u013c\u016bt saviem datiem un ieg\u016bt to kopiju.\u00a0<\/li>\n\n\n\n<li>piepras\u012bt neprec\u012bzu datu labo\u0161anu.\u00a0<\/li>\n\n\n\n<li>piepras\u012bt savu datu dz\u0113\u0161anu (\u201eties\u012bbas tikt aizmirstam\u201c), ja nav tiesiska pamata tos saglab\u0101t.\u00a0<\/li>\n\n\n\n<li>noteiktos gad\u012bjumos ierobe\u017eot apstr\u0101di.\u00a0<\/li>\n\n\n\n<li>Iesniegt s\u016bdz\u012bbu Valsts datu aizsardz\u012bbas inspekcijai <a href=\"https:\/\/vdai.lrv.lt\/\">https:\/\/vdai.lrv.lt\/<\/a>.<\/li>\n<\/ul>\n\n\n\n<h3 class=\"wp-block-heading\">8. S\u012bkfaili<\/h3>\n\n\n\n<p>M\u0113s izmantojam s\u012bkfailus vietnes veiktsp\u0113jas un anal\u012btikas vajadz\u012bb\u0101m. Vair\u0101k par s\u012bkfailu izmanto\u0161anu varat uzzin\u0101t m\u016bsu [S\u012bkfailu politik\u0101].&nbsp;<\/p>\n\n\n\n<h3 class=\"wp-block-heading\">9. Sazinieties ar<\/h3>\n\n\n\n<p>Ja jums ir k\u0101di jaut\u0101jumi par \u0161o konfidencialit\u0101tes politiku vai v\u0113laties izmantot savas ties\u012bbas, l\u016bdzu, sazinieties ar:&nbsp;<\/p>\n\n\n\n<p>E-pasts: <a href=\"mailto:help@operacinesistema.lt\">help@operacinesistema.lt<\/a><\/p>\n\n\n\n<p>T\u0101lrunis: +370 601 66511&nbsp;<\/p>\n\n\n\n<p>sera International, MB patur ties\u012bbas jebkur\u0101 laik\u0101 atjaunin\u0101t \u0161o konfidencialit\u0101tes politiku. Atjaunin\u0101jumi tiks public\u0113ti m\u016bsu t\u012bmek\u013ca vietn\u0113.&nbsp;<\/p>","protected":false},"excerpt":{"rendered":"<p>Paskutin\u012f kart\u0105 atnaujinta: 2024-11-19&nbsp; SERA International, MB (\u201emes\u201c, \u201em\u016bs\u0173\u201c ar \u201e\u012fmon\u0117\u201c) \u012fsipareigoja saugoti j\u016bs\u0173 asmens duomenis ir gerbti j\u016bs\u0173 privatum\u0105. \u0160i privatumo politika paai\u0161kina, kaip renkame, naudojame ir saugome informacij\u0105, kai lankot\u0117s m\u016bs\u0173 svetain\u0117je https:\/\/operacinesistema.lt\/ ir perkate m\u016bs\u0173 produktus.\u00a0 1. Kokius duomenis renkame? 1.1. Pirk\u0117jo duomenys: Vardas ir pavard\u0117&nbsp; Adresas (pristatymo ir s\u0105skaitos)&nbsp; El. pa\u0161to adresas&nbsp; Telefono numeris&nbsp; 1.2. Apmok\u0117jimo duomenys: Mok\u0117jimo informacija (banko pavedim\u0173 detal\u0117s, s\u0105skait\u0173 numeriai).&nbsp; 1.3. Techniniai duomenys: IP adresas&nbsp; Nar\u0161ykl\u0117s tipas ir versija&nbsp; Svetain\u0117s naudojimo duomenys&nbsp; 1.4. Papildomi duomenys: Informacija, kuri\u0105 pateikiate susisiekiant su mumis el. pa\u0161tu ar telefonu.&nbsp; 2. Kaip naudojame j\u016bs\u0173 duomenis? U\u017esakym\u0173 apdorojimui ir pristatymui.&nbsp; S\u0105skait\u0173 i\u0161ra\u0161ymui ir mok\u0117jim\u0173 administravimui.&nbsp; Svetain\u0117s funkcionalumo gerinimui.&nbsp; Informavimui apie u\u017esakymo b\u016bkl\u0119 ar techninius atnaujinimus.&nbsp; Teisin\u0117ms prievol\u0117ms vykdyti (pvz., buhalterinei apskaitai).&nbsp; 3. Teisinis pagrindas duomen\u0173 tvarkymui J\u016bs\u0173 duomenis tvarkome remdamiesi:&nbsp; Sutarties vykdymu \u2013 kai pateikiate u\u017esakym\u0105.&nbsp; Teis\u0117tais interesais \u2013 u\u017etikrinant skland\u0173 svetain\u0117s darb\u0105.&nbsp; Teisin\u0117mis prievol\u0117mis \u2013 apskaitos ir mokes\u010di\u0173 reikalavimais.&nbsp; 4. Ar dalinam\u0117s j\u016bs\u0173 duomenimis? J\u016bs\u0173 duomenys gali b\u016bti perduoti tre\u010diosioms \u0161alims tik \u0161iais atvejais:&nbsp; Pristatymo paslaug\u0173 teik\u0117jams (pvz., kurjeriams).&nbsp; Mok\u0117jim\u0173 operatoriams (bankams, mok\u0117jimo platformoms).&nbsp; Teis\u0117saugos institucijoms, kai to reikalauja \u012fstatymai.&nbsp; 5. Kaip saugome j\u016bs\u0173 duomenis? Imam\u0117s vis\u0173 pagr\u012fst\u0173 technini\u0173 ir organizacini\u0173 priemoni\u0173, kad apsaugotume j\u016bs\u0173 duomenis nuo neteis\u0117tos prieigos, praradimo ar netinkamo naudojimo.&nbsp; 6. Kiek laiko saugome duomenis? J\u016bs\u0173 duomenys saugomi:&nbsp; Tol, kol reikalinga u\u017esakymo vykdymui ir susijusiems veiksmams.&nbsp; Atsi\u017evelgiant \u012f teisinius reikalavimus (pvz., 10 met\u0173 apskaitos dokumentams).&nbsp; 7. J\u016bs\u0173 teis\u0117s J\u016bs turite teis\u0119:&nbsp; 8. Slapukai Naudojame slapukus svetain\u0117s veikimui ir analitikai. Pla\u010diau apie slapuk\u0173 naudojim\u0105 galite su\u017einoti m\u016bs\u0173 [Slapuk\u0173 politikoje].&nbsp; 9. Kontaktai Jei turite klausim\u0173 apie privatumo politik\u0105 arba norite pasinaudoti savo teis\u0117mis, kreipkit\u0117s:&nbsp; El. pa\u0161tas: help@operacinesistema.lt Telefonas: +370 601 66511&nbsp; SERA International, MB pasilieka teis\u0119 bet kada atnaujinti \u0161i\u0105 privatumo politik\u0105. Atnaujinimai bus skelbiami m\u016bs\u0173 svetain\u0117je.&nbsp;<\/p>","protected":false},"author":1,"featured_media":0,"parent":0,"menu_order":0,"comment_status":"closed","ping_status":"closed","template":"","meta":{"footnotes":""},"class_list":["post-4386","page","type-page","status-publish","hentry","post-no-thumbnail"],"yoast_head":"<!-- This site is optimized with the Yoast SEO plugin v27.4 - https:\/\/yoast.com\/product\/yoast-seo-wordpress\/ -->\n<title>Privatumo politika - operacinesistema.lt<\/title>\n<meta name=\"robots\" content=\"index, follow, max-snippet:-1, max-image-preview:large, max-video-preview:-1\" \/>\n<link rel=\"canonical\" href=\"https:\/\/operacinesistema.lt\/lv\/privatuma-politika\/\" \/>\n<meta property=\"og:locale\" content=\"lv_LV\" \/>\n<meta property=\"og:type\" content=\"article\" \/>\n<meta property=\"og:title\" content=\"Privatumo politika - operacinesistema.lt\" \/>\n<meta property=\"og:description\" content=\"Paskutin\u012f kart\u0105 atnaujinta: 2024-11-19&nbsp; SERA International, MB (\u201emes\u201c, \u201em\u016bs\u0173\u201c ar \u201e\u012fmon\u0117\u201c) \u012fsipareigoja saugoti j\u016bs\u0173 asmens duomenis ir gerbti j\u016bs\u0173 privatum\u0105. \u0160i privatumo politika paai\u0161kina, kaip renkame, naudojame ir saugome informacij\u0105, kai lankot\u0117s m\u016bs\u0173 svetain\u0117je https:\/\/operacinesistema.lt\/ ir perkate m\u016bs\u0173 produktus.\u00a0 1. Kokius duomenis renkame? 1.1. Pirk\u0117jo duomenys: Vardas ir pavard\u0117&nbsp; Adresas (pristatymo ir s\u0105skaitos)&nbsp; El. pa\u0161to adresas&nbsp; Telefono numeris&nbsp; 1.2. Apmok\u0117jimo duomenys: Mok\u0117jimo informacija (banko pavedim\u0173 detal\u0117s, s\u0105skait\u0173 numeriai).&nbsp; 1.3. Techniniai duomenys: IP adresas&nbsp; Nar\u0161ykl\u0117s tipas ir versija&nbsp; Svetain\u0117s naudojimo duomenys&nbsp; 1.4. Papildomi duomenys: Informacija, kuri\u0105 pateikiate susisiekiant su mumis el. pa\u0161tu ar telefonu.&nbsp; 2. Kaip naudojame j\u016bs\u0173 duomenis? U\u017esakym\u0173 apdorojimui ir pristatymui.&nbsp; S\u0105skait\u0173 i\u0161ra\u0161ymui ir mok\u0117jim\u0173 administravimui.&nbsp; Svetain\u0117s funkcionalumo gerinimui.&nbsp; Informavimui apie u\u017esakymo b\u016bkl\u0119 ar techninius atnaujinimus.&nbsp; Teisin\u0117ms prievol\u0117ms vykdyti (pvz., buhalterinei apskaitai).&nbsp; 3. Teisinis pagrindas duomen\u0173 tvarkymui J\u016bs\u0173 duomenis tvarkome remdamiesi:&nbsp; Sutarties vykdymu \u2013 kai pateikiate u\u017esakym\u0105.&nbsp; Teis\u0117tais interesais \u2013 u\u017etikrinant skland\u0173 svetain\u0117s darb\u0105.&nbsp; Teisin\u0117mis prievol\u0117mis \u2013 apskaitos ir mokes\u010di\u0173 reikalavimais.&nbsp; 4. Ar dalinam\u0117s j\u016bs\u0173 duomenimis? J\u016bs\u0173 duomenys gali b\u016bti perduoti tre\u010diosioms \u0161alims tik \u0161iais atvejais:&nbsp; Pristatymo paslaug\u0173 teik\u0117jams (pvz., kurjeriams).&nbsp; Mok\u0117jim\u0173 operatoriams (bankams, mok\u0117jimo platformoms).&nbsp; Teis\u0117saugos institucijoms, kai to reikalauja \u012fstatymai.&nbsp; 5. Kaip saugome j\u016bs\u0173 duomenis? Imam\u0117s vis\u0173 pagr\u012fst\u0173 technini\u0173 ir organizacini\u0173 priemoni\u0173, kad apsaugotume j\u016bs\u0173 duomenis nuo neteis\u0117tos prieigos, praradimo ar netinkamo naudojimo.&nbsp; 6. Kiek laiko saugome duomenis? J\u016bs\u0173 duomenys saugomi:&nbsp; Tol, kol reikalinga u\u017esakymo vykdymui ir susijusiems veiksmams.&nbsp; Atsi\u017evelgiant \u012f teisinius reikalavimus (pvz., 10 met\u0173 apskaitos dokumentams).&nbsp; 7. J\u016bs\u0173 teis\u0117s J\u016bs turite teis\u0119:&nbsp; 8. Slapukai Naudojame slapukus svetain\u0117s veikimui ir analitikai. Pla\u010diau apie slapuk\u0173 naudojim\u0105 galite su\u017einoti m\u016bs\u0173 [Slapuk\u0173 politikoje].&nbsp; 9. Kontaktai Jei turite klausim\u0173 apie privatumo politik\u0105 arba norite pasinaudoti savo teis\u0117mis, kreipkit\u0117s:&nbsp; El. pa\u0161tas: help@operacinesistema.lt Telefonas: +370 601 66511&nbsp; SERA International, MB pasilieka teis\u0119 bet kada atnaujinti \u0161i\u0105 privatumo politik\u0105. Atnaujinimai bus skelbiami m\u016bs\u0173 svetain\u0117je.&nbsp;\" \/>\n<meta property=\"og:url\" content=\"https:\/\/operacinesistema.lt\/lv\/privatuma-politika\/\" \/>\n<meta property=\"og:site_name\" content=\"operacinesistema.lt\" \/>\n<meta property=\"article:modified_time\" content=\"2024-11-19T09:18:54+00:00\" \/>\n<meta name=\"twitter:card\" content=\"summary_large_image\" \/>\n<meta name=\"twitter:label1\" content=\"Est. reading time\" \/>\n\t<meta name=\"twitter:data1\" content=\"2 min\u016btes\" \/>\n<script type=\"application\/ld+json\" class=\"yoast-schema-graph\">{\"@context\":\"https:\\\/\\\/schema.org\",\"@graph\":[{\"@type\":\"WebPage\",\"@id\":\"https:\\\/\\\/operacinesistema.lt\\\/privatumo-politika\\\/\",\"url\":\"https:\\\/\\\/operacinesistema.lt\\\/privatumo-politika\\\/\",\"name\":\"Privatumo politika - operacinesistema.lt\",\"isPartOf\":{\"@id\":\"https:\\\/\\\/operacinesistema.lt\\\/#website\"},\"datePublished\":\"2024-11-19T09:18:15+00:00\",\"dateModified\":\"2024-11-19T09:18:54+00:00\",\"breadcrumb\":{\"@id\":\"https:\\\/\\\/operacinesistema.lt\\\/privatumo-politika\\\/#breadcrumb\"},\"inLanguage\":\"lv-LV\",\"potentialAction\":[{\"@type\":\"ReadAction\",\"target\":[\"https:\\\/\\\/operacinesistema.lt\\\/privatumo-politika\\\/\"]}]},{\"@type\":\"BreadcrumbList\",\"@id\":\"https:\\\/\\\/operacinesistema.lt\\\/privatumo-politika\\\/#breadcrumb\",\"itemListElement\":[{\"@type\":\"ListItem\",\"position\":1,\"name\":\"Home\",\"item\":\"https:\\\/\\\/operacinesistema.lt\\\/\"},{\"@type\":\"ListItem\",\"position\":2,\"name\":\"Privatumo politika\"}]},{\"@type\":\"WebSite\",\"@id\":\"https:\\\/\\\/operacinesistema.lt\\\/#website\",\"url\":\"https:\\\/\\\/operacinesistema.lt\\\/\",\"name\":\"operacinesistema.lt\",\"description\":\"\u012esigykite Windows 11 Pro u\u017e geriausi\u0105 kain\u0105\",\"potentialAction\":[{\"@type\":\"SearchAction\",\"target\":{\"@type\":\"EntryPoint\",\"urlTemplate\":\"https:\\\/\\\/operacinesistema.lt\\\/?s={search_term_string}\"},\"query-input\":{\"@type\":\"PropertyValueSpecification\",\"valueRequired\":true,\"valueName\":\"search_term_string\"}}],\"inLanguage\":\"lv-LV\"}]}<\/script>\n<!-- \/ Yoast SEO plugin. -->","yoast_head_json":{"title":"Priv\u0101tuma politika - operacinesistema.lt","robots":{"index":"index","follow":"follow","max-snippet":"max-snippet:-1","max-image-preview":"max-image-preview:large","max-video-preview":"max-video-preview:-1"},"canonical":"https:\/\/operacinesistema.lt\/lv\/privatuma-politika\/","og_locale":"lv_LV","og_type":"article","og_title":"Privatumo politika - operacinesistema.lt","og_description":"Paskutin\u012f kart\u0105 atnaujinta: 2024-11-19&nbsp; SERA International, MB (\u201emes\u201c, \u201em\u016bs\u0173\u201c ar \u201e\u012fmon\u0117\u201c) \u012fsipareigoja saugoti j\u016bs\u0173 asmens duomenis ir gerbti j\u016bs\u0173 privatum\u0105. \u0160i privatumo politika paai\u0161kina, kaip renkame, naudojame ir saugome informacij\u0105, kai lankot\u0117s m\u016bs\u0173 svetain\u0117je https:\/\/operacinesistema.lt\/ ir perkate m\u016bs\u0173 produktus.\u00a0 1. Kokius duomenis renkame? 1.1. Pirk\u0117jo duomenys: Vardas ir pavard\u0117&nbsp; Adresas (pristatymo ir s\u0105skaitos)&nbsp; El. pa\u0161to adresas&nbsp; Telefono numeris&nbsp; 1.2. Apmok\u0117jimo duomenys: Mok\u0117jimo informacija (banko pavedim\u0173 detal\u0117s, s\u0105skait\u0173 numeriai).&nbsp; 1.3. Techniniai duomenys: IP adresas&nbsp; Nar\u0161ykl\u0117s tipas ir versija&nbsp; Svetain\u0117s naudojimo duomenys&nbsp; 1.4. Papildomi duomenys: Informacija, kuri\u0105 pateikiate susisiekiant su mumis el. pa\u0161tu ar telefonu.&nbsp; 2. Kaip naudojame j\u016bs\u0173 duomenis? U\u017esakym\u0173 apdorojimui ir pristatymui.&nbsp; S\u0105skait\u0173 i\u0161ra\u0161ymui ir mok\u0117jim\u0173 administravimui.&nbsp; Svetain\u0117s funkcionalumo gerinimui.&nbsp; Informavimui apie u\u017esakymo b\u016bkl\u0119 ar techninius atnaujinimus.&nbsp; Teisin\u0117ms prievol\u0117ms vykdyti (pvz., buhalterinei apskaitai).&nbsp; 3. Teisinis pagrindas duomen\u0173 tvarkymui J\u016bs\u0173 duomenis tvarkome remdamiesi:&nbsp; Sutarties vykdymu \u2013 kai pateikiate u\u017esakym\u0105.&nbsp; Teis\u0117tais interesais \u2013 u\u017etikrinant skland\u0173 svetain\u0117s darb\u0105.&nbsp; Teisin\u0117mis prievol\u0117mis \u2013 apskaitos ir mokes\u010di\u0173 reikalavimais.&nbsp; 4. Ar dalinam\u0117s j\u016bs\u0173 duomenimis? J\u016bs\u0173 duomenys gali b\u016bti perduoti tre\u010diosioms \u0161alims tik \u0161iais atvejais:&nbsp; Pristatymo paslaug\u0173 teik\u0117jams (pvz., kurjeriams).&nbsp; Mok\u0117jim\u0173 operatoriams (bankams, mok\u0117jimo platformoms).&nbsp; Teis\u0117saugos institucijoms, kai to reikalauja \u012fstatymai.&nbsp; 5. Kaip saugome j\u016bs\u0173 duomenis? Imam\u0117s vis\u0173 pagr\u012fst\u0173 technini\u0173 ir organizacini\u0173 priemoni\u0173, kad apsaugotume j\u016bs\u0173 duomenis nuo neteis\u0117tos prieigos, praradimo ar netinkamo naudojimo.&nbsp; 6. Kiek laiko saugome duomenis? J\u016bs\u0173 duomenys saugomi:&nbsp; Tol, kol reikalinga u\u017esakymo vykdymui ir susijusiems veiksmams.&nbsp; Atsi\u017evelgiant \u012f teisinius reikalavimus (pvz., 10 met\u0173 apskaitos dokumentams).&nbsp; 7. J\u016bs\u0173 teis\u0117s J\u016bs turite teis\u0119:&nbsp; 8. Slapukai Naudojame slapukus svetain\u0117s veikimui ir analitikai. Pla\u010diau apie slapuk\u0173 naudojim\u0105 galite su\u017einoti m\u016bs\u0173 [Slapuk\u0173 politikoje].&nbsp; 9. Kontaktai Jei turite klausim\u0173 apie privatumo politik\u0105 arba norite pasinaudoti savo teis\u0117mis, kreipkit\u0117s:&nbsp; El. pa\u0161tas: help@operacinesistema.lt Telefonas: +370 601 66511&nbsp; SERA International, MB pasilieka teis\u0119 bet kada atnaujinti \u0161i\u0105 privatumo politik\u0105. Atnaujinimai bus skelbiami m\u016bs\u0173 svetain\u0117je.&nbsp;","og_url":"https:\/\/operacinesistema.lt\/lv\/privatuma-politika\/","og_site_name":"operacinesistema.lt","article_modified_time":"2024-11-19T09:18:54+00:00","twitter_card":"summary_large_image","twitter_misc":{"Est. reading time":"2 min\u016btes"},"schema":{"@context":"https:\/\/schema.org","@graph":[{"@type":"WebPage","@id":"https:\/\/operacinesistema.lt\/privatumo-politika\/","url":"https:\/\/operacinesistema.lt\/privatumo-politika\/","name":"Priv\u0101tuma politika - operacinesistema.lt","isPartOf":{"@id":"https:\/\/operacinesistema.lt\/#website"},"datePublished":"2024-11-19T09:18:15+00:00","dateModified":"2024-11-19T09:18:54+00:00","breadcrumb":{"@id":"https:\/\/operacinesistema.lt\/privatumo-politika\/#breadcrumb"},"inLanguage":"lv-LV","potentialAction":[{"@type":"ReadAction","target":["https:\/\/operacinesistema.lt\/privatumo-politika\/"]}]},{"@type":"BreadcrumbList","@id":"https:\/\/operacinesistema.lt\/privatumo-politika\/#breadcrumb","itemListElement":[{"@type":"ListItem","position":1,"name":"Home","item":"https:\/\/operacinesistema.lt\/"},{"@type":"ListItem","position":2,"name":"Privatumo politika"}]},{"@type":"WebSite","@id":"https:\/\/operacinesistema.lt\/#website","url":"https:\/\/operacinesistema.lt\/","name":"operacinesistema.lt","description":"\u012esigykite Windows 11 Pro u\u017e geriausi\u0105 kain\u0105","potentialAction":[{"@type":"SearchAction","target":{"@type":"EntryPoint","urlTemplate":"https:\/\/operacinesistema.lt\/?s={search_term_string}"},"query-input":{"@type":"PropertyValueSpecification","valueRequired":true,"valueName":"search_term_string"}}],"inLanguage":"lv-LV"}]}},"_links":{"self":[{"href":"https:\/\/operacinesistema.lt\/lv\/wp-json\/wp\/v2\/pages\/4386","targetHints":{"allow":["GET"]}}],"collection":[{"href":"https:\/\/operacinesistema.lt\/lv\/wp-json\/wp\/v2\/pages"}],"about":[{"href":"https:\/\/operacinesistema.lt\/lv\/wp-json\/wp\/v2\/types\/page"}],"author":[{"embeddable":true,"href":"https:\/\/operacinesistema.lt\/lv\/wp-json\/wp\/v2\/users\/1"}],"replies":[{"embeddable":true,"href":"https:\/\/operacinesistema.lt\/lv\/wp-json\/wp\/v2\/comments?post=4386"}],"version-history":[{"count":3,"href":"https:\/\/operacinesistema.lt\/lv\/wp-json\/wp\/v2\/pages\/4386\/revisions"}],"predecessor-version":[{"id":4390,"href":"https:\/\/operacinesistema.lt\/lv\/wp-json\/wp\/v2\/pages\/4386\/revisions\/4390"}],"wp:attachment":[{"href":"https:\/\/operacinesistema.lt\/lv\/wp-json\/wp\/v2\/media?parent=4386"}],"curies":[{"name":"wp","href":"https:\/\/api.w.org\/{rel}","templated":true}]}}