{"id":5057,"date":"2026-01-26T09:02:43","date_gmt":"2026-01-26T09:02:43","guid":{"rendered":"https:\/\/operacinesistema.lt\/?post_type=product&#038;p=5057"},"modified":"2026-03-24T18:50:57","modified_gmt":"2026-03-24T18:50:57","slug":"microsoft-windows-11-pro-key-global-retail","status":"publish","type":"product","link":"https:\/\/operacinesistema.lt\/ko\/%ec%a0%9c%ed%92%88\/microsoft-windows-11-pro-key-global-retail\/","title":{"rendered":"\ub9c8\uc774\ud06c\ub85c\uc18c\ud504\ud2b8 \uc708\ub3c4\uc6b0 11 \ud504\ub85c \ud0a4 \uae00\ub85c\ubc8c (\uc18c\ub9e4)"},"content":{"rendered":"<p><strong style=\"letter-spacing: 0px;\">Microsoft Windows 11 Pro(\uae00\ub85c\ubc8c \ub9ac\ud14c\uc77c)<\/strong><span style=\"letter-spacing: 0px;\"> \ub294 \ud6a8\uc728\uc131, \ubcf4\uc548 \ubc0f \uc720\uc5f0\uc131\uc744 \uadf9\ub300\ud654\ud558\ub3c4\ub85d \uc124\uacc4\ub41c \ucd5c\ucca8\ub2e8 \uc6b4\uc601 \uccb4\uc81c\uc785\ub2c8\ub2e4. \uacf5\uc2dd <\/span><strong style=\"letter-spacing: 0px;\">\ub9ac\ud14c\uc77c<\/strong><span style=\"letter-spacing: 0px;\"> \ubc84\uc804\uc740 \ud45c\uc900 OEM \ubc84\uc804\ubcf4\ub2e4 \ub354 \ub9ce\uc740 \uc790\uc720\ub97c \uc81c\uacf5\ud569\ub2c8\ub2e4. <\/span><strong style=\"letter-spacing: 0px;\">\uae00\ub85c\ubc8c<\/strong><span style=\"letter-spacing: 0px;\"> \uc0c1\ud0dc\ub294 \ubaa8\ub4e0 \uc9c0\uc5ed\uc5d0\uc11c \uc81c\ud55c \uc5c6\uc774 \uc6b4\uc601\ud560 \uc218 \uc788\ub3c4\ub85d \ubcf4\uc7a5\ud569\ub2c8\ub2e4.<\/span><\/p>\n<div class=\"win11-description-container\">\n<div class=\"digital-notice-box\">\n<p style=\"margin: 0;\"><strong>\u2139\ufe0f \uc911\uc694: \ub514\uc9c0\ud138 \uc81c\ud488.<\/strong><br \/>\n\ud65c\uc131\ud654 \ud0a4(\ud0a4)\ub97c \uad6c\ub9e4\ud569\ub2c8\ub2e4. \uc2e4\uc81c \ubbf8\ub514\uc5b4(USB\/DVD)\ub294 \uc804\uc1a1\ub418\uc9c0 \uc54a\uc2b5\ub2c8\ub2e4. \ucf54\ub4dc\uc640 \uc9c0\uce68\uc740 \uacb0\uc81c \ud6c4 \uc989\uc2dc \uc774\uba54\uc77c\ub85c \uc81c\uacf5\ub429\ub2c8\ub2e4.<\/p>\n<\/div>\n<h2>\uc65c \uc708\ub3c4\uc6b0 11 \ud504\ub85c \ub9ac\ud14c\uc77c\uc744 \uc120\ud0dd\ud574\uc57c \ud558\ub098\uc694?<\/h2>\n<ul class=\"win11-features-list\">\n<li><strong>\ub9ac\ud14c\uc77c \ub77c\uc774\uc120\uc2a4\uc758 \ud61c\ud0dd:<\/strong> OEM\uacfc \ub2ec\ub9ac \uc18c\ub9e4 \ub77c\uc774\uc120\uc2a4\ub294 \ud558\ub098\uc758 \ub9c8\ub354\ubcf4\ub4dc\uc5d0 \uc601\uc6d0\ud788 \u201e\ubb36\uc5ec\u201c \uc788\uc9c0 \uc54a\uc2b5\ub2c8\ub2e4. Microsoft \uaddc\uce59\uc5d0 \ub530\ub77c \ud558\ub4dc\uc6e8\uc5b4 \uc5c5\uadf8\ub808\uc774\ub4dc\uc758 \uc77c\ubd80\ub85c \ub2e4\ub978 \ucef4\ud4e8\ud130\ub85c \uc774\uc804\ud560 \uc218 \uc788\uc2b5\ub2c8\ub2e4.<\/li>\n<li><strong>\uae00\ub85c\ubc8c \ubc84\uc804(\uc9c0\uc5ed \ubb34\ub8cc):<\/strong> \ud65c\uc131\ud654 \ud0a4\ub294 \uc9c0\ub9ac\uc801 \uc81c\ud55c\uc774 \uc5c6\uc2b5\ub2c8\ub2e4. \ub9ac\ud22c\uc544\ub2c8\uc544 \ub610\ub294 \uc804 \uc138\uacc4 \uc5b4\ub290 \ub098\ub77c\uc5d0\uc11c\ub098 \uc0ac\uc6a9\ud560 \uc218 \uc788\uc2b5\ub2c8\ub2e4.<\/li>\n<li><strong>\ubaa8\ub358\ud55c \ub514\uc790\uc778:<\/strong> \uc0c8\ub85c\uc6b4 \uc2dc\uc791 \uba54\ub274, \ub465\uadfc \ucc3d \ubaa8\uc11c\ub9ac, \ubd80\ub4dc\ub7ec\uc6b4 \uc560\ub2c8\uba54\uc774\uc158\uc740 \ubbf8\uc801\uc73c\ub85c\ub3c4 \ub9cc\uc871\uc2a4\ub7fd\uace0 \uc0ac\uc6a9\uc790 \uce5c\ud654\uc801\uc778 \uc791\uc5c5 \ud658\uacbd\uc744 \ubcf4\uc7a5\ud569\ub2c8\ub2e4.<\/li>\n<li><strong>\ube44\uc988\ub2c8\uc2a4 \ud074\ub798\uc2a4 \ubcf4\uc548:<\/strong> \ub2e4\uc74c\uc5d0\uc11c \ud1b5\ud569 <em>BitLocker<\/em> \uc554\ud638\ud654, <em>Windows Hello<\/em> \ub370\uc774\ud130 \ubcf4\uc548\uc744 \uadf9\ub300\ud654\ud558\uae30 \uc704\ud55c \uc0dd\uccb4 \uc778\uc2dd \ubcf4\uc548 \ubc0f TPM 2.0 \uc9c0\uc6d0.<\/li>\n<li><strong>\uac00\uc0c1\ud654 \ubc0f \uc5c5\ubb34:<\/strong> \uc804\uccb4 <em>Hyper-V<\/em>, <em>\uc6d0\uaca9 \ub370\uc2a4\ud06c\ud1b1<\/em> \uadf8\ub9ac\uace0 <em>\uc0cc\ub4dc\ubc15\uc2a4<\/em> \uc804\ubb38\uac00 \uc9c0\uc6d0.<\/li>\n<li><strong>\ud074\ub9b0 \ubc30\ud3ec:<\/strong> \uacf5\uc2dd Microsoft \ubbf8\ub514\uc5b4 \uc81c\uc791 \ub3c4\uad6c\ub97c \uc0ac\uc6a9\ud558\uba74 \ubd88\ud544\uc694\ud55c \ube14\ub85c\ud2b8\uc6e8\uc5b4 \uc5c6\uc774 \uae68\ub057\ud55c \uc2dc\uc2a4\ud15c\uc744 \uc124\uce58\ud560 \uc218 \uc788\uc2b5\ub2c8\ub2e4.<\/li>\n<\/ul>\n<h2>\uae30\uc220 \uc815\ubcf4<\/h2>\n<table class=\"specs-table\">\n<tbody>\n<tr>\n<th>\uc81c\ud488<\/th>\n<td>\ub9c8\uc774\ud06c\ub85c\uc18c\ud504\ud2b8 \uc708\ub3c4\uc6b0 11 \ud504\ub85c \ud0a4 \uae00\ub85c\ubc8c (\uc18c\ub9e4)<\/td>\n<\/tr>\n<tr>\n<th>\ub77c\uc774\uc120\uc2a4 \uc720\ud615<\/th>\n<td>\ub514\uc9c0\ud138(ESD), 1 PC<\/td>\n<\/tr>\n<tr>\n<th>\uc544\ud0a4\ud14d\ucc98<\/th>\n<td>64\ube44\ud2b8<\/td>\n<\/tr>\n<tr>\n<th>\uc720\ud6a8\uc131<\/th>\n<td>\ubb34\uae30\ud55c(\ud3c9\uc0dd)<\/td>\n<\/tr>\n<tr>\n<th>\uc5b8\uc5b4<\/th>\n<td>\ub2e4\uad6d\uc5b4(\ub9ac\ud22c\uc544\ub2c8\uc544\uc5b4\ub97c \ud3ec\ud568\ud55c \ubaa8\ub4e0 \uc5b8\uc5b4)<\/td>\n<\/tr>\n<\/tbody>\n<\/table>\n<h2>\ucd5c\uc18c \uc2dc\uc2a4\ud15c \uc694\uad6c \uc0ac\ud56d<\/h2>\n<p style=\"font-size: 0.9em; color: #666; margin-bottom: 15px;\">\uad6c\ub9e4\ud558\uae30 \uc804\uc5d0 \uae30\uae30\uac00 \uc774\ub7ec\ud55c \uc694\uad6c \uc0ac\ud56d\uc744 \ucda9\uc871\ud558\ub294\uc9c0 \ud655\uc778\ud558\uc138\uc694:<\/p>\n<div class=\"req-grid\">\n<div class=\"req-item\"><strong>\ud504\ub85c\uc138\uc11c<\/strong><br \/>\n1GHz, 2\ucf54\uc5b4, 64\ube44\ud2b8 \ud638\ud658\uc131<\/div>\n<div class=\"req-item\"><strong>RAM(\uba54\ubaa8\ub9ac)<\/strong><br \/>\n4GB \uc774\uc0c1<\/div>\n<div class=\"req-item\"><strong>\ub9ac\ud3ec\uc9c0\ud1a0\ub9ac<\/strong><br \/>\n64GB \uc5ec\uc720 \uacf5\uac04<\/div>\n<div class=\"req-item\"><strong>\ubcf4\uc548<\/strong><br \/>\nTPM 2.0, \ubcf4\uc548 \ubd80\ud305 \uc9c0\uc6d0<\/div>\n<div class=\"req-item\"><strong>\uadf8\ub798\ud53d<\/strong><br \/>\nDirectX 12\/WDDM 2.0<\/div>\n<div class=\"req-item\"><strong>\ud654\uba74<\/strong><br \/>\n9\uc778\uce58 \ubd84, 720p \ud574\uc0c1\ub3c4<\/div>\n<\/div>\n<div style=\"margin-top: 40px; border-top: 1px solid #eee; padding-top: 20px;\">\n<h3>\uad6c\ub9e4\ud558\uba74 \ubb34\uc5c7\uc744 \uc5bb\uac8c \ub418\ub098\uc694?<\/h3>\n<ul style=\"list-style-type: circle; padding-left: 20px;\">\n<li>\uc624\ub9ac\uc9c0\ub110 1\uac1c <strong>Windows 11 Pro \uc18c\ub9e4<\/strong> \ud65c\uc131\ud654 \ucf54\ub4dc(XXXXX-XXXXX-XXXXX-XXXXX-XXXXX).<\/li>\n<li>\uc124\uce58 \ud30c\uc77c\uc744 \ub2e4\uc6b4\ub85c\ub4dc\ud560 \uc218 \uc788\ub294 \uacf5\uc2dd Microsoft \uc0ac\uc774\ud2b8\ub85c \uc5f0\uacb0\ub418\ub294 \ub9c1\ud06c\uc785\ub2c8\ub2e4.<\/li>\n<li>\uac04\ub2e8\ud55c \ud65c\uc131\ud654 \uc9c0\uce68.<\/li>\n<\/ul>\n<\/div>\n<\/div>","protected":false},"excerpt":{"rendered":"<ul style=\"list-style: none; padding: 0; margin: 0;\">\n<li style=\"display: flex; align-items: center; gap: 8px; font-family: 'Jost', sans-serif; font-size: 14px; font-weight: 400; color: #ffffff; line-height: 1.2; margin-bottom: 8px;\"><img decoding=\"async\" style=\"display: block; flex-shrink: 0;\" src=\"https:\/\/operacinesistema.lt\/wp-content\/uploads\/2026\/03\/Official-product-3.png\" alt=\"\" width=\"25\" height=\"25\" \/>\n<div>\uacf5\uc2dd \ub77c\uc774\uc120\uc2a4 \ud0a4<\/div>\n<\/li>\n<li style=\"display: flex; align-items: center; gap: 8px; font-family: 'Jost', sans-serif; font-size: 14px; font-weight: 400; color: #ffffff; line-height: 1.2; margin-bottom: 8px;\"><img decoding=\"async\" style=\"display: block; flex-shrink: 0;\" src=\"https:\/\/operacinesistema.lt\/wp-content\/uploads\/2026\/03\/Multilingual-1.png\" alt=\"\" width=\"25\" height=\"25\" \/>\n<div>\ubaa8\ub4e0 \uc5b8\uc5b4 \uc120\ud0dd<\/div>\n<\/li>\n<li style=\"display: flex; align-items: center; gap: 8px; font-family: 'Jost', sans-serif; font-size: 14px; font-weight: 400; color: #ffffff; line-height: 1.2; margin-bottom: 8px;\"><img decoding=\"async\" style=\"display: block; flex-shrink: 0;\" src=\"https:\/\/operacinesistema.lt\/wp-content\/uploads\/2026\/03\/Instant-delivery-3.png\" alt=\"\" width=\"25\" height=\"25\" \/>\n<div>\uc5f0\uc911\ubb34\ud734 24\uc2dc\uac04 \uc989\uc2dc \ubc30\uc1a1<\/div>\n<\/li>\n<li style=\"display: flex; align-items: center; gap: 8px; font-family: 'Jost', sans-serif; font-size: 14px; font-weight: 400; color: #ffffff; line-height: 1.2;\"><img loading=\"lazy\" decoding=\"async\" style=\"display: block; flex-shrink: 0;\" src=\"https:\/\/operacinesistema.lt\/wp-content\/uploads\/2026\/03\/Money-back-guarantee.png\" alt=\"\" width=\"25\" height=\"25\" \/>\n<div>\ud658\ubd88 \ubcf4\uc7a5<\/div>\n<\/li>\n<\/ul>","protected":false},"featured_media":4546,"template":"","meta":[],"product_brand":[],"product_cat":[140],"product_tag":[],"class_list":{"0":"post-5057","1":"product","2":"type-product","3":"status-publish","4":"has-post-thumbnail","6":"product_cat-skaitmenines-operacines-sistemos","8":"first","9":"instock","10":"sale","11":"featured","12":"virtual","13":"purchasable","14":"product-type-simple"},"yoast_head":"<!-- This site is optimized with the Yoast SEO plugin v27.4 - https:\/\/yoast.com\/product\/yoast-seo-wordpress\/ -->\n<title>Microsoft Windows 11 Pro Key GLOBAL (Retail) - operacinesistema.lt<\/title>\n<meta name=\"description\" content=\"\u012esigykite originali\u0105 Windows 11 Pro licencij\u0105 (skaitmeninis raktas) u\u017e puiki\u0105 kain\u0105! Greitas aktyvavimas, patikima licencija ir visi profesional\u016bs \u012frankiai.\" \/>\n<meta name=\"robots\" content=\"index, follow, max-snippet:-1, max-image-preview:large, max-video-preview:-1\" \/>\n<link rel=\"canonical\" href=\"https:\/\/operacinesistema.lt\/ko\/\uc81c\ud488\/microsoft-windows-11-pro-key-global-retail\/\" \/>\n<meta property=\"og:locale\" content=\"ko_KR\" \/>\n<meta property=\"og:type\" content=\"article\" \/>\n<meta property=\"og:title\" content=\"Microsoft Windows 11 Pro Key GLOBAL (Retail) - operacinesistema.lt\" \/>\n<meta property=\"og:description\" content=\"\u012esigykite originali\u0105 Windows 11 Pro licencij\u0105 (skaitmeninis raktas) u\u017e puiki\u0105 kain\u0105! Greitas aktyvavimas, patikima licencija ir visi profesional\u016bs \u012frankiai.\" \/>\n<meta property=\"og:url\" content=\"https:\/\/operacinesistema.lt\/ko\/\uc81c\ud488\/microsoft-windows-11-pro-key-global-retail\/\" \/>\n<meta property=\"og:site_name\" content=\"operacinesistema.lt\" \/>\n<meta property=\"article:modified_time\" content=\"2026-03-24T18:50:57+00:00\" \/>\n<meta property=\"og:image\" content=\"https:\/\/operacinesistema.lt\/wp-content\/uploads\/2024\/11\/Fizinis-produktas-11.png\" \/>\n\t<meta property=\"og:image:width\" content=\"1000\" \/>\n\t<meta property=\"og:image:height\" content=\"1000\" \/>\n\t<meta property=\"og:image:type\" content=\"image\/png\" \/>\n<meta name=\"twitter:card\" content=\"summary_large_image\" \/>\n<meta name=\"twitter:label1\" content=\"\uc608\uc0c1 \ub418\ub294 \ud310\ub3c5 \uc2dc\uac04\" \/>\n\t<meta name=\"twitter:data1\" content=\"2\ubd84\" \/>\n<script type=\"application\/ld+json\" class=\"yoast-schema-graph\">{\"@context\":\"https:\\\/\\\/schema.org\",\"@graph\":[{\"@type\":\"WebPage\",\"@id\":\"https:\\\/\\\/operacinesistema.lt\\\/product\\\/microsoft-windows-11-pro-key-global-retail\\\/\",\"url\":\"https:\\\/\\\/operacinesistema.lt\\\/product\\\/microsoft-windows-11-pro-key-global-retail\\\/\",\"name\":\"Microsoft Windows 11 Pro Key GLOBAL (Retail) - operacinesistema.lt\",\"isPartOf\":{\"@id\":\"https:\\\/\\\/operacinesistema.lt\\\/#website\"},\"primaryImageOfPage\":{\"@id\":\"https:\\\/\\\/operacinesistema.lt\\\/product\\\/microsoft-windows-11-pro-key-global-retail\\\/#primaryimage\"},\"image\":{\"@id\":\"https:\\\/\\\/operacinesistema.lt\\\/product\\\/microsoft-windows-11-pro-key-global-retail\\\/#primaryimage\"},\"thumbnailUrl\":\"https:\\\/\\\/operacinesistema.lt\\\/wp-content\\\/uploads\\\/2024\\\/11\\\/Fizinis-produktas-11.png\",\"datePublished\":\"2026-01-26T09:02:43+00:00\",\"dateModified\":\"2026-03-24T18:50:57+00:00\",\"description\":\"\u012esigykite originali\u0105 Windows 11 Pro licencij\u0105 (skaitmeninis raktas) u\u017e puiki\u0105 kain\u0105! Greitas aktyvavimas, patikima licencija ir visi profesional\u016bs \u012frankiai.\",\"breadcrumb\":{\"@id\":\"https:\\\/\\\/operacinesistema.lt\\\/product\\\/microsoft-windows-11-pro-key-global-retail\\\/#breadcrumb\"},\"inLanguage\":\"ko-KR\",\"potentialAction\":[{\"@type\":\"ReadAction\",\"target\":[\"https:\\\/\\\/operacinesistema.lt\\\/product\\\/microsoft-windows-11-pro-key-global-retail\\\/\"]}]},{\"@type\":\"ImageObject\",\"inLanguage\":\"ko-KR\",\"@id\":\"https:\\\/\\\/operacinesistema.lt\\\/product\\\/microsoft-windows-11-pro-key-global-retail\\\/#primaryimage\",\"url\":\"https:\\\/\\\/operacinesistema.lt\\\/wp-content\\\/uploads\\\/2024\\\/11\\\/Fizinis-produktas-11.png\",\"contentUrl\":\"https:\\\/\\\/operacinesistema.lt\\\/wp-content\\\/uploads\\\/2024\\\/11\\\/Fizinis-produktas-11.png\",\"width\":1000,\"height\":1000,\"caption\":\"Windows 11 Pro USB 64-Bit operacin\u0117 sistema\"},{\"@type\":\"BreadcrumbList\",\"@id\":\"https:\\\/\\\/operacinesistema.lt\\\/product\\\/microsoft-windows-11-pro-key-global-retail\\\/#breadcrumb\",\"itemListElement\":[{\"@type\":\"ListItem\",\"position\":1,\"name\":\"Home\",\"item\":\"https:\\\/\\\/operacinesistema.lt\\\/\"},{\"@type\":\"ListItem\",\"position\":2,\"name\":\"Parduotuv\u0117\",\"item\":\"https:\\\/\\\/operacinesistema.lt\\\/parduotuve\\\/\"},{\"@type\":\"ListItem\",\"position\":3,\"name\":\"Microsoft Windows 11 Pro Key GLOBAL (Retail)\"}]},{\"@type\":\"WebSite\",\"@id\":\"https:\\\/\\\/operacinesistema.lt\\\/#website\",\"url\":\"https:\\\/\\\/operacinesistema.lt\\\/\",\"name\":\"operacinesistema.lt\",\"description\":\"Originali operacin\u0117 sistema\",\"potentialAction\":[{\"@type\":\"SearchAction\",\"target\":{\"@type\":\"EntryPoint\",\"urlTemplate\":\"https:\\\/\\\/operacinesistema.lt\\\/?s={search_term_string}\"},\"query-input\":{\"@type\":\"PropertyValueSpecification\",\"valueRequired\":true,\"valueName\":\"search_term_string\"}}],\"inLanguage\":\"ko-KR\"}]}<\/script>\n<!-- \/ Yoast SEO plugin. -->","yoast_head_json":{"title":"Microsoft Windows 11 Pro Key GLOBAL (Retail) - operacinesistema.lt","description":"\u012esigykite originali\u0105 Windows 11 Pro licencij\u0105 (skaitmeninis raktas) u\u017e puiki\u0105 kain\u0105! Greitas aktyvavimas, patikima licencija ir visi profesional\u016bs \u012frankiai.","robots":{"index":"index","follow":"follow","max-snippet":"max-snippet:-1","max-image-preview":"max-image-preview:large","max-video-preview":"max-video-preview:-1"},"canonical":"https:\/\/operacinesistema.lt\/ko\/\uc81c\ud488\/microsoft-windows-11-pro-key-global-retail\/","og_locale":"ko_KR","og_type":"article","og_title":"Microsoft Windows 11 Pro Key GLOBAL (Retail) - operacinesistema.lt","og_description":"\u012esigykite originali\u0105 Windows 11 Pro licencij\u0105 (skaitmeninis raktas) u\u017e puiki\u0105 kain\u0105! Greitas aktyvavimas, patikima licencija ir visi profesional\u016bs \u012frankiai.","og_url":"https:\/\/operacinesistema.lt\/ko\/\uc81c\ud488\/microsoft-windows-11-pro-key-global-retail\/","og_site_name":"operacinesistema.lt","article_modified_time":"2026-03-24T18:50:57+00:00","og_image":[{"width":1000,"height":1000,"url":"https:\/\/operacinesistema.lt\/wp-content\/uploads\/2024\/11\/Fizinis-produktas-11.png","type":"image\/png"}],"twitter_card":"summary_large_image","twitter_misc":{"\uc608\uc0c1 \ub418\ub294 \ud310\ub3c5 \uc2dc\uac04":"2\ubd84"},"schema":{"@context":"https:\/\/schema.org","@graph":[{"@type":"WebPage","@id":"https:\/\/operacinesistema.lt\/product\/microsoft-windows-11-pro-key-global-retail\/","url":"https:\/\/operacinesistema.lt\/product\/microsoft-windows-11-pro-key-global-retail\/","name":"Microsoft Windows 11 Pro Key GLOBAL (Retail) - operacinesistema.lt","isPartOf":{"@id":"https:\/\/operacinesistema.lt\/#website"},"primaryImageOfPage":{"@id":"https:\/\/operacinesistema.lt\/product\/microsoft-windows-11-pro-key-global-retail\/#primaryimage"},"image":{"@id":"https:\/\/operacinesistema.lt\/product\/microsoft-windows-11-pro-key-global-retail\/#primaryimage"},"thumbnailUrl":"https:\/\/operacinesistema.lt\/wp-content\/uploads\/2024\/11\/Fizinis-produktas-11.png","datePublished":"2026-01-26T09:02:43+00:00","dateModified":"2026-03-24T18:50:57+00:00","description":"\u012esigykite originali\u0105 Windows 11 Pro licencij\u0105 (skaitmeninis raktas) u\u017e puiki\u0105 kain\u0105! Greitas aktyvavimas, patikima licencija ir visi profesional\u016bs \u012frankiai.","breadcrumb":{"@id":"https:\/\/operacinesistema.lt\/product\/microsoft-windows-11-pro-key-global-retail\/#breadcrumb"},"inLanguage":"ko-KR","potentialAction":[{"@type":"ReadAction","target":["https:\/\/operacinesistema.lt\/product\/microsoft-windows-11-pro-key-global-retail\/"]}]},{"@type":"ImageObject","inLanguage":"ko-KR","@id":"https:\/\/operacinesistema.lt\/product\/microsoft-windows-11-pro-key-global-retail\/#primaryimage","url":"https:\/\/operacinesistema.lt\/wp-content\/uploads\/2024\/11\/Fizinis-produktas-11.png","contentUrl":"https:\/\/operacinesistema.lt\/wp-content\/uploads\/2024\/11\/Fizinis-produktas-11.png","width":1000,"height":1000,"caption":"Windows 11 Pro USB 64-Bit operacin\u0117 sistema"},{"@type":"BreadcrumbList","@id":"https:\/\/operacinesistema.lt\/product\/microsoft-windows-11-pro-key-global-retail\/#breadcrumb","itemListElement":[{"@type":"ListItem","position":1,"name":"Home","item":"https:\/\/operacinesistema.lt\/"},{"@type":"ListItem","position":2,"name":"Parduotuv\u0117","item":"https:\/\/operacinesistema.lt\/parduotuve\/"},{"@type":"ListItem","position":3,"name":"Microsoft Windows 11 Pro Key GLOBAL (Retail)"}]},{"@type":"WebSite","@id":"https:\/\/operacinesistema.lt\/#website","url":"https:\/\/operacinesistema.lt\/","name":"operacinesistema.lt","description":"\uc6d0\ub798 \uc6b4\uc601 \uccb4\uc81c","potentialAction":[{"@type":"SearchAction","target":{"@type":"EntryPoint","urlTemplate":"https:\/\/operacinesistema.lt\/?s={search_term_string}"},"query-input":{"@type":"PropertyValueSpecification","valueRequired":true,"valueName":"search_term_string"}}],"inLanguage":"ko-KR"}]}},"_links":{"self":[{"href":"https:\/\/operacinesistema.lt\/ko\/wp-json\/wp\/v2\/product\/5057","targetHints":{"allow":["GET"]}}],"collection":[{"href":"https:\/\/operacinesistema.lt\/ko\/wp-json\/wp\/v2\/product"}],"about":[{"href":"https:\/\/operacinesistema.lt\/ko\/wp-json\/wp\/v2\/types\/product"}],"version-history":[{"count":16,"href":"https:\/\/operacinesistema.lt\/ko\/wp-json\/wp\/v2\/product\/5057\/revisions"}],"predecessor-version":[{"id":6068,"href":"https:\/\/operacinesistema.lt\/ko\/wp-json\/wp\/v2\/product\/5057\/revisions\/6068"}],"wp:featuredmedia":[{"embeddable":true,"href":"https:\/\/operacinesistema.lt\/ko\/wp-json\/wp\/v2\/media\/4546"}],"wp:attachment":[{"href":"https:\/\/operacinesistema.lt\/ko\/wp-json\/wp\/v2\/media?parent=5057"}],"wp:term":[{"taxonomy":"product_brand","embeddable":true,"href":"https:\/\/operacinesistema.lt\/ko\/wp-json\/wp\/v2\/product_brand?post=5057"},{"taxonomy":"product_cat","embeddable":true,"href":"https:\/\/operacinesistema.lt\/ko\/wp-json\/wp\/v2\/product_cat?post=5057"},{"taxonomy":"product_tag","embeddable":true,"href":"https:\/\/operacinesistema.lt\/ko\/wp-json\/wp\/v2\/product_tag?post=5057"}],"curies":[{"name":"wp","href":"https:\/\/api.w.org\/{rel}","templated":true}]}}