{"id":4386,"date":"2024-11-19T09:18:15","date_gmt":"2024-11-19T09:18:15","guid":{"rendered":"https:\/\/operacinesistema.lt\/?page_id=4386"},"modified":"2024-11-19T09:18:54","modified_gmt":"2024-11-19T09:18:54","slug":"privatumo-politika","status":"publish","type":"page","link":"https:\/\/operacinesistema.lt\/ko\/privatumo-politika\/","title":{"rendered":"\uac1c\uc778\uc815\ubcf4 \ubcf4\ud638\uc815\ucc45"},"content":{"rendered":"<p>\ub9c8\uc9c0\ub9c9 \uc5c5\ub370\uc774\ud2b8: 2024-11-19&nbsp;<\/p>\n\n\n\n<p>SERA International, MB (\u201emes\u201c, \u201em\u016bs\u0173\u201c ar \u201e\u012fmon\u0117\u201c) \u012fsipareigoja saugoti j\u016bs\u0173 asmens duomenis ir gerbti j\u016bs\u0173 privatum\u0105. \u0160i privatumo politika paai\u0161kina, kaip renkame, naudojame ir saugome informacij\u0105, kai lankot\u0117s m\u016bs\u0173 svetain\u0117je <a href=\"https:\/\/operacinesistema.lt\/ko\/\">https:\/\/operacinesistema.lt\/<\/a> ir perkate m\u016bs\u0173 produktus.\u00a0<\/p>\n\n\n\n<h3 class=\"wp-block-heading\">1. Kokius duomenis renkame?<\/h3>\n\n\n\n<p>1.1. Pirk\u0117jo duomenys:<\/p>\n\n\n\n<p>Vardas ir pavard\u0117&nbsp;<\/p>\n\n\n\n<p>Adresas (pristatymo ir s\u0105skaitos)&nbsp;<\/p>\n\n\n\n<p>El. pa\u0161to adresas&nbsp;<\/p>\n\n\n\n<p>Telefono numeris&nbsp;<\/p>\n\n\n\n<p>1.2. Apmok\u0117jimo duomenys:<\/p>\n\n\n\n<p>Mok\u0117jimo informacija (banko pavedim\u0173 detal\u0117s, s\u0105skait\u0173 numeriai).&nbsp;<\/p>\n\n\n\n<p>1.3. Techniniai duomenys:<\/p>\n\n\n\n<p>IP adresas&nbsp;<\/p>\n\n\n\n<p>Nar\u0161ykl\u0117s tipas ir versija&nbsp;<\/p>\n\n\n\n<p>Svetain\u0117s naudojimo duomenys&nbsp;<\/p>\n\n\n\n<p>1.4. Papildomi duomenys:<\/p>\n\n\n\n<p>Informacija, kuri\u0105 pateikiate susisiekiant su mumis el. pa\u0161tu ar telefonu.&nbsp;<\/p>\n\n\n\n<h3 class=\"wp-block-heading\">2. Kaip naudojame j\u016bs\u0173 duomenis?<\/h3>\n\n\n\n<p>U\u017esakym\u0173 apdorojimui ir pristatymui.&nbsp;<\/p>\n\n\n\n<p>S\u0105skait\u0173 i\u0161ra\u0161ymui ir mok\u0117jim\u0173 administravimui.&nbsp;<\/p>\n\n\n\n<p>Svetain\u0117s funkcionalumo gerinimui.&nbsp;<\/p>\n\n\n\n<p>Informavimui apie u\u017esakymo b\u016bkl\u0119 ar techninius atnaujinimus.&nbsp;<\/p>\n\n\n\n<p>Teisin\u0117ms prievol\u0117ms vykdyti (pvz., buhalterinei apskaitai).&nbsp;<\/p>\n\n\n\n<h3 class=\"wp-block-heading\">3. Teisinis pagrindas duomen\u0173 tvarkymui<\/h3>\n\n\n\n<p>J\u016bs\u0173 duomenis tvarkome remdamiesi:&nbsp;<\/p>\n\n\n\n<p>Sutarties vykdymu \u2013 kai pateikiate u\u017esakym\u0105.&nbsp;<\/p>\n\n\n\n<p>Teis\u0117tais interesais \u2013 u\u017etikrinant skland\u0173 svetain\u0117s darb\u0105.&nbsp;<\/p>\n\n\n\n<p>Teisin\u0117mis prievol\u0117mis \u2013 apskaitos ir mokes\u010di\u0173 reikalavimais.&nbsp;<\/p>\n\n\n\n<h3 class=\"wp-block-heading\">4. Ar dalinam\u0117s j\u016bs\u0173 duomenimis?<\/h3>\n\n\n\n<p>J\u016bs\u0173 duomenys gali b\u016bti perduoti tre\u010diosioms \u0161alims tik \u0161iais atvejais:&nbsp;<\/p>\n\n\n\n<p>Pristatymo paslaug\u0173 teik\u0117jams (pvz., kurjeriams).&nbsp;<\/p>\n\n\n\n<p>Mok\u0117jim\u0173 operatoriams (bankams, mok\u0117jimo platformoms).&nbsp;<\/p>\n\n\n\n<p>Teis\u0117saugos institucijoms, kai to reikalauja \u012fstatymai.&nbsp;<\/p>\n\n\n\n<h3 class=\"wp-block-heading\">5. Kaip saugome j\u016bs\u0173 duomenis?<\/h3>\n\n\n\n<p>Imam\u0117s vis\u0173 pagr\u012fst\u0173 technini\u0173 ir organizacini\u0173 priemoni\u0173, kad apsaugotume j\u016bs\u0173 duomenis nuo neteis\u0117tos prieigos, praradimo ar netinkamo naudojimo.&nbsp;<\/p>\n\n\n\n<h3 class=\"wp-block-heading\">6. Kiek laiko saugome duomenis?<\/h3>\n\n\n\n<p>J\u016bs\u0173 duomenys saugomi:&nbsp;<\/p>\n\n\n\n<p>Tol, kol reikalinga u\u017esakymo vykdymui ir susijusiems veiksmams.&nbsp;<\/p>\n\n\n\n<p>Atsi\u017evelgiant \u012f teisinius reikalavimus (pvz., 10 met\u0173 apskaitos dokumentams).&nbsp;<\/p>\n\n\n\n<h3 class=\"wp-block-heading\">7. J\u016bs\u0173 teis\u0117s<\/h3>\n\n\n\n<p>J\u016bs turite teis\u0119:&nbsp;<\/p>\n\n\n\n<ul class=\"wp-block-list\">\n<li>Susipa\u017einti su savo duomenimis ir gauti j\u0173 kopij\u0105.\u00a0<\/li>\n\n\n\n<li>Reikalauti i\u0161taisyti netikslius duomenis.\u00a0<\/li>\n\n\n\n<li>Pra\u0161yti i\u0161trinti duomenis (\u201eteis\u0117 b\u016bti pamir\u0161tam\u201c), jei n\u0117ra teisini\u0173 prie\u017eas\u010di\u0173 juos saugoti.\u00a0<\/li>\n\n\n\n<li>Apriboti duomen\u0173 tvarkym\u0105 tam tikrais atvejais.\u00a0<\/li>\n\n\n\n<li>Pateikti skund\u0105 Valstybinei duomen\u0173 apsaugos inspekcijai <a href=\"https:\/\/vdai.lrv.lt\/\">https:\/\/vdai.lrv.lt\/<\/a>.<\/li>\n<\/ul>\n\n\n\n<h3 class=\"wp-block-heading\">8. Slapukai<\/h3>\n\n\n\n<p>Naudojame slapukus svetain\u0117s veikimui ir analitikai. Pla\u010diau apie slapuk\u0173 naudojim\u0105 galite su\u017einoti m\u016bs\u0173 [Slapuk\u0173 politikoje].&nbsp;<\/p>\n\n\n\n<h3 class=\"wp-block-heading\">9. Kontaktai<\/h3>\n\n\n\n<p>Jei turite klausim\u0173 apie privatumo politik\u0105 arba norite pasinaudoti savo teis\u0117mis, kreipkit\u0117s:&nbsp;<\/p>\n\n\n\n<p>\uc774\uba54\uc77c: <a href=\"mailto:help@operacinesistema.lt\">help@operacinesistema.lt<\/a><\/p>\n\n\n\n<p>\uc804\ud654: +370 601 66511&nbsp;<\/p>\n\n\n\n<p>SERA International, MB pasilieka teis\u0119 bet kada atnaujinti \u0161i\u0105 privatumo politik\u0105. Atnaujinimai bus skelbiami m\u016bs\u0173 svetain\u0117je.&nbsp;<\/p>","protected":false},"excerpt":{"rendered":"<p>Paskutin\u012f kart\u0105 atnaujinta: 2024-11-19&nbsp; SERA International, MB (\u201emes\u201c, \u201em\u016bs\u0173\u201c ar \u201e\u012fmon\u0117\u201c) \u012fsipareigoja saugoti j\u016bs\u0173 asmens duomenis ir gerbti j\u016bs\u0173 privatum\u0105. \u0160i privatumo politika paai\u0161kina, kaip renkame, naudojame ir saugome informacij\u0105, kai lankot\u0117s m\u016bs\u0173 svetain\u0117je https:\/\/operacinesistema.lt\/ ir perkate m\u016bs\u0173 produktus.\u00a0 1. Kokius duomenis renkame? 1.1. Pirk\u0117jo duomenys: Vardas ir pavard\u0117&nbsp; Adresas (pristatymo ir s\u0105skaitos)&nbsp; El. pa\u0161to adresas&nbsp; Telefono numeris&nbsp; 1.2. Apmok\u0117jimo duomenys: Mok\u0117jimo informacija (banko pavedim\u0173 detal\u0117s, s\u0105skait\u0173 numeriai).&nbsp; 1.3. Techniniai duomenys: IP adresas&nbsp; Nar\u0161ykl\u0117s tipas ir versija&nbsp; Svetain\u0117s naudojimo duomenys&nbsp; 1.4. Papildomi duomenys: Informacija, kuri\u0105 pateikiate susisiekiant su mumis el. pa\u0161tu ar telefonu.&nbsp; 2. Kaip naudojame j\u016bs\u0173 duomenis? U\u017esakym\u0173 apdorojimui ir pristatymui.&nbsp; S\u0105skait\u0173 i\u0161ra\u0161ymui ir mok\u0117jim\u0173 administravimui.&nbsp; Svetain\u0117s funkcionalumo gerinimui.&nbsp; Informavimui apie u\u017esakymo b\u016bkl\u0119 ar techninius atnaujinimus.&nbsp; Teisin\u0117ms prievol\u0117ms vykdyti (pvz., buhalterinei apskaitai).&nbsp; 3. Teisinis pagrindas duomen\u0173 tvarkymui J\u016bs\u0173 duomenis tvarkome remdamiesi:&nbsp; Sutarties vykdymu \u2013 kai pateikiate u\u017esakym\u0105.&nbsp; Teis\u0117tais interesais \u2013 u\u017etikrinant skland\u0173 svetain\u0117s darb\u0105.&nbsp; Teisin\u0117mis prievol\u0117mis \u2013 apskaitos ir mokes\u010di\u0173 reikalavimais.&nbsp; 4. Ar dalinam\u0117s j\u016bs\u0173 duomenimis? J\u016bs\u0173 duomenys gali b\u016bti perduoti tre\u010diosioms \u0161alims tik \u0161iais atvejais:&nbsp; Pristatymo paslaug\u0173 teik\u0117jams (pvz., kurjeriams).&nbsp; Mok\u0117jim\u0173 operatoriams (bankams, mok\u0117jimo platformoms).&nbsp; Teis\u0117saugos institucijoms, kai to reikalauja \u012fstatymai.&nbsp; 5. Kaip saugome j\u016bs\u0173 duomenis? Imam\u0117s vis\u0173 pagr\u012fst\u0173 technini\u0173 ir organizacini\u0173 priemoni\u0173, kad apsaugotume j\u016bs\u0173 duomenis nuo neteis\u0117tos prieigos, praradimo ar netinkamo naudojimo.&nbsp; 6. Kiek laiko saugome duomenis? J\u016bs\u0173 duomenys saugomi:&nbsp; Tol, kol reikalinga u\u017esakymo vykdymui ir susijusiems veiksmams.&nbsp; Atsi\u017evelgiant \u012f teisinius reikalavimus (pvz., 10 met\u0173 apskaitos dokumentams).&nbsp; 7. J\u016bs\u0173 teis\u0117s J\u016bs turite teis\u0119:&nbsp; 8. Slapukai Naudojame slapukus svetain\u0117s veikimui ir analitikai. Pla\u010diau apie slapuk\u0173 naudojim\u0105 galite su\u017einoti m\u016bs\u0173 [Slapuk\u0173 politikoje].&nbsp; 9. Kontaktai Jei turite klausim\u0173 apie privatumo politik\u0105 arba norite pasinaudoti savo teis\u0117mis, kreipkit\u0117s:&nbsp; El. pa\u0161tas: help@operacinesistema.lt Telefonas: +370 601 66511&nbsp; SERA International, MB pasilieka teis\u0119 bet kada atnaujinti \u0161i\u0105 privatumo politik\u0105. Atnaujinimai bus skelbiami m\u016bs\u0173 svetain\u0117je.&nbsp;<\/p>","protected":false},"author":1,"featured_media":0,"parent":0,"menu_order":0,"comment_status":"closed","ping_status":"closed","template":"","meta":{"footnotes":""},"class_list":["post-4386","page","type-page","status-publish","hentry","post-no-thumbnail"],"yoast_head":"<!-- This site is optimized with the Yoast SEO plugin v27.3 - https:\/\/yoast.com\/product\/yoast-seo-wordpress\/ -->\n<title>Privatumo politika - operacinesistema.lt<\/title>\n<meta name=\"robots\" content=\"index, follow, max-snippet:-1, max-image-preview:large, max-video-preview:-1\" \/>\n<link rel=\"canonical\" href=\"https:\/\/operacinesistema.lt\/ko\/privatumo-politika\/\" \/>\n<meta property=\"og:locale\" content=\"ko_KR\" \/>\n<meta property=\"og:type\" content=\"article\" \/>\n<meta property=\"og:title\" content=\"Privatumo politika - operacinesistema.lt\" \/>\n<meta property=\"og:description\" content=\"Paskutin\u012f kart\u0105 atnaujinta: 2024-11-19&nbsp; SERA International, MB (\u201emes\u201c, \u201em\u016bs\u0173\u201c ar \u201e\u012fmon\u0117\u201c) \u012fsipareigoja saugoti j\u016bs\u0173 asmens duomenis ir gerbti j\u016bs\u0173 privatum\u0105. \u0160i privatumo politika paai\u0161kina, kaip renkame, naudojame ir saugome informacij\u0105, kai lankot\u0117s m\u016bs\u0173 svetain\u0117je https:\/\/operacinesistema.lt\/ ir perkate m\u016bs\u0173 produktus.\u00a0 1. Kokius duomenis renkame? 1.1. Pirk\u0117jo duomenys: Vardas ir pavard\u0117&nbsp; Adresas (pristatymo ir s\u0105skaitos)&nbsp; El. pa\u0161to adresas&nbsp; Telefono numeris&nbsp; 1.2. Apmok\u0117jimo duomenys: Mok\u0117jimo informacija (banko pavedim\u0173 detal\u0117s, s\u0105skait\u0173 numeriai).&nbsp; 1.3. Techniniai duomenys: IP adresas&nbsp; Nar\u0161ykl\u0117s tipas ir versija&nbsp; Svetain\u0117s naudojimo duomenys&nbsp; 1.4. Papildomi duomenys: Informacija, kuri\u0105 pateikiate susisiekiant su mumis el. pa\u0161tu ar telefonu.&nbsp; 2. Kaip naudojame j\u016bs\u0173 duomenis? U\u017esakym\u0173 apdorojimui ir pristatymui.&nbsp; S\u0105skait\u0173 i\u0161ra\u0161ymui ir mok\u0117jim\u0173 administravimui.&nbsp; Svetain\u0117s funkcionalumo gerinimui.&nbsp; Informavimui apie u\u017esakymo b\u016bkl\u0119 ar techninius atnaujinimus.&nbsp; Teisin\u0117ms prievol\u0117ms vykdyti (pvz., buhalterinei apskaitai).&nbsp; 3. Teisinis pagrindas duomen\u0173 tvarkymui J\u016bs\u0173 duomenis tvarkome remdamiesi:&nbsp; Sutarties vykdymu \u2013 kai pateikiate u\u017esakym\u0105.&nbsp; Teis\u0117tais interesais \u2013 u\u017etikrinant skland\u0173 svetain\u0117s darb\u0105.&nbsp; Teisin\u0117mis prievol\u0117mis \u2013 apskaitos ir mokes\u010di\u0173 reikalavimais.&nbsp; 4. Ar dalinam\u0117s j\u016bs\u0173 duomenimis? J\u016bs\u0173 duomenys gali b\u016bti perduoti tre\u010diosioms \u0161alims tik \u0161iais atvejais:&nbsp; Pristatymo paslaug\u0173 teik\u0117jams (pvz., kurjeriams).&nbsp; Mok\u0117jim\u0173 operatoriams (bankams, mok\u0117jimo platformoms).&nbsp; Teis\u0117saugos institucijoms, kai to reikalauja \u012fstatymai.&nbsp; 5. Kaip saugome j\u016bs\u0173 duomenis? Imam\u0117s vis\u0173 pagr\u012fst\u0173 technini\u0173 ir organizacini\u0173 priemoni\u0173, kad apsaugotume j\u016bs\u0173 duomenis nuo neteis\u0117tos prieigos, praradimo ar netinkamo naudojimo.&nbsp; 6. Kiek laiko saugome duomenis? J\u016bs\u0173 duomenys saugomi:&nbsp; Tol, kol reikalinga u\u017esakymo vykdymui ir susijusiems veiksmams.&nbsp; Atsi\u017evelgiant \u012f teisinius reikalavimus (pvz., 10 met\u0173 apskaitos dokumentams).&nbsp; 7. J\u016bs\u0173 teis\u0117s J\u016bs turite teis\u0119:&nbsp; 8. Slapukai Naudojame slapukus svetain\u0117s veikimui ir analitikai. Pla\u010diau apie slapuk\u0173 naudojim\u0105 galite su\u017einoti m\u016bs\u0173 [Slapuk\u0173 politikoje].&nbsp; 9. Kontaktai Jei turite klausim\u0173 apie privatumo politik\u0105 arba norite pasinaudoti savo teis\u0117mis, kreipkit\u0117s:&nbsp; El. pa\u0161tas: help@operacinesistema.lt Telefonas: +370 601 66511&nbsp; SERA International, MB pasilieka teis\u0119 bet kada atnaujinti \u0161i\u0105 privatumo politik\u0105. Atnaujinimai bus skelbiami m\u016bs\u0173 svetain\u0117je.&nbsp;\" \/>\n<meta property=\"og:url\" content=\"https:\/\/operacinesistema.lt\/ko\/privatumo-politika\/\" \/>\n<meta property=\"og:site_name\" content=\"operacinesistema.lt\" \/>\n<meta property=\"article:modified_time\" content=\"2024-11-19T09:18:54+00:00\" \/>\n<meta name=\"twitter:card\" content=\"summary_large_image\" \/>\n<meta name=\"twitter:label1\" content=\"\uc608\uc0c1 \ub418\ub294 \ud310\ub3c5 \uc2dc\uac04\" \/>\n\t<meta name=\"twitter:data1\" content=\"2\ubd84\" \/>\n<script type=\"application\/ld+json\" class=\"yoast-schema-graph\">{\"@context\":\"https:\\\/\\\/schema.org\",\"@graph\":[{\"@type\":\"WebPage\",\"@id\":\"https:\\\/\\\/operacinesistema.lt\\\/privatumo-politika\\\/\",\"url\":\"https:\\\/\\\/operacinesistema.lt\\\/privatumo-politika\\\/\",\"name\":\"Privatumo politika - operacinesistema.lt\",\"isPartOf\":{\"@id\":\"https:\\\/\\\/operacinesistema.lt\\\/#website\"},\"datePublished\":\"2024-11-19T09:18:15+00:00\",\"dateModified\":\"2024-11-19T09:18:54+00:00\",\"breadcrumb\":{\"@id\":\"https:\\\/\\\/operacinesistema.lt\\\/privatumo-politika\\\/#breadcrumb\"},\"inLanguage\":\"ko-KR\",\"potentialAction\":[{\"@type\":\"ReadAction\",\"target\":[\"https:\\\/\\\/operacinesistema.lt\\\/privatumo-politika\\\/\"]}]},{\"@type\":\"BreadcrumbList\",\"@id\":\"https:\\\/\\\/operacinesistema.lt\\\/privatumo-politika\\\/#breadcrumb\",\"itemListElement\":[{\"@type\":\"ListItem\",\"position\":1,\"name\":\"Home\",\"item\":\"https:\\\/\\\/operacinesistema.lt\\\/\"},{\"@type\":\"ListItem\",\"position\":2,\"name\":\"Privatumo politika\"}]},{\"@type\":\"WebSite\",\"@id\":\"https:\\\/\\\/operacinesistema.lt\\\/#website\",\"url\":\"https:\\\/\\\/operacinesistema.lt\\\/\",\"name\":\"operacinesistema.lt\",\"description\":\"Originali operacin\u0117 sistema\",\"potentialAction\":[{\"@type\":\"SearchAction\",\"target\":{\"@type\":\"EntryPoint\",\"urlTemplate\":\"https:\\\/\\\/operacinesistema.lt\\\/?s={search_term_string}\"},\"query-input\":{\"@type\":\"PropertyValueSpecification\",\"valueRequired\":true,\"valueName\":\"search_term_string\"}}],\"inLanguage\":\"ko-KR\"}]}<\/script>\n<!-- \/ Yoast SEO plugin. -->","yoast_head_json":{"title":"Privatumo politika - operacinesistema.lt","robots":{"index":"index","follow":"follow","max-snippet":"max-snippet:-1","max-image-preview":"max-image-preview:large","max-video-preview":"max-video-preview:-1"},"canonical":"https:\/\/operacinesistema.lt\/ko\/privatumo-politika\/","og_locale":"ko_KR","og_type":"article","og_title":"Privatumo politika - operacinesistema.lt","og_description":"Paskutin\u012f kart\u0105 atnaujinta: 2024-11-19&nbsp; SERA International, MB (\u201emes\u201c, \u201em\u016bs\u0173\u201c ar \u201e\u012fmon\u0117\u201c) \u012fsipareigoja saugoti j\u016bs\u0173 asmens duomenis ir gerbti j\u016bs\u0173 privatum\u0105. \u0160i privatumo politika paai\u0161kina, kaip renkame, naudojame ir saugome informacij\u0105, kai lankot\u0117s m\u016bs\u0173 svetain\u0117je https:\/\/operacinesistema.lt\/ ir perkate m\u016bs\u0173 produktus.\u00a0 1. Kokius duomenis renkame? 1.1. Pirk\u0117jo duomenys: Vardas ir pavard\u0117&nbsp; Adresas (pristatymo ir s\u0105skaitos)&nbsp; El. pa\u0161to adresas&nbsp; Telefono numeris&nbsp; 1.2. Apmok\u0117jimo duomenys: Mok\u0117jimo informacija (banko pavedim\u0173 detal\u0117s, s\u0105skait\u0173 numeriai).&nbsp; 1.3. Techniniai duomenys: IP adresas&nbsp; Nar\u0161ykl\u0117s tipas ir versija&nbsp; Svetain\u0117s naudojimo duomenys&nbsp; 1.4. Papildomi duomenys: Informacija, kuri\u0105 pateikiate susisiekiant su mumis el. pa\u0161tu ar telefonu.&nbsp; 2. Kaip naudojame j\u016bs\u0173 duomenis? U\u017esakym\u0173 apdorojimui ir pristatymui.&nbsp; S\u0105skait\u0173 i\u0161ra\u0161ymui ir mok\u0117jim\u0173 administravimui.&nbsp; Svetain\u0117s funkcionalumo gerinimui.&nbsp; Informavimui apie u\u017esakymo b\u016bkl\u0119 ar techninius atnaujinimus.&nbsp; Teisin\u0117ms prievol\u0117ms vykdyti (pvz., buhalterinei apskaitai).&nbsp; 3. Teisinis pagrindas duomen\u0173 tvarkymui J\u016bs\u0173 duomenis tvarkome remdamiesi:&nbsp; Sutarties vykdymu \u2013 kai pateikiate u\u017esakym\u0105.&nbsp; Teis\u0117tais interesais \u2013 u\u017etikrinant skland\u0173 svetain\u0117s darb\u0105.&nbsp; Teisin\u0117mis prievol\u0117mis \u2013 apskaitos ir mokes\u010di\u0173 reikalavimais.&nbsp; 4. Ar dalinam\u0117s j\u016bs\u0173 duomenimis? J\u016bs\u0173 duomenys gali b\u016bti perduoti tre\u010diosioms \u0161alims tik \u0161iais atvejais:&nbsp; Pristatymo paslaug\u0173 teik\u0117jams (pvz., kurjeriams).&nbsp; Mok\u0117jim\u0173 operatoriams (bankams, mok\u0117jimo platformoms).&nbsp; Teis\u0117saugos institucijoms, kai to reikalauja \u012fstatymai.&nbsp; 5. Kaip saugome j\u016bs\u0173 duomenis? Imam\u0117s vis\u0173 pagr\u012fst\u0173 technini\u0173 ir organizacini\u0173 priemoni\u0173, kad apsaugotume j\u016bs\u0173 duomenis nuo neteis\u0117tos prieigos, praradimo ar netinkamo naudojimo.&nbsp; 6. Kiek laiko saugome duomenis? J\u016bs\u0173 duomenys saugomi:&nbsp; Tol, kol reikalinga u\u017esakymo vykdymui ir susijusiems veiksmams.&nbsp; Atsi\u017evelgiant \u012f teisinius reikalavimus (pvz., 10 met\u0173 apskaitos dokumentams).&nbsp; 7. J\u016bs\u0173 teis\u0117s J\u016bs turite teis\u0119:&nbsp; 8. Slapukai Naudojame slapukus svetain\u0117s veikimui ir analitikai. Pla\u010diau apie slapuk\u0173 naudojim\u0105 galite su\u017einoti m\u016bs\u0173 [Slapuk\u0173 politikoje].&nbsp; 9. Kontaktai Jei turite klausim\u0173 apie privatumo politik\u0105 arba norite pasinaudoti savo teis\u0117mis, kreipkit\u0117s:&nbsp; El. pa\u0161tas: help@operacinesistema.lt Telefonas: +370 601 66511&nbsp; SERA International, MB pasilieka teis\u0119 bet kada atnaujinti \u0161i\u0105 privatumo politik\u0105. Atnaujinimai bus skelbiami m\u016bs\u0173 svetain\u0117je.&nbsp;","og_url":"https:\/\/operacinesistema.lt\/ko\/privatumo-politika\/","og_site_name":"operacinesistema.lt","article_modified_time":"2024-11-19T09:18:54+00:00","twitter_card":"summary_large_image","twitter_misc":{"\uc608\uc0c1 \ub418\ub294 \ud310\ub3c5 \uc2dc\uac04":"2\ubd84"},"schema":{"@context":"https:\/\/schema.org","@graph":[{"@type":"WebPage","@id":"https:\/\/operacinesistema.lt\/privatumo-politika\/","url":"https:\/\/operacinesistema.lt\/privatumo-politika\/","name":"Privatumo politika - operacinesistema.lt","isPartOf":{"@id":"https:\/\/operacinesistema.lt\/#website"},"datePublished":"2024-11-19T09:18:15+00:00","dateModified":"2024-11-19T09:18:54+00:00","breadcrumb":{"@id":"https:\/\/operacinesistema.lt\/privatumo-politika\/#breadcrumb"},"inLanguage":"ko-KR","potentialAction":[{"@type":"ReadAction","target":["https:\/\/operacinesistema.lt\/privatumo-politika\/"]}]},{"@type":"BreadcrumbList","@id":"https:\/\/operacinesistema.lt\/privatumo-politika\/#breadcrumb","itemListElement":[{"@type":"ListItem","position":1,"name":"Home","item":"https:\/\/operacinesistema.lt\/"},{"@type":"ListItem","position":2,"name":"Privatumo politika"}]},{"@type":"WebSite","@id":"https:\/\/operacinesistema.lt\/#website","url":"https:\/\/operacinesistema.lt\/","name":"operacinesistema.lt","description":"\uc6d0\ub798 \uc6b4\uc601 \uccb4\uc81c","potentialAction":[{"@type":"SearchAction","target":{"@type":"EntryPoint","urlTemplate":"https:\/\/operacinesistema.lt\/?s={search_term_string}"},"query-input":{"@type":"PropertyValueSpecification","valueRequired":true,"valueName":"search_term_string"}}],"inLanguage":"ko-KR"}]}},"_links":{"self":[{"href":"https:\/\/operacinesistema.lt\/ko\/wp-json\/wp\/v2\/pages\/4386","targetHints":{"allow":["GET"]}}],"collection":[{"href":"https:\/\/operacinesistema.lt\/ko\/wp-json\/wp\/v2\/pages"}],"about":[{"href":"https:\/\/operacinesistema.lt\/ko\/wp-json\/wp\/v2\/types\/page"}],"author":[{"embeddable":true,"href":"https:\/\/operacinesistema.lt\/ko\/wp-json\/wp\/v2\/users\/1"}],"replies":[{"embeddable":true,"href":"https:\/\/operacinesistema.lt\/ko\/wp-json\/wp\/v2\/comments?post=4386"}],"version-history":[{"count":3,"href":"https:\/\/operacinesistema.lt\/ko\/wp-json\/wp\/v2\/pages\/4386\/revisions"}],"predecessor-version":[{"id":4390,"href":"https:\/\/operacinesistema.lt\/ko\/wp-json\/wp\/v2\/pages\/4386\/revisions\/4390"}],"wp:attachment":[{"href":"https:\/\/operacinesistema.lt\/ko\/wp-json\/wp\/v2\/media?parent=4386"}],"curies":[{"name":"wp","href":"https:\/\/api.w.org\/{rel}","templated":true}]}}