{"id":5057,"date":"2026-01-26T09:02:43","date_gmt":"2026-01-26T09:02:43","guid":{"rendered":"https:\/\/operacinesistema.lt\/?post_type=product&#038;p=5057"},"modified":"2026-03-24T18:50:57","modified_gmt":"2026-03-24T18:50:57","slug":"microsoft-windows-11-pro-key-global-retail","status":"publish","type":"product","link":"https:\/\/operacinesistema.lt\/hi\/product-2\/microsoft-windows-11-pro-key-global-retail\/","title":{"rendered":"\u092e\u093e\u0907\u0915\u094d\u0930\u094b\u0938\u0949\u092b\u094d\u091f \u0935\u093f\u0902\u0921\u094b\u091c 11 \u092a\u094d\u0930\u094b \u0915\u0940 \u0917\u094d\u0932\u094b\u092c\u0932 (\u0930\u093f\u091f\u0947\u0932)"},"content":{"rendered":"<p><strong style=\"letter-spacing: 0px;\">\u092e\u093e\u0907\u0915\u094d\u0930\u094b\u0938\u0949\u092b\u094d\u091f \u0935\u093f\u0902\u0921\u094b\u091c 11 \u092a\u094d\u0930\u094b (\u0935\u0948\u0936\u094d\u0935\u093f\u0915 \u0916\u0941\u0926\u0930\u093e)<\/strong><span style=\"letter-spacing: 0px;\"> \u092f\u0939 \u0938\u092c\u0938\u0947 \u0909\u0928\u094d\u0928\u0924 \u0911\u092a\u0930\u0947\u091f\u093f\u0902\u0917 \u0938\u093f\u0938\u094d\u091f\u092e \u0939\u0948, \u091c\u093f\u0938\u0947 \u0905\u0927\u093f\u0915\u0924\u092e \u0926\u0915\u094d\u0937\u0924\u093e, \u0938\u0941\u0930\u0915\u094d\u0937\u093e \u0914\u0930 \u0932\u091a\u0940\u0932\u0947\u092a\u0928 \u0915\u0947 \u0932\u093f\u090f \u0921\u093f\u091c\u093c\u093e\u0907\u0928 \u0915\u093f\u092f\u093e \u0917\u092f\u093e \u0939\u0948\u0964 \u092f\u0939 \u0906\u0927\u093f\u0915\u093e\u0930\u093f\u0915 <\/span><strong style=\"letter-spacing: 0px;\">\u0916\u0941\u0926\u0930\u093e<\/strong><span style=\"letter-spacing: 0px;\"> \u090f\u0915 \u0938\u0902\u0938\u094d\u0915\u0930\u0923 \u091c\u094b \u092e\u093e\u0928\u0915 OEM \u0938\u0902\u0938\u094d\u0915\u0930\u0923\u094b\u0902 \u0915\u0940 \u0924\u0941\u0932\u0928\u093e \u092e\u0947\u0902 \u0905\u0927\u093f\u0915 \u0938\u094d\u0935\u0924\u0902\u0924\u094d\u0930\u0924\u093e \u092a\u094d\u0930\u0926\u093e\u0928 \u0915\u0930\u0924\u093e \u0939\u0948, \u0914\u0930 <\/span><strong style=\"letter-spacing: 0px;\">\u0935\u0948\u0936\u094d\u0935\u093f\u0915<\/strong><span style=\"letter-spacing: 0px;\"> \u092f\u0939 \u0926\u0930\u094d\u091c\u093e \u092f\u0939 \u0938\u0941\u0928\u093f\u0936\u094d\u091a\u093f\u0924 \u0915\u0930\u0924\u093e \u0939\u0948 \u0915\u093f \u092f\u0939 \u0915\u093f\u0938\u0940 \u092d\u0940 \u0915\u094d\u0937\u0947\u0924\u094d\u0930 \u092e\u0947\u0902 \u092c\u093f\u0928\u093e \u0915\u093f\u0938\u0940 \u092a\u094d\u0930\u0924\u093f\u092c\u0902\u0927 \u0915\u0947 \u0915\u093e\u092e \u0915\u0930 \u0938\u0915\u0924\u093e \u0939\u0948\u0964.<\/span><\/p>\n<div class=\"win11-description-container\">\n<div class=\"digital-notice-box\">\n<p style=\"margin: 0;\"><strong>\u2139\ufe0f \u092e\u0939\u0924\u094d\u0935\u092a\u0942\u0930\u094d\u0923: \u0921\u093f\u091c\u093f\u091f\u0932 \u0909\u0924\u094d\u092a\u093e\u0926\u0964.<\/strong><br \/>\n\u0906\u092a \u090f\u0915 \u0932\u093e\u0907\u0938\u0947\u0902\u0938 \u0938\u0915\u094d\u0930\u093f\u092f\u0923 \u0915\u0941\u0902\u091c\u0940 \u0916\u0930\u0940\u0926 \u0930\u0939\u0947 \u0939\u0948\u0902\u0964 \u0915\u094b\u0908 \u092d\u094c\u0924\u093f\u0915 \u092e\u0940\u0921\u093f\u092f\u093e (USB\/DVD) \u0928\u0939\u0940\u0902 \u092d\u0947\u091c\u093e \u091c\u093e\u090f\u0917\u093e\u0964 \u092d\u0941\u0917\u0924\u093e\u0928 \u0915\u0947 \u0924\u0941\u0930\u0902\u0924 \u092c\u093e\u0926 \u0915\u094b\u0921 \u0914\u0930 \u0928\u093f\u0930\u094d\u0926\u0947\u0936 \u0908\u092e\u0947\u0932 \u0926\u094d\u0935\u093e\u0930\u093e \u092d\u0947\u091c\u0947 \u091c\u093e\u090f\u0902\u0917\u0947\u0964.<\/p>\n<\/div>\n<h2>\u0935\u093f\u0902\u0921\u094b\u091c\u093c 11 \u092a\u094d\u0930\u094b \u0930\u093f\u091f\u0947\u0932 \u0915\u094d\u092f\u094b\u0902 \u091a\u0941\u0928\u0947\u0902?<\/h2>\n<ul class=\"win11-features-list\">\n<li><strong>\u0916\u0941\u0926\u0930\u093e \u0932\u093e\u0907\u0938\u0947\u0902\u0938 \u0915\u0947 \u0932\u093e\u092d:<\/strong> OEM \u0932\u093e\u0907\u0938\u0947\u0902\u0938 \u0915\u0947 \u0935\u093f\u092a\u0930\u0940\u0924, \u0930\u093f\u091f\u0947\u0932 \u0932\u093e\u0907\u0938\u0947\u0902\u0938 \u0938\u094d\u0925\u093e\u092f\u0940 \u0930\u0942\u092a \u0938\u0947 \u0915\u093f\u0938\u0940 \u090f\u0915 \u092e\u0926\u0930\u092c\u094b\u0930\u094d\u0921 \u0938\u0947 \u092c\u0902\u0927\u093e \u0928\u0939\u0940\u0902 \u0939\u094b\u0924\u093e\u0964 \u092e\u093e\u0907\u0915\u094d\u0930\u094b\u0938\u0949\u092b\u094d\u091f \u0915\u0947 \u0928\u093f\u092f\u092e\u094b\u0902 \u0915\u0947 \u0905\u0928\u0941\u0938\u093e\u0930, \u0939\u093e\u0930\u094d\u0921\u0935\u0947\u092f\u0930 \u0905\u092a\u0917\u094d\u0930\u0947\u0921 \u0915\u0930\u0924\u0947 \u0938\u092e\u092f \u0907\u0938\u0947 \u0926\u0942\u0938\u0930\u0947 \u0915\u0902\u092a\u094d\u092f\u0942\u091f\u0930 \u092e\u0947\u0902 \u0938\u094d\u0925\u093e\u0928\u093e\u0902\u0924\u0930\u093f\u0924 \u0915\u093f\u092f\u093e \u091c\u093e \u0938\u0915\u0924\u093e \u0939\u0948\u0964.<\/li>\n<li><strong>\u0935\u0948\u0936\u094d\u0935\u093f\u0915 \u0938\u0902\u0938\u094d\u0915\u0930\u0923 (\u0915\u094d\u0937\u0947\u0924\u094d\u0930-\u092e\u0941\u0915\u094d\u0924):<\/strong> \u0938\u0915\u094d\u0930\u093f\u092f\u0923 \u0915\u0941\u0902\u091c\u0940 \u092a\u0930 \u0915\u094b\u0908 \u092d\u094c\u0917\u094b\u0932\u093f\u0915 \u092a\u094d\u0930\u0924\u093f\u092c\u0902\u0927 \u0928\u0939\u0940\u0902 \u0939\u0948\u0964 \u0906\u092a \u0907\u0938\u0947 \u0932\u093f\u0925\u0941\u0906\u0928\u093f\u092f\u093e \u092e\u0947\u0902 \u092f\u093e \u0926\u0941\u0928\u093f\u092f\u093e \u0915\u0947 \u0915\u093f\u0938\u0940 \u092d\u0940 \u0905\u0928\u094d\u092f \u0926\u0947\u0936 \u092e\u0947\u0902 \u0909\u092a\u092f\u094b\u0917 \u0915\u0930 \u0938\u0915\u0924\u0947 \u0939\u0948\u0902\u0964.<\/li>\n<li><strong>\u0906\u0927\u0941\u0928\u093f\u0915 \u0921\u093f\u091c\u093c\u093e\u0907\u0928:<\/strong> \u0928\u092f\u093e \u0938\u094d\u091f\u093e\u0930\u094d\u091f \u092e\u0947\u0928\u0942, \u0917\u094b\u0932 \u0916\u093f\u0921\u093c\u0915\u0940 \u0915\u0947 \u0915\u094b\u0928\u0947 \u0914\u0930 \u091a\u093f\u0915\u0928\u0940 \u090f\u0928\u093f\u092e\u0947\u0936\u0928 \u090f\u0915 \u0906\u0915\u0930\u094d\u0937\u0915 \u0914\u0930 \u0909\u092a\u092f\u094b\u0917\u0915\u0930\u094d\u0924\u093e-\u0905\u0928\u0941\u0915\u0942\u0932 \u0915\u093e\u0930\u094d\u092f \u0935\u093e\u0924\u093e\u0935\u0930\u0923 \u0938\u0941\u0928\u093f\u0936\u094d\u091a\u093f\u0924 \u0915\u0930\u0924\u0947 \u0939\u0948\u0902\u0964.<\/li>\n<li><strong>\u0935\u094d\u092f\u093e\u0935\u0938\u093e\u092f\u093f\u0915 \u0936\u094d\u0930\u0947\u0923\u0940 \u0938\u0941\u0930\u0915\u094d\u0937\u093e:<\/strong> \u090f\u0915\u0940\u0915\u0943\u0924 <em>\u092c\u093f\u091f\u0932\u0949\u0915\u0930<\/em> \u0917\u0941\u092a\u094d\u0924\u0932\u093f\u092a\u093f, <em>\u0935\u093f\u0902\u0921\u094b\u091c\u093c \u0939\u0947\u0932\u094b<\/em> \u0905\u0927\u093f\u0915\u0924\u092e \u0921\u0947\u091f\u093e \u0938\u0941\u0930\u0915\u094d\u0937\u093e \u0915\u0947 \u0932\u093f\u090f \u092c\u093e\u092f\u094b\u092e\u0947\u091f\u094d\u0930\u093f\u0915 \u0938\u0941\u0930\u0915\u094d\u0937\u093e \u0914\u0930 TPM 2.0 \u0938\u092e\u0930\u094d\u0925\u0928\u0964.<\/li>\n<li><strong>\u0935\u0930\u094d\u091a\u0941\u0905\u0932\u093e\u0907\u091c\u0947\u0936\u0928 \u0914\u0930 \u0915\u093e\u0930\u094d\u092f:<\/strong> \u092a\u0942\u0930\u094d\u0923 <em>\u0939\u093e\u0907\u092a\u0930-\u0935\u0940<\/em>, <em>\u0930\u093f\u092e\u094b\u091f \u0921\u0947\u0938\u094d\u0915\u091f\u0949\u092a<\/em> \u0914\u0930 <em>\u0930\u0947\u0924 \u0915\u093e \u092c\u0915\u094d\u0938\u093e<\/em> \u092a\u0947\u0936\u0947\u0935\u0930\u094b\u0902 \u0915\u0947 \u0932\u093f\u090f \u0938\u092e\u0930\u094d\u0925\u0928\u0964.<\/li>\n<li><strong>\u0938\u094d\u0935\u091a\u094d\u091b \u0938\u094d\u0925\u093e\u092a\u0928\u093e:<\/strong> \u0906\u0927\u093f\u0915\u093e\u0930\u093f\u0915 \u092e\u093e\u0907\u0915\u094d\u0930\u094b\u0938\u0949\u092b\u094d\u091f \u092e\u0940\u0921\u093f\u092f\u093e \u0915\u094d\u0930\u093f\u090f\u0936\u0928 \u091f\u0942\u0932 \u0915\u093e \u0909\u092a\u092f\u094b\u0917 \u0915\u0930\u0915\u0947, \u0906\u092a \u0905\u0928\u093e\u0935\u0936\u094d\u092f\u0915 \u0928\u093f\u0930\u094d\u092e\u093e\u0924\u093e \u0938\u0949\u092b\u093c\u094d\u091f\u0935\u0947\u092f\u0930 (\u201e\u092c\u094d\u0932\u094b\u091f\u0935\u0947\u092f\u0930\u201c) \u0938\u0947 \u092e\u0941\u0915\u094d\u0924 \u090f\u0915 \u0938\u094d\u0935\u091a\u094d\u091b \u0938\u093f\u0938\u094d\u091f\u092e \u0907\u0902\u0938\u094d\u091f\u0949\u0932 \u0915\u0930\u0947\u0902\u0917\u0947\u0964.<\/li>\n<\/ul>\n<h2>\u0924\u0915\u0928\u0940\u0915\u0940 \u091c\u093e\u0928\u0915\u093e\u0930\u0940<\/h2>\n<table class=\"specs-table\">\n<tbody>\n<tr>\n<th>\u0909\u0924\u094d\u092a\u093e\u0926<\/th>\n<td>\u092e\u093e\u0907\u0915\u094d\u0930\u094b\u0938\u0949\u092b\u094d\u091f \u0935\u093f\u0902\u0921\u094b\u091c 11 \u092a\u094d\u0930\u094b \u0915\u0940 \u0917\u094d\u0932\u094b\u092c\u0932 (\u0930\u093f\u091f\u0947\u0932)<\/td>\n<\/tr>\n<tr>\n<th>\u0932\u093e\u0907\u0938\u0947\u0902\u0938 \u0915\u093e \u092a\u094d\u0930\u0915\u093e\u0930<\/th>\n<td>\u0921\u093f\u091c\u093f\u091f\u0932 (\u0908\u090f\u0938\u0921\u0940), 1 \u092a\u0940\u0938\u0940<\/td>\n<\/tr>\n<tr>\n<th>\u0935\u093e\u0938\u094d\u0924\u0941\u0915\u0932\u093e<\/th>\n<td>64-\u092c\u093f\u091f<\/td>\n<\/tr>\n<tr>\n<th>\u0935\u0948\u0927\u0924\u093e<\/th>\n<td>\u0906\u091c\u0940\u0935\u0928<\/td>\n<\/tr>\n<tr>\n<th>\u092d\u093e\u0937\u093e<\/th>\n<td>\u092c\u0939\u0941\u092d\u093e\u0937\u0940 (\u0938\u092d\u0940 \u092d\u093e\u0937\u093e\u090f\u0901, \u0932\u093f\u0925\u0941\u0906\u0928\u093f\u092f\u093e\u0908 \u0938\u0939\u093f\u0924)<\/td>\n<\/tr>\n<\/tbody>\n<\/table>\n<h2>\u0928\u094d\u092f\u0942\u0928\u0924\u092e \u0938\u093f\u0938\u094d\u091f\u092e \u0906\u0935\u0936\u094d\u092f\u0915\u0924\u093e\u090f\u0901<\/h2>\n<p style=\"font-size: 0.9em; color: #666; margin-bottom: 15px;\">\u0916\u0930\u0940\u0926\u0928\u0947 \u0938\u0947 \u092a\u0939\u0932\u0947, \u0915\u0943\u092a\u092f\u093e \u0938\u0941\u0928\u093f\u0936\u094d\u091a\u093f\u0924 \u0915\u0930\u0947\u0902 \u0915\u093f \u0906\u092a\u0915\u093e \u0921\u093f\u0935\u093e\u0907\u0938 \u0928\u093f\u092e\u094d\u0928\u0932\u093f\u0916\u093f\u0924 \u0906\u0935\u0936\u094d\u092f\u0915\u0924\u093e\u0913\u0902 \u0915\u094b \u092a\u0942\u0930\u093e \u0915\u0930\u0924\u093e \u0939\u0948:<\/p>\n<div class=\"req-grid\">\n<div class=\"req-item\"><strong>\u092a\u094d\u0930\u094b\u0938\u0947\u0938\u0930<\/strong><br \/>\n1 \u0917\u0940\u0917\u093e\u0939\u0930\u094d\u091f\u094d\u091c\u093c, 2 \u0915\u094b\u0930, 64-\u092c\u093f\u091f \u0938\u0902\u0917\u0924\u0924\u093e<\/div>\n<div class=\"req-item\"><strong>\u0930\u0948\u092e (\u092e\u0947\u092e\u094b\u0930\u0940)<\/strong><br \/>\n4 \u091c\u0940\u092c\u0940 \u092f\u093e \u0909\u0938\u0938\u0947 \u0905\u0927\u093f\u0915<\/div>\n<div class=\"req-item\"><strong>\u092d\u0902\u0921\u093e\u0930\u0923 \u0938\u0941\u0935\u093f\u0927\u093e<\/strong><br \/>\n64 \u091c\u0940\u092c\u0940 \u0916\u093e\u0932\u0940 \u091c\u0917\u0939<\/div>\n<div class=\"req-item\"><strong>\u0938\u0941\u0930\u0915\u094d\u0937\u093e<\/strong><br \/>\n\u091f\u0940\u092a\u0940\u090f\u092e 2.0, \u0938\u093f\u0915\u094d\u092f\u094b\u0930 \u092c\u0942\u091f \u0938\u092a\u094b\u0930\u094d\u091f<\/div>\n<div class=\"req-item\"><strong>\u0917\u094d\u0930\u093e\u092b\u093f\u0915\u094d\u0938<\/strong><br \/>\n\u0921\u093e\u092f\u0930\u0947\u0915\u094d\u091f\u090f\u0915\u094d\u0938 12 \/ \u0921\u092c\u094d\u0932\u094d\u092f\u0942\u0921\u0940\u0921\u0940\u090f\u092e 2.0<\/div>\n<div class=\"req-item\"><strong>\u0938\u094d\u0915\u094d\u0930\u0940\u0928<\/strong><br \/>\n9 \u092e\u093f\u0928\u091f, 720p \u0930\u093f\u091c\u093c\u0949\u0932\u094d\u092f\u0942\u0936\u0928<\/div>\n<\/div>\n<div style=\"margin-top: 40px; border-top: 1px solid #eee; padding-top: 20px;\">\n<h3>\ud83d\udce6 \u091c\u092c \u0906\u092a \u0916\u0930\u0940\u0926\u093e\u0930\u0940 \u0915\u0930\u0947\u0902\u0917\u0947 \u0924\u094b \u0906\u092a\u0915\u094b \u0915\u094d\u092f\u093e \u092e\u093f\u0932\u0947\u0917\u093e?<\/h3>\n<ul style=\"list-style-type: circle; padding-left: 20px;\">\n<li>1 x \u092e\u0942\u0932 <strong>\u0935\u093f\u0902\u0921\u094b\u091c 11 \u092a\u094d\u0930\u094b \u0930\u093f\u091f\u0947\u0932<\/strong> \u0938\u0915\u094d\u0930\u093f\u092f\u0923 \u0915\u094b\u0921 (XXXXX-XXXXX-XXXXX-XXXXX-XXXXX)\u0964.<\/li>\n<li>\u0907\u0902\u0938\u094d\u091f\u0949\u0932\u0947\u0936\u0928 \u092b\u093c\u093e\u0907\u0932\u0947\u0902 \u0921\u093e\u0909\u0928\u0932\u094b\u0921 \u0915\u0930\u0928\u0947 \u0915\u0947 \u0932\u093f\u090f \u0906\u0927\u093f\u0915\u093e\u0930\u093f\u0915 \u092e\u093e\u0907\u0915\u094d\u0930\u094b\u0938\u0949\u092b\u094d\u091f \u0935\u0947\u092c\u0938\u093e\u0907\u091f \u0915\u093e \u0932\u093f\u0902\u0915\u0964.<\/li>\n<li>\u0924\u094d\u0935\u0930\u093f\u0924 \u0938\u0915\u094d\u0930\u093f\u092f\u0923 \u092e\u093e\u0930\u094d\u0917\u0926\u0930\u094d\u0936\u093f\u0915\u093e\u0964.<\/li>\n<\/ul>\n<\/div>\n<\/div>","protected":false},"excerpt":{"rendered":"<ul style=\"list-style: none; padding: 0; margin: 0;\">\n<li style=\"display: flex; align-items: center; gap: 8px; font-family: 'Jost', sans-serif; font-size: 14px; font-weight: 400; color: #ffffff; line-height: 1.2; margin-bottom: 8px;\"><img decoding=\"async\" style=\"display: block; flex-shrink: 0;\" src=\"https:\/\/operacinesistema.lt\/wp-content\/uploads\/2026\/03\/Official-product-3.png\" alt=\"\" width=\"25\" height=\"25\" \/>\n<div>\u0906\u0927\u093f\u0915\u093e\u0930\u093f\u0915 \u0932\u093e\u0907\u0938\u0947\u0902\u0938 \u0915\u0941\u0902\u091c\u0940<\/div>\n<\/li>\n<li style=\"display: flex; align-items: center; gap: 8px; font-family: 'Jost', sans-serif; font-size: 14px; font-weight: 400; color: #ffffff; line-height: 1.2; margin-bottom: 8px;\"><img decoding=\"async\" style=\"display: block; flex-shrink: 0;\" src=\"https:\/\/operacinesistema.lt\/wp-content\/uploads\/2026\/03\/Multilingual-1.png\" alt=\"\" width=\"25\" height=\"25\" \/>\n<div>\u0915\u093f\u0938\u0940 \u092d\u0940 \u092d\u093e\u0937\u093e \u0915\u093e \u091a\u092f\u0928 \u0915\u0930\u0947\u0902<\/div>\n<\/li>\n<li style=\"display: flex; align-items: center; gap: 8px; font-family: 'Jost', sans-serif; font-size: 14px; font-weight: 400; color: #ffffff; line-height: 1.2; margin-bottom: 8px;\"><img decoding=\"async\" style=\"display: block; flex-shrink: 0;\" src=\"https:\/\/operacinesistema.lt\/wp-content\/uploads\/2026\/03\/Instant-delivery-3.png\" alt=\"\" width=\"25\" height=\"25\" \/>\n<div>\u0924\u0924\u094d\u0915\u093e\u0932 \u0921\u093f\u0932\u0940\u0935\u0930\u0940 24\/7<\/div>\n<\/li>\n<li style=\"display: flex; align-items: center; gap: 8px; font-family: 'Jost', sans-serif; font-size: 14px; font-weight: 400; color: #ffffff; line-height: 1.2;\"><img loading=\"lazy\" decoding=\"async\" style=\"display: block; flex-shrink: 0;\" src=\"https:\/\/operacinesistema.lt\/wp-content\/uploads\/2026\/03\/Money-back-guarantee.png\" alt=\"\" width=\"25\" height=\"25\" \/>\n<div>\u092a\u0948\u0938\u093e \u0935\u093e\u092a\u0938 \u0915\u0940 \u0917\u093e\u0930\u0902\u091f\u0940<\/div>\n<\/li>\n<\/ul>","protected":false},"featured_media":4546,"template":"","meta":[],"product_brand":[],"product_cat":[140],"product_tag":[],"class_list":{"0":"post-5057","1":"product","2":"type-product","3":"status-publish","4":"has-post-thumbnail","6":"product_cat-skaitmenines-operacines-sistemos","8":"first","9":"instock","10":"sale","11":"featured","12":"virtual","13":"purchasable","14":"product-type-simple"},"yoast_head":"<!-- This site is optimized with the Yoast SEO plugin v27.5 - https:\/\/yoast.com\/product\/yoast-seo-wordpress\/ -->\n<title>Microsoft Windows 11 Pro Key GLOBAL (Retail) - operacinesistema.lt<\/title>\n<meta name=\"description\" content=\"\u012esigykite originali\u0105 Windows 11 Pro licencij\u0105 (skaitmeninis raktas) u\u017e puiki\u0105 kain\u0105! Greitas aktyvavimas, patikima licencija ir visi profesional\u016bs \u012frankiai.\" \/>\n<meta name=\"robots\" content=\"index, follow, max-snippet:-1, max-image-preview:large, max-video-preview:-1\" \/>\n<link rel=\"canonical\" href=\"https:\/\/operacinesistema.lt\/hi\/product-2\/microsoft-windows-11-pro-key-global-retail\/\" \/>\n<meta property=\"og:locale\" content=\"hi_IN\" \/>\n<meta property=\"og:type\" content=\"article\" \/>\n<meta property=\"og:title\" content=\"Microsoft Windows 11 Pro Key GLOBAL (Retail) - operacinesistema.lt\" \/>\n<meta property=\"og:description\" content=\"\u012esigykite originali\u0105 Windows 11 Pro licencij\u0105 (skaitmeninis raktas) u\u017e puiki\u0105 kain\u0105! Greitas aktyvavimas, patikima licencija ir visi profesional\u016bs \u012frankiai.\" \/>\n<meta property=\"og:url\" content=\"https:\/\/operacinesistema.lt\/hi\/product-2\/microsoft-windows-11-pro-key-global-retail\/\" \/>\n<meta property=\"og:site_name\" content=\"operacinesistema.lt\" \/>\n<meta property=\"article:modified_time\" content=\"2026-03-24T18:50:57+00:00\" \/>\n<meta property=\"og:image\" content=\"https:\/\/operacinesistema.lt\/wp-content\/uploads\/2024\/11\/Fizinis-produktas-11.png\" \/>\n\t<meta property=\"og:image:width\" content=\"1000\" \/>\n\t<meta property=\"og:image:height\" content=\"1000\" \/>\n\t<meta property=\"og:image:type\" content=\"image\/png\" \/>\n<meta name=\"twitter:card\" content=\"summary_large_image\" \/>\n<meta name=\"twitter:label1\" content=\"\u0905\u0928\u0941\u092e\u093e\u0928\u093f\u0924 \u092a\u0922\u093c\u0928\u0947 \u0915\u093e \u0938\u092e\u092f\" \/>\n\t<meta name=\"twitter:data1\" content=\"2 \u092e\u093f\u0928\u091f\" \/>\n<script type=\"application\/ld+json\" class=\"yoast-schema-graph\">{\"@context\":\"https:\\\/\\\/schema.org\",\"@graph\":[{\"@type\":\"WebPage\",\"@id\":\"https:\\\/\\\/operacinesistema.lt\\\/product\\\/microsoft-windows-11-pro-key-global-retail\\\/\",\"url\":\"https:\\\/\\\/operacinesistema.lt\\\/product\\\/microsoft-windows-11-pro-key-global-retail\\\/\",\"name\":\"Microsoft Windows 11 Pro Key GLOBAL (Retail) - operacinesistema.lt\",\"isPartOf\":{\"@id\":\"https:\\\/\\\/operacinesistema.lt\\\/#website\"},\"primaryImageOfPage\":{\"@id\":\"https:\\\/\\\/operacinesistema.lt\\\/product\\\/microsoft-windows-11-pro-key-global-retail\\\/#primaryimage\"},\"image\":{\"@id\":\"https:\\\/\\\/operacinesistema.lt\\\/product\\\/microsoft-windows-11-pro-key-global-retail\\\/#primaryimage\"},\"thumbnailUrl\":\"https:\\\/\\\/operacinesistema.lt\\\/wp-content\\\/uploads\\\/2024\\\/11\\\/Fizinis-produktas-11.png\",\"datePublished\":\"2026-01-26T09:02:43+00:00\",\"dateModified\":\"2026-03-24T18:50:57+00:00\",\"description\":\"\u012esigykite originali\u0105 Windows 11 Pro licencij\u0105 (skaitmeninis raktas) u\u017e puiki\u0105 kain\u0105! Greitas aktyvavimas, patikima licencija ir visi profesional\u016bs \u012frankiai.\",\"breadcrumb\":{\"@id\":\"https:\\\/\\\/operacinesistema.lt\\\/product\\\/microsoft-windows-11-pro-key-global-retail\\\/#breadcrumb\"},\"inLanguage\":\"hi-IN\",\"potentialAction\":[{\"@type\":\"ReadAction\",\"target\":[\"https:\\\/\\\/operacinesistema.lt\\\/product\\\/microsoft-windows-11-pro-key-global-retail\\\/\"]}]},{\"@type\":\"ImageObject\",\"inLanguage\":\"hi-IN\",\"@id\":\"https:\\\/\\\/operacinesistema.lt\\\/product\\\/microsoft-windows-11-pro-key-global-retail\\\/#primaryimage\",\"url\":\"https:\\\/\\\/operacinesistema.lt\\\/wp-content\\\/uploads\\\/2024\\\/11\\\/Fizinis-produktas-11.png\",\"contentUrl\":\"https:\\\/\\\/operacinesistema.lt\\\/wp-content\\\/uploads\\\/2024\\\/11\\\/Fizinis-produktas-11.png\",\"width\":1000,\"height\":1000,\"caption\":\"Windows 11 Pro USB 64-Bit operacin\u0117 sistema\"},{\"@type\":\"BreadcrumbList\",\"@id\":\"https:\\\/\\\/operacinesistema.lt\\\/product\\\/microsoft-windows-11-pro-key-global-retail\\\/#breadcrumb\",\"itemListElement\":[{\"@type\":\"ListItem\",\"position\":1,\"name\":\"Home\",\"item\":\"https:\\\/\\\/operacinesistema.lt\\\/\"},{\"@type\":\"ListItem\",\"position\":2,\"name\":\"Parduotuv\u0117\",\"item\":\"https:\\\/\\\/operacinesistema.lt\\\/parduotuve\\\/\"},{\"@type\":\"ListItem\",\"position\":3,\"name\":\"Microsoft Windows 11 Pro Key GLOBAL (Retail)\"}]},{\"@type\":\"WebSite\",\"@id\":\"https:\\\/\\\/operacinesistema.lt\\\/#website\",\"url\":\"https:\\\/\\\/operacinesistema.lt\\\/\",\"name\":\"operacinesistema.lt\",\"description\":\"\u012esigykite Windows 11 Pro u\u017e geriausi\u0105 kain\u0105\",\"potentialAction\":[{\"@type\":\"SearchAction\",\"target\":{\"@type\":\"EntryPoint\",\"urlTemplate\":\"https:\\\/\\\/operacinesistema.lt\\\/?s={search_term_string}\"},\"query-input\":{\"@type\":\"PropertyValueSpecification\",\"valueRequired\":true,\"valueName\":\"search_term_string\"}}],\"inLanguage\":\"hi-IN\"}]}<\/script>\n<!-- \/ Yoast SEO plugin. -->","yoast_head_json":{"title":"\u092e\u093e\u0907\u0915\u094d\u0930\u094b\u0938\u0949\u092b\u094d\u091f \u0935\u093f\u0902\u0921\u094b\u091c 11 \u092a\u094d\u0930\u094b \u0915\u0940 \u0917\u094d\u0932\u094b\u092c\u0932 (\u0930\u093f\u091f\u0947\u0932) - operacinesistema.lt","description":"\u090f\u0915 \u0936\u093e\u0928\u0926\u093e\u0930 \u0915\u0940\u092e\u0924 \u092a\u0930 \u090f\u0915 \u092e\u0942\u0932 \u0935\u093f\u0902\u0921\u094b\u091c 11 \u092a\u094d\u0930\u094b \u0932\u093e\u0907\u0938\u0947\u0902\u0938 (\u0921\u093f\u091c\u093f\u091f\u0932 \u0915\u0940) \u0916\u0930\u0940\u0926\u0947\u0902! \u0924\u094d\u0935\u0930\u093f\u0924 \u0938\u0915\u094d\u0930\u093f\u092f\u0923, \u090f\u0915 \u0905\u0938\u0932\u0940 \u0932\u093e\u0907\u0938\u0947\u0902\u0938 \u0914\u0930 \u0938\u092d\u0940 \u092a\u0947\u0936\u0947\u0935\u0930 \u0909\u092a\u0915\u0930\u0923\u0964.","robots":{"index":"index","follow":"follow","max-snippet":"max-snippet:-1","max-image-preview":"max-image-preview:large","max-video-preview":"max-video-preview:-1"},"canonical":"https:\/\/operacinesistema.lt\/hi\/product-2\/microsoft-windows-11-pro-key-global-retail\/","og_locale":"hi_IN","og_type":"article","og_title":"Microsoft Windows 11 Pro Key GLOBAL (Retail) - operacinesistema.lt","og_description":"\u012esigykite originali\u0105 Windows 11 Pro licencij\u0105 (skaitmeninis raktas) u\u017e puiki\u0105 kain\u0105! Greitas aktyvavimas, patikima licencija ir visi profesional\u016bs \u012frankiai.","og_url":"https:\/\/operacinesistema.lt\/hi\/product-2\/microsoft-windows-11-pro-key-global-retail\/","og_site_name":"operacinesistema.lt","article_modified_time":"2026-03-24T18:50:57+00:00","og_image":[{"width":1000,"height":1000,"url":"https:\/\/operacinesistema.lt\/wp-content\/uploads\/2024\/11\/Fizinis-produktas-11.png","type":"image\/png"}],"twitter_card":"summary_large_image","twitter_misc":{"\u0905\u0928\u0941\u092e\u093e\u0928\u093f\u0924 \u092a\u0922\u093c\u0928\u0947 \u0915\u093e \u0938\u092e\u092f":"2 \u092e\u093f\u0928\u091f"},"schema":{"@context":"https:\/\/schema.org","@graph":[{"@type":"WebPage","@id":"https:\/\/operacinesistema.lt\/product\/microsoft-windows-11-pro-key-global-retail\/","url":"https:\/\/operacinesistema.lt\/product\/microsoft-windows-11-pro-key-global-retail\/","name":"\u092e\u093e\u0907\u0915\u094d\u0930\u094b\u0938\u0949\u092b\u094d\u091f \u0935\u093f\u0902\u0921\u094b\u091c 11 \u092a\u094d\u0930\u094b \u0915\u0940 \u0917\u094d\u0932\u094b\u092c\u0932 (\u0930\u093f\u091f\u0947\u0932) - operacinesistema.lt","isPartOf":{"@id":"https:\/\/operacinesistema.lt\/#website"},"primaryImageOfPage":{"@id":"https:\/\/operacinesistema.lt\/product\/microsoft-windows-11-pro-key-global-retail\/#primaryimage"},"image":{"@id":"https:\/\/operacinesistema.lt\/product\/microsoft-windows-11-pro-key-global-retail\/#primaryimage"},"thumbnailUrl":"https:\/\/operacinesistema.lt\/wp-content\/uploads\/2024\/11\/Fizinis-produktas-11.png","datePublished":"2026-01-26T09:02:43+00:00","dateModified":"2026-03-24T18:50:57+00:00","description":"\u090f\u0915 \u0936\u093e\u0928\u0926\u093e\u0930 \u0915\u0940\u092e\u0924 \u092a\u0930 \u090f\u0915 \u092e\u0942\u0932 \u0935\u093f\u0902\u0921\u094b\u091c 11 \u092a\u094d\u0930\u094b \u0932\u093e\u0907\u0938\u0947\u0902\u0938 (\u0921\u093f\u091c\u093f\u091f\u0932 \u0915\u0940) \u0916\u0930\u0940\u0926\u0947\u0902! \u0924\u094d\u0935\u0930\u093f\u0924 \u0938\u0915\u094d\u0930\u093f\u092f\u0923, \u090f\u0915 \u0905\u0938\u0932\u0940 \u0932\u093e\u0907\u0938\u0947\u0902\u0938 \u0914\u0930 \u0938\u092d\u0940 \u092a\u0947\u0936\u0947\u0935\u0930 \u0909\u092a\u0915\u0930\u0923\u0964.","breadcrumb":{"@id":"https:\/\/operacinesistema.lt\/product\/microsoft-windows-11-pro-key-global-retail\/#breadcrumb"},"inLanguage":"hi-IN","potentialAction":[{"@type":"ReadAction","target":["https:\/\/operacinesistema.lt\/product\/microsoft-windows-11-pro-key-global-retail\/"]}]},{"@type":"ImageObject","inLanguage":"hi-IN","@id":"https:\/\/operacinesistema.lt\/product\/microsoft-windows-11-pro-key-global-retail\/#primaryimage","url":"https:\/\/operacinesistema.lt\/wp-content\/uploads\/2024\/11\/Fizinis-produktas-11.png","contentUrl":"https:\/\/operacinesistema.lt\/wp-content\/uploads\/2024\/11\/Fizinis-produktas-11.png","width":1000,"height":1000,"caption":"Windows 11 Pro USB 64-Bit operacin\u0117 sistema"},{"@type":"BreadcrumbList","@id":"https:\/\/operacinesistema.lt\/product\/microsoft-windows-11-pro-key-global-retail\/#breadcrumb","itemListElement":[{"@type":"ListItem","position":1,"name":"Home","item":"https:\/\/operacinesistema.lt\/"},{"@type":"ListItem","position":2,"name":"Parduotuv\u0117","item":"https:\/\/operacinesistema.lt\/parduotuve\/"},{"@type":"ListItem","position":3,"name":"Microsoft Windows 11 Pro Key GLOBAL (Retail)"}]},{"@type":"WebSite","@id":"https:\/\/operacinesistema.lt\/#website","url":"https:\/\/operacinesistema.lt\/","name":"\u0911\u092a\u0930\u0947\u0938\u0940\u0928\u0947\u0938\u093f\u0938\u093f\u0938\u094d\u091f\u0947\u092e\u093e.\u090f\u0932\u091f\u0940","description":"\u0935\u093f\u0902\u0921\u094b\u091c 11 \u092a\u094d\u0930\u094b \u0915\u094b \u0938\u0930\u094d\u0935\u094b\u0924\u094d\u0924\u092e \u0915\u0940\u092e\u0924 \u092a\u0930 \u0916\u0930\u0940\u0926\u0947\u0902","potentialAction":[{"@type":"SearchAction","target":{"@type":"EntryPoint","urlTemplate":"https:\/\/operacinesistema.lt\/?s={search_term_string}"},"query-input":{"@type":"PropertyValueSpecification","valueRequired":true,"valueName":"search_term_string"}}],"inLanguage":"hi-IN"}]}},"_links":{"self":[{"href":"https:\/\/operacinesistema.lt\/hi\/wp-json\/wp\/v2\/product\/5057","targetHints":{"allow":["GET"]}}],"collection":[{"href":"https:\/\/operacinesistema.lt\/hi\/wp-json\/wp\/v2\/product"}],"about":[{"href":"https:\/\/operacinesistema.lt\/hi\/wp-json\/wp\/v2\/types\/product"}],"version-history":[{"count":0,"href":"https:\/\/operacinesistema.lt\/hi\/wp-json\/wp\/v2\/product\/5057\/revisions"}],"wp:featuredmedia":[{"embeddable":true,"href":"https:\/\/operacinesistema.lt\/hi\/wp-json\/wp\/v2\/media\/4546"}],"wp:attachment":[{"href":"https:\/\/operacinesistema.lt\/hi\/wp-json\/wp\/v2\/media?parent=5057"}],"wp:term":[{"taxonomy":"product_brand","embeddable":true,"href":"https:\/\/operacinesistema.lt\/hi\/wp-json\/wp\/v2\/product_brand?post=5057"},{"taxonomy":"product_cat","embeddable":true,"href":"https:\/\/operacinesistema.lt\/hi\/wp-json\/wp\/v2\/product_cat?post=5057"},{"taxonomy":"product_tag","embeddable":true,"href":"https:\/\/operacinesistema.lt\/hi\/wp-json\/wp\/v2\/product_tag?post=5057"}],"curies":[{"name":"wp","href":"https:\/\/api.w.org\/{rel}","templated":true}]}}