{"id":4396,"date":"2024-11-19T09:33:47","date_gmt":"2024-11-19T09:33:47","guid":{"rendered":"https:\/\/operacinesistema.lt\/?page_id=4396"},"modified":"2024-11-19T09:33:47","modified_gmt":"2024-11-19T09:33:47","slug":"tagastamispoliitika","status":"publish","type":"page","link":"https:\/\/operacinesistema.lt\/et\/tagastamispoliitika\/","title":{"rendered":"Tagastamispoliitika"},"content":{"rendered":"<p>Viimati uuendatud: 2024-11-19&nbsp;<\/p>\n\n\n\n<p>sera International, MB kohustub j\u00e4rgima Leedu Vabariigi seadusi, mis tagavad ostjate \u00f5igused. K\u00e4esolev poliitika kirjeldab meie veebilehelt ostetud toodete tagastamise, vahetamise ja m\u00fc\u00fcgij\u00e4rgse teeninduse tingimusi. <a href=\"https:\/\/operacinesistema.lt\/et\/\">https:\/\/operacinesistema.lt\/<\/a>.\u00a0<\/p>\n\n\n\n<h3 class=\"wp-block-heading\">1. Kaupade tagastamise tingimused<\/h3>\n\n\n\n<p>1.1. 14-p\u00e4evane tagastus\u00f5igus:<\/p>\n\n\n\n<p>Leedu Vabariigi tsiviilkoodeksi artikli 6.228 l\u00f5ike 10 kohaselt on ostjal \u00f5igus ostetud kaup 14 p\u00e4eva jooksul alates kauba k\u00e4ttesaamisest tagastada, ilma et ta peaks seda p\u00f5hjendama.&nbsp;<\/p>\n\n\n\n<p>1.2 Kaupade staatus<\/p>\n\n\n\n<ul class=\"wp-block-list\">\n<li>Tagastatud kaubad peavad olema:\u00a0<ul><li>Kasutamata ja kahjustamata<\/li><\/ul><ul><li>Originaalpakendis, kahjustamata<\/li><\/ul>\n<ul class=\"wp-block-list\">\n<li>Koos k\u00f5igi lisadega (kui see on kohaldatav)<\/li>\n<\/ul>\n<\/li>\n<\/ul>\n\n\n\n<p>Kui toode on kahjustatud v\u00f5i kasutatud, ei pruugi tagasimakseid aktsepteerida v\u00f5i neid v\u00f5idakse v\u00e4hendada.&nbsp;<\/p>\n\n\n\n<p>1.3. Kaup, mida ei saa tagastada:<\/p>\n\n\n\n<ul class=\"wp-block-list\">\n<li>Tarkvara v\u00f5i litsentsid, mis on aktiveeritud<\/li>\n\n\n\n<li>Isikup\u00e4rastatud kaubad<\/li>\n<\/ul>\n\n\n\n<p>1.4. Tagastamiskulud:<\/p>\n\n\n\n<p>Ostja vastutab kauba tagastamisega seotud kulude eest, v\u00e4lja arvatud juhul, kui kaup oli ebakvaliteetne v\u00f5i ei vastanud tellitud kaubale.&nbsp;<\/p>\n\n\n\n<h3 class=\"wp-block-heading\">2. Kaupade asendamine<\/h3>\n\n\n\n<p>2.1 Kaupu v\u00f5ib asendada ainult siis, kui kaup on saadud vigaselt v\u00f5i defektselt.&nbsp;<\/p>\n\n\n\n<p>2.2 Vahetuse suhtes kehtivad samad tingimused kui tagastuse suhtes (vt punkt 1.2).&nbsp;<\/p>\n\n\n\n<h3 class=\"wp-block-heading\">3. Tagasimakse protsess<\/h3>\n\n\n\n<p>3.1 Toote tagastamiseks v\u00f5i vahetamiseks j\u00e4rgige j\u00e4rgmisi samme:&nbsp;<\/p>\n\n\n\n<p>V\u00f5tke meiega \u00fchendust e-posti teel <a href=\"mailto:help@operacinesistema.lt\">help@operacinesistema.lt<\/a> ja esitage j\u00e4rgmine teave:\u00a0<\/p>\n\n\n\n<ul class=\"wp-block-list\">\n<li>Tellimuse number<\/li>\n\n\n\n<li>Toote nimetus ja tagastamise v\u00f5i vahetamise p\u00f5hjus.<\/li>\n\n\n\n<li>Kui toode on vigane, lisage palun fotod.<\/li>\n<\/ul>\n\n\n\n<p>3.2 P\u00e4rast teie taotluse saamist anname teile \u00fcksikasjalikud tagastusjuhised, sealhulgas \u00fcksikasjalikud andmed saatmisaadressi kohta.&nbsp;<\/p>\n\n\n\n<p>3.3. Tagastage toode teie valitud postkontori kaudu ja s\u00e4ilitage saatekviitung tagastamist\u00f5endina.&nbsp;<\/p>\n\n\n\n<h3 class=\"wp-block-heading\">4. Raha tagastamine<\/h3>\n\n\n\n<p>4.1 Tagasimakseid tehakse 14 p\u00e4eva jooksul p\u00e4rast kauba k\u00e4ttesaamist ja kontrollimist.&nbsp;<\/p>\n\n\n\n<p>4.2 Raha kantakse samale kontole, millelt makse tehti.&nbsp;<\/p>\n\n\n\n<p>4.3 Kui on valitud postimaksuga tarne, ei saa tarne hinda tagasi maksta (v\u00e4lja arvatud madala kvaliteediga kaupade puhul).&nbsp;<\/p>\n\n\n\n<h3 class=\"wp-block-heading\">5. Garantiid ja defektne kaup<\/h3>\n\n\n\n<p>5.1 Kui kaup on defektne, kohaldatakse garantiiteenust vastavalt Leedu Vabariigi tsiviilkoodeksi n\u00f5uetele.&nbsp;<\/p>\n\n\n\n<p>5.2 Te v\u00f5ite tagastada defektse toote v\u00f5i n\u00f5uda selle asendamist.&nbsp;<\/p>\n\n\n\n<p>5.3. V\u00f5tke meiega \u00fchendust e-posti teel <a href=\"mailto:help@operacinesistema.lt\">help@operacinesistema.lt<\/a>, esitades k\u00f5ik \u00fcksikasjad defekti kohta, sealhulgas fotod.\u00a0<\/p>\n\n\n\n<h3 class=\"wp-block-heading\">6. Kontakt<\/h3>\n\n\n\n<p>Kui teil on k\u00fcsimusi tagasimakse v\u00f5i garantii kohta:&nbsp;<\/p>\n\n\n\n<p>E-post: <a href=\"mailto:help@operacinesistema.lt\">help@operacinesistema.lt<\/a><\/p>\n\n\n\n<p>Telefon: +370 601 66511&nbsp;<\/p>\n\n\n\n<p>sera International, MB j\u00e4tab endale \u00f5iguse seda poliitikat igal ajal ajakohastada. Uuendused avaldatakse meie veebisaidil.<\/p>","protected":false},"excerpt":{"rendered":"<p>Paskutin\u012f kart\u0105 atnaujinta: 2024-11-19&nbsp; SERA International, MB \u012fsipareigoja laikytis Lietuvos Respublikos \u012fstatym\u0173, u\u017etikrinan\u010di\u0173 pirk\u0117j\u0173 teises. \u0160ioje politikoje apra\u0161omos preki\u0173 gr\u0105\u017einimo, keitimo ir garantinio aptarnavimo s\u0105lygos, taikomos perkant produktus m\u016bs\u0173 svetain\u0117je https:\/\/operacinesistema.lt\/.\u00a0 1. Preki\u0173 gr\u0105\u017einimo s\u0105lygos 1.1. 14 dien\u0173 pinig\u0173 gr\u0105\u017einimo garantija: Vadovaujantis Lietuvos Respublikos civilinio kodekso 6.228(10) straipsniu, pirk\u0117jas turi teis\u0119 gr\u0105\u017einti \u012fsigyt\u0105 prek\u0119 per 14 dien\u0173 nuo jos gavimo, nenurodydamas prie\u017easties.&nbsp; 1.2. Preki\u0173 b\u016bkl\u0117 Jei prek\u0117 buvo sugadinta ar naudota, gr\u0105\u017einimas gali b\u016bti nepriimtas arba gali b\u016bti suma\u017einta gr\u0105\u017einama suma.&nbsp; 1.3. Preki\u0173, kuri\u0173 gr\u0105\u017einti negalima: 1.4. Gr\u0105\u017einimo i\u0161laidos: Pirk\u0117jas atsakingas u\u017e preki\u0173 gr\u0105\u017einimo i\u0161laidas, i\u0161skyrus atvejus, kai prek\u0117 buvo nekokybi\u0161ka arba gauta ne ta, kuri buvo u\u017esakyta.&nbsp; 2. Preki\u0173 keitimas 2.1. Prek\u0117s gali b\u016bti kei\u010diamos tik tuo atveju, jei buvo gauta netinkama arba brokuota prek\u0117.&nbsp; 2.2. Keitimui taikomos tos pa\u010dios s\u0105lygos, kaip ir gr\u0105\u017einimui (\u017er. 1.2 punkt\u0105).&nbsp; 3. Gr\u0105\u017einimo procesas 3.1. Nor\u0117dami gr\u0105\u017einti ar pakeisti prek\u0119, atlikite \u0161iuos veiksmus:&nbsp; Susisiekite su mumis el. pa\u0161tu help@operacinesistema.lt ir pateikite \u0161i\u0105 informacij\u0105:\u00a0 3.2. Gav\u0119 j\u016bs\u0173 u\u017eklaus\u0105, suteiksime i\u0161samias gr\u0105\u017einimo instrukcijas, \u012fskaitant informacij\u0105 apie siuntimo adres\u0105.&nbsp; 3.3. Gr\u0105\u017einim\u0105 atlikite per pasirinkt\u0105 pa\u0161tomat\u0105, i\u0161saugokite siuntimo kvit\u0105 kaip gr\u0105\u017einimo \u012frodym\u0105.&nbsp; 4. Pinig\u0173 gr\u0105\u017einimas 4.1. Pinigai gr\u0105\u017einami per 14 dien\u0173 nuo prek\u0117s gavimo ir patikrinimo.&nbsp; 4.2. Pinigai pervedami \u012f t\u0105 pa\u010di\u0105 s\u0105skait\u0105, i\u0161 kurios buvo atliktas mok\u0117jimas.&nbsp; 4.3. Jei buvo pasirinktas pristatymas mokamu pa\u0161tomatu, pristatymo kaina negr\u0105\u017einama (i\u0161skyrus nekokybi\u0161k\u0173 preki\u0173 atvejus).&nbsp; 5. Garantijos ir brokuotos prek\u0117s 5.1. Jei prek\u0117 yra brokuota, garantinis aptarnavimas taikomas pagal Lietuvos Respublikos civilinio kodekso reikalavimus.&nbsp; 5.2. Brokuot\u0105 prek\u0119 galite gr\u0105\u017einti arba pra\u0161yti jos pakeitimo.&nbsp; 5.3. Susisiekite su mumis el. pa\u0161tu help@operacinesistema.lt, pateikdami vis\u0105 informacij\u0105 apie brok\u0105, \u012fskaitant nuotraukas.\u00a0 6. Kontaktai Jei turite klausim\u0173 d\u0117l gr\u0105\u017einimo ar garantijos:&nbsp; El. pa\u0161tas: help@operacinesistema.lt Telefonas: +370 601 66511&nbsp; SERA International, MB pasilieka teis\u0119 bet kuriuo metu atnaujinti \u0161i\u0105 politik\u0105. Atnaujinimai bus skelbiami m\u016bs\u0173 svetain\u0117je.<\/p>","protected":false},"author":1,"featured_media":0,"parent":0,"menu_order":0,"comment_status":"closed","ping_status":"closed","template":"","meta":{"footnotes":""},"class_list":["post-4396","page","type-page","status-publish","hentry","post-no-thumbnail"],"yoast_head":"<!-- This site is optimized with the Yoast SEO plugin v27.4 - https:\/\/yoast.com\/product\/yoast-seo-wordpress\/ -->\n<title>Gr\u0105\u017einimo politika - operacinesistema.lt<\/title>\n<meta name=\"robots\" content=\"index, follow, max-snippet:-1, max-image-preview:large, max-video-preview:-1\" \/>\n<link rel=\"canonical\" href=\"https:\/\/operacinesistema.lt\/et\/tagastamispoliitika\/\" \/>\n<meta property=\"og:locale\" content=\"et_EE\" \/>\n<meta property=\"og:type\" content=\"article\" \/>\n<meta property=\"og:title\" content=\"Gr\u0105\u017einimo politika - operacinesistema.lt\" \/>\n<meta property=\"og:description\" content=\"Paskutin\u012f kart\u0105 atnaujinta: 2024-11-19&nbsp; SERA International, MB \u012fsipareigoja laikytis Lietuvos Respublikos \u012fstatym\u0173, u\u017etikrinan\u010di\u0173 pirk\u0117j\u0173 teises. \u0160ioje politikoje apra\u0161omos preki\u0173 gr\u0105\u017einimo, keitimo ir garantinio aptarnavimo s\u0105lygos, taikomos perkant produktus m\u016bs\u0173 svetain\u0117je https:\/\/operacinesistema.lt\/.\u00a0 1. Preki\u0173 gr\u0105\u017einimo s\u0105lygos 1.1. 14 dien\u0173 pinig\u0173 gr\u0105\u017einimo garantija: Vadovaujantis Lietuvos Respublikos civilinio kodekso 6.228(10) straipsniu, pirk\u0117jas turi teis\u0119 gr\u0105\u017einti \u012fsigyt\u0105 prek\u0119 per 14 dien\u0173 nuo jos gavimo, nenurodydamas prie\u017easties.&nbsp; 1.2. Preki\u0173 b\u016bkl\u0117 Jei prek\u0117 buvo sugadinta ar naudota, gr\u0105\u017einimas gali b\u016bti nepriimtas arba gali b\u016bti suma\u017einta gr\u0105\u017einama suma.&nbsp; 1.3. Preki\u0173, kuri\u0173 gr\u0105\u017einti negalima: 1.4. Gr\u0105\u017einimo i\u0161laidos: Pirk\u0117jas atsakingas u\u017e preki\u0173 gr\u0105\u017einimo i\u0161laidas, i\u0161skyrus atvejus, kai prek\u0117 buvo nekokybi\u0161ka arba gauta ne ta, kuri buvo u\u017esakyta.&nbsp; 2. Preki\u0173 keitimas 2.1. Prek\u0117s gali b\u016bti kei\u010diamos tik tuo atveju, jei buvo gauta netinkama arba brokuota prek\u0117.&nbsp; 2.2. Keitimui taikomos tos pa\u010dios s\u0105lygos, kaip ir gr\u0105\u017einimui (\u017er. 1.2 punkt\u0105).&nbsp; 3. Gr\u0105\u017einimo procesas 3.1. Nor\u0117dami gr\u0105\u017einti ar pakeisti prek\u0119, atlikite \u0161iuos veiksmus:&nbsp; Susisiekite su mumis el. pa\u0161tu help@operacinesistema.lt ir pateikite \u0161i\u0105 informacij\u0105:\u00a0 3.2. Gav\u0119 j\u016bs\u0173 u\u017eklaus\u0105, suteiksime i\u0161samias gr\u0105\u017einimo instrukcijas, \u012fskaitant informacij\u0105 apie siuntimo adres\u0105.&nbsp; 3.3. Gr\u0105\u017einim\u0105 atlikite per pasirinkt\u0105 pa\u0161tomat\u0105, i\u0161saugokite siuntimo kvit\u0105 kaip gr\u0105\u017einimo \u012frodym\u0105.&nbsp; 4. Pinig\u0173 gr\u0105\u017einimas 4.1. Pinigai gr\u0105\u017einami per 14 dien\u0173 nuo prek\u0117s gavimo ir patikrinimo.&nbsp; 4.2. Pinigai pervedami \u012f t\u0105 pa\u010di\u0105 s\u0105skait\u0105, i\u0161 kurios buvo atliktas mok\u0117jimas.&nbsp; 4.3. Jei buvo pasirinktas pristatymas mokamu pa\u0161tomatu, pristatymo kaina negr\u0105\u017einama (i\u0161skyrus nekokybi\u0161k\u0173 preki\u0173 atvejus).&nbsp; 5. Garantijos ir brokuotos prek\u0117s 5.1. Jei prek\u0117 yra brokuota, garantinis aptarnavimas taikomas pagal Lietuvos Respublikos civilinio kodekso reikalavimus.&nbsp; 5.2. Brokuot\u0105 prek\u0119 galite gr\u0105\u017einti arba pra\u0161yti jos pakeitimo.&nbsp; 5.3. Susisiekite su mumis el. pa\u0161tu help@operacinesistema.lt, pateikdami vis\u0105 informacij\u0105 apie brok\u0105, \u012fskaitant nuotraukas.\u00a0 6. Kontaktai Jei turite klausim\u0173 d\u0117l gr\u0105\u017einimo ar garantijos:&nbsp; El. pa\u0161tas: help@operacinesistema.lt Telefonas: +370 601 66511&nbsp; SERA International, MB pasilieka teis\u0119 bet kuriuo metu atnaujinti \u0161i\u0105 politik\u0105. Atnaujinimai bus skelbiami m\u016bs\u0173 svetain\u0117je.\" \/>\n<meta property=\"og:url\" content=\"https:\/\/operacinesistema.lt\/et\/tagastamispoliitika\/\" \/>\n<meta property=\"og:site_name\" content=\"operacinesistema.lt\" \/>\n<meta name=\"twitter:card\" content=\"summary_large_image\" \/>\n<meta name=\"twitter:label1\" content=\"Est. reading time\" \/>\n\t<meta name=\"twitter:data1\" content=\"2 minutit\" \/>\n<script type=\"application\/ld+json\" class=\"yoast-schema-graph\">{\"@context\":\"https:\\\/\\\/schema.org\",\"@graph\":[{\"@type\":\"WebPage\",\"@id\":\"https:\\\/\\\/operacinesistema.lt\\\/grazinimo-politika\\\/\",\"url\":\"https:\\\/\\\/operacinesistema.lt\\\/grazinimo-politika\\\/\",\"name\":\"Gr\u0105\u017einimo politika - operacinesistema.lt\",\"isPartOf\":{\"@id\":\"https:\\\/\\\/operacinesistema.lt\\\/#website\"},\"datePublished\":\"2024-11-19T09:33:47+00:00\",\"breadcrumb\":{\"@id\":\"https:\\\/\\\/operacinesistema.lt\\\/grazinimo-politika\\\/#breadcrumb\"},\"inLanguage\":\"et\",\"potentialAction\":[{\"@type\":\"ReadAction\",\"target\":[\"https:\\\/\\\/operacinesistema.lt\\\/grazinimo-politika\\\/\"]}]},{\"@type\":\"BreadcrumbList\",\"@id\":\"https:\\\/\\\/operacinesistema.lt\\\/grazinimo-politika\\\/#breadcrumb\",\"itemListElement\":[{\"@type\":\"ListItem\",\"position\":1,\"name\":\"Home\",\"item\":\"https:\\\/\\\/operacinesistema.lt\\\/\"},{\"@type\":\"ListItem\",\"position\":2,\"name\":\"Gr\u0105\u017einimo politika\"}]},{\"@type\":\"WebSite\",\"@id\":\"https:\\\/\\\/operacinesistema.lt\\\/#website\",\"url\":\"https:\\\/\\\/operacinesistema.lt\\\/\",\"name\":\"operacinesistema.lt\",\"description\":\"\u012esigykite Windows 11 Pro u\u017e geriausi\u0105 kain\u0105\",\"potentialAction\":[{\"@type\":\"SearchAction\",\"target\":{\"@type\":\"EntryPoint\",\"urlTemplate\":\"https:\\\/\\\/operacinesistema.lt\\\/?s={search_term_string}\"},\"query-input\":{\"@type\":\"PropertyValueSpecification\",\"valueRequired\":true,\"valueName\":\"search_term_string\"}}],\"inLanguage\":\"et\"}]}<\/script>\n<!-- \/ Yoast SEO plugin. -->","yoast_head_json":{"title":"Tagastamispoliitika - operacinesistema.lt","robots":{"index":"index","follow":"follow","max-snippet":"max-snippet:-1","max-image-preview":"max-image-preview:large","max-video-preview":"max-video-preview:-1"},"canonical":"https:\/\/operacinesistema.lt\/et\/tagastamispoliitika\/","og_locale":"et_EE","og_type":"article","og_title":"Gr\u0105\u017einimo politika - operacinesistema.lt","og_description":"Paskutin\u012f kart\u0105 atnaujinta: 2024-11-19&nbsp; SERA International, MB \u012fsipareigoja laikytis Lietuvos Respublikos \u012fstatym\u0173, u\u017etikrinan\u010di\u0173 pirk\u0117j\u0173 teises. \u0160ioje politikoje apra\u0161omos preki\u0173 gr\u0105\u017einimo, keitimo ir garantinio aptarnavimo s\u0105lygos, taikomos perkant produktus m\u016bs\u0173 svetain\u0117je https:\/\/operacinesistema.lt\/.\u00a0 1. Preki\u0173 gr\u0105\u017einimo s\u0105lygos 1.1. 14 dien\u0173 pinig\u0173 gr\u0105\u017einimo garantija: Vadovaujantis Lietuvos Respublikos civilinio kodekso 6.228(10) straipsniu, pirk\u0117jas turi teis\u0119 gr\u0105\u017einti \u012fsigyt\u0105 prek\u0119 per 14 dien\u0173 nuo jos gavimo, nenurodydamas prie\u017easties.&nbsp; 1.2. Preki\u0173 b\u016bkl\u0117 Jei prek\u0117 buvo sugadinta ar naudota, gr\u0105\u017einimas gali b\u016bti nepriimtas arba gali b\u016bti suma\u017einta gr\u0105\u017einama suma.&nbsp; 1.3. Preki\u0173, kuri\u0173 gr\u0105\u017einti negalima: 1.4. Gr\u0105\u017einimo i\u0161laidos: Pirk\u0117jas atsakingas u\u017e preki\u0173 gr\u0105\u017einimo i\u0161laidas, i\u0161skyrus atvejus, kai prek\u0117 buvo nekokybi\u0161ka arba gauta ne ta, kuri buvo u\u017esakyta.&nbsp; 2. Preki\u0173 keitimas 2.1. Prek\u0117s gali b\u016bti kei\u010diamos tik tuo atveju, jei buvo gauta netinkama arba brokuota prek\u0117.&nbsp; 2.2. Keitimui taikomos tos pa\u010dios s\u0105lygos, kaip ir gr\u0105\u017einimui (\u017er. 1.2 punkt\u0105).&nbsp; 3. Gr\u0105\u017einimo procesas 3.1. Nor\u0117dami gr\u0105\u017einti ar pakeisti prek\u0119, atlikite \u0161iuos veiksmus:&nbsp; Susisiekite su mumis el. pa\u0161tu help@operacinesistema.lt ir pateikite \u0161i\u0105 informacij\u0105:\u00a0 3.2. Gav\u0119 j\u016bs\u0173 u\u017eklaus\u0105, suteiksime i\u0161samias gr\u0105\u017einimo instrukcijas, \u012fskaitant informacij\u0105 apie siuntimo adres\u0105.&nbsp; 3.3. Gr\u0105\u017einim\u0105 atlikite per pasirinkt\u0105 pa\u0161tomat\u0105, i\u0161saugokite siuntimo kvit\u0105 kaip gr\u0105\u017einimo \u012frodym\u0105.&nbsp; 4. Pinig\u0173 gr\u0105\u017einimas 4.1. Pinigai gr\u0105\u017einami per 14 dien\u0173 nuo prek\u0117s gavimo ir patikrinimo.&nbsp; 4.2. Pinigai pervedami \u012f t\u0105 pa\u010di\u0105 s\u0105skait\u0105, i\u0161 kurios buvo atliktas mok\u0117jimas.&nbsp; 4.3. Jei buvo pasirinktas pristatymas mokamu pa\u0161tomatu, pristatymo kaina negr\u0105\u017einama (i\u0161skyrus nekokybi\u0161k\u0173 preki\u0173 atvejus).&nbsp; 5. Garantijos ir brokuotos prek\u0117s 5.1. Jei prek\u0117 yra brokuota, garantinis aptarnavimas taikomas pagal Lietuvos Respublikos civilinio kodekso reikalavimus.&nbsp; 5.2. Brokuot\u0105 prek\u0119 galite gr\u0105\u017einti arba pra\u0161yti jos pakeitimo.&nbsp; 5.3. Susisiekite su mumis el. pa\u0161tu help@operacinesistema.lt, pateikdami vis\u0105 informacij\u0105 apie brok\u0105, \u012fskaitant nuotraukas.\u00a0 6. Kontaktai Jei turite klausim\u0173 d\u0117l gr\u0105\u017einimo ar garantijos:&nbsp; El. pa\u0161tas: help@operacinesistema.lt Telefonas: +370 601 66511&nbsp; SERA International, MB pasilieka teis\u0119 bet kuriuo metu atnaujinti \u0161i\u0105 politik\u0105. Atnaujinimai bus skelbiami m\u016bs\u0173 svetain\u0117je.","og_url":"https:\/\/operacinesistema.lt\/et\/tagastamispoliitika\/","og_site_name":"operacinesistema.lt","twitter_card":"summary_large_image","twitter_misc":{"Est. reading time":"2 minutit"},"schema":{"@context":"https:\/\/schema.org","@graph":[{"@type":"WebPage","@id":"https:\/\/operacinesistema.lt\/grazinimo-politika\/","url":"https:\/\/operacinesistema.lt\/grazinimo-politika\/","name":"Tagastamispoliitika - operacinesistema.lt","isPartOf":{"@id":"https:\/\/operacinesistema.lt\/#website"},"datePublished":"2024-11-19T09:33:47+00:00","breadcrumb":{"@id":"https:\/\/operacinesistema.lt\/grazinimo-politika\/#breadcrumb"},"inLanguage":"et","potentialAction":[{"@type":"ReadAction","target":["https:\/\/operacinesistema.lt\/grazinimo-politika\/"]}]},{"@type":"BreadcrumbList","@id":"https:\/\/operacinesistema.lt\/grazinimo-politika\/#breadcrumb","itemListElement":[{"@type":"ListItem","position":1,"name":"Home","item":"https:\/\/operacinesistema.lt\/"},{"@type":"ListItem","position":2,"name":"Gr\u0105\u017einimo politika"}]},{"@type":"WebSite","@id":"https:\/\/operacinesistema.lt\/#website","url":"https:\/\/operacinesistema.lt\/","name":"operacinesistema.lt","description":"\u012esigykite Windows 11 Pro u\u017e geriausi\u0105 kain\u0105","potentialAction":[{"@type":"SearchAction","target":{"@type":"EntryPoint","urlTemplate":"https:\/\/operacinesistema.lt\/?s={search_term_string}"},"query-input":{"@type":"PropertyValueSpecification","valueRequired":true,"valueName":"search_term_string"}}],"inLanguage":"et"}]}},"_links":{"self":[{"href":"https:\/\/operacinesistema.lt\/et\/wp-json\/wp\/v2\/pages\/4396","targetHints":{"allow":["GET"]}}],"collection":[{"href":"https:\/\/operacinesistema.lt\/et\/wp-json\/wp\/v2\/pages"}],"about":[{"href":"https:\/\/operacinesistema.lt\/et\/wp-json\/wp\/v2\/types\/page"}],"author":[{"embeddable":true,"href":"https:\/\/operacinesistema.lt\/et\/wp-json\/wp\/v2\/users\/1"}],"replies":[{"embeddable":true,"href":"https:\/\/operacinesistema.lt\/et\/wp-json\/wp\/v2\/comments?post=4396"}],"version-history":[{"count":1,"href":"https:\/\/operacinesistema.lt\/et\/wp-json\/wp\/v2\/pages\/4396\/revisions"}],"predecessor-version":[{"id":4397,"href":"https:\/\/operacinesistema.lt\/et\/wp-json\/wp\/v2\/pages\/4396\/revisions\/4397"}],"wp:attachment":[{"href":"https:\/\/operacinesistema.lt\/et\/wp-json\/wp\/v2\/media?parent=4396"}],"curies":[{"name":"wp","href":"https:\/\/api.w.org\/{rel}","templated":true}]}}