{"id":4386,"date":"2024-11-19T09:18:15","date_gmt":"2024-11-19T09:18:15","guid":{"rendered":"https:\/\/operacinesistema.lt\/?page_id=4386"},"modified":"2024-11-19T09:18:54","modified_gmt":"2024-11-19T09:18:54","slug":"privaatsuspoliitika","status":"publish","type":"page","link":"https:\/\/operacinesistema.lt\/et\/privaatsuspoliitika\/","title":{"rendered":"Privaatsuspoliitika"},"content":{"rendered":"<p>Viimati uuendatud: 2024-11-19&nbsp;<\/p>\n\n\n\n<p>sera International, MB (\u201emeie\u201c, \u201emeie\u201c v\u00f5i \u201eettev\u00f5te\u201c) on p\u00fchendunud teie isikuandmete kaitsmisele ja teie privaatsuse austamisele. K\u00e4esolev privaatsuspoliitika selgitab, kuidas me kogume, kasutame ja kaitseme teavet, kui k\u00fclastate meie veebilehte. <a href=\"https:\/\/operacinesistema.lt\/et\/\">https:\/\/operacinesistema.lt\/<\/a> ja osta meie tooteid.\u00a0<\/p>\n\n\n\n<h3 class=\"wp-block-heading\">1. Milliseid andmeid me kogume?<\/h3>\n\n\n\n<p>1.1:<\/p>\n\n\n\n<p>Nimi ja perekonnanimi&nbsp;<\/p>\n\n\n\n<p>Aadress (tarne- ja arveldusaadress)&nbsp;<\/p>\n\n\n\n<p>E-posti aadress&nbsp;<\/p>\n\n\n\n<p>Telefoninumber&nbsp;<\/p>\n\n\n\n<p>1.2. Maksete \u00fcksikasjad:<\/p>\n\n\n\n<p>Makseteave (panga\u00fclekande andmed, kontonumbrid).&nbsp;<\/p>\n\n\n\n<p>1.3 Tehnilised andmed:<\/p>\n\n\n\n<p>IP-aadress&nbsp;<\/p>\n\n\n\n<p>Brauseri t\u00fc\u00fcp ja versioon&nbsp;<\/p>\n\n\n\n<p>Veebisaidi kasutusandmed&nbsp;<\/p>\n\n\n\n<p>1.4 T\u00e4iendavad andmed:<\/p>\n\n\n\n<p>Teave, mille esitate, kui v\u00f5tate meiega \u00fchendust e-posti v\u00f5i telefoni teel.&nbsp;<\/p>\n\n\n\n<h3 class=\"wp-block-heading\">2. Kuidas me teie andmeid kasutame?<\/h3>\n\n\n\n<p>Tellimuse t\u00f6\u00f6tlemine ja kohaletoimetamine.&nbsp;<\/p>\n\n\n\n<p>Arvete ja maksete haldamine.&nbsp;<\/p>\n\n\n\n<p>Parandada veebisaidi funktsionaalsust.&nbsp;<\/p>\n\n\n\n<p>Teavitada teid tellimuse olekust v\u00f5i tehnilistest uuendustest.&nbsp;<\/p>\n\n\n\n<p>Seaduslike kohustuste t\u00e4itmiseks (nt raamatupidamine).&nbsp;<\/p>\n\n\n\n<h3 class=\"wp-block-heading\">3. T\u00f6\u00f6tlemise \u00f5iguslik alus<\/h3>\n\n\n\n<p>Me t\u00f6\u00f6tleme teie andmeid j\u00e4rgmistel alustel:&nbsp;<\/p>\n\n\n\n<p>Lepingu t\u00e4itmine - kui te esitate tellimuse.&nbsp;<\/p>\n\n\n\n<p>\u00d5igustatud huvid - veebisaidi t\u00f5rgeteta toimimise tagamine.&nbsp;<\/p>\n\n\n\n<p>\u00d5iguslikud kohustused - raamatupidamis- ja maksun\u00f5uded.&nbsp;<\/p>\n\n\n\n<h3 class=\"wp-block-heading\">4. Kas me jagame teie andmeid?<\/h3>\n\n\n\n<p>Teie andmeid v\u00f5ib edastada kolmandatele isikutele ainult j\u00e4rgmistel juhtudel:&nbsp;<\/p>\n\n\n\n<p>Kohaletoimetamisteenuse pakkujad (nt kullerid).&nbsp;<\/p>\n\n\n\n<p>Makseoperaatorid (pangad, makseplatvormid).&nbsp;<\/p>\n\n\n\n<p>\u00f5iguskaitseasutused, kui see on seadusega n\u00f5utav.&nbsp;<\/p>\n\n\n\n<h3 class=\"wp-block-heading\">5. Kuidas me teie andmeid kaitseme?<\/h3>\n\n\n\n<p>Me v\u00f5tame k\u00f5ik m\u00f5istlikud tehnilised ja korralduslikud meetmed, et kaitsta teie andmeid volitamata juurdep\u00e4\u00e4su, kadumise v\u00f5i v\u00e4\u00e4rkasutuse eest.&nbsp;<\/p>\n\n\n\n<h3 class=\"wp-block-heading\">6. Kui kaua me andmeid s\u00e4ilitame?<\/h3>\n\n\n\n<p>Teie andmed on salvestatud:&nbsp;<\/p>\n\n\n\n<p>Nii kaua, kui see on vajalik tellimuse t\u00e4itmiseks ja sellega seotud toiminguteks.&nbsp;<\/p>\n\n\n\n<p>Vastavalt \u00f5iguslikele n\u00f5uetele (nt 10 aastat raamatupidamisdokumentide puhul).&nbsp;<\/p>\n\n\n\n<h3 class=\"wp-block-heading\">7. Teie \u00f5igused<\/h3>\n\n\n\n<p>Teil on \u00f5igus:&nbsp;<\/p>\n\n\n\n<ul class=\"wp-block-list\">\n<li>Juurdep\u00e4\u00e4s oma andmetele ja nende koopia saamine.\u00a0<\/li>\n\n\n\n<li>n\u00f5uda ebat\u00e4psete andmete parandamist.\u00a0<\/li>\n\n\n\n<li>taotleda oma andmete kustutamist (\u201e\u00f5igus olla unustatud\u201c), kui nende s\u00e4ilitamiseks ei ole \u00f5iguslikku alust.\u00a0<\/li>\n\n\n\n<li>piirata t\u00f6\u00f6tlemist teatud juhtudel.\u00a0<\/li>\n\n\n\n<li>esitada kaebus riiklikule andmekaitseinspektsioonile <a href=\"https:\/\/vdai.lrv.lt\/\">https:\/\/vdai.lrv.lt\/<\/a>.<\/li>\n<\/ul>\n\n\n\n<h3 class=\"wp-block-heading\">8. K\u00fcpsised<\/h3>\n\n\n\n<p>Me kasutame k\u00fcpsiseid veebisaidi toimimise ja anal\u00fc\u00fcsi jaoks. Rohkem teavet k\u00fcpsiste kasutamise kohta leiate meie [k\u00fcpsiste poliitika].&nbsp;<\/p>\n\n\n\n<h3 class=\"wp-block-heading\">9. Kontakt<\/h3>\n\n\n\n<p>Kui teil on k\u00fcsimusi k\u00e4esoleva privaatsuspoliitika kohta v\u00f5i soovite kasutada oma \u00f5igusi, v\u00f5tke palun \u00fchendust:&nbsp;<\/p>\n\n\n\n<p>E-post: <a href=\"mailto:help@operacinesistema.lt\">help@operacinesistema.lt<\/a><\/p>\n\n\n\n<p>Telefon: +370 601 66511&nbsp;<\/p>\n\n\n\n<p>sera International, MB j\u00e4tab endale \u00f5iguse seda privaatsuspoliitikat igal ajal ajakohastada. Uuendused avaldatakse meie veebisaidil.&nbsp;<\/p>","protected":false},"excerpt":{"rendered":"<p>Paskutin\u012f kart\u0105 atnaujinta: 2024-11-19&nbsp; SERA International, MB (\u201emes\u201c, \u201em\u016bs\u0173\u201c ar \u201e\u012fmon\u0117\u201c) \u012fsipareigoja saugoti j\u016bs\u0173 asmens duomenis ir gerbti j\u016bs\u0173 privatum\u0105. \u0160i privatumo politika paai\u0161kina, kaip renkame, naudojame ir saugome informacij\u0105, kai lankot\u0117s m\u016bs\u0173 svetain\u0117je https:\/\/operacinesistema.lt\/ ir perkate m\u016bs\u0173 produktus.\u00a0 1. Kokius duomenis renkame? 1.1. Pirk\u0117jo duomenys: Vardas ir pavard\u0117&nbsp; Adresas (pristatymo ir s\u0105skaitos)&nbsp; El. pa\u0161to adresas&nbsp; Telefono numeris&nbsp; 1.2. Apmok\u0117jimo duomenys: Mok\u0117jimo informacija (banko pavedim\u0173 detal\u0117s, s\u0105skait\u0173 numeriai).&nbsp; 1.3. Techniniai duomenys: IP adresas&nbsp; Nar\u0161ykl\u0117s tipas ir versija&nbsp; Svetain\u0117s naudojimo duomenys&nbsp; 1.4. Papildomi duomenys: Informacija, kuri\u0105 pateikiate susisiekiant su mumis el. pa\u0161tu ar telefonu.&nbsp; 2. Kaip naudojame j\u016bs\u0173 duomenis? U\u017esakym\u0173 apdorojimui ir pristatymui.&nbsp; S\u0105skait\u0173 i\u0161ra\u0161ymui ir mok\u0117jim\u0173 administravimui.&nbsp; Svetain\u0117s funkcionalumo gerinimui.&nbsp; Informavimui apie u\u017esakymo b\u016bkl\u0119 ar techninius atnaujinimus.&nbsp; Teisin\u0117ms prievol\u0117ms vykdyti (pvz., buhalterinei apskaitai).&nbsp; 3. Teisinis pagrindas duomen\u0173 tvarkymui J\u016bs\u0173 duomenis tvarkome remdamiesi:&nbsp; Sutarties vykdymu \u2013 kai pateikiate u\u017esakym\u0105.&nbsp; Teis\u0117tais interesais \u2013 u\u017etikrinant skland\u0173 svetain\u0117s darb\u0105.&nbsp; Teisin\u0117mis prievol\u0117mis \u2013 apskaitos ir mokes\u010di\u0173 reikalavimais.&nbsp; 4. Ar dalinam\u0117s j\u016bs\u0173 duomenimis? J\u016bs\u0173 duomenys gali b\u016bti perduoti tre\u010diosioms \u0161alims tik \u0161iais atvejais:&nbsp; Pristatymo paslaug\u0173 teik\u0117jams (pvz., kurjeriams).&nbsp; Mok\u0117jim\u0173 operatoriams (bankams, mok\u0117jimo platformoms).&nbsp; Teis\u0117saugos institucijoms, kai to reikalauja \u012fstatymai.&nbsp; 5. Kaip saugome j\u016bs\u0173 duomenis? Imam\u0117s vis\u0173 pagr\u012fst\u0173 technini\u0173 ir organizacini\u0173 priemoni\u0173, kad apsaugotume j\u016bs\u0173 duomenis nuo neteis\u0117tos prieigos, praradimo ar netinkamo naudojimo.&nbsp; 6. Kiek laiko saugome duomenis? J\u016bs\u0173 duomenys saugomi:&nbsp; Tol, kol reikalinga u\u017esakymo vykdymui ir susijusiems veiksmams.&nbsp; Atsi\u017evelgiant \u012f teisinius reikalavimus (pvz., 10 met\u0173 apskaitos dokumentams).&nbsp; 7. J\u016bs\u0173 teis\u0117s J\u016bs turite teis\u0119:&nbsp; 8. Slapukai Naudojame slapukus svetain\u0117s veikimui ir analitikai. Pla\u010diau apie slapuk\u0173 naudojim\u0105 galite su\u017einoti m\u016bs\u0173 [Slapuk\u0173 politikoje].&nbsp; 9. Kontaktai Jei turite klausim\u0173 apie privatumo politik\u0105 arba norite pasinaudoti savo teis\u0117mis, kreipkit\u0117s:&nbsp; El. pa\u0161tas: help@operacinesistema.lt Telefonas: +370 601 66511&nbsp; SERA International, MB pasilieka teis\u0119 bet kada atnaujinti \u0161i\u0105 privatumo politik\u0105. Atnaujinimai bus skelbiami m\u016bs\u0173 svetain\u0117je.&nbsp;<\/p>","protected":false},"author":1,"featured_media":0,"parent":0,"menu_order":0,"comment_status":"closed","ping_status":"closed","template":"","meta":{"footnotes":""},"class_list":["post-4386","page","type-page","status-publish","hentry","post-no-thumbnail"],"yoast_head":"<!-- This site is optimized with the Yoast SEO plugin v27.4 - https:\/\/yoast.com\/product\/yoast-seo-wordpress\/ -->\n<title>Privatumo politika - operacinesistema.lt<\/title>\n<meta name=\"robots\" content=\"index, follow, max-snippet:-1, max-image-preview:large, max-video-preview:-1\" \/>\n<link rel=\"canonical\" href=\"https:\/\/operacinesistema.lt\/et\/privaatsuspoliitika\/\" \/>\n<meta property=\"og:locale\" content=\"et_EE\" \/>\n<meta property=\"og:type\" content=\"article\" \/>\n<meta property=\"og:title\" content=\"Privatumo politika - operacinesistema.lt\" \/>\n<meta property=\"og:description\" content=\"Paskutin\u012f kart\u0105 atnaujinta: 2024-11-19&nbsp; SERA International, MB (\u201emes\u201c, \u201em\u016bs\u0173\u201c ar \u201e\u012fmon\u0117\u201c) \u012fsipareigoja saugoti j\u016bs\u0173 asmens duomenis ir gerbti j\u016bs\u0173 privatum\u0105. \u0160i privatumo politika paai\u0161kina, kaip renkame, naudojame ir saugome informacij\u0105, kai lankot\u0117s m\u016bs\u0173 svetain\u0117je https:\/\/operacinesistema.lt\/ ir perkate m\u016bs\u0173 produktus.\u00a0 1. Kokius duomenis renkame? 1.1. Pirk\u0117jo duomenys: Vardas ir pavard\u0117&nbsp; Adresas (pristatymo ir s\u0105skaitos)&nbsp; El. pa\u0161to adresas&nbsp; Telefono numeris&nbsp; 1.2. Apmok\u0117jimo duomenys: Mok\u0117jimo informacija (banko pavedim\u0173 detal\u0117s, s\u0105skait\u0173 numeriai).&nbsp; 1.3. Techniniai duomenys: IP adresas&nbsp; Nar\u0161ykl\u0117s tipas ir versija&nbsp; Svetain\u0117s naudojimo duomenys&nbsp; 1.4. Papildomi duomenys: Informacija, kuri\u0105 pateikiate susisiekiant su mumis el. pa\u0161tu ar telefonu.&nbsp; 2. Kaip naudojame j\u016bs\u0173 duomenis? U\u017esakym\u0173 apdorojimui ir pristatymui.&nbsp; S\u0105skait\u0173 i\u0161ra\u0161ymui ir mok\u0117jim\u0173 administravimui.&nbsp; Svetain\u0117s funkcionalumo gerinimui.&nbsp; Informavimui apie u\u017esakymo b\u016bkl\u0119 ar techninius atnaujinimus.&nbsp; Teisin\u0117ms prievol\u0117ms vykdyti (pvz., buhalterinei apskaitai).&nbsp; 3. Teisinis pagrindas duomen\u0173 tvarkymui J\u016bs\u0173 duomenis tvarkome remdamiesi:&nbsp; Sutarties vykdymu \u2013 kai pateikiate u\u017esakym\u0105.&nbsp; Teis\u0117tais interesais \u2013 u\u017etikrinant skland\u0173 svetain\u0117s darb\u0105.&nbsp; Teisin\u0117mis prievol\u0117mis \u2013 apskaitos ir mokes\u010di\u0173 reikalavimais.&nbsp; 4. Ar dalinam\u0117s j\u016bs\u0173 duomenimis? J\u016bs\u0173 duomenys gali b\u016bti perduoti tre\u010diosioms \u0161alims tik \u0161iais atvejais:&nbsp; Pristatymo paslaug\u0173 teik\u0117jams (pvz., kurjeriams).&nbsp; Mok\u0117jim\u0173 operatoriams (bankams, mok\u0117jimo platformoms).&nbsp; Teis\u0117saugos institucijoms, kai to reikalauja \u012fstatymai.&nbsp; 5. Kaip saugome j\u016bs\u0173 duomenis? Imam\u0117s vis\u0173 pagr\u012fst\u0173 technini\u0173 ir organizacini\u0173 priemoni\u0173, kad apsaugotume j\u016bs\u0173 duomenis nuo neteis\u0117tos prieigos, praradimo ar netinkamo naudojimo.&nbsp; 6. Kiek laiko saugome duomenis? J\u016bs\u0173 duomenys saugomi:&nbsp; Tol, kol reikalinga u\u017esakymo vykdymui ir susijusiems veiksmams.&nbsp; Atsi\u017evelgiant \u012f teisinius reikalavimus (pvz., 10 met\u0173 apskaitos dokumentams).&nbsp; 7. J\u016bs\u0173 teis\u0117s J\u016bs turite teis\u0119:&nbsp; 8. Slapukai Naudojame slapukus svetain\u0117s veikimui ir analitikai. Pla\u010diau apie slapuk\u0173 naudojim\u0105 galite su\u017einoti m\u016bs\u0173 [Slapuk\u0173 politikoje].&nbsp; 9. Kontaktai Jei turite klausim\u0173 apie privatumo politik\u0105 arba norite pasinaudoti savo teis\u0117mis, kreipkit\u0117s:&nbsp; El. pa\u0161tas: help@operacinesistema.lt Telefonas: +370 601 66511&nbsp; SERA International, MB pasilieka teis\u0119 bet kada atnaujinti \u0161i\u0105 privatumo politik\u0105. Atnaujinimai bus skelbiami m\u016bs\u0173 svetain\u0117je.&nbsp;\" \/>\n<meta property=\"og:url\" content=\"https:\/\/operacinesistema.lt\/et\/privaatsuspoliitika\/\" \/>\n<meta property=\"og:site_name\" content=\"operacinesistema.lt\" \/>\n<meta property=\"article:modified_time\" content=\"2024-11-19T09:18:54+00:00\" \/>\n<meta name=\"twitter:card\" content=\"summary_large_image\" \/>\n<meta name=\"twitter:label1\" content=\"Est. reading time\" \/>\n\t<meta name=\"twitter:data1\" content=\"2 minutit\" \/>\n<script type=\"application\/ld+json\" class=\"yoast-schema-graph\">{\"@context\":\"https:\\\/\\\/schema.org\",\"@graph\":[{\"@type\":\"WebPage\",\"@id\":\"https:\\\/\\\/operacinesistema.lt\\\/privatumo-politika\\\/\",\"url\":\"https:\\\/\\\/operacinesistema.lt\\\/privatumo-politika\\\/\",\"name\":\"Privatumo politika - operacinesistema.lt\",\"isPartOf\":{\"@id\":\"https:\\\/\\\/operacinesistema.lt\\\/#website\"},\"datePublished\":\"2024-11-19T09:18:15+00:00\",\"dateModified\":\"2024-11-19T09:18:54+00:00\",\"breadcrumb\":{\"@id\":\"https:\\\/\\\/operacinesistema.lt\\\/privatumo-politika\\\/#breadcrumb\"},\"inLanguage\":\"et\",\"potentialAction\":[{\"@type\":\"ReadAction\",\"target\":[\"https:\\\/\\\/operacinesistema.lt\\\/privatumo-politika\\\/\"]}]},{\"@type\":\"BreadcrumbList\",\"@id\":\"https:\\\/\\\/operacinesistema.lt\\\/privatumo-politika\\\/#breadcrumb\",\"itemListElement\":[{\"@type\":\"ListItem\",\"position\":1,\"name\":\"Home\",\"item\":\"https:\\\/\\\/operacinesistema.lt\\\/\"},{\"@type\":\"ListItem\",\"position\":2,\"name\":\"Privatumo politika\"}]},{\"@type\":\"WebSite\",\"@id\":\"https:\\\/\\\/operacinesistema.lt\\\/#website\",\"url\":\"https:\\\/\\\/operacinesistema.lt\\\/\",\"name\":\"operacinesistema.lt\",\"description\":\"\u012esigykite Windows 11 Pro u\u017e geriausi\u0105 kain\u0105\",\"potentialAction\":[{\"@type\":\"SearchAction\",\"target\":{\"@type\":\"EntryPoint\",\"urlTemplate\":\"https:\\\/\\\/operacinesistema.lt\\\/?s={search_term_string}\"},\"query-input\":{\"@type\":\"PropertyValueSpecification\",\"valueRequired\":true,\"valueName\":\"search_term_string\"}}],\"inLanguage\":\"et\"}]}<\/script>\n<!-- \/ Yoast SEO plugin. -->","yoast_head_json":{"title":"Privaatsuspoliitika - operacinesistema.lt","robots":{"index":"index","follow":"follow","max-snippet":"max-snippet:-1","max-image-preview":"max-image-preview:large","max-video-preview":"max-video-preview:-1"},"canonical":"https:\/\/operacinesistema.lt\/et\/privaatsuspoliitika\/","og_locale":"et_EE","og_type":"article","og_title":"Privatumo politika - operacinesistema.lt","og_description":"Paskutin\u012f kart\u0105 atnaujinta: 2024-11-19&nbsp; SERA International, MB (\u201emes\u201c, \u201em\u016bs\u0173\u201c ar \u201e\u012fmon\u0117\u201c) \u012fsipareigoja saugoti j\u016bs\u0173 asmens duomenis ir gerbti j\u016bs\u0173 privatum\u0105. \u0160i privatumo politika paai\u0161kina, kaip renkame, naudojame ir saugome informacij\u0105, kai lankot\u0117s m\u016bs\u0173 svetain\u0117je https:\/\/operacinesistema.lt\/ ir perkate m\u016bs\u0173 produktus.\u00a0 1. Kokius duomenis renkame? 1.1. Pirk\u0117jo duomenys: Vardas ir pavard\u0117&nbsp; Adresas (pristatymo ir s\u0105skaitos)&nbsp; El. pa\u0161to adresas&nbsp; Telefono numeris&nbsp; 1.2. Apmok\u0117jimo duomenys: Mok\u0117jimo informacija (banko pavedim\u0173 detal\u0117s, s\u0105skait\u0173 numeriai).&nbsp; 1.3. Techniniai duomenys: IP adresas&nbsp; Nar\u0161ykl\u0117s tipas ir versija&nbsp; Svetain\u0117s naudojimo duomenys&nbsp; 1.4. Papildomi duomenys: Informacija, kuri\u0105 pateikiate susisiekiant su mumis el. pa\u0161tu ar telefonu.&nbsp; 2. Kaip naudojame j\u016bs\u0173 duomenis? U\u017esakym\u0173 apdorojimui ir pristatymui.&nbsp; S\u0105skait\u0173 i\u0161ra\u0161ymui ir mok\u0117jim\u0173 administravimui.&nbsp; Svetain\u0117s funkcionalumo gerinimui.&nbsp; Informavimui apie u\u017esakymo b\u016bkl\u0119 ar techninius atnaujinimus.&nbsp; Teisin\u0117ms prievol\u0117ms vykdyti (pvz., buhalterinei apskaitai).&nbsp; 3. Teisinis pagrindas duomen\u0173 tvarkymui J\u016bs\u0173 duomenis tvarkome remdamiesi:&nbsp; Sutarties vykdymu \u2013 kai pateikiate u\u017esakym\u0105.&nbsp; Teis\u0117tais interesais \u2013 u\u017etikrinant skland\u0173 svetain\u0117s darb\u0105.&nbsp; Teisin\u0117mis prievol\u0117mis \u2013 apskaitos ir mokes\u010di\u0173 reikalavimais.&nbsp; 4. Ar dalinam\u0117s j\u016bs\u0173 duomenimis? J\u016bs\u0173 duomenys gali b\u016bti perduoti tre\u010diosioms \u0161alims tik \u0161iais atvejais:&nbsp; Pristatymo paslaug\u0173 teik\u0117jams (pvz., kurjeriams).&nbsp; Mok\u0117jim\u0173 operatoriams (bankams, mok\u0117jimo platformoms).&nbsp; Teis\u0117saugos institucijoms, kai to reikalauja \u012fstatymai.&nbsp; 5. Kaip saugome j\u016bs\u0173 duomenis? Imam\u0117s vis\u0173 pagr\u012fst\u0173 technini\u0173 ir organizacini\u0173 priemoni\u0173, kad apsaugotume j\u016bs\u0173 duomenis nuo neteis\u0117tos prieigos, praradimo ar netinkamo naudojimo.&nbsp; 6. Kiek laiko saugome duomenis? J\u016bs\u0173 duomenys saugomi:&nbsp; Tol, kol reikalinga u\u017esakymo vykdymui ir susijusiems veiksmams.&nbsp; Atsi\u017evelgiant \u012f teisinius reikalavimus (pvz., 10 met\u0173 apskaitos dokumentams).&nbsp; 7. J\u016bs\u0173 teis\u0117s J\u016bs turite teis\u0119:&nbsp; 8. Slapukai Naudojame slapukus svetain\u0117s veikimui ir analitikai. Pla\u010diau apie slapuk\u0173 naudojim\u0105 galite su\u017einoti m\u016bs\u0173 [Slapuk\u0173 politikoje].&nbsp; 9. Kontaktai Jei turite klausim\u0173 apie privatumo politik\u0105 arba norite pasinaudoti savo teis\u0117mis, kreipkit\u0117s:&nbsp; El. pa\u0161tas: help@operacinesistema.lt Telefonas: +370 601 66511&nbsp; SERA International, MB pasilieka teis\u0119 bet kada atnaujinti \u0161i\u0105 privatumo politik\u0105. Atnaujinimai bus skelbiami m\u016bs\u0173 svetain\u0117je.&nbsp;","og_url":"https:\/\/operacinesistema.lt\/et\/privaatsuspoliitika\/","og_site_name":"operacinesistema.lt","article_modified_time":"2024-11-19T09:18:54+00:00","twitter_card":"summary_large_image","twitter_misc":{"Est. reading time":"2 minutit"},"schema":{"@context":"https:\/\/schema.org","@graph":[{"@type":"WebPage","@id":"https:\/\/operacinesistema.lt\/privatumo-politika\/","url":"https:\/\/operacinesistema.lt\/privatumo-politika\/","name":"Privaatsuspoliitika - operacinesistema.lt","isPartOf":{"@id":"https:\/\/operacinesistema.lt\/#website"},"datePublished":"2024-11-19T09:18:15+00:00","dateModified":"2024-11-19T09:18:54+00:00","breadcrumb":{"@id":"https:\/\/operacinesistema.lt\/privatumo-politika\/#breadcrumb"},"inLanguage":"et","potentialAction":[{"@type":"ReadAction","target":["https:\/\/operacinesistema.lt\/privatumo-politika\/"]}]},{"@type":"BreadcrumbList","@id":"https:\/\/operacinesistema.lt\/privatumo-politika\/#breadcrumb","itemListElement":[{"@type":"ListItem","position":1,"name":"Home","item":"https:\/\/operacinesistema.lt\/"},{"@type":"ListItem","position":2,"name":"Privatumo politika"}]},{"@type":"WebSite","@id":"https:\/\/operacinesistema.lt\/#website","url":"https:\/\/operacinesistema.lt\/","name":"operacinesistema.lt","description":"\u012esigykite Windows 11 Pro u\u017e geriausi\u0105 kain\u0105","potentialAction":[{"@type":"SearchAction","target":{"@type":"EntryPoint","urlTemplate":"https:\/\/operacinesistema.lt\/?s={search_term_string}"},"query-input":{"@type":"PropertyValueSpecification","valueRequired":true,"valueName":"search_term_string"}}],"inLanguage":"et"}]}},"_links":{"self":[{"href":"https:\/\/operacinesistema.lt\/et\/wp-json\/wp\/v2\/pages\/4386","targetHints":{"allow":["GET"]}}],"collection":[{"href":"https:\/\/operacinesistema.lt\/et\/wp-json\/wp\/v2\/pages"}],"about":[{"href":"https:\/\/operacinesistema.lt\/et\/wp-json\/wp\/v2\/types\/page"}],"author":[{"embeddable":true,"href":"https:\/\/operacinesistema.lt\/et\/wp-json\/wp\/v2\/users\/1"}],"replies":[{"embeddable":true,"href":"https:\/\/operacinesistema.lt\/et\/wp-json\/wp\/v2\/comments?post=4386"}],"version-history":[{"count":3,"href":"https:\/\/operacinesistema.lt\/et\/wp-json\/wp\/v2\/pages\/4386\/revisions"}],"predecessor-version":[{"id":4390,"href":"https:\/\/operacinesistema.lt\/et\/wp-json\/wp\/v2\/pages\/4386\/revisions\/4390"}],"wp:attachment":[{"href":"https:\/\/operacinesistema.lt\/et\/wp-json\/wp\/v2\/media?parent=4386"}],"curies":[{"name":"wp","href":"https:\/\/api.w.org\/{rel}","templated":true}]}}