{"id":4480,"date":"2024-11-20T07:12:55","date_gmt":"2024-11-20T07:12:55","guid":{"rendered":"https:\/\/operacinesistema.lt\/?post_type=product&#038;p=4480"},"modified":"2026-05-01T07:15:22","modified_gmt":"2026-05-01T07:15:22","slug":"windows-10-pro-32-64-bit-usb","status":"publish","type":"product","link":"https:\/\/operacinesistema.lt\/es\/producto\/windows-10-pro-32-64-bit-usb\/","title":{"rendered":"Windows 10 Pro 32\/64-Bit USB"},"content":{"rendered":"<p>Microsoft Windows 10 Pro 32\/64-Bit USB (versi\u00f3n internacional) es un sistema operativo profesional dise\u00f1ado para ofrecer un alto rendimiento, fiabilidad y una experiencia de usuario moderna. Esta versi\u00f3n es ideal tanto para profesionales como para usuarios empresariales que buscan una soluci\u00f3n fiable para el trabajo, la seguridad y la eficiencia. El dongle USB incluido en el paquete permite una instalaci\u00f3n sencilla y r\u00e1pida del sistema operativo.<\/p>\n<h3>Caracter\u00edsticas principales:<\/h3>\n<p>1.<strong> Dise\u00f1o cl\u00e1sico con c\u00f3modas mejoras<\/strong><br \/>\nWindows 10 Pro conserva la interfaz de usuario familiar, con mejoras para hacerla a\u00fan m\u00e1s fluida. El men\u00fa Inicio integrado, la gesti\u00f3n avanzada de tareas y el cambio de ventanas te ayudan a gestionar tu trabajo con eficacia.<\/p>\n<p>2. <strong>Rendimiento vers\u00e1til<\/strong><br \/>\nOptimizado para funcionar tanto con los dispositivos m\u00e1s recientes como con los m\u00e1s antiguos. Windows 10 Pro ofrece un rendimiento estable y r\u00e1pido con una asignaci\u00f3n m\u00e1s eficiente de los recursos del procesador y la memoria.<\/p>\n<p>3. <strong>Seguridad inteligente<\/strong><br \/>\nLas funciones de seguridad integradas, como BitLocker (cifrado de disco) y Windows Defender, garantizan el m\u00e1ximo nivel de protecci\u00f3n de datos. El arranque seguro y la compatibilidad con TPM permiten protegerse frente a las ciberamenazas.<\/p>\n<p>4. <strong>Funciones empresariales y virtualizaci\u00f3n<\/strong><br \/>\nWindows 10 Pro es compatible con funciones profesionales como la virtualizaci\u00f3n Hyper-V, Escritorio remoto, Administraci\u00f3n de directivas de grupo y Windows Update for Business. Estas funciones son ideales para gestionar grandes flotas de dispositivos.<\/p>\n<p>5. <strong>Instalaci\u00f3n mediante llave USB<\/strong><br \/>\nLa llave USB incluida en el paquete garantiza una instalaci\u00f3n r\u00e1pida y sencilla del sistema. Es ideal tanto para instalaciones nuevas como existentes, ya sea para actualizaciones o instalaciones limpias.<\/p>\n<p>6. <strong>Versi\u00f3n internacional<\/strong><br \/>\nLa posibilidad de elegir el idioma y la regi\u00f3n preferidos le permite utilizar el sistema en cualquier parte del mundo. Esto proporciona la m\u00e1xima compatibilidad y flexibilidad.<\/p>\n<p>7. <strong>Actualizaciones peri\u00f3dicas<\/strong><br \/>\nWindows 10 Pro recibe actualizaciones peri\u00f3dicas de caracter\u00edsticas y seguridad, lo que garantiza un rendimiento estable y fiable.<\/p>\n<h3>Caracter\u00edsticas t\u00e9cnicas:<\/h3>\n<ul>\n<li>Sistema operativo:Microsoft Windows 10 Pro 32\/64-Bit<\/li>\n<li>Idioma admitido: internacional (puedes seleccionar el idioma y la regi\u00f3n que prefieras)<\/li>\n<li>Requisitos:\n<ul>\n<li>Procesador: 1 GHz o superior con 2 o m\u00e1s n\u00facleos<\/li>\n<li>Memoria: 1 GB RAM (32 bits) o 2 GB RAM (64 bits)<\/li>\n<li>Almacenamiento: 20 GB o m\u00e1s<\/li>\n<li>Tarjeta gr\u00e1fica: DirectX 9 o superior con controlador WDDM 1.0<\/li>\n<li>Pantalla: resoluci\u00f3n 800\u00d7600 o superior<\/li>\n<li>Dispositivos: ordenadores personales y port\u00e1tiles<\/li>\n<\/ul>\n<\/li>\n<li>Embalaje: llave de instalaci\u00f3n USB<\/li>\n<\/ul>\n<p>Microsoft Windows 10 Pro 32\/64-Bit USB es un sistema operativo fiable y funcional tanto para uso personal como empresarial. La llave USB garantiza una instalaci\u00f3n r\u00e1pida y facilidad de uso, mientras que las funciones avanzadas de seguridad y rendimiento le permiten sacar el m\u00e1ximo partido de la tecnolog\u00eda moderna.<\/p>","protected":false},"excerpt":{"rendered":"<ul style=\"list-style: none; padding: 0; margin: 0;\">\n<li style=\"display: flex; align-items: center; gap: 8px; font-family: 'Jost', sans-serif; font-size: 14px; font-weight: 400; color: #ffffff; line-height: 1.2; margin-bottom: 8px;\"><img decoding=\"async\" style=\"display: block; flex-shrink: 0;\" src=\"https:\/\/operacinesistema.lt\/wp-content\/uploads\/2026\/03\/Official-product-3.png\" alt=\"\" width=\"25\" height=\"25\" \/>\n<div>Producto genuino de Microsoft<\/div>\n<\/li>\n<li style=\"display: flex; align-items: center; gap: 8px; font-family: 'Jost', sans-serif; font-size: 14px; font-weight: 400; color: #ffffff; line-height: 1.2; margin-bottom: 8px;\"><img decoding=\"async\" style=\"display: block; flex-shrink: 0;\" src=\"https:\/\/operacinesistema.lt\/wp-content\/uploads\/2026\/03\/Multilingual-1.png\" alt=\"\" width=\"25\" height=\"25\" \/>\n<div>Multiling\u00fce<\/div>\n<\/li>\n<li style=\"display: flex; align-items: center; gap: 8px; font-family: 'Jost', sans-serif; font-size: 14px; font-weight: 400; color: #ffffff; line-height: 1.2; margin-bottom: 8px;\"><img decoding=\"async\" style=\"display: block; flex-shrink: 0;\" src=\"https:\/\/operacinesistema.lt\/wp-content\/uploads\/2026\/03\/USB.png\" alt=\"\" width=\"25\" height=\"25\" \/>\n<div>USB + tarjeta con clave de licencia<\/div>\n<\/li>\n<li style=\"display: flex; align-items: center; gap: 8px; font-family: 'Jost', sans-serif; font-size: 14px; font-weight: 400; color: #ffffff; line-height: 1.2;\"><img loading=\"lazy\" decoding=\"async\" style=\"display: block; flex-shrink: 0;\" src=\"https:\/\/operacinesistema.lt\/wp-content\/uploads\/2026\/03\/delivery.png\" alt=\"\" width=\"25\" height=\"25\" \/>\n<div>Entrega en 30 d\u00edas h\u00e1biles<\/div>\n<\/li>\n<\/ul>","protected":false},"featured_media":6018,"template":"","meta":[],"product_brand":[],"product_cat":[150,125],"product_tag":[],"class_list":{"0":"post-4480","1":"product","2":"type-product","3":"status-publish","4":"has-post-thumbnail","6":"product_cat-windows-10-pro","7":"product_cat-windows","9":"first","10":"onbackorder","11":"sale","12":"shipping-taxable","13":"purchasable","14":"product-type-simple"},"yoast_head":"<!-- This site is optimized with the Yoast SEO plugin v27.5 - https:\/\/yoast.com\/product\/yoast-seo-wordpress\/ -->\n<title>Windows 10 Pro 32\/64-Bit USB - operacinesistema.lt<\/title>\n<meta name=\"description\" content=\"\u012esigykite originali\u0105 Windows 10 Pro USB operacin\u0119 sistem\u0105 u\u017e puiki\u0105 kain\u0105! Greitas aktyvavimas, patikima licencija ir visi profesional\u016bs \u012frankiai.\" \/>\n<meta name=\"robots\" content=\"index, follow, max-snippet:-1, max-image-preview:large, max-video-preview:-1\" \/>\n<link rel=\"canonical\" href=\"https:\/\/operacinesistema.lt\/es\/producto\/windows-10-pro-32-64-bit-usb\/\" \/>\n<meta property=\"og:locale\" content=\"es_ES\" \/>\n<meta property=\"og:type\" content=\"article\" \/>\n<meta property=\"og:title\" content=\"Windows 10 Pro 32\/64-Bit USB - operacinesistema.lt\" \/>\n<meta property=\"og:description\" content=\"\u012esigykite originali\u0105 Windows 10 Pro USB operacin\u0119 sistem\u0105 u\u017e puiki\u0105 kain\u0105! Greitas aktyvavimas, patikima licencija ir visi profesional\u016bs \u012frankiai.\" \/>\n<meta property=\"og:url\" content=\"https:\/\/operacinesistema.lt\/es\/producto\/windows-10-pro-32-64-bit-usb\/\" \/>\n<meta property=\"og:site_name\" content=\"operacinesistema.lt\" \/>\n<meta property=\"article:modified_time\" content=\"2026-05-01T07:15:22+00:00\" \/>\n<meta property=\"og:image\" content=\"https:\/\/operacinesistema.lt\/wp-content\/uploads\/2024\/11\/Windows-10-Pro-USB-1.png\" \/>\n\t<meta property=\"og:image:width\" content=\"1000\" \/>\n\t<meta property=\"og:image:height\" content=\"1000\" \/>\n\t<meta property=\"og:image:type\" content=\"image\/png\" \/>\n<meta name=\"twitter:card\" content=\"summary_large_image\" \/>\n<meta name=\"twitter:label1\" content=\"Tiempo de lectura\" \/>\n\t<meta name=\"twitter:data1\" content=\"3 minutos\" \/>\n<script type=\"application\/ld+json\" class=\"yoast-schema-graph\">{\"@context\":\"https:\\\/\\\/schema.org\",\"@graph\":[{\"@type\":\"WebPage\",\"@id\":\"https:\\\/\\\/operacinesistema.lt\\\/product\\\/windows-10-pro-32-64-bit-usb\\\/\",\"url\":\"https:\\\/\\\/operacinesistema.lt\\\/product\\\/windows-10-pro-32-64-bit-usb\\\/\",\"name\":\"Windows 10 Pro 32\\\/64-Bit USB - operacinesistema.lt\",\"isPartOf\":{\"@id\":\"https:\\\/\\\/operacinesistema.lt\\\/#website\"},\"primaryImageOfPage\":{\"@id\":\"https:\\\/\\\/operacinesistema.lt\\\/product\\\/windows-10-pro-32-64-bit-usb\\\/#primaryimage\"},\"image\":{\"@id\":\"https:\\\/\\\/operacinesistema.lt\\\/product\\\/windows-10-pro-32-64-bit-usb\\\/#primaryimage\"},\"thumbnailUrl\":\"https:\\\/\\\/operacinesistema.lt\\\/wp-content\\\/uploads\\\/2024\\\/11\\\/Windows-10-Pro-USB-1.png\",\"datePublished\":\"2024-11-20T07:12:55+00:00\",\"dateModified\":\"2026-05-01T07:15:22+00:00\",\"description\":\"\u012esigykite originali\u0105 Windows 10 Pro USB operacin\u0119 sistem\u0105 u\u017e puiki\u0105 kain\u0105! Greitas aktyvavimas, patikima licencija ir visi profesional\u016bs \u012frankiai.\",\"breadcrumb\":{\"@id\":\"https:\\\/\\\/operacinesistema.lt\\\/product\\\/windows-10-pro-32-64-bit-usb\\\/#breadcrumb\"},\"inLanguage\":\"es\",\"potentialAction\":[{\"@type\":\"ReadAction\",\"target\":[\"https:\\\/\\\/operacinesistema.lt\\\/product\\\/windows-10-pro-32-64-bit-usb\\\/\"]}]},{\"@type\":\"ImageObject\",\"inLanguage\":\"es\",\"@id\":\"https:\\\/\\\/operacinesistema.lt\\\/product\\\/windows-10-pro-32-64-bit-usb\\\/#primaryimage\",\"url\":\"https:\\\/\\\/operacinesistema.lt\\\/wp-content\\\/uploads\\\/2024\\\/11\\\/Windows-10-Pro-USB-1.png\",\"contentUrl\":\"https:\\\/\\\/operacinesistema.lt\\\/wp-content\\\/uploads\\\/2024\\\/11\\\/Windows-10-Pro-USB-1.png\",\"width\":1000,\"height\":1000,\"caption\":\"Windows 10 Pro USB\"},{\"@type\":\"BreadcrumbList\",\"@id\":\"https:\\\/\\\/operacinesistema.lt\\\/product\\\/windows-10-pro-32-64-bit-usb\\\/#breadcrumb\",\"itemListElement\":[{\"@type\":\"ListItem\",\"position\":1,\"name\":\"Home\",\"item\":\"https:\\\/\\\/operacinesistema.lt\\\/\"},{\"@type\":\"ListItem\",\"position\":2,\"name\":\"Parduotuv\u0117\",\"item\":\"https:\\\/\\\/operacinesistema.lt\\\/parduotuve\\\/\"},{\"@type\":\"ListItem\",\"position\":3,\"name\":\"Windows 10 Pro 32\\\/64-Bit USB\"}]},{\"@type\":\"WebSite\",\"@id\":\"https:\\\/\\\/operacinesistema.lt\\\/#website\",\"url\":\"https:\\\/\\\/operacinesistema.lt\\\/\",\"name\":\"operacinesistema.lt\",\"description\":\"\u012esigykite Windows 11 Pro u\u017e geriausi\u0105 kain\u0105\",\"potentialAction\":[{\"@type\":\"SearchAction\",\"target\":{\"@type\":\"EntryPoint\",\"urlTemplate\":\"https:\\\/\\\/operacinesistema.lt\\\/?s={search_term_string}\"},\"query-input\":{\"@type\":\"PropertyValueSpecification\",\"valueRequired\":true,\"valueName\":\"search_term_string\"}}],\"inLanguage\":\"es\"}]}<\/script>\n<!-- \/ Yoast SEO plugin. -->","yoast_head_json":{"title":"Windows 10 Pro 32\/64-Bit USB - operacinesistema.lt","description":"\u00a1Consigue el sistema operativo original Windows 10 Pro USB a un precio incre\u00edble! Activaci\u00f3n r\u00e1pida, una licencia fiable y todas las herramientas profesionales.","robots":{"index":"index","follow":"follow","max-snippet":"max-snippet:-1","max-image-preview":"max-image-preview:large","max-video-preview":"max-video-preview:-1"},"canonical":"https:\/\/operacinesistema.lt\/es\/producto\/windows-10-pro-32-64-bit-usb\/","og_locale":"es_ES","og_type":"article","og_title":"Windows 10 Pro 32\/64-Bit USB - operacinesistema.lt","og_description":"\u012esigykite originali\u0105 Windows 10 Pro USB operacin\u0119 sistem\u0105 u\u017e puiki\u0105 kain\u0105! Greitas aktyvavimas, patikima licencija ir visi profesional\u016bs \u012frankiai.","og_url":"https:\/\/operacinesistema.lt\/es\/producto\/windows-10-pro-32-64-bit-usb\/","og_site_name":"operacinesistema.lt","article_modified_time":"2026-05-01T07:15:22+00:00","og_image":[{"width":1000,"height":1000,"url":"https:\/\/operacinesistema.lt\/wp-content\/uploads\/2024\/11\/Windows-10-Pro-USB-1.png","type":"image\/png"}],"twitter_card":"summary_large_image","twitter_misc":{"Tiempo de lectura":"3 minutos"},"schema":{"@context":"https:\/\/schema.org","@graph":[{"@type":"WebPage","@id":"https:\/\/operacinesistema.lt\/product\/windows-10-pro-32-64-bit-usb\/","url":"https:\/\/operacinesistema.lt\/product\/windows-10-pro-32-64-bit-usb\/","name":"Windows 10 Pro 32\/64-Bit USB - operacinesistema.lt","isPartOf":{"@id":"https:\/\/operacinesistema.lt\/#website"},"primaryImageOfPage":{"@id":"https:\/\/operacinesistema.lt\/product\/windows-10-pro-32-64-bit-usb\/#primaryimage"},"image":{"@id":"https:\/\/operacinesistema.lt\/product\/windows-10-pro-32-64-bit-usb\/#primaryimage"},"thumbnailUrl":"https:\/\/operacinesistema.lt\/wp-content\/uploads\/2024\/11\/Windows-10-Pro-USB-1.png","datePublished":"2024-11-20T07:12:55+00:00","dateModified":"2026-05-01T07:15:22+00:00","description":"\u00a1Consigue el sistema operativo original Windows 10 Pro USB a un precio incre\u00edble! Activaci\u00f3n r\u00e1pida, una licencia fiable y todas las herramientas profesionales.","breadcrumb":{"@id":"https:\/\/operacinesistema.lt\/product\/windows-10-pro-32-64-bit-usb\/#breadcrumb"},"inLanguage":"es","potentialAction":[{"@type":"ReadAction","target":["https:\/\/operacinesistema.lt\/product\/windows-10-pro-32-64-bit-usb\/"]}]},{"@type":"ImageObject","inLanguage":"es","@id":"https:\/\/operacinesistema.lt\/product\/windows-10-pro-32-64-bit-usb\/#primaryimage","url":"https:\/\/operacinesistema.lt\/wp-content\/uploads\/2024\/11\/Windows-10-Pro-USB-1.png","contentUrl":"https:\/\/operacinesistema.lt\/wp-content\/uploads\/2024\/11\/Windows-10-Pro-USB-1.png","width":1000,"height":1000,"caption":"Windows 10 Pro USB"},{"@type":"BreadcrumbList","@id":"https:\/\/operacinesistema.lt\/product\/windows-10-pro-32-64-bit-usb\/#breadcrumb","itemListElement":[{"@type":"ListItem","position":1,"name":"Home","item":"https:\/\/operacinesistema.lt\/"},{"@type":"ListItem","position":2,"name":"Parduotuv\u0117","item":"https:\/\/operacinesistema.lt\/parduotuve\/"},{"@type":"ListItem","position":3,"name":"Windows 10 Pro 32\/64-Bit USB"}]},{"@type":"WebSite","@id":"https:\/\/operacinesistema.lt\/#website","url":"https:\/\/operacinesistema.lt\/","name":"operacinesistema.lt","description":"Consigue Windows 11 Pro al mejor precio","potentialAction":[{"@type":"SearchAction","target":{"@type":"EntryPoint","urlTemplate":"https:\/\/operacinesistema.lt\/?s={search_term_string}"},"query-input":{"@type":"PropertyValueSpecification","valueRequired":true,"valueName":"search_term_string"}}],"inLanguage":"es"}]}},"_links":{"self":[{"href":"https:\/\/operacinesistema.lt\/es\/wp-json\/wp\/v2\/product\/4480","targetHints":{"allow":["GET"]}}],"collection":[{"href":"https:\/\/operacinesistema.lt\/es\/wp-json\/wp\/v2\/product"}],"about":[{"href":"https:\/\/operacinesistema.lt\/es\/wp-json\/wp\/v2\/types\/product"}],"version-history":[{"count":2,"href":"https:\/\/operacinesistema.lt\/es\/wp-json\/wp\/v2\/product\/4480\/revisions"}],"predecessor-version":[{"id":6583,"href":"https:\/\/operacinesistema.lt\/es\/wp-json\/wp\/v2\/product\/4480\/revisions\/6583"}],"wp:featuredmedia":[{"embeddable":true,"href":"https:\/\/operacinesistema.lt\/es\/wp-json\/wp\/v2\/media\/6018"}],"wp:attachment":[{"href":"https:\/\/operacinesistema.lt\/es\/wp-json\/wp\/v2\/media?parent=4480"}],"wp:term":[{"taxonomy":"product_brand","embeddable":true,"href":"https:\/\/operacinesistema.lt\/es\/wp-json\/wp\/v2\/product_brand?post=4480"},{"taxonomy":"product_cat","embeddable":true,"href":"https:\/\/operacinesistema.lt\/es\/wp-json\/wp\/v2\/product_cat?post=4480"},{"taxonomy":"product_tag","embeddable":true,"href":"https:\/\/operacinesistema.lt\/es\/wp-json\/wp\/v2\/product_tag?post=4480"}],"curies":[{"name":"wp","href":"https:\/\/api.w.org\/{rel}","templated":true}]}}