{"id":4334,"date":"2024-11-18T19:51:52","date_gmt":"2024-11-18T19:51:52","guid":{"rendered":"https:\/\/operacinesistema.lt\/?post_type=product&#038;p=4334"},"modified":"2026-05-01T07:15:26","modified_gmt":"2026-05-01T07:15:26","slug":"windows-11-pro-64-bit-usb","status":"publish","type":"product","link":"https:\/\/operacinesistema.lt\/es\/producto\/windows-11-pro-64-bit-usb\/","title":{"rendered":"Windows 11 Pro 64-Bit USB"},"content":{"rendered":"<p><strong>Microsoft Windows 11 Pro 64 bits USB<\/strong> (versi\u00f3n internacional) es un sistema operativo de vanguardia dise\u00f1ado para ofrecer no s\u00f3lo un alto rendimiento, sino tambi\u00e9n una experiencia de usuario moderna. Esta versi\u00f3n est\u00e1 pensada tanto para profesionales como para usuarios de empresa que quieran aprovechar todas las ventajas de las \u00faltimas tecnolog\u00edas en cuanto a eficacia, seguridad y comodidad. La llave USB incluida en el paquete garantiza un proceso de instalaci\u00f3n r\u00e1pido y sencillo, independientemente del estado de su dispositivo.<\/p>\n<h3>Caracter\u00edsticas principales:<\/h3>\n<p>1. <strong>Actualizaci\u00f3n de la interfaz de usuario de dise\u00f1o moderno y f\u00e1cil manejo<\/strong><br \/>\nWindows 11 Pro presenta una interfaz de usuario moderna y elegante que no s\u00f3lo resulta atractiva, sino tambi\u00e9n f\u00e1cil de entender. Con nuevas animaciones, men\u00fas centrados y herramientas de gesti\u00f3n de ventanas mejoradas, proporciona una experiencia agradable y eficiente.<\/p>\n<p>2. <strong>Mejora de la productividad<\/strong><br \/>\nWindows 11 Pro optimiza los recursos del sistema para mejorar el rendimiento y agilizar el funcionamiento. Gracias a la mejora de la gesti\u00f3n de la memoria y la asignaci\u00f3n de recursos de la CPU, el sistema funciona m\u00e1s r\u00e1pido y estable, incluso con tareas de mayor envergadura.<\/p>\n<p>3. <strong>Seguridad<\/strong><br \/>\nEsta es una de las caracter\u00edsticas clave de Windows 11 Pro. El sistema incluye herramientas de seguridad avanzadas como Windows Hello (autenticaci\u00f3n biom\u00e9trica), BitLocker (cifrado de disco), Secure Boot y compatibilidad con TPM 2.0. Esto garantiza que tus datos est\u00e9n a salvo de accesos no autorizados y ciberamenazas.<\/p>\n<p>4. <strong>Virtualizaci\u00f3n y funciones empresariales<\/strong><br \/>\nWindows 11 Pro tambi\u00e9n est\u00e1 pensado para usuarios profesionales y empresas. Es compatible con funciones como la virtualizaci\u00f3n Hyper-V, Escritorio remoto, Administraci\u00f3n de directivas de grupo y Windows Update for Business para gestionar y administrar grandes flotas de dispositivos.<\/p>\n<p>5. <strong>Instalaci\u00f3n mediante llave USB<\/strong><br \/>\nEl dongle USB incluido facilita y agiliza la instalaci\u00f3n de Windows 11 Pro con s\u00f3lo insertarlo en un puerto USB. Esto es especialmente \u00fatil cuando se necesita realizar una instalaci\u00f3n limpia o actualizar un sistema operativo existente.<\/p>\n<p>6. <strong>Versi\u00f3n internacional<\/strong><br \/>\nEsta versi\u00f3n internacional de Windows 11 Pro facilita la elecci\u00f3n de idioma y regi\u00f3n, para que puedas utilizarlo en cualquier parte del mundo. As\u00ed se garantiza una compatibilidad total con tu dispositivo y las distintas configuraciones regionales.<\/p>\n<p>7. <strong>\u00daltimas actualizaciones y asistencia<\/strong><br \/>\nWindows 11 Pro garantiza que su sistema est\u00e9 siempre actualizado con las \u00faltimas funciones y parches de seguridad, por lo que puede estar seguro de que su PC estar\u00e1 siempre listo para trabajar de forma segura y eficiente.<\/p>\n<h3>Caracter\u00edsticas t\u00e9cnicas:<\/h3>\n<ul>\n<li>Sistema operativo:Microsoft Windows 11 Pro 64 bits<\/li>\n<li>Idioma admitido: internacional (puedes seleccionar el idioma y la regi\u00f3n que prefieras)<\/li>\n<li>Se necesita un sistema:\n<ul>\n<li>Procesador: 1 GHz o superior con 2 o m\u00e1s n\u00facleos, compatible con 64 bits<\/li>\n<li>Memoria: 4 GB RAM o m\u00e1s<\/li>\n<li>Almacenamiento: 64 GB o m\u00e1s<\/li>\n<li>Tarjeta gr\u00e1fica: DirectX 12 o superior, controlador WDDM 2.0<\/li>\n<li>Pantalla: 720p o superior<\/li>\n<\/ul>\n<\/li>\n<li>Tipo de dispositivo: ordenadores personales, port\u00e1tiles<\/li>\n<li>Embalaje: llave de instalaci\u00f3n USB<\/li>\n<\/ul>\n<p><strong>Microsoft Windows 11 Pro 64 bits USB<\/strong>\u00a0es la elecci\u00f3n perfecta tanto para usuarios particulares como para empresas que quieran beneficiarse de los \u00faltimos avances tecnol\u00f3gicos. Con este producto, obtendr\u00e1 un sistema operativo fiable, seguro y de alto rendimiento, con instalaci\u00f3n mediante llave USB para un inicio r\u00e1pido y sencillo. Adecuado tanto para profesionales como para empresas que quieran beneficiarse de potentes herramientas de seguridad y virtualizaci\u00f3n.<\/p>","protected":false},"excerpt":{"rendered":"<ul style=\"list-style: none; padding: 0; margin: 0;\">\n<li style=\"display: flex; align-items: center; gap: 8px; font-family: 'Jost', sans-serif; font-size: 14px; font-weight: 400; color: #ffffff; line-height: 1.2; margin-bottom: 8px;\"><img decoding=\"async\" style=\"display: block; flex-shrink: 0;\" src=\"https:\/\/operacinesistema.lt\/wp-content\/uploads\/2026\/03\/Official-product-3.png\" alt=\"\" width=\"25\" height=\"25\" \/>\n<div>Producto genuino de Microsoft<\/div>\n<\/li>\n<li style=\"display: flex; align-items: center; gap: 8px; font-family: 'Jost', sans-serif; font-size: 14px; font-weight: 400; color: #ffffff; line-height: 1.2; margin-bottom: 8px;\"><img decoding=\"async\" style=\"display: block; flex-shrink: 0;\" src=\"https:\/\/operacinesistema.lt\/wp-content\/uploads\/2026\/03\/Multilingual-1.png\" alt=\"\" width=\"25\" height=\"25\" \/>\n<div>Multiling\u00fce<\/div>\n<\/li>\n<li style=\"display: flex; align-items: center; gap: 8px; font-family: 'Jost', sans-serif; font-size: 14px; font-weight: 400; color: #ffffff; line-height: 1.2; margin-bottom: 8px;\"><img decoding=\"async\" style=\"display: block; flex-shrink: 0;\" src=\"https:\/\/operacinesistema.lt\/wp-content\/uploads\/2026\/03\/USB.png\" alt=\"\" width=\"25\" height=\"25\" \/>\n<div>USB + tarjeta con clave de licencia<\/div>\n<\/li>\n<li style=\"display: flex; align-items: center; gap: 8px; font-family: 'Jost', sans-serif; font-size: 14px; font-weight: 400; color: #ffffff; line-height: 1.2;\"><img loading=\"lazy\" decoding=\"async\" style=\"display: block; flex-shrink: 0;\" src=\"https:\/\/operacinesistema.lt\/wp-content\/uploads\/2026\/03\/delivery.png\" alt=\"\" width=\"25\" height=\"25\" \/>\n<div>Entrega en 5-7 d\u00edas h\u00e1biles<\/div>\n<\/li>\n<\/ul>","protected":false},"featured_media":6017,"template":"","meta":[],"product_brand":[],"product_cat":[149,125],"product_tag":[],"class_list":{"0":"post-4334","1":"product","2":"type-product","3":"status-publish","4":"has-post-thumbnail","6":"product_cat-windows-11-pro","7":"product_cat-windows","9":"first","10":"instock","11":"sale","12":"featured","13":"shipping-taxable","14":"purchasable","15":"product-type-simple"},"yoast_head":"<!-- This site is optimized with the Yoast SEO plugin v27.5 - https:\/\/yoast.com\/product\/yoast-seo-wordpress\/ -->\n<title>Windows 11 Pro 64-Bit USB - operacinesistema.lt<\/title>\n<meta name=\"description\" content=\"\u012esigykite originali\u0105 Windows 11 Pro USB operacin\u0119 sistem\u0105 u\u017e puiki\u0105 kain\u0105! Greitas aktyvavimas, patikima licencija ir visi profesional\u016bs \u012frankiai.\" \/>\n<meta name=\"robots\" content=\"index, follow, max-snippet:-1, max-image-preview:large, max-video-preview:-1\" \/>\n<link rel=\"canonical\" href=\"https:\/\/operacinesistema.lt\/es\/producto\/windows-11-pro-64-bit-usb\/\" \/>\n<meta property=\"og:locale\" content=\"es_ES\" \/>\n<meta property=\"og:type\" content=\"article\" \/>\n<meta property=\"og:title\" content=\"Windows 11 Pro 64-Bit USB - operacinesistema.lt\" \/>\n<meta property=\"og:description\" content=\"\u012esigykite originali\u0105 Windows 11 Pro USB operacin\u0119 sistem\u0105 u\u017e puiki\u0105 kain\u0105! Greitas aktyvavimas, patikima licencija ir visi profesional\u016bs \u012frankiai.\" \/>\n<meta property=\"og:url\" content=\"https:\/\/operacinesistema.lt\/es\/producto\/windows-11-pro-64-bit-usb\/\" \/>\n<meta property=\"og:site_name\" content=\"operacinesistema.lt\" \/>\n<meta property=\"article:modified_time\" content=\"2026-05-01T07:15:26+00:00\" \/>\n<meta property=\"og:image\" content=\"https:\/\/operacinesistema.lt\/wp-content\/uploads\/2024\/11\/Windows-11-Pro-USB-1.png\" \/>\n\t<meta property=\"og:image:width\" content=\"1000\" \/>\n\t<meta property=\"og:image:height\" content=\"1000\" \/>\n\t<meta property=\"og:image:type\" content=\"image\/png\" \/>\n<meta name=\"twitter:card\" content=\"summary_large_image\" \/>\n<meta name=\"twitter:label1\" content=\"Tiempo de lectura\" \/>\n\t<meta name=\"twitter:data1\" content=\"3 minutos\" \/>\n<script type=\"application\/ld+json\" class=\"yoast-schema-graph\">{\"@context\":\"https:\\\/\\\/schema.org\",\"@graph\":[{\"@type\":\"WebPage\",\"@id\":\"https:\\\/\\\/operacinesistema.lt\\\/product\\\/windows-11-pro-64-bit-usb\\\/\",\"url\":\"https:\\\/\\\/operacinesistema.lt\\\/product\\\/windows-11-pro-64-bit-usb\\\/\",\"name\":\"Windows 11 Pro 64-Bit USB - operacinesistema.lt\",\"isPartOf\":{\"@id\":\"https:\\\/\\\/operacinesistema.lt\\\/#website\"},\"primaryImageOfPage\":{\"@id\":\"https:\\\/\\\/operacinesistema.lt\\\/product\\\/windows-11-pro-64-bit-usb\\\/#primaryimage\"},\"image\":{\"@id\":\"https:\\\/\\\/operacinesistema.lt\\\/product\\\/windows-11-pro-64-bit-usb\\\/#primaryimage\"},\"thumbnailUrl\":\"https:\\\/\\\/operacinesistema.lt\\\/wp-content\\\/uploads\\\/2024\\\/11\\\/Windows-11-Pro-USB-1.png\",\"datePublished\":\"2024-11-18T19:51:52+00:00\",\"dateModified\":\"2026-05-01T07:15:26+00:00\",\"description\":\"\u012esigykite originali\u0105 Windows 11 Pro USB operacin\u0119 sistem\u0105 u\u017e puiki\u0105 kain\u0105! Greitas aktyvavimas, patikima licencija ir visi profesional\u016bs \u012frankiai.\",\"breadcrumb\":{\"@id\":\"https:\\\/\\\/operacinesistema.lt\\\/product\\\/windows-11-pro-64-bit-usb\\\/#breadcrumb\"},\"inLanguage\":\"es\",\"potentialAction\":[{\"@type\":\"ReadAction\",\"target\":[\"https:\\\/\\\/operacinesistema.lt\\\/product\\\/windows-11-pro-64-bit-usb\\\/\"]}]},{\"@type\":\"ImageObject\",\"inLanguage\":\"es\",\"@id\":\"https:\\\/\\\/operacinesistema.lt\\\/product\\\/windows-11-pro-64-bit-usb\\\/#primaryimage\",\"url\":\"https:\\\/\\\/operacinesistema.lt\\\/wp-content\\\/uploads\\\/2024\\\/11\\\/Windows-11-Pro-USB-1.png\",\"contentUrl\":\"https:\\\/\\\/operacinesistema.lt\\\/wp-content\\\/uploads\\\/2024\\\/11\\\/Windows-11-Pro-USB-1.png\",\"width\":1000,\"height\":1000,\"caption\":\"Windows 11 Pro USB\"},{\"@type\":\"BreadcrumbList\",\"@id\":\"https:\\\/\\\/operacinesistema.lt\\\/product\\\/windows-11-pro-64-bit-usb\\\/#breadcrumb\",\"itemListElement\":[{\"@type\":\"ListItem\",\"position\":1,\"name\":\"Home\",\"item\":\"https:\\\/\\\/operacinesistema.lt\\\/\"},{\"@type\":\"ListItem\",\"position\":2,\"name\":\"Parduotuv\u0117\",\"item\":\"https:\\\/\\\/operacinesistema.lt\\\/parduotuve\\\/\"},{\"@type\":\"ListItem\",\"position\":3,\"name\":\"Windows 11 Pro 64-Bit USB\"}]},{\"@type\":\"WebSite\",\"@id\":\"https:\\\/\\\/operacinesistema.lt\\\/#website\",\"url\":\"https:\\\/\\\/operacinesistema.lt\\\/\",\"name\":\"operacinesistema.lt\",\"description\":\"\u012esigykite Windows 11 Pro u\u017e geriausi\u0105 kain\u0105\",\"potentialAction\":[{\"@type\":\"SearchAction\",\"target\":{\"@type\":\"EntryPoint\",\"urlTemplate\":\"https:\\\/\\\/operacinesistema.lt\\\/?s={search_term_string}\"},\"query-input\":{\"@type\":\"PropertyValueSpecification\",\"valueRequired\":true,\"valueName\":\"search_term_string\"}}],\"inLanguage\":\"es\"}]}<\/script>\n<!-- \/ Yoast SEO plugin. -->","yoast_head_json":{"title":"Windows 11 Pro 64-Bit USB - operacinesistema.lt","description":"Consigue el sistema operativo original Windows 11 Pro USB a un precio incre\u00edble. Activaci\u00f3n r\u00e1pida, una licencia fiable y todas las herramientas profesionales.","robots":{"index":"index","follow":"follow","max-snippet":"max-snippet:-1","max-image-preview":"max-image-preview:large","max-video-preview":"max-video-preview:-1"},"canonical":"https:\/\/operacinesistema.lt\/es\/producto\/windows-11-pro-64-bit-usb\/","og_locale":"es_ES","og_type":"article","og_title":"Windows 11 Pro 64-Bit USB - operacinesistema.lt","og_description":"\u012esigykite originali\u0105 Windows 11 Pro USB operacin\u0119 sistem\u0105 u\u017e puiki\u0105 kain\u0105! Greitas aktyvavimas, patikima licencija ir visi profesional\u016bs \u012frankiai.","og_url":"https:\/\/operacinesistema.lt\/es\/producto\/windows-11-pro-64-bit-usb\/","og_site_name":"operacinesistema.lt","article_modified_time":"2026-05-01T07:15:26+00:00","og_image":[{"width":1000,"height":1000,"url":"https:\/\/operacinesistema.lt\/wp-content\/uploads\/2024\/11\/Windows-11-Pro-USB-1.png","type":"image\/png"}],"twitter_card":"summary_large_image","twitter_misc":{"Tiempo de lectura":"3 minutos"},"schema":{"@context":"https:\/\/schema.org","@graph":[{"@type":"WebPage","@id":"https:\/\/operacinesistema.lt\/product\/windows-11-pro-64-bit-usb\/","url":"https:\/\/operacinesistema.lt\/product\/windows-11-pro-64-bit-usb\/","name":"Windows 11 Pro 64-Bit USB - operacinesistema.lt","isPartOf":{"@id":"https:\/\/operacinesistema.lt\/#website"},"primaryImageOfPage":{"@id":"https:\/\/operacinesistema.lt\/product\/windows-11-pro-64-bit-usb\/#primaryimage"},"image":{"@id":"https:\/\/operacinesistema.lt\/product\/windows-11-pro-64-bit-usb\/#primaryimage"},"thumbnailUrl":"https:\/\/operacinesistema.lt\/wp-content\/uploads\/2024\/11\/Windows-11-Pro-USB-1.png","datePublished":"2024-11-18T19:51:52+00:00","dateModified":"2026-05-01T07:15:26+00:00","description":"Consigue el sistema operativo original Windows 11 Pro USB a un precio incre\u00edble. Activaci\u00f3n r\u00e1pida, una licencia fiable y todas las herramientas profesionales.","breadcrumb":{"@id":"https:\/\/operacinesistema.lt\/product\/windows-11-pro-64-bit-usb\/#breadcrumb"},"inLanguage":"es","potentialAction":[{"@type":"ReadAction","target":["https:\/\/operacinesistema.lt\/product\/windows-11-pro-64-bit-usb\/"]}]},{"@type":"ImageObject","inLanguage":"es","@id":"https:\/\/operacinesistema.lt\/product\/windows-11-pro-64-bit-usb\/#primaryimage","url":"https:\/\/operacinesistema.lt\/wp-content\/uploads\/2024\/11\/Windows-11-Pro-USB-1.png","contentUrl":"https:\/\/operacinesistema.lt\/wp-content\/uploads\/2024\/11\/Windows-11-Pro-USB-1.png","width":1000,"height":1000,"caption":"Windows 11 Pro USB"},{"@type":"BreadcrumbList","@id":"https:\/\/operacinesistema.lt\/product\/windows-11-pro-64-bit-usb\/#breadcrumb","itemListElement":[{"@type":"ListItem","position":1,"name":"Home","item":"https:\/\/operacinesistema.lt\/"},{"@type":"ListItem","position":2,"name":"Parduotuv\u0117","item":"https:\/\/operacinesistema.lt\/parduotuve\/"},{"@type":"ListItem","position":3,"name":"Windows 11 Pro 64-Bit USB"}]},{"@type":"WebSite","@id":"https:\/\/operacinesistema.lt\/#website","url":"https:\/\/operacinesistema.lt\/","name":"operacinesistema.lt","description":"Consigue Windows 11 Pro al mejor precio","potentialAction":[{"@type":"SearchAction","target":{"@type":"EntryPoint","urlTemplate":"https:\/\/operacinesistema.lt\/?s={search_term_string}"},"query-input":{"@type":"PropertyValueSpecification","valueRequired":true,"valueName":"search_term_string"}}],"inLanguage":"es"}]}},"_links":{"self":[{"href":"https:\/\/operacinesistema.lt\/es\/wp-json\/wp\/v2\/product\/4334","targetHints":{"allow":["GET"]}}],"collection":[{"href":"https:\/\/operacinesistema.lt\/es\/wp-json\/wp\/v2\/product"}],"about":[{"href":"https:\/\/operacinesistema.lt\/es\/wp-json\/wp\/v2\/types\/product"}],"version-history":[{"count":1,"href":"https:\/\/operacinesistema.lt\/es\/wp-json\/wp\/v2\/product\/4334\/revisions"}],"predecessor-version":[{"id":6584,"href":"https:\/\/operacinesistema.lt\/es\/wp-json\/wp\/v2\/product\/4334\/revisions\/6584"}],"wp:featuredmedia":[{"embeddable":true,"href":"https:\/\/operacinesistema.lt\/es\/wp-json\/wp\/v2\/media\/6017"}],"wp:attachment":[{"href":"https:\/\/operacinesistema.lt\/es\/wp-json\/wp\/v2\/media?parent=4334"}],"wp:term":[{"taxonomy":"product_brand","embeddable":true,"href":"https:\/\/operacinesistema.lt\/es\/wp-json\/wp\/v2\/product_brand?post=4334"},{"taxonomy":"product_cat","embeddable":true,"href":"https:\/\/operacinesistema.lt\/es\/wp-json\/wp\/v2\/product_cat?post=4334"},{"taxonomy":"product_tag","embeddable":true,"href":"https:\/\/operacinesistema.lt\/es\/wp-json\/wp\/v2\/product_tag?post=4334"}],"curies":[{"name":"wp","href":"https:\/\/api.w.org\/{rel}","templated":true}]}}