{"id":4404,"date":"2024-11-19T11:15:00","date_gmt":"2024-11-19T11:15:00","guid":{"rendered":"https:\/\/operacinesistema.lt\/?page_id=4404"},"modified":"2025-11-10T13:00:01","modified_gmt":"2025-11-10T13:00:01","slug":"duk","status":"publish","type":"page","link":"https:\/\/operacinesistema.lt\/es\/duk\/","title":{"rendered":"PREGUNTAS FRECUENTES"},"content":{"rendered":"<div data-elementor-type=\"wp-page\" data-elementor-id=\"4404\" class=\"elementor elementor-4404\">\n\t\t\t\t<div class=\"elementor-element elementor-element-b9de748 e-flex e-con-boxed e-con e-parent\" data-id=\"b9de748\" data-element_type=\"container\" data-e-type=\"container\">\n\t\t\t\t\t<div class=\"e-con-inner\">\n\t\t\t\t<div class=\"elementor-element elementor-element-9d56ec8 elementor-widget elementor-widget-tm-heading\" data-id=\"9d56ec8\" data-element_type=\"widget\" data-e-type=\"widget\" data-widget_type=\"tm-heading.default\">\n\t\t\t\t<div class=\"elementor-widget-container\">\n\t\t\t\t\t\t\t<div class=\"tm-modern-heading tm-modern-heading--style-01 tm-modern-heading--highlight-style-01\">\n\t\t\t\n\t\t\t\t\t<div class=\"heading-primary-wrap\">\n\t\t\t<h2 class=\"heading-primary elementor-heading-title\">Preguntas m\u00e1s frecuentes<\/h2>\t\t<\/div>\n\t\t\n\t\t\t\n\t\t\t\t\t<\/div>\n\t\t\t\t\t\t<\/div>\n\t\t\t\t<\/div>\n\t\t\t\t\t<\/div>\n\t\t\t\t<\/div>\n\t\t<div class=\"elementor-element elementor-element-700f1f0 e-flex e-con-boxed e-con e-parent\" data-id=\"700f1f0\" data-element_type=\"container\" data-e-type=\"container\">\n\t\t\t\t\t<div class=\"e-con-inner\">\n\t\t\t\t<div class=\"elementor-element elementor-element-084315e minimog-accordion-style-01 elementor-widget elementor-widget-tm-accordion\" data-id=\"084315e\" data-element_type=\"widget\" data-e-type=\"widget\" data-settings=\"{&quot;active_first_item&quot;:&quot;1&quot;}\" data-widget_type=\"tm-accordion.default\">\n\t\t\t\t<div class=\"elementor-widget-container\">\n\t\t\t\t\t\t\t<div class=\"minimog-accordion minimog-accordion-icon-right\" data-multi-open=\"1\">\n\t\t\t\t\t\t\t<div class=\"accordion-section active\">\n\t\t\t\t\t<div class=\"accordion-header\">\n\t\t\t\t\t\t<div class=\"accordion-title-wrapper\">\n\t\t\t\t\t\t\t<h6 class=\"accordion-title\">\u00bfRecibir\u00e9 un producto f\u00edsico o una licencia digital de Windows 11 Pro?<\/h6>\t\t\t\t\t\t<\/div>\n\t\t\t\t\t\t\t\t\t\t\t\t\t<div class=\"accordion-icons\">\n\t\t\t\t\t\t\t\t<span\n\t\t\t\t\t\t\t\t\tclass=\"accordion-icon opened-icon\"><i class=\"far fa-angle-down\"><\/i><\/span>\n\t\t\t\t\t\t\t\t<span\n\t\t\t\t\t\t\t\t\tclass=\"accordion-icon closed-icon\"><i class=\"far fa-angle-up\"><\/i><\/span>\n\t\t\t\t\t\t\t<\/div>\n\t\t\t\t\t\t\t\t\t\t\t<\/div>\n\t\t\t\t\t<div class=\"accordion-content\">\n\t\t\t\t\t\t<p>Cuando compre Windows 11 Pro, le enviaremos el producto f\u00edsico original con memoria USB, manual y todo el equipamiento original.<\/p>\t\t\t\t\t<\/div>\n\t\t\t\t<\/div>\n\t\t\t\t\t\t\t<div class=\"accordion-section\">\n\t\t\t\t\t<div class=\"accordion-header\">\n\t\t\t\t\t\t<div class=\"accordion-title-wrapper\">\n\t\t\t\t\t\t\t<h6 class=\"accordion-title\">\u00bfEs \u00e9ste el sistema operativo original?<\/h6>\t\t\t\t\t\t<\/div>\n\t\t\t\t\t\t\t\t\t\t\t\t\t<div class=\"accordion-icons\">\n\t\t\t\t\t\t\t\t<span\n\t\t\t\t\t\t\t\t\tclass=\"accordion-icon opened-icon\"><i class=\"far fa-angle-down\"><\/i><\/span>\n\t\t\t\t\t\t\t\t<span\n\t\t\t\t\t\t\t\t\tclass=\"accordion-icon closed-icon\"><i class=\"far fa-angle-up\"><\/i><\/span>\n\t\t\t\t\t\t\t<\/div>\n\t\t\t\t\t\t\t\t\t\t\t<\/div>\n\t\t\t\t\t<div class=\"accordion-content\">\n\t\t\t\t\t\t<p>S\u00ed, todos nuestros productos son aut\u00e9nticos, no han sido robados, agrietados ni manipulados de ninguna otra forma.<\/p>\t\t\t\t\t<\/div>\n\t\t\t\t<\/div>\n\t\t\t\t\t\t\t<div class=\"accordion-section\">\n\t\t\t\t\t<div class=\"accordion-header\">\n\t\t\t\t\t\t<div class=\"accordion-title-wrapper\">\n\t\t\t\t\t\t\t<h6 class=\"accordion-title\">\u00bfPodr\u00e9 devolver el sistema operativo?<\/h6>\t\t\t\t\t\t<\/div>\n\t\t\t\t\t\t\t\t\t\t\t\t\t<div class=\"accordion-icons\">\n\t\t\t\t\t\t\t\t<span\n\t\t\t\t\t\t\t\t\tclass=\"accordion-icon opened-icon\"><i class=\"far fa-angle-down\"><\/i><\/span>\n\t\t\t\t\t\t\t\t<span\n\t\t\t\t\t\t\t\t\tclass=\"accordion-icon closed-icon\"><i class=\"far fa-angle-up\"><\/i><\/span>\n\t\t\t\t\t\t\t<\/div>\n\t\t\t\t\t\t\t\t\t\t\t<\/div>\n\t\t\t\t\t<div class=\"accordion-content\">\n\t\t\t\t\t\t<p>S\u00ed, si cambia de opini\u00f3n y no utiliza el sistema operativo, puede devolverlo. Nota: El embalaje debe estar sin envolver, sin rasgar, usado o da\u00f1ado de cualquier otra forma. Si el producto ha sido abierto o usado, no se aceptar\u00e1 ninguna devoluci\u00f3n.<\/p>\t\t\t\t\t<\/div>\n\t\t\t\t<\/div>\n\t\t\t\t\t\t\t<div class=\"accordion-section\">\n\t\t\t\t\t<div class=\"accordion-header\">\n\t\t\t\t\t\t<div class=\"accordion-title-wrapper\">\n\t\t\t\t\t\t\t<h6 class=\"accordion-title\">\u00bfY si la clave de licencia no funciona?<\/h6>\t\t\t\t\t\t<\/div>\n\t\t\t\t\t\t\t\t\t\t\t\t\t<div class=\"accordion-icons\">\n\t\t\t\t\t\t\t\t<span\n\t\t\t\t\t\t\t\t\tclass=\"accordion-icon opened-icon\"><i class=\"far fa-angle-down\"><\/i><\/span>\n\t\t\t\t\t\t\t\t<span\n\t\t\t\t\t\t\t\t\tclass=\"accordion-icon closed-icon\"><i class=\"far fa-angle-up\"><\/i><\/span>\n\t\t\t\t\t\t\t<\/div>\n\t\t\t\t\t\t\t\t\t\t\t<\/div>\n\t\t\t\t\t<div class=\"accordion-content\">\n\t\t\t\t\t\t<p>Si la clave de licencia no funciona, deber\u00e1 facilitarnos un v\u00eddeo en el que se le vea desembalando nuestro sistema operativo e introduciendo la clave de licencia. Si la clave de licencia no funciona, le proporcionaremos una clave de licencia digital de sustituci\u00f3n.<\/p>\t\t\t\t\t<\/div>\n\t\t\t\t<\/div>\n\t\t\t\t\t\t\t<div class=\"accordion-section\">\n\t\t\t\t\t<div class=\"accordion-header\">\n\t\t\t\t\t\t<div class=\"accordion-title-wrapper\">\n\t\t\t\t\t\t\t<h6 class=\"accordion-title\">\u00bfCu\u00e1nto tarda la entrega?<\/h6>\t\t\t\t\t\t<\/div>\n\t\t\t\t\t\t\t\t\t\t\t\t\t<div class=\"accordion-icons\">\n\t\t\t\t\t\t\t\t<span\n\t\t\t\t\t\t\t\t\tclass=\"accordion-icon opened-icon\"><i class=\"far fa-angle-down\"><\/i><\/span>\n\t\t\t\t\t\t\t\t<span\n\t\t\t\t\t\t\t\t\tclass=\"accordion-icon closed-icon\"><i class=\"far fa-angle-up\"><\/i><\/span>\n\t\t\t\t\t\t\t<\/div>\n\t\t\t\t\t\t\t\t\t\t\t<\/div>\n\t\t\t\t\t<div class=\"accordion-content\">\n\t\t\t\t\t\t<p>La entrega en una oficina de correos de Lituania tarda entre 1 y 3 d\u00edas. Se le notificar\u00e1 por SMS y correo electr\u00f3nico en el momento de la compra cuando el paquete se entregue en la oficina de correos. Despu\u00e9s de la entrega, puedes venir a recoger el paquete cualquier d\u00eda y a cualquier hora.<\/p>\t\t\t\t\t<\/div>\n\t\t\t\t<\/div>\n\t\t\t\t\t\t\t<div class=\"accordion-section\">\n\t\t\t\t\t<div class=\"accordion-header\">\n\t\t\t\t\t\t<div class=\"accordion-title-wrapper\">\n\t\t\t\t\t\t\t<h6 class=\"accordion-title\">\u00bfC\u00f3mo protejo mis datos con Windows 11 Pro?<\/h6>\t\t\t\t\t\t<\/div>\n\t\t\t\t\t\t\t\t\t\t\t\t\t<div class=\"accordion-icons\">\n\t\t\t\t\t\t\t\t<span\n\t\t\t\t\t\t\t\t\tclass=\"accordion-icon opened-icon\"><i class=\"far fa-angle-down\"><\/i><\/span>\n\t\t\t\t\t\t\t\t<span\n\t\t\t\t\t\t\t\t\tclass=\"accordion-icon closed-icon\"><i class=\"far fa-angle-up\"><\/i><\/span>\n\t\t\t\t\t\t\t<\/div>\n\t\t\t\t\t\t\t\t\t\t\t<\/div>\n\t\t\t\t\t<div class=\"accordion-content\">\n\t\t\t\t\t\t<p>\u201eWindows 11 Pro viene con cifrado de datos BitLocker integrado, que garantiza que tus datos est\u00e9n seguros incluso si pierdes el dispositivo. Tambi\u00e9n puedes usar el reconocimiento facial o de huellas dactilares Windows Hello para mayor seguridad.<\/p>\t\t\t\t\t<\/div>\n\t\t\t\t<\/div>\n\t\t\t\t\t\t\t<div class=\"accordion-section\">\n\t\t\t\t\t<div class=\"accordion-header\">\n\t\t\t\t\t\t<div class=\"accordion-title-wrapper\">\n\t\t\t\t\t\t\t<h6 class=\"accordion-title\">\u00bfC\u00f3mo se instala Windows 11 Pro paso a paso?<\/h6>\t\t\t\t\t\t<\/div>\n\t\t\t\t\t\t\t\t\t\t\t\t\t<div class=\"accordion-icons\">\n\t\t\t\t\t\t\t\t<span\n\t\t\t\t\t\t\t\t\tclass=\"accordion-icon opened-icon\"><i class=\"far fa-angle-down\"><\/i><\/span>\n\t\t\t\t\t\t\t\t<span\n\t\t\t\t\t\t\t\t\tclass=\"accordion-icon closed-icon\"><i class=\"far fa-angle-up\"><\/i><\/span>\n\t\t\t\t\t\t\t<\/div>\n\t\t\t\t\t\t\t\t\t\t\t<\/div>\n\t\t\t\t\t<div class=\"accordion-content\">\n\t\t\t\t\t\t<ul><li>Enciende el ordenador e introduce la memoria USB.<\/li><li>Inicie el ordenador desde la unidad USB a trav\u00e9s de la configuraci\u00f3n de la BIOS.<\/li><li>Elige el idioma y la hora y haz clic en \u201eInstalar ahora\u201c.<\/li><li>Introduzca el c\u00f3digo de activaci\u00f3n y contin\u00fae con la instalaci\u00f3n.<\/li><li>Seleccione \u201eInstalaci\u00f3n personalizada\u201c y especifique la unidad en la que desea instalar el sistema.<\/li><li>Espera a que finalice la instalaci\u00f3n y configura tu cuenta.<\/li><\/ul>\t\t\t\t\t<\/div>\n\t\t\t\t<\/div>\n\t\t\t\t\t\t\t<div class=\"accordion-section\">\n\t\t\t\t\t<div class=\"accordion-header\">\n\t\t\t\t\t\t<div class=\"accordion-title-wrapper\">\n\t\t\t\t\t\t\t<h6 class=\"accordion-title\">\u00bfC\u00f3mo puedo asegurarme de que mi PC est\u00e1 preparado para Windows 11?<\/h6>\t\t\t\t\t\t<\/div>\n\t\t\t\t\t\t\t\t\t\t\t\t\t<div class=\"accordion-icons\">\n\t\t\t\t\t\t\t\t<span\n\t\t\t\t\t\t\t\t\tclass=\"accordion-icon opened-icon\"><i class=\"far fa-angle-down\"><\/i><\/span>\n\t\t\t\t\t\t\t\t<span\n\t\t\t\t\t\t\t\t\tclass=\"accordion-icon closed-icon\"><i class=\"far fa-angle-up\"><\/i><\/span>\n\t\t\t\t\t\t\t<\/div>\n\t\t\t\t\t\t\t\t\t\t\t<\/div>\n\t\t\t\t\t<div class=\"accordion-content\">\n\t\t\t\t\t\t<p>Puedes utilizar la herramienta oficial Microsoft PC Health Check para comprobar la compatibilidad de tu PC con Windows 11. La herramienta te mostrar\u00e1 si se cumplen todos los requisitos.<\/p>\t\t\t\t\t<\/div>\n\t\t\t\t<\/div>\n\t\t\t\t\t\t\t<div class=\"accordion-section\">\n\t\t\t\t\t<div class=\"accordion-header\">\n\t\t\t\t\t\t<div class=\"accordion-title-wrapper\">\n\t\t\t\t\t\t\t<h6 class=\"accordion-title\">\u00bfQu\u00e9 ocurre si Windows 11 no funciona correctamente despu\u00e9s de la instalaci\u00f3n?<\/h6>\t\t\t\t\t\t<\/div>\n\t\t\t\t\t\t\t\t\t\t\t\t\t<div class=\"accordion-icons\">\n\t\t\t\t\t\t\t\t<span\n\t\t\t\t\t\t\t\t\tclass=\"accordion-icon opened-icon\"><i class=\"far fa-angle-down\"><\/i><\/span>\n\t\t\t\t\t\t\t\t<span\n\t\t\t\t\t\t\t\t\tclass=\"accordion-icon closed-icon\"><i class=\"far fa-angle-up\"><\/i><\/span>\n\t\t\t\t\t\t\t<\/div>\n\t\t\t\t\t\t\t\t\t\t\t<\/div>\n\t\t\t\t\t<div class=\"accordion-content\">\n\t\t\t\t\t\t<p>Si tienes problemas, puedes hacerlo:<\/p><ol><li>Prueba a iniciar la funci\u00f3n Solucionador de problemas en Ajustes.<\/li><li>Actualice sus controladores o instale las actualizaciones que faltan.<\/li><li>P\u00f3ngase en contacto con nosotros y le ayudaremos a resolver el problema.<\/li><\/ol>\t\t\t\t\t<\/div>\n\t\t\t\t<\/div>\n\t\t\t\t\t\t\t<div class=\"accordion-section\">\n\t\t\t\t\t<div class=\"accordion-header\">\n\t\t\t\t\t\t<div class=\"accordion-title-wrapper\">\n\t\t\t\t\t\t\t<h6 class=\"accordion-title\">\u00bfC\u00f3mo s\u00e9 si mi permiso es v\u00e1lido?<\/h6>\t\t\t\t\t\t<\/div>\n\t\t\t\t\t\t\t\t\t\t\t\t\t<div class=\"accordion-icons\">\n\t\t\t\t\t\t\t\t<span\n\t\t\t\t\t\t\t\t\tclass=\"accordion-icon opened-icon\"><i class=\"far fa-angle-down\"><\/i><\/span>\n\t\t\t\t\t\t\t\t<span\n\t\t\t\t\t\t\t\t\tclass=\"accordion-icon closed-icon\"><i class=\"far fa-angle-up\"><\/i><\/span>\n\t\t\t\t\t\t\t<\/div>\n\t\t\t\t\t\t\t\t\t\t\t<\/div>\n\t\t\t\t\t<div class=\"accordion-content\">\n\t\t\t\t\t\t<p>Puede comprobar la validez de su licencia a trav\u00e9s de Configuraci\u00f3n de Windows \u2192 Actualizaci\u00f3n y seguridad \u2192 Activaci\u00f3n. All\u00ed deber\u00eda ver que el sistema est\u00e1 activado con una clave aut\u00e9ntica.<\/p>\t\t\t\t\t<\/div>\n\t\t\t\t<\/div>\n\t\t\t\t\t\t\t<div class=\"accordion-section\">\n\t\t\t\t\t<div class=\"accordion-header\">\n\t\t\t\t\t\t<div class=\"accordion-title-wrapper\">\n\t\t\t\t\t\t\t<h6 class=\"accordion-title\">\u00bfLa licencia que he adquirido tiene un l\u00edmite de tiempo?<\/h6>\t\t\t\t\t\t<\/div>\n\t\t\t\t\t\t\t\t\t\t\t\t\t<div class=\"accordion-icons\">\n\t\t\t\t\t\t\t\t<span\n\t\t\t\t\t\t\t\t\tclass=\"accordion-icon opened-icon\"><i class=\"far fa-angle-down\"><\/i><\/span>\n\t\t\t\t\t\t\t\t<span\n\t\t\t\t\t\t\t\t\tclass=\"accordion-icon closed-icon\"><i class=\"far fa-angle-up\"><\/i><\/span>\n\t\t\t\t\t\t\t<\/div>\n\t\t\t\t\t\t\t\t\t\t\t<\/div>\n\t\t\t\t\t<div class=\"accordion-content\">\n\t\t\t\t\t\t<p>No, la licencia adquirida es permanente y no tiene fecha de caducidad si se utiliza en el mismo ordenador.<\/p>\t\t\t\t\t<\/div>\n\t\t\t\t<\/div>\n\t\t\t\t\t\t\t<div class=\"accordion-section\">\n\t\t\t\t\t<div class=\"accordion-header\">\n\t\t\t\t\t\t<div class=\"accordion-title-wrapper\">\n\t\t\t\t\t\t\t<h6 class=\"accordion-title\">\u00bfC\u00f3mo puedo proteger mi ordenador de los virus con Windows 11?<\/h6>\t\t\t\t\t\t<\/div>\n\t\t\t\t\t\t\t\t\t\t\t\t\t<div class=\"accordion-icons\">\n\t\t\t\t\t\t\t\t<span\n\t\t\t\t\t\t\t\t\tclass=\"accordion-icon opened-icon\"><i class=\"far fa-angle-down\"><\/i><\/span>\n\t\t\t\t\t\t\t\t<span\n\t\t\t\t\t\t\t\t\tclass=\"accordion-icon closed-icon\"><i class=\"far fa-angle-up\"><\/i><\/span>\n\t\t\t\t\t\t\t<\/div>\n\t\t\t\t\t\t\t\t\t\t\t<\/div>\n\t\t\t\t\t<div class=\"accordion-content\">\n\t\t\t\t\t\t<p>\u201eWindows 11 incorpora el antivirus Windows Defender para una protecci\u00f3n en tiempo real. Tambi\u00e9n es importante actualizar el sistema operativo con regularidad y evitar la descarga de archivos sospechosos.<\/p>\t\t\t\t\t<\/div>\n\t\t\t\t<\/div>\n\t\t\t\t\t\t\t<div class=\"accordion-section\">\n\t\t\t\t\t<div class=\"accordion-header\">\n\t\t\t\t\t\t<div class=\"accordion-title-wrapper\">\n\t\t\t\t\t\t\t<h6 class=\"accordion-title\">\u00bfPuedo utilizar Windows 11 sin conexi\u00f3n a Internet?<\/h6>\t\t\t\t\t\t<\/div>\n\t\t\t\t\t\t\t\t\t\t\t\t\t<div class=\"accordion-icons\">\n\t\t\t\t\t\t\t\t<span\n\t\t\t\t\t\t\t\t\tclass=\"accordion-icon opened-icon\"><i class=\"far fa-angle-down\"><\/i><\/span>\n\t\t\t\t\t\t\t\t<span\n\t\t\t\t\t\t\t\t\tclass=\"accordion-icon closed-icon\"><i class=\"far fa-angle-up\"><\/i><\/span>\n\t\t\t\t\t\t\t<\/div>\n\t\t\t\t\t\t\t\t\t\t\t<\/div>\n\t\t\t\t\t<div class=\"accordion-content\">\n\t\t\t\t\t\t<p>S\u00ed, puedes utilizar las funciones b\u00e1sicas, pero algunos servicios, como las actualizaciones y Microsoft Store, no funcionar\u00e1n sin conexi\u00f3n a Internet.<\/p>\t\t\t\t\t<\/div>\n\t\t\t\t<\/div>\n\t\t\t\t\t\t\t<div class=\"accordion-section\">\n\t\t\t\t\t<div class=\"accordion-header\">\n\t\t\t\t\t\t<div class=\"accordion-title-wrapper\">\n\t\t\t\t\t\t\t<h6 class=\"accordion-title\">\u00bfPor qu\u00e9 actualizar a Windows 11?<\/h6>\t\t\t\t\t\t<\/div>\n\t\t\t\t\t\t\t\t\t\t\t\t\t<div class=\"accordion-icons\">\n\t\t\t\t\t\t\t\t<span\n\t\t\t\t\t\t\t\t\tclass=\"accordion-icon opened-icon\"><i class=\"far fa-angle-down\"><\/i><\/span>\n\t\t\t\t\t\t\t\t<span\n\t\t\t\t\t\t\t\t\tclass=\"accordion-icon closed-icon\"><i class=\"far fa-angle-up\"><\/i><\/span>\n\t\t\t\t\t\t\t<\/div>\n\t\t\t\t\t\t\t\t\t\t\t<\/div>\n\t\t\t\t\t<div class=\"accordion-content\">\n\t\t\t\t\t\t<p>\u201eWindows 11 ofrece un dise\u00f1o m\u00e1s moderno, mayor productividad, nuevas funciones como los escritorios virtuales y mejores medidas de seguridad para que tu trabajo sea m\u00e1s c\u00f3modo y seguro.<\/p>\t\t\t\t\t<\/div>\n\t\t\t\t<\/div>\n\t\t\t\t\t<\/div>\n\t\t\t\t\t\t<\/div>\n\t\t\t\t<\/div>\n\t\t\t\t\t<\/div>\n\t\t\t\t<\/div>\n\t\t\t\t<\/div>","protected":false},"excerpt":{"rendered":"<p>Da\u017eniausiai u\u017eduodami klausimai Ar gausiu fizin\u012f produkt\u0105, ar skaitmenin\u0119 Windows 11 Pro licencij\u0105? \u012esigyj\u0119 Windows 11 Pro atsi\u0173sime Jums original\u0173 fizin\u012f produkt\u0105 su USB laikmena, instrukcija ir visa originalia komplektacija. Ar tai originali operacin\u0117 sistema? Taip, visi m\u016bs\u0173 produktai yra original\u016bs, nevogti, nenucrack&#8217;inti ar kitaip nesuklastoti. Ar gal\u0117siu gr\u0105\u017einti operacin\u0119 sistem\u0105? Taip, jei \u012fsigyj\u0119 operacin\u0119 sistem\u0105 apsigalvojote ir jos nepanaudojote, gal\u0117site j\u0105 gr\u0105\u017einti. Pastaba: pakuot\u0117 turi b\u016bti nei\u0161pakuota, nesupl\u0117\u0161yta, nepanaudota ar kitaip nepa\u017eeista. Atidarius ar panaudojus produkt\u0105, gr\u0105\u017einimas nebus priimtas. K\u0105 daryti, jeigu licencijos raktas nesuveik\u0117? Jeigu licencijos raktas nesuveik\u0117, b\u016btina pateikti vaizdo med\u017eiag\u0105, kaip i\u0161pakuojate m\u016bs\u0173 operacin\u0119 sistem\u0105 ir \u012fvedate licencijos rakt\u0105, tuomet jeigu licencijos raktas nesuveik\u0117, suteiksime Jums pakaitin\u012f skaitmenin\u012f licencijos rakt\u0105. Kiek laiko u\u017etrunka pristatymas? Siunta \u012f pa\u0161tomat\u0105 Lietuvoje pristatoma per 1-3 d.d. Apie siuntos pristatym\u0105 \u012f pa\u0161tomat\u0105 b\u016bsite informuoti SMS \u017einute ir el. pa\u0161tu nurodytu atsiskaitymo metu. Po pristatymo, gal\u0117site atvykti atsiimti siuntinio bet kuri\u0105 dien\u0105, bet kuriuo paros laiku. Kaip apsaugoti duomenis naudojant \u201eWindows 11 Pro\u201c? \u201eWindows 11 Pro\u201c turi integruot\u0105 \u201eBitLocker\u201c duomen\u0173 \u0161ifravimo funkcij\u0105, kuri u\u017etikrina, kad j\u016bs\u0173 duomenys bus saug\u016bs net jei prarastum\u0117te \u012frengin\u012f. Taip pat galima naudoti \u201eWindows Hello\u201c veido arba pir\u0161t\u0173 atspaud\u0173 atpa\u017einim\u0105, siekiant dar didesnio saugumo. Kaip \u012fdiegti \u201eWindows 11 Pro\u201c \u017eingsnis po \u017eingsnio (Step-by-Step)? \u012ejunkite kompiuter\u012f ir \u012fd\u0117kite USB laikmen\u0105. Paleiskite kompiuter\u012f i\u0161 USB disko per \u201eBIOS\u201c nustatymus. Pasirinkite kalb\u0105 ir laik\u0105, tada spauskite \u201eInstall Now\u201c. \u012eveskite aktyvacijos kod\u0105 ir t\u0119skite diegim\u0105. Pasirinkite \u201eCustom Installation\u201c ir nurodykite disk\u0105, kuriame norite \u012fdiegti sistem\u0105. Palaukite, kol diegimas bus baigtas, ir nustatykite savo paskyr\u0105. Kaip \u012fsitikinti, kad mano kompiuteris pasiruo\u0161\u0119s \u201eWindows 11\u201c diegimui? Galite naudoti oficial\u0173 \u201eMicrosoft PC Health Check\u201c \u012frank\u012f, kuris patikrins j\u016bs\u0173 kompiuterio suderinamum\u0105 su \u201eWindows 11\u201c. \u012erankis parodys, ar visi reikalavimai yra \u012fvykdyti. K\u0105 daryti, jei po diegimo \u201eWindows 11\u201c neveikia tinkamai? Jei susiduriate su problemomis, galite: Pabandykite paleisti \u201eTroubleshooter\u201c funkcij\u0105 per nustatymus. Atnaujinkite tvarkykles arba \u012fdiekite tr\u016bkstamus atnaujinimus. Susisiekite su mumis ir pad\u0117sime i\u0161spr\u0119sti problem\u0105. Kaip su\u017einoti, ar mano licencija galioja? J\u016bs\u0173 licencijos galiojim\u0105 galite patikrinti per \u201eWindows Settings\u201c \u2192 \u201eUpdate &amp; Security\u201c \u2192 \u201eActivation\u201c. Ten tur\u0117tum\u0117te matyti, kad sistema aktyvuota su autenti\u0161ku raktu. Ar \u012fsigyta licencija turi laikotarpio apribojim\u0173? Ne, \u012fsigyta licencija yra nuolatin\u0117 ir neturi galiojimo laiko, jei naudojama tame pa\u010diame kompiuteryje. Kaip apsaugoti savo kompiuter\u012f nuo virus\u0173 naudojant \u201eWindows 11\u201c? \u201eWindows 11\u201c turi integruot\u0105 \u201eWindows Defender\u201c antivirusin\u0119 program\u0105, kuri u\u017etikrina realaus laiko apsaug\u0105. Taip pat svarbu reguliariai atnaujinti operacin\u0119 sistem\u0105 ir vengti \u012ftartin\u0173 fail\u0173 atsisiuntimo. Ar galima naudoti \u201eWindows 11\u201c be interneto ry\u0161io? Taip, galite naudotis pagrindin\u0117mis funkcijomis, ta\u010diau kai kurios paslaugos, pvz., atnaujinimai ir \u201eMicrosoft Store\u201c, neveiks be interneto ry\u0161io. Kod\u0117l verta atsinaujinti \u012f \u201eWindows 11\u201c? \u201eWindows 11\u201c si\u016blo modernesn\u012f dizain\u0105, geresn\u012f produktyvum\u0105, naujas funkcijas, pvz., virtualias darbalauki\u0173 sritis ir patobulintas saugumo priemones, kurios u\u017etikrina patogesn\u012f ir saugesn\u012f darb\u0105.<\/p>","protected":false},"author":1,"featured_media":0,"parent":0,"menu_order":0,"comment_status":"closed","ping_status":"closed","template":"","meta":{"footnotes":""},"class_list":["post-4404","page","type-page","status-publish","hentry","post-no-thumbnail"],"yoast_head":"<!-- This site is optimized with the Yoast SEO plugin v27.4 - https:\/\/yoast.com\/product\/yoast-seo-wordpress\/ -->\n<title>DUK - operacinesistema.lt<\/title>\n<meta name=\"description\" content=\"Da\u017eniausiai u\u017eduodami klausimai apie operacines sistemas. Originalios operacin\u0117s u\u017e ger\u0105 kain\u0105 - operacinesistema.lt\" \/>\n<meta name=\"robots\" content=\"index, follow, max-snippet:-1, max-image-preview:large, max-video-preview:-1\" \/>\n<link rel=\"canonical\" href=\"https:\/\/operacinesistema.lt\/es\/duk\/\" \/>\n<meta property=\"og:locale\" content=\"es_ES\" \/>\n<meta property=\"og:type\" content=\"article\" \/>\n<meta property=\"og:title\" content=\"DUK - operacinesistema.lt\" \/>\n<meta property=\"og:description\" content=\"Da\u017eniausiai u\u017eduodami klausimai apie operacines sistemas. Originalios operacin\u0117s u\u017e ger\u0105 kain\u0105 - operacinesistema.lt\" \/>\n<meta property=\"og:url\" content=\"https:\/\/operacinesistema.lt\/es\/duk\/\" \/>\n<meta property=\"og:site_name\" content=\"operacinesistema.lt\" \/>\n<meta property=\"article:modified_time\" content=\"2025-11-10T13:00:01+00:00\" \/>\n<meta name=\"twitter:card\" content=\"summary_large_image\" \/>\n<meta name=\"twitter:label1\" content=\"Tiempo de lectura\" \/>\n\t<meta name=\"twitter:data1\" content=\"3 minutos\" \/>\n<script type=\"application\/ld+json\" class=\"yoast-schema-graph\">{\"@context\":\"https:\\\/\\\/schema.org\",\"@graph\":[{\"@type\":\"WebPage\",\"@id\":\"https:\\\/\\\/operacinesistema.lt\\\/duk\\\/\",\"url\":\"https:\\\/\\\/operacinesistema.lt\\\/duk\\\/\",\"name\":\"DUK - operacinesistema.lt\",\"isPartOf\":{\"@id\":\"https:\\\/\\\/operacinesistema.lt\\\/#website\"},\"datePublished\":\"2024-11-19T11:15:00+00:00\",\"dateModified\":\"2025-11-10T13:00:01+00:00\",\"description\":\"Da\u017eniausiai u\u017eduodami klausimai apie operacines sistemas. Originalios operacin\u0117s u\u017e ger\u0105 kain\u0105 - operacinesistema.lt\",\"breadcrumb\":{\"@id\":\"https:\\\/\\\/operacinesistema.lt\\\/duk\\\/#breadcrumb\"},\"inLanguage\":\"es\",\"potentialAction\":[{\"@type\":\"ReadAction\",\"target\":[\"https:\\\/\\\/operacinesistema.lt\\\/duk\\\/\"]}]},{\"@type\":\"BreadcrumbList\",\"@id\":\"https:\\\/\\\/operacinesistema.lt\\\/duk\\\/#breadcrumb\",\"itemListElement\":[{\"@type\":\"ListItem\",\"position\":1,\"name\":\"Home\",\"item\":\"https:\\\/\\\/operacinesistema.lt\\\/\"},{\"@type\":\"ListItem\",\"position\":2,\"name\":\"DUK\"}]},{\"@type\":\"WebSite\",\"@id\":\"https:\\\/\\\/operacinesistema.lt\\\/#website\",\"url\":\"https:\\\/\\\/operacinesistema.lt\\\/\",\"name\":\"operacinesistema.lt\",\"description\":\"\u012esigykite Windows 11 Pro u\u017e geriausi\u0105 kain\u0105\",\"potentialAction\":[{\"@type\":\"SearchAction\",\"target\":{\"@type\":\"EntryPoint\",\"urlTemplate\":\"https:\\\/\\\/operacinesistema.lt\\\/?s={search_term_string}\"},\"query-input\":{\"@type\":\"PropertyValueSpecification\",\"valueRequired\":true,\"valueName\":\"search_term_string\"}}],\"inLanguage\":\"es\"}]}<\/script>\n<!-- \/ Yoast SEO plugin. -->","yoast_head_json":{"title":"Preguntas frecuentes - operacinesistema.lt","description":"Preguntas frecuentes sobre sistemas operativos. Sistemas operativos originales a buen precio - operacinesistema.lt","robots":{"index":"index","follow":"follow","max-snippet":"max-snippet:-1","max-image-preview":"max-image-preview:large","max-video-preview":"max-video-preview:-1"},"canonical":"https:\/\/operacinesistema.lt\/es\/duk\/","og_locale":"es_ES","og_type":"article","og_title":"DUK - operacinesistema.lt","og_description":"Da\u017eniausiai u\u017eduodami klausimai apie operacines sistemas. Originalios operacin\u0117s u\u017e ger\u0105 kain\u0105 - operacinesistema.lt","og_url":"https:\/\/operacinesistema.lt\/es\/duk\/","og_site_name":"operacinesistema.lt","article_modified_time":"2025-11-10T13:00:01+00:00","twitter_card":"summary_large_image","twitter_misc":{"Tiempo de lectura":"3 minutos"},"schema":{"@context":"https:\/\/schema.org","@graph":[{"@type":"WebPage","@id":"https:\/\/operacinesistema.lt\/duk\/","url":"https:\/\/operacinesistema.lt\/duk\/","name":"Preguntas frecuentes - operacinesistema.lt","isPartOf":{"@id":"https:\/\/operacinesistema.lt\/#website"},"datePublished":"2024-11-19T11:15:00+00:00","dateModified":"2025-11-10T13:00:01+00:00","description":"Preguntas frecuentes sobre sistemas operativos. Sistemas operativos originales a buen precio - operacinesistema.lt","breadcrumb":{"@id":"https:\/\/operacinesistema.lt\/duk\/#breadcrumb"},"inLanguage":"es","potentialAction":[{"@type":"ReadAction","target":["https:\/\/operacinesistema.lt\/duk\/"]}]},{"@type":"BreadcrumbList","@id":"https:\/\/operacinesistema.lt\/duk\/#breadcrumb","itemListElement":[{"@type":"ListItem","position":1,"name":"Home","item":"https:\/\/operacinesistema.lt\/"},{"@type":"ListItem","position":2,"name":"DUK"}]},{"@type":"WebSite","@id":"https:\/\/operacinesistema.lt\/#website","url":"https:\/\/operacinesistema.lt\/","name":"operacinesistema.lt","description":"\u012esigykite Windows 11 Pro u\u017e geriausi\u0105 kain\u0105","potentialAction":[{"@type":"SearchAction","target":{"@type":"EntryPoint","urlTemplate":"https:\/\/operacinesistema.lt\/?s={search_term_string}"},"query-input":{"@type":"PropertyValueSpecification","valueRequired":true,"valueName":"search_term_string"}}],"inLanguage":"es"}]}},"_links":{"self":[{"href":"https:\/\/operacinesistema.lt\/es\/wp-json\/wp\/v2\/pages\/4404","targetHints":{"allow":["GET"]}}],"collection":[{"href":"https:\/\/operacinesistema.lt\/es\/wp-json\/wp\/v2\/pages"}],"about":[{"href":"https:\/\/operacinesistema.lt\/es\/wp-json\/wp\/v2\/types\/page"}],"author":[{"embeddable":true,"href":"https:\/\/operacinesistema.lt\/es\/wp-json\/wp\/v2\/users\/1"}],"replies":[{"embeddable":true,"href":"https:\/\/operacinesistema.lt\/es\/wp-json\/wp\/v2\/comments?post=4404"}],"version-history":[{"count":14,"href":"https:\/\/operacinesistema.lt\/es\/wp-json\/wp\/v2\/pages\/4404\/revisions"}],"predecessor-version":[{"id":4869,"href":"https:\/\/operacinesistema.lt\/es\/wp-json\/wp\/v2\/pages\/4404\/revisions\/4869"}],"wp:attachment":[{"href":"https:\/\/operacinesistema.lt\/es\/wp-json\/wp\/v2\/media?parent=4404"}],"curies":[{"name":"wp","href":"https:\/\/api.w.org\/{rel}","templated":true}]}}