{"id":4480,"date":"2024-11-20T07:12:55","date_gmt":"2024-11-20T07:12:55","guid":{"rendered":"https:\/\/operacinesistema.lt\/?post_type=product&#038;p=4480"},"modified":"2026-05-01T07:15:22","modified_gmt":"2026-05-01T07:15:22","slug":"windows-10-pro-32-64-bit-usb","status":"publish","type":"product","link":"https:\/\/operacinesistema.lt\/en\/product-2\/windows-10-pro-32-64-bit-usb\/","title":{"rendered":"Windows 10 Pro 32\/64-Bit USB"},"content":{"rendered":"<p>Microsoft Windows 10 Pro 32\/64-Bit USB (international version) is a professional operating system designed to deliver high performance, reliability and a modern user experience. This version is ideal for both professionals and business users looking for a reliable solution for work, security and efficiency. The USB dongle included in the package allows for a simple and quick installation of the operating system.<\/p>\n<h3>Key features:<\/h3>\n<p>1.<strong> Classic design with convenient upgrades<\/strong><br \/>\nWindows 10 Pro retains the familiar user interface, with enhancements to make it even smoother. A built-in Start menu, advanced task management and window switching help you manage your work efficiently.<\/p>\n<p>2. <strong>Versatile performance<\/strong><br \/>\nOptimised to work with both the latest and older devices. Windows 10 Pro delivers stable and fast performance with a more efficient allocation of processor and memory resources.<\/p>\n<p>3. <strong>Intelligent security<\/strong><br \/>\nBuilt-in security features such as BitLocker (disk encryption) and Windows Defender ensure the highest level of data protection. Secure Boot and TPM support allow you to protect against cyber threats.<\/p>\n<p>4. <strong>Enterprise functions and virtualisation<\/strong><br \/>\nWindows 10 Pro supports professional features such as Hyper-V virtualisation, Remote Desktop, Group Policy Management and Windows Update for Business. These features are ideal for managing large fleets of devices.<\/p>\n<p>5. <strong>Installation via USB key<\/strong><br \/>\nThe USB key included in the package ensures quick and easy installation of the system. This is ideal for both new and existing installations, either for upgrades or clean installations.<\/p>\n<p>6. <strong>International version<\/strong><br \/>\nThe ability to choose your preferred language and region allows you to use the system anywhere in the world. This provides maximum compatibility and flexibility.<\/p>\n<p>7. <strong>Regular updates<\/strong><br \/>\nWindows 10 Pro receives regular feature and security updates, ensuring stable and reliable performance.<\/p>\n<h3>Technical features:<\/h3>\n<ul>\n<li>Operating system:Microsoft Windows 10 Pro 32\/64-Bit<\/li>\n<li>Supported language: international (you can select your preferred language and region)<\/li>\n<li>Requirements:\n<ul>\n<li>Processor: 1 GHz or faster with 2 or more cores<\/li>\n<li>Memory: 1 GB RAM (32-bit) or 2 GB RAM (64-bit)<\/li>\n<li>Storage: 20 GB or more<\/li>\n<li>Graphics card: DirectX 9 or higher with WDDM 1.0 driver<\/li>\n<li>Display: 800\u00d7600 resolution or higher<\/li>\n<li>Devices: personal computers and laptops<\/li>\n<\/ul>\n<\/li>\n<li>Packaging: USB installation key<\/li>\n<\/ul>\n<p>Microsoft Windows 10 Pro 32\/64-Bit USB is a reliable and functional operating system for both personal and business use. The USB key ensures fast installation and ease of use, while advanced security and performance features allow you to make the most of modern technology.<\/p>","protected":false},"excerpt":{"rendered":"<ul style=\"list-style: none; padding: 0; margin: 0;\">\n<li style=\"display: flex; align-items: center; gap: 8px; font-family: 'Jost', sans-serif; font-size: 14px; font-weight: 400; color: #ffffff; line-height: 1.2; margin-bottom: 8px;\"><img decoding=\"async\" style=\"display: block; flex-shrink: 0;\" src=\"https:\/\/operacinesistema.lt\/wp-content\/uploads\/2026\/03\/Official-product-3.png\" alt=\"\" width=\"25\" height=\"25\" \/>\n<div>Genuine Microsoft product<\/div>\n<\/li>\n<li style=\"display: flex; align-items: center; gap: 8px; font-family: 'Jost', sans-serif; font-size: 14px; font-weight: 400; color: #ffffff; line-height: 1.2; margin-bottom: 8px;\"><img decoding=\"async\" style=\"display: block; flex-shrink: 0;\" src=\"https:\/\/operacinesistema.lt\/wp-content\/uploads\/2026\/03\/Multilingual-1.png\" alt=\"\" width=\"25\" height=\"25\" \/>\n<div>Multilingual<\/div>\n<\/li>\n<li style=\"display: flex; align-items: center; gap: 8px; font-family: 'Jost', sans-serif; font-size: 14px; font-weight: 400; color: #ffffff; line-height: 1.2; margin-bottom: 8px;\"><img decoding=\"async\" style=\"display: block; flex-shrink: 0;\" src=\"https:\/\/operacinesistema.lt\/wp-content\/uploads\/2026\/03\/USB.png\" alt=\"\" width=\"25\" height=\"25\" \/>\n<div>USB + licence key card<\/div>\n<\/li>\n<li style=\"display: flex; align-items: center; gap: 8px; font-family: 'Jost', sans-serif; font-size: 14px; font-weight: 400; color: #ffffff; line-height: 1.2;\"><img loading=\"lazy\" decoding=\"async\" style=\"display: block; flex-shrink: 0;\" src=\"https:\/\/operacinesistema.lt\/wp-content\/uploads\/2026\/03\/delivery.png\" alt=\"\" width=\"25\" height=\"25\" \/>\n<div>Delivery in 30 business days<\/div>\n<\/li>\n<\/ul>","protected":false},"featured_media":6018,"template":"","meta":[],"product_brand":[],"product_cat":[150,125],"product_tag":[],"class_list":{"0":"post-4480","1":"product","2":"type-product","3":"status-publish","4":"has-post-thumbnail","6":"product_cat-windows-10-pro","7":"product_cat-windows","9":"first","10":"onbackorder","11":"sale","12":"shipping-taxable","13":"purchasable","14":"product-type-simple"},"yoast_head":"<!-- This site is optimized with the Yoast SEO plugin v27.5 - https:\/\/yoast.com\/product\/yoast-seo-wordpress\/ -->\n<title>Windows 10 Pro 32\/64-Bit USB - operacinesistema.lt<\/title>\n<meta name=\"description\" content=\"\u012esigykite originali\u0105 Windows 10 Pro USB operacin\u0119 sistem\u0105 u\u017e puiki\u0105 kain\u0105! Greitas aktyvavimas, patikima licencija ir visi profesional\u016bs \u012frankiai.\" \/>\n<meta name=\"robots\" content=\"index, follow, max-snippet:-1, max-image-preview:large, max-video-preview:-1\" \/>\n<link rel=\"canonical\" href=\"https:\/\/operacinesistema.lt\/en\/product-2\/windows-10-pro-32-64-bit-usb\/\" \/>\n<meta property=\"og:locale\" content=\"en_US\" \/>\n<meta property=\"og:type\" content=\"article\" \/>\n<meta property=\"og:title\" content=\"Windows 10 Pro 32\/64-Bit USB - operacinesistema.lt\" \/>\n<meta property=\"og:description\" content=\"\u012esigykite originali\u0105 Windows 10 Pro USB operacin\u0119 sistem\u0105 u\u017e puiki\u0105 kain\u0105! Greitas aktyvavimas, patikima licencija ir visi profesional\u016bs \u012frankiai.\" \/>\n<meta property=\"og:url\" content=\"https:\/\/operacinesistema.lt\/en\/product-2\/windows-10-pro-32-64-bit-usb\/\" \/>\n<meta property=\"og:site_name\" content=\"operacinesistema.lt\" \/>\n<meta property=\"article:modified_time\" content=\"2026-05-01T07:15:22+00:00\" \/>\n<meta property=\"og:image\" content=\"https:\/\/operacinesistema.lt\/wp-content\/uploads\/2024\/11\/Windows-10-Pro-USB-1.png\" \/>\n\t<meta property=\"og:image:width\" content=\"1000\" \/>\n\t<meta property=\"og:image:height\" content=\"1000\" \/>\n\t<meta property=\"og:image:type\" content=\"image\/png\" \/>\n<meta name=\"twitter:card\" content=\"summary_large_image\" \/>\n<meta name=\"twitter:label1\" content=\"Est. reading time\" \/>\n\t<meta name=\"twitter:data1\" content=\"3 minutes\" \/>\n<script type=\"application\/ld+json\" class=\"yoast-schema-graph\">{\"@context\":\"https:\\\/\\\/schema.org\",\"@graph\":[{\"@type\":\"WebPage\",\"@id\":\"https:\\\/\\\/operacinesistema.lt\\\/product\\\/windows-10-pro-32-64-bit-usb\\\/\",\"url\":\"https:\\\/\\\/operacinesistema.lt\\\/product\\\/windows-10-pro-32-64-bit-usb\\\/\",\"name\":\"Windows 10 Pro 32\\\/64-Bit USB - operacinesistema.lt\",\"isPartOf\":{\"@id\":\"https:\\\/\\\/operacinesistema.lt\\\/#website\"},\"primaryImageOfPage\":{\"@id\":\"https:\\\/\\\/operacinesistema.lt\\\/product\\\/windows-10-pro-32-64-bit-usb\\\/#primaryimage\"},\"image\":{\"@id\":\"https:\\\/\\\/operacinesistema.lt\\\/product\\\/windows-10-pro-32-64-bit-usb\\\/#primaryimage\"},\"thumbnailUrl\":\"https:\\\/\\\/operacinesistema.lt\\\/wp-content\\\/uploads\\\/2024\\\/11\\\/Windows-10-Pro-USB-1.png\",\"datePublished\":\"2024-11-20T07:12:55+00:00\",\"dateModified\":\"2026-05-01T07:15:22+00:00\",\"description\":\"\u012esigykite originali\u0105 Windows 10 Pro USB operacin\u0119 sistem\u0105 u\u017e puiki\u0105 kain\u0105! Greitas aktyvavimas, patikima licencija ir visi profesional\u016bs \u012frankiai.\",\"breadcrumb\":{\"@id\":\"https:\\\/\\\/operacinesistema.lt\\\/product\\\/windows-10-pro-32-64-bit-usb\\\/#breadcrumb\"},\"inLanguage\":\"en-US\",\"potentialAction\":[{\"@type\":\"ReadAction\",\"target\":[\"https:\\\/\\\/operacinesistema.lt\\\/product\\\/windows-10-pro-32-64-bit-usb\\\/\"]}]},{\"@type\":\"ImageObject\",\"inLanguage\":\"en-US\",\"@id\":\"https:\\\/\\\/operacinesistema.lt\\\/product\\\/windows-10-pro-32-64-bit-usb\\\/#primaryimage\",\"url\":\"https:\\\/\\\/operacinesistema.lt\\\/wp-content\\\/uploads\\\/2024\\\/11\\\/Windows-10-Pro-USB-1.png\",\"contentUrl\":\"https:\\\/\\\/operacinesistema.lt\\\/wp-content\\\/uploads\\\/2024\\\/11\\\/Windows-10-Pro-USB-1.png\",\"width\":1000,\"height\":1000,\"caption\":\"Windows 10 Pro USB\"},{\"@type\":\"BreadcrumbList\",\"@id\":\"https:\\\/\\\/operacinesistema.lt\\\/product\\\/windows-10-pro-32-64-bit-usb\\\/#breadcrumb\",\"itemListElement\":[{\"@type\":\"ListItem\",\"position\":1,\"name\":\"Home\",\"item\":\"https:\\\/\\\/operacinesistema.lt\\\/\"},{\"@type\":\"ListItem\",\"position\":2,\"name\":\"Parduotuv\u0117\",\"item\":\"https:\\\/\\\/operacinesistema.lt\\\/parduotuve\\\/\"},{\"@type\":\"ListItem\",\"position\":3,\"name\":\"Windows 10 Pro 32\\\/64-Bit USB\"}]},{\"@type\":\"WebSite\",\"@id\":\"https:\\\/\\\/operacinesistema.lt\\\/#website\",\"url\":\"https:\\\/\\\/operacinesistema.lt\\\/\",\"name\":\"operacinesistema.lt\",\"description\":\"\u012esigykite Windows 11 Pro u\u017e geriausi\u0105 kain\u0105\",\"potentialAction\":[{\"@type\":\"SearchAction\",\"target\":{\"@type\":\"EntryPoint\",\"urlTemplate\":\"https:\\\/\\\/operacinesistema.lt\\\/?s={search_term_string}\"},\"query-input\":{\"@type\":\"PropertyValueSpecification\",\"valueRequired\":true,\"valueName\":\"search_term_string\"}}],\"inLanguage\":\"en-US\"}]}<\/script>\n<!-- \/ Yoast SEO plugin. -->","yoast_head_json":{"title":"Windows 10 Pro 32\/64-Bit USB - operacinesistema.lt","description":"Get the original Windows 10 Pro USB operating system at a great price! Fast activation, a reliable licence and all the professional tools.","robots":{"index":"index","follow":"follow","max-snippet":"max-snippet:-1","max-image-preview":"max-image-preview:large","max-video-preview":"max-video-preview:-1"},"canonical":"https:\/\/operacinesistema.lt\/en\/product-2\/windows-10-pro-32-64-bit-usb\/","og_locale":"en_US","og_type":"article","og_title":"Windows 10 Pro 32\/64-Bit USB - operacinesistema.lt","og_description":"\u012esigykite originali\u0105 Windows 10 Pro USB operacin\u0119 sistem\u0105 u\u017e puiki\u0105 kain\u0105! Greitas aktyvavimas, patikima licencija ir visi profesional\u016bs \u012frankiai.","og_url":"https:\/\/operacinesistema.lt\/en\/product-2\/windows-10-pro-32-64-bit-usb\/","og_site_name":"operacinesistema.lt","article_modified_time":"2026-05-01T07:15:22+00:00","og_image":[{"width":1000,"height":1000,"url":"https:\/\/operacinesistema.lt\/wp-content\/uploads\/2024\/11\/Windows-10-Pro-USB-1.png","type":"image\/png"}],"twitter_card":"summary_large_image","twitter_misc":{"Est. reading time":"3 minutes"},"schema":{"@context":"https:\/\/schema.org","@graph":[{"@type":"WebPage","@id":"https:\/\/operacinesistema.lt\/product\/windows-10-pro-32-64-bit-usb\/","url":"https:\/\/operacinesistema.lt\/product\/windows-10-pro-32-64-bit-usb\/","name":"Windows 10 Pro 32\/64-Bit USB - operacinesistema.lt","isPartOf":{"@id":"https:\/\/operacinesistema.lt\/#website"},"primaryImageOfPage":{"@id":"https:\/\/operacinesistema.lt\/product\/windows-10-pro-32-64-bit-usb\/#primaryimage"},"image":{"@id":"https:\/\/operacinesistema.lt\/product\/windows-10-pro-32-64-bit-usb\/#primaryimage"},"thumbnailUrl":"https:\/\/operacinesistema.lt\/wp-content\/uploads\/2024\/11\/Windows-10-Pro-USB-1.png","datePublished":"2024-11-20T07:12:55+00:00","dateModified":"2026-05-01T07:15:22+00:00","description":"Get the original Windows 10 Pro USB operating system at a great price! Fast activation, a reliable licence and all the professional tools.","breadcrumb":{"@id":"https:\/\/operacinesistema.lt\/product\/windows-10-pro-32-64-bit-usb\/#breadcrumb"},"inLanguage":"en-US","potentialAction":[{"@type":"ReadAction","target":["https:\/\/operacinesistema.lt\/product\/windows-10-pro-32-64-bit-usb\/"]}]},{"@type":"ImageObject","inLanguage":"en-US","@id":"https:\/\/operacinesistema.lt\/product\/windows-10-pro-32-64-bit-usb\/#primaryimage","url":"https:\/\/operacinesistema.lt\/wp-content\/uploads\/2024\/11\/Windows-10-Pro-USB-1.png","contentUrl":"https:\/\/operacinesistema.lt\/wp-content\/uploads\/2024\/11\/Windows-10-Pro-USB-1.png","width":1000,"height":1000,"caption":"Windows 10 Pro USB"},{"@type":"BreadcrumbList","@id":"https:\/\/operacinesistema.lt\/product\/windows-10-pro-32-64-bit-usb\/#breadcrumb","itemListElement":[{"@type":"ListItem","position":1,"name":"Home","item":"https:\/\/operacinesistema.lt\/"},{"@type":"ListItem","position":2,"name":"Parduotuv\u0117","item":"https:\/\/operacinesistema.lt\/parduotuve\/"},{"@type":"ListItem","position":3,"name":"Windows 10 Pro 32\/64-Bit USB"}]},{"@type":"WebSite","@id":"https:\/\/operacinesistema.lt\/#website","url":"https:\/\/operacinesistema.lt\/","name":"operacinesistema.lt","description":"Get Windows 11 Pro at the best price","potentialAction":[{"@type":"SearchAction","target":{"@type":"EntryPoint","urlTemplate":"https:\/\/operacinesistema.lt\/?s={search_term_string}"},"query-input":{"@type":"PropertyValueSpecification","valueRequired":true,"valueName":"search_term_string"}}],"inLanguage":"en-US"}]}},"_links":{"self":[{"href":"https:\/\/operacinesistema.lt\/en\/wp-json\/wp\/v2\/product\/4480","targetHints":{"allow":["GET"]}}],"collection":[{"href":"https:\/\/operacinesistema.lt\/en\/wp-json\/wp\/v2\/product"}],"about":[{"href":"https:\/\/operacinesistema.lt\/en\/wp-json\/wp\/v2\/types\/product"}],"version-history":[{"count":2,"href":"https:\/\/operacinesistema.lt\/en\/wp-json\/wp\/v2\/product\/4480\/revisions"}],"predecessor-version":[{"id":6583,"href":"https:\/\/operacinesistema.lt\/en\/wp-json\/wp\/v2\/product\/4480\/revisions\/6583"}],"wp:featuredmedia":[{"embeddable":true,"href":"https:\/\/operacinesistema.lt\/en\/wp-json\/wp\/v2\/media\/6018"}],"wp:attachment":[{"href":"https:\/\/operacinesistema.lt\/en\/wp-json\/wp\/v2\/media?parent=4480"}],"wp:term":[{"taxonomy":"product_brand","embeddable":true,"href":"https:\/\/operacinesistema.lt\/en\/wp-json\/wp\/v2\/product_brand?post=4480"},{"taxonomy":"product_cat","embeddable":true,"href":"https:\/\/operacinesistema.lt\/en\/wp-json\/wp\/v2\/product_cat?post=4480"},{"taxonomy":"product_tag","embeddable":true,"href":"https:\/\/operacinesistema.lt\/en\/wp-json\/wp\/v2\/product_tag?post=4480"}],"curies":[{"name":"wp","href":"https:\/\/api.w.org\/{rel}","templated":true}]}}