{"id":4404,"date":"2024-11-19T11:15:00","date_gmt":"2024-11-19T11:15:00","guid":{"rendered":"https:\/\/operacinesistema.lt\/?page_id=4404"},"modified":"2025-11-10T13:00:01","modified_gmt":"2025-11-10T13:00:01","slug":"duk","status":"publish","type":"page","link":"https:\/\/operacinesistema.lt\/de\/duk\/","title":{"rendered":"FAQ"},"content":{"rendered":"<div data-elementor-type=\"wp-page\" data-elementor-id=\"4404\" class=\"elementor elementor-4404\">\n\t\t\t\t<div class=\"elementor-element elementor-element-b9de748 e-flex e-con-boxed e-con e-parent\" data-id=\"b9de748\" data-element_type=\"container\" data-e-type=\"container\">\n\t\t\t\t\t<div class=\"e-con-inner\">\n\t\t\t\t<div class=\"elementor-element elementor-element-9d56ec8 elementor-widget elementor-widget-tm-heading\" data-id=\"9d56ec8\" data-element_type=\"widget\" data-e-type=\"widget\" data-widget_type=\"tm-heading.default\">\n\t\t\t\t<div class=\"elementor-widget-container\">\n\t\t\t\t\t\t\t<div class=\"tm-modern-heading tm-modern-heading--style-01 tm-modern-heading--highlight-style-01\">\n\t\t\t\n\t\t\t\t\t<div class=\"heading-primary-wrap\">\n\t\t\t<h2 class=\"heading-primary elementor-heading-title\">H\u00e4ufig gestellte Fragen<\/h2>\t\t<\/div>\n\t\t\n\t\t\t\n\t\t\t\t\t<\/div>\n\t\t\t\t\t\t<\/div>\n\t\t\t\t<\/div>\n\t\t\t\t\t<\/div>\n\t\t\t\t<\/div>\n\t\t<div class=\"elementor-element elementor-element-700f1f0 e-flex e-con-boxed e-con e-parent\" data-id=\"700f1f0\" data-element_type=\"container\" data-e-type=\"container\">\n\t\t\t\t\t<div class=\"e-con-inner\">\n\t\t\t\t<div class=\"elementor-element elementor-element-084315e minimog-accordion-style-01 elementor-widget elementor-widget-tm-accordion\" data-id=\"084315e\" data-element_type=\"widget\" data-e-type=\"widget\" data-settings=\"{&quot;active_first_item&quot;:&quot;1&quot;}\" data-widget_type=\"tm-accordion.default\">\n\t\t\t\t<div class=\"elementor-widget-container\">\n\t\t\t\t\t\t\t<div class=\"minimog-accordion minimog-accordion-icon-right\" data-multi-open=\"1\">\n\t\t\t\t\t\t\t<div class=\"accordion-section active\">\n\t\t\t\t\t<div class=\"accordion-header\">\n\t\t\t\t\t\t<div class=\"accordion-title-wrapper\">\n\t\t\t\t\t\t\t<h6 class=\"accordion-title\">Bekomme ich ein physisches Produkt oder eine digitale Lizenz f\u00fcr Windows 11 Pro?<\/h6>\t\t\t\t\t\t<\/div>\n\t\t\t\t\t\t\t\t\t\t\t\t\t<div class=\"accordion-icons\">\n\t\t\t\t\t\t\t\t<span\n\t\t\t\t\t\t\t\t\tclass=\"accordion-icon opened-icon\"><i class=\"far fa-angle-down\"><\/i><\/span>\n\t\t\t\t\t\t\t\t<span\n\t\t\t\t\t\t\t\t\tclass=\"accordion-icon closed-icon\"><i class=\"far fa-angle-up\"><\/i><\/span>\n\t\t\t\t\t\t\t<\/div>\n\t\t\t\t\t\t\t\t\t\t\t<\/div>\n\t\t\t\t\t<div class=\"accordion-content\">\n\t\t\t\t\t\t<p>Wenn Sie Windows 11 Pro kaufen, senden wir Ihnen das physische Originalprodukt mit USB-Stick, Handbuch und allem Originalzubeh\u00f6r.<\/p>\t\t\t\t\t<\/div>\n\t\t\t\t<\/div>\n\t\t\t\t\t\t\t<div class=\"accordion-section\">\n\t\t\t\t\t<div class=\"accordion-header\">\n\t\t\t\t\t\t<div class=\"accordion-title-wrapper\">\n\t\t\t\t\t\t\t<h6 class=\"accordion-title\">Ist dies das urspr\u00fcngliche Betriebssystem?<\/h6>\t\t\t\t\t\t<\/div>\n\t\t\t\t\t\t\t\t\t\t\t\t\t<div class=\"accordion-icons\">\n\t\t\t\t\t\t\t\t<span\n\t\t\t\t\t\t\t\t\tclass=\"accordion-icon opened-icon\"><i class=\"far fa-angle-down\"><\/i><\/span>\n\t\t\t\t\t\t\t\t<span\n\t\t\t\t\t\t\t\t\tclass=\"accordion-icon closed-icon\"><i class=\"far fa-angle-up\"><\/i><\/span>\n\t\t\t\t\t\t\t<\/div>\n\t\t\t\t\t\t\t\t\t\t\t<\/div>\n\t\t\t\t\t<div class=\"accordion-content\">\n\t\t\t\t\t\t<p>Ja, alle unsere Produkte sind echt, nicht gestohlen, geknackt oder anderweitig manipuliert.<\/p>\t\t\t\t\t<\/div>\n\t\t\t\t<\/div>\n\t\t\t\t\t\t\t<div class=\"accordion-section\">\n\t\t\t\t\t<div class=\"accordion-header\">\n\t\t\t\t\t\t<div class=\"accordion-title-wrapper\">\n\t\t\t\t\t\t\t<h6 class=\"accordion-title\">Werde ich das Betriebssystem zur\u00fcckgeben k\u00f6nnen?<\/h6>\t\t\t\t\t\t<\/div>\n\t\t\t\t\t\t\t\t\t\t\t\t\t<div class=\"accordion-icons\">\n\t\t\t\t\t\t\t\t<span\n\t\t\t\t\t\t\t\t\tclass=\"accordion-icon opened-icon\"><i class=\"far fa-angle-down\"><\/i><\/span>\n\t\t\t\t\t\t\t\t<span\n\t\t\t\t\t\t\t\t\tclass=\"accordion-icon closed-icon\"><i class=\"far fa-angle-up\"><\/i><\/span>\n\t\t\t\t\t\t\t<\/div>\n\t\t\t\t\t\t\t\t\t\t\t<\/div>\n\t\t\t\t\t<div class=\"accordion-content\">\n\t\t\t\t\t\t<p>Ja, wenn Sie Ihre Meinung \u00e4ndern und das Betriebssystem nicht benutzen, k\u00f6nnen Sie es zur\u00fcckgeben. Hinweis: Die Verpackung muss unverpackt, nicht zerrissen, benutzt oder anderweitig besch\u00e4digt sein. Wenn das Produkt ge\u00f6ffnet oder benutzt wurde, wird die R\u00fcckgabe nicht akzeptiert.<\/p>\t\t\t\t\t<\/div>\n\t\t\t\t<\/div>\n\t\t\t\t\t\t\t<div class=\"accordion-section\">\n\t\t\t\t\t<div class=\"accordion-header\">\n\t\t\t\t\t\t<div class=\"accordion-title-wrapper\">\n\t\t\t\t\t\t\t<h6 class=\"accordion-title\">Was ist, wenn der Lizenzschl\u00fcssel nicht funktioniert?<\/h6>\t\t\t\t\t\t<\/div>\n\t\t\t\t\t\t\t\t\t\t\t\t\t<div class=\"accordion-icons\">\n\t\t\t\t\t\t\t\t<span\n\t\t\t\t\t\t\t\t\tclass=\"accordion-icon opened-icon\"><i class=\"far fa-angle-down\"><\/i><\/span>\n\t\t\t\t\t\t\t\t<span\n\t\t\t\t\t\t\t\t\tclass=\"accordion-icon closed-icon\"><i class=\"far fa-angle-up\"><\/i><\/span>\n\t\t\t\t\t\t\t<\/div>\n\t\t\t\t\t\t\t\t\t\t\t<\/div>\n\t\t\t\t\t<div class=\"accordion-content\">\n\t\t\t\t\t\t<p>Wenn der Lizenzschl\u00fcssel nicht funktioniert, m\u00fcssen Sie ein Video vorlegen, das Sie beim Auspacken unseres Betriebssystems und bei der Eingabe des Lizenzschl\u00fcssels zeigt. Wenn der Lizenzschl\u00fcssel dann nicht funktioniert, erhalten Sie von uns einen digitalen Ersatzlizenzschl\u00fcssel.<\/p>\t\t\t\t\t<\/div>\n\t\t\t\t<\/div>\n\t\t\t\t\t\t\t<div class=\"accordion-section\">\n\t\t\t\t\t<div class=\"accordion-header\">\n\t\t\t\t\t\t<div class=\"accordion-title-wrapper\">\n\t\t\t\t\t\t\t<h6 class=\"accordion-title\">Wie lange dauert die Lieferung?<\/h6>\t\t\t\t\t\t<\/div>\n\t\t\t\t\t\t\t\t\t\t\t\t\t<div class=\"accordion-icons\">\n\t\t\t\t\t\t\t\t<span\n\t\t\t\t\t\t\t\t\tclass=\"accordion-icon opened-icon\"><i class=\"far fa-angle-down\"><\/i><\/span>\n\t\t\t\t\t\t\t\t<span\n\t\t\t\t\t\t\t\t\tclass=\"accordion-icon closed-icon\"><i class=\"far fa-angle-up\"><\/i><\/span>\n\t\t\t\t\t\t\t<\/div>\n\t\t\t\t\t\t\t\t\t\t\t<\/div>\n\t\t\t\t\t<div class=\"accordion-content\">\n\t\t\t\t\t\t<p>Die Zustellung an ein Postamt in Litauen dauert 1-3 Tage. Sie werden zum Zeitpunkt der Bestellung per SMS und E-Mail benachrichtigt, wenn das Paket bei der Post abgegeben wurde. Nach der Zustellung k\u00f6nnen Sie Ihr Paket jeden Tag und zu jeder Tageszeit abholen.<\/p>\t\t\t\t\t<\/div>\n\t\t\t\t<\/div>\n\t\t\t\t\t\t\t<div class=\"accordion-section\">\n\t\t\t\t\t<div class=\"accordion-header\">\n\t\t\t\t\t\t<div class=\"accordion-title-wrapper\">\n\t\t\t\t\t\t\t<h6 class=\"accordion-title\">Wie kann ich meine Daten mit Windows 11 Pro sch\u00fctzen?<\/h6>\t\t\t\t\t\t<\/div>\n\t\t\t\t\t\t\t\t\t\t\t\t\t<div class=\"accordion-icons\">\n\t\t\t\t\t\t\t\t<span\n\t\t\t\t\t\t\t\t\tclass=\"accordion-icon opened-icon\"><i class=\"far fa-angle-down\"><\/i><\/span>\n\t\t\t\t\t\t\t\t<span\n\t\t\t\t\t\t\t\t\tclass=\"accordion-icon closed-icon\"><i class=\"far fa-angle-up\"><\/i><\/span>\n\t\t\t\t\t\t\t<\/div>\n\t\t\t\t\t\t\t\t\t\t\t<\/div>\n\t\t\t\t\t<div class=\"accordion-content\">\n\t\t\t\t\t\t<p>\u201eWindows 11 Pro verf\u00fcgt \u00fcber eine integrierte BitLocker-Datenverschl\u00fcsselung, die daf\u00fcr sorgt, dass Ihre Daten sicher sind, selbst wenn Sie Ihr Ger\u00e4t verlieren. F\u00fcr noch mehr Sicherheit k\u00f6nnen Sie auch die Windows Hello-Gesichts- oder Fingerabdruckerkennung verwenden.<\/p>\t\t\t\t\t<\/div>\n\t\t\t\t<\/div>\n\t\t\t\t\t\t\t<div class=\"accordion-section\">\n\t\t\t\t\t<div class=\"accordion-header\">\n\t\t\t\t\t\t<div class=\"accordion-title-wrapper\">\n\t\t\t\t\t\t\t<h6 class=\"accordion-title\">Wie kann ich Windows 11 Pro Schritt f\u00fcr Schritt installieren?<\/h6>\t\t\t\t\t\t<\/div>\n\t\t\t\t\t\t\t\t\t\t\t\t\t<div class=\"accordion-icons\">\n\t\t\t\t\t\t\t\t<span\n\t\t\t\t\t\t\t\t\tclass=\"accordion-icon opened-icon\"><i class=\"far fa-angle-down\"><\/i><\/span>\n\t\t\t\t\t\t\t\t<span\n\t\t\t\t\t\t\t\t\tclass=\"accordion-icon closed-icon\"><i class=\"far fa-angle-up\"><\/i><\/span>\n\t\t\t\t\t\t\t<\/div>\n\t\t\t\t\t\t\t\t\t\t\t<\/div>\n\t\t\t\t\t<div class=\"accordion-content\">\n\t\t\t\t\t\t<ul><li>Schalten Sie Ihren Computer ein und stecken Sie den USB-Stick ein.<\/li><li>Starten Sie Ihren Computer \u00fcber die BIOS-Einstellungen vom USB-Laufwerk aus.<\/li><li>W\u00e4hlen Sie Ihre Sprache und die Uhrzeit und klicken Sie dann auf \u201eJetzt installieren\u201c.<\/li><li>Geben Sie den Aktivierungscode ein und fahren Sie mit der Installation fort.<\/li><li>W\u00e4hlen Sie \u201eBenutzerdefinierte Installation\u201c und geben Sie das Laufwerk an, auf dem Sie das System installieren m\u00f6chten.<\/li><li>Warten Sie, bis die Installation abgeschlossen ist, und richten Sie Ihr Konto ein.<\/li><\/ul>\t\t\t\t\t<\/div>\n\t\t\t\t<\/div>\n\t\t\t\t\t\t\t<div class=\"accordion-section\">\n\t\t\t\t\t<div class=\"accordion-header\">\n\t\t\t\t\t\t<div class=\"accordion-title-wrapper\">\n\t\t\t\t\t\t\t<h6 class=\"accordion-title\">Wie kann ich sicherstellen, dass mein PC f\u00fcr Windows 11 bereit ist?<\/h6>\t\t\t\t\t\t<\/div>\n\t\t\t\t\t\t\t\t\t\t\t\t\t<div class=\"accordion-icons\">\n\t\t\t\t\t\t\t\t<span\n\t\t\t\t\t\t\t\t\tclass=\"accordion-icon opened-icon\"><i class=\"far fa-angle-down\"><\/i><\/span>\n\t\t\t\t\t\t\t\t<span\n\t\t\t\t\t\t\t\t\tclass=\"accordion-icon closed-icon\"><i class=\"far fa-angle-up\"><\/i><\/span>\n\t\t\t\t\t\t\t<\/div>\n\t\t\t\t\t\t\t\t\t\t\t<\/div>\n\t\t\t\t\t<div class=\"accordion-content\">\n\t\t\t\t\t\t<p>Sie k\u00f6nnen das offizielle Microsoft PC Health Check-Tool verwenden, um die Kompatibilit\u00e4t Ihres PCs mit Windows 11 zu \u00fcberpr\u00fcfen. Das Tool zeigt Ihnen, ob alle Anforderungen erf\u00fcllt sind.<\/p>\t\t\t\t\t<\/div>\n\t\t\t\t<\/div>\n\t\t\t\t\t\t\t<div class=\"accordion-section\">\n\t\t\t\t\t<div class=\"accordion-header\">\n\t\t\t\t\t\t<div class=\"accordion-title-wrapper\">\n\t\t\t\t\t\t\t<h6 class=\"accordion-title\">Was tun, wenn Windows 11 nach der Installation nicht richtig funktioniert?<\/h6>\t\t\t\t\t\t<\/div>\n\t\t\t\t\t\t\t\t\t\t\t\t\t<div class=\"accordion-icons\">\n\t\t\t\t\t\t\t\t<span\n\t\t\t\t\t\t\t\t\tclass=\"accordion-icon opened-icon\"><i class=\"far fa-angle-down\"><\/i><\/span>\n\t\t\t\t\t\t\t\t<span\n\t\t\t\t\t\t\t\t\tclass=\"accordion-icon closed-icon\"><i class=\"far fa-angle-up\"><\/i><\/span>\n\t\t\t\t\t\t\t<\/div>\n\t\t\t\t\t\t\t\t\t\t\t<\/div>\n\t\t\t\t\t<div class=\"accordion-content\">\n\t\t\t\t\t\t<p>Wenn Sie Probleme haben, k\u00f6nnen Sie das:<\/p><ol><li>Versuchen Sie, die Fehlerbehebungsfunktion in den Einstellungen aufzurufen.<\/li><li>Aktualisieren Sie Ihre Treiber oder installieren Sie fehlende Updates.<\/li><li>Setzen Sie sich mit uns in Verbindung, und wir helfen Ihnen, das Problem zu l\u00f6sen.<\/li><\/ol>\t\t\t\t\t<\/div>\n\t\t\t\t<\/div>\n\t\t\t\t\t\t\t<div class=\"accordion-section\">\n\t\t\t\t\t<div class=\"accordion-header\">\n\t\t\t\t\t\t<div class=\"accordion-title-wrapper\">\n\t\t\t\t\t\t\t<h6 class=\"accordion-title\">Woher wei\u00df ich, ob mein F\u00fchrerschein noch g\u00fcltig ist?<\/h6>\t\t\t\t\t\t<\/div>\n\t\t\t\t\t\t\t\t\t\t\t\t\t<div class=\"accordion-icons\">\n\t\t\t\t\t\t\t\t<span\n\t\t\t\t\t\t\t\t\tclass=\"accordion-icon opened-icon\"><i class=\"far fa-angle-down\"><\/i><\/span>\n\t\t\t\t\t\t\t\t<span\n\t\t\t\t\t\t\t\t\tclass=\"accordion-icon closed-icon\"><i class=\"far fa-angle-up\"><\/i><\/span>\n\t\t\t\t\t\t\t<\/div>\n\t\t\t\t\t\t\t\t\t\t\t<\/div>\n\t\t\t\t\t<div class=\"accordion-content\">\n\t\t\t\t\t\t<p>Sie k\u00f6nnen die G\u00fcltigkeit Ihrer Lizenz \u00fcber Windows-Einstellungen \u2192 Update &amp; Sicherheit \u2192 Aktivierung \u00fcberpr\u00fcfen. Dort sollten Sie sehen, dass das System mit einem authentischen Schl\u00fcssel aktiviert ist.<\/p>\t\t\t\t\t<\/div>\n\t\t\t\t<\/div>\n\t\t\t\t\t\t\t<div class=\"accordion-section\">\n\t\t\t\t\t<div class=\"accordion-header\">\n\t\t\t\t\t\t<div class=\"accordion-title-wrapper\">\n\t\t\t\t\t\t\t<h6 class=\"accordion-title\">Hat die von mir erworbene Lizenz eine zeitliche Begrenzung?<\/h6>\t\t\t\t\t\t<\/div>\n\t\t\t\t\t\t\t\t\t\t\t\t\t<div class=\"accordion-icons\">\n\t\t\t\t\t\t\t\t<span\n\t\t\t\t\t\t\t\t\tclass=\"accordion-icon opened-icon\"><i class=\"far fa-angle-down\"><\/i><\/span>\n\t\t\t\t\t\t\t\t<span\n\t\t\t\t\t\t\t\t\tclass=\"accordion-icon closed-icon\"><i class=\"far fa-angle-up\"><\/i><\/span>\n\t\t\t\t\t\t\t<\/div>\n\t\t\t\t\t\t\t\t\t\t\t<\/div>\n\t\t\t\t\t<div class=\"accordion-content\">\n\t\t\t\t\t\t<p>Nein, die erworbene Lizenz ist dauerhaft und hat kein Verfallsdatum, wenn sie auf demselben Computer verwendet wird.<\/p>\t\t\t\t\t<\/div>\n\t\t\t\t<\/div>\n\t\t\t\t\t\t\t<div class=\"accordion-section\">\n\t\t\t\t\t<div class=\"accordion-header\">\n\t\t\t\t\t\t<div class=\"accordion-title-wrapper\">\n\t\t\t\t\t\t\t<h6 class=\"accordion-title\">Wie kann ich meinen Computer mit Windows 11 vor Viren sch\u00fctzen?<\/h6>\t\t\t\t\t\t<\/div>\n\t\t\t\t\t\t\t\t\t\t\t\t\t<div class=\"accordion-icons\">\n\t\t\t\t\t\t\t\t<span\n\t\t\t\t\t\t\t\t\tclass=\"accordion-icon opened-icon\"><i class=\"far fa-angle-down\"><\/i><\/span>\n\t\t\t\t\t\t\t\t<span\n\t\t\t\t\t\t\t\t\tclass=\"accordion-icon closed-icon\"><i class=\"far fa-angle-up\"><\/i><\/span>\n\t\t\t\t\t\t\t<\/div>\n\t\t\t\t\t\t\t\t\t\t\t<\/div>\n\t\t\t\t\t<div class=\"accordion-content\">\n\t\t\t\t\t\t<p>\u201eWindows 11 verf\u00fcgt \u00fcber den integrierten Windows Defender-Virenschutz f\u00fcr Echtzeitschutz. Au\u00dferdem ist es wichtig, das Betriebssystem regelm\u00e4\u00dfig zu aktualisieren und das Herunterladen verd\u00e4chtiger Dateien zu vermeiden.<\/p>\t\t\t\t\t<\/div>\n\t\t\t\t<\/div>\n\t\t\t\t\t\t\t<div class=\"accordion-section\">\n\t\t\t\t\t<div class=\"accordion-header\">\n\t\t\t\t\t\t<div class=\"accordion-title-wrapper\">\n\t\t\t\t\t\t\t<h6 class=\"accordion-title\">Kann ich Windows 11 ohne Internetverbindung verwenden?<\/h6>\t\t\t\t\t\t<\/div>\n\t\t\t\t\t\t\t\t\t\t\t\t\t<div class=\"accordion-icons\">\n\t\t\t\t\t\t\t\t<span\n\t\t\t\t\t\t\t\t\tclass=\"accordion-icon opened-icon\"><i class=\"far fa-angle-down\"><\/i><\/span>\n\t\t\t\t\t\t\t\t<span\n\t\t\t\t\t\t\t\t\tclass=\"accordion-icon closed-icon\"><i class=\"far fa-angle-up\"><\/i><\/span>\n\t\t\t\t\t\t\t<\/div>\n\t\t\t\t\t\t\t\t\t\t\t<\/div>\n\t\t\t\t\t<div class=\"accordion-content\">\n\t\t\t\t\t\t<p>Ja, Sie k\u00f6nnen die grundlegenden Funktionen nutzen, aber einige Dienste, wie z. B. Updates und Microsoft Store, funktionieren nicht ohne Internetverbindung.<\/p>\t\t\t\t\t<\/div>\n\t\t\t\t<\/div>\n\t\t\t\t\t\t\t<div class=\"accordion-section\">\n\t\t\t\t\t<div class=\"accordion-header\">\n\t\t\t\t\t\t<div class=\"accordion-title-wrapper\">\n\t\t\t\t\t\t\t<h6 class=\"accordion-title\">Warum ein Upgrade auf Windows 11?<\/h6>\t\t\t\t\t\t<\/div>\n\t\t\t\t\t\t\t\t\t\t\t\t\t<div class=\"accordion-icons\">\n\t\t\t\t\t\t\t\t<span\n\t\t\t\t\t\t\t\t\tclass=\"accordion-icon opened-icon\"><i class=\"far fa-angle-down\"><\/i><\/span>\n\t\t\t\t\t\t\t\t<span\n\t\t\t\t\t\t\t\t\tclass=\"accordion-icon closed-icon\"><i class=\"far fa-angle-up\"><\/i><\/span>\n\t\t\t\t\t\t\t<\/div>\n\t\t\t\t\t\t\t\t\t\t\t<\/div>\n\t\t\t\t\t<div class=\"accordion-content\">\n\t\t\t\t\t\t<p>\u201eWindows 11 bietet ein moderneres Design, h\u00f6here Produktivit\u00e4t, neue Funktionen wie virtuelle Desktops und verbesserte Sicherheitsma\u00dfnahmen, die Ihre Arbeit bequemer und sicherer machen.<\/p>\t\t\t\t\t<\/div>\n\t\t\t\t<\/div>\n\t\t\t\t\t<\/div>\n\t\t\t\t\t\t<\/div>\n\t\t\t\t<\/div>\n\t\t\t\t\t<\/div>\n\t\t\t\t<\/div>\n\t\t\t\t<\/div>","protected":false},"excerpt":{"rendered":"<p>Da\u017eniausiai u\u017eduodami klausimai Ar gausiu fizin\u012f produkt\u0105, ar skaitmenin\u0119 Windows 11 Pro licencij\u0105? \u012esigyj\u0119 Windows 11 Pro atsi\u0173sime Jums original\u0173 fizin\u012f produkt\u0105 su USB laikmena, instrukcija ir visa originalia komplektacija. Ar tai originali operacin\u0117 sistema? Taip, visi m\u016bs\u0173 produktai yra original\u016bs, nevogti, nenucrack&#8217;inti ar kitaip nesuklastoti. Ar gal\u0117siu gr\u0105\u017einti operacin\u0119 sistem\u0105? Taip, jei \u012fsigyj\u0119 operacin\u0119 sistem\u0105 apsigalvojote ir jos nepanaudojote, gal\u0117site j\u0105 gr\u0105\u017einti. Pastaba: pakuot\u0117 turi b\u016bti nei\u0161pakuota, nesupl\u0117\u0161yta, nepanaudota ar kitaip nepa\u017eeista. Atidarius ar panaudojus produkt\u0105, gr\u0105\u017einimas nebus priimtas. K\u0105 daryti, jeigu licencijos raktas nesuveik\u0117? Jeigu licencijos raktas nesuveik\u0117, b\u016btina pateikti vaizdo med\u017eiag\u0105, kaip i\u0161pakuojate m\u016bs\u0173 operacin\u0119 sistem\u0105 ir \u012fvedate licencijos rakt\u0105, tuomet jeigu licencijos raktas nesuveik\u0117, suteiksime Jums pakaitin\u012f skaitmenin\u012f licencijos rakt\u0105. Kiek laiko u\u017etrunka pristatymas? Siunta \u012f pa\u0161tomat\u0105 Lietuvoje pristatoma per 1-3 d.d. Apie siuntos pristatym\u0105 \u012f pa\u0161tomat\u0105 b\u016bsite informuoti SMS \u017einute ir el. pa\u0161tu nurodytu atsiskaitymo metu. Po pristatymo, gal\u0117site atvykti atsiimti siuntinio bet kuri\u0105 dien\u0105, bet kuriuo paros laiku. Kaip apsaugoti duomenis naudojant \u201eWindows 11 Pro\u201c? \u201eWindows 11 Pro\u201c turi integruot\u0105 \u201eBitLocker\u201c duomen\u0173 \u0161ifravimo funkcij\u0105, kuri u\u017etikrina, kad j\u016bs\u0173 duomenys bus saug\u016bs net jei prarastum\u0117te \u012frengin\u012f. Taip pat galima naudoti \u201eWindows Hello\u201c veido arba pir\u0161t\u0173 atspaud\u0173 atpa\u017einim\u0105, siekiant dar didesnio saugumo. Kaip \u012fdiegti \u201eWindows 11 Pro\u201c \u017eingsnis po \u017eingsnio (Step-by-Step)? \u012ejunkite kompiuter\u012f ir \u012fd\u0117kite USB laikmen\u0105. Paleiskite kompiuter\u012f i\u0161 USB disko per \u201eBIOS\u201c nustatymus. Pasirinkite kalb\u0105 ir laik\u0105, tada spauskite \u201eInstall Now\u201c. \u012eveskite aktyvacijos kod\u0105 ir t\u0119skite diegim\u0105. Pasirinkite \u201eCustom Installation\u201c ir nurodykite disk\u0105, kuriame norite \u012fdiegti sistem\u0105. Palaukite, kol diegimas bus baigtas, ir nustatykite savo paskyr\u0105. Kaip \u012fsitikinti, kad mano kompiuteris pasiruo\u0161\u0119s \u201eWindows 11\u201c diegimui? Galite naudoti oficial\u0173 \u201eMicrosoft PC Health Check\u201c \u012frank\u012f, kuris patikrins j\u016bs\u0173 kompiuterio suderinamum\u0105 su \u201eWindows 11\u201c. \u012erankis parodys, ar visi reikalavimai yra \u012fvykdyti. K\u0105 daryti, jei po diegimo \u201eWindows 11\u201c neveikia tinkamai? Jei susiduriate su problemomis, galite: Pabandykite paleisti \u201eTroubleshooter\u201c funkcij\u0105 per nustatymus. Atnaujinkite tvarkykles arba \u012fdiekite tr\u016bkstamus atnaujinimus. Susisiekite su mumis ir pad\u0117sime i\u0161spr\u0119sti problem\u0105. Kaip su\u017einoti, ar mano licencija galioja? J\u016bs\u0173 licencijos galiojim\u0105 galite patikrinti per \u201eWindows Settings\u201c \u2192 \u201eUpdate &amp; Security\u201c \u2192 \u201eActivation\u201c. Ten tur\u0117tum\u0117te matyti, kad sistema aktyvuota su autenti\u0161ku raktu. Ar \u012fsigyta licencija turi laikotarpio apribojim\u0173? Ne, \u012fsigyta licencija yra nuolatin\u0117 ir neturi galiojimo laiko, jei naudojama tame pa\u010diame kompiuteryje. Kaip apsaugoti savo kompiuter\u012f nuo virus\u0173 naudojant \u201eWindows 11\u201c? \u201eWindows 11\u201c turi integruot\u0105 \u201eWindows Defender\u201c antivirusin\u0119 program\u0105, kuri u\u017etikrina realaus laiko apsaug\u0105. Taip pat svarbu reguliariai atnaujinti operacin\u0119 sistem\u0105 ir vengti \u012ftartin\u0173 fail\u0173 atsisiuntimo. Ar galima naudoti \u201eWindows 11\u201c be interneto ry\u0161io? Taip, galite naudotis pagrindin\u0117mis funkcijomis, ta\u010diau kai kurios paslaugos, pvz., atnaujinimai ir \u201eMicrosoft Store\u201c, neveiks be interneto ry\u0161io. Kod\u0117l verta atsinaujinti \u012f \u201eWindows 11\u201c? \u201eWindows 11\u201c si\u016blo modernesn\u012f dizain\u0105, geresn\u012f produktyvum\u0105, naujas funkcijas, pvz., virtualias darbalauki\u0173 sritis ir patobulintas saugumo priemones, kurios u\u017etikrina patogesn\u012f ir saugesn\u012f darb\u0105.<\/p>","protected":false},"author":1,"featured_media":0,"parent":0,"menu_order":0,"comment_status":"closed","ping_status":"closed","template":"","meta":{"footnotes":""},"class_list":["post-4404","page","type-page","status-publish","hentry","post-no-thumbnail"],"yoast_head":"<!-- This site is optimized with the Yoast SEO plugin v27.4 - https:\/\/yoast.com\/product\/yoast-seo-wordpress\/ -->\n<title>DUK - operacinesistema.lt<\/title>\n<meta name=\"description\" content=\"Da\u017eniausiai u\u017eduodami klausimai apie operacines sistemas. Originalios operacin\u0117s u\u017e ger\u0105 kain\u0105 - operacinesistema.lt\" \/>\n<meta name=\"robots\" content=\"index, follow, max-snippet:-1, max-image-preview:large, max-video-preview:-1\" \/>\n<link rel=\"canonical\" href=\"https:\/\/operacinesistema.lt\/de\/duk\/\" \/>\n<meta property=\"og:locale\" content=\"de_DE\" \/>\n<meta property=\"og:type\" content=\"article\" \/>\n<meta property=\"og:title\" content=\"DUK - operacinesistema.lt\" \/>\n<meta property=\"og:description\" content=\"Da\u017eniausiai u\u017eduodami klausimai apie operacines sistemas. Originalios operacin\u0117s u\u017e ger\u0105 kain\u0105 - operacinesistema.lt\" \/>\n<meta property=\"og:url\" content=\"https:\/\/operacinesistema.lt\/de\/duk\/\" \/>\n<meta property=\"og:site_name\" content=\"operacinesistema.lt\" \/>\n<meta property=\"article:modified_time\" content=\"2025-11-10T13:00:01+00:00\" \/>\n<meta name=\"twitter:card\" content=\"summary_large_image\" \/>\n<meta name=\"twitter:label1\" content=\"Gesch\u00e4tzte Lesezeit\" \/>\n\t<meta name=\"twitter:data1\" content=\"3\u00a0Minuten\" \/>\n<script type=\"application\/ld+json\" class=\"yoast-schema-graph\">{\"@context\":\"https:\\\/\\\/schema.org\",\"@graph\":[{\"@type\":\"WebPage\",\"@id\":\"https:\\\/\\\/operacinesistema.lt\\\/duk\\\/\",\"url\":\"https:\\\/\\\/operacinesistema.lt\\\/duk\\\/\",\"name\":\"DUK - operacinesistema.lt\",\"isPartOf\":{\"@id\":\"https:\\\/\\\/operacinesistema.lt\\\/#website\"},\"datePublished\":\"2024-11-19T11:15:00+00:00\",\"dateModified\":\"2025-11-10T13:00:01+00:00\",\"description\":\"Da\u017eniausiai u\u017eduodami klausimai apie operacines sistemas. Originalios operacin\u0117s u\u017e ger\u0105 kain\u0105 - operacinesistema.lt\",\"breadcrumb\":{\"@id\":\"https:\\\/\\\/operacinesistema.lt\\\/duk\\\/#breadcrumb\"},\"inLanguage\":\"de\",\"potentialAction\":[{\"@type\":\"ReadAction\",\"target\":[\"https:\\\/\\\/operacinesistema.lt\\\/duk\\\/\"]}]},{\"@type\":\"BreadcrumbList\",\"@id\":\"https:\\\/\\\/operacinesistema.lt\\\/duk\\\/#breadcrumb\",\"itemListElement\":[{\"@type\":\"ListItem\",\"position\":1,\"name\":\"Home\",\"item\":\"https:\\\/\\\/operacinesistema.lt\\\/\"},{\"@type\":\"ListItem\",\"position\":2,\"name\":\"DUK\"}]},{\"@type\":\"WebSite\",\"@id\":\"https:\\\/\\\/operacinesistema.lt\\\/#website\",\"url\":\"https:\\\/\\\/operacinesistema.lt\\\/\",\"name\":\"operacinesistema.lt\",\"description\":\"\u012esigykite Windows 11 Pro u\u017e geriausi\u0105 kain\u0105\",\"potentialAction\":[{\"@type\":\"SearchAction\",\"target\":{\"@type\":\"EntryPoint\",\"urlTemplate\":\"https:\\\/\\\/operacinesistema.lt\\\/?s={search_term_string}\"},\"query-input\":{\"@type\":\"PropertyValueSpecification\",\"valueRequired\":true,\"valueName\":\"search_term_string\"}}],\"inLanguage\":\"de\"}]}<\/script>\n<!-- \/ Yoast SEO plugin. -->","yoast_head_json":{"title":"FAQ - operacinesistema.lt","description":"H\u00e4ufig gestellte Fragen zu Betriebssystemen. Original-Betriebssysteme zu einem guten Preis - operacinesistema.lt","robots":{"index":"index","follow":"follow","max-snippet":"max-snippet:-1","max-image-preview":"max-image-preview:large","max-video-preview":"max-video-preview:-1"},"canonical":"https:\/\/operacinesistema.lt\/de\/duk\/","og_locale":"de_DE","og_type":"article","og_title":"DUK - operacinesistema.lt","og_description":"Da\u017eniausiai u\u017eduodami klausimai apie operacines sistemas. Originalios operacin\u0117s u\u017e ger\u0105 kain\u0105 - operacinesistema.lt","og_url":"https:\/\/operacinesistema.lt\/de\/duk\/","og_site_name":"operacinesistema.lt","article_modified_time":"2025-11-10T13:00:01+00:00","twitter_card":"summary_large_image","twitter_misc":{"Gesch\u00e4tzte Lesezeit":"3\u00a0Minuten"},"schema":{"@context":"https:\/\/schema.org","@graph":[{"@type":"WebPage","@id":"https:\/\/operacinesistema.lt\/duk\/","url":"https:\/\/operacinesistema.lt\/duk\/","name":"FAQ - operacinesistema.lt","isPartOf":{"@id":"https:\/\/operacinesistema.lt\/#website"},"datePublished":"2024-11-19T11:15:00+00:00","dateModified":"2025-11-10T13:00:01+00:00","description":"H\u00e4ufig gestellte Fragen zu Betriebssystemen. Original-Betriebssysteme zu einem guten Preis - operacinesistema.lt","breadcrumb":{"@id":"https:\/\/operacinesistema.lt\/duk\/#breadcrumb"},"inLanguage":"de","potentialAction":[{"@type":"ReadAction","target":["https:\/\/operacinesistema.lt\/duk\/"]}]},{"@type":"BreadcrumbList","@id":"https:\/\/operacinesistema.lt\/duk\/#breadcrumb","itemListElement":[{"@type":"ListItem","position":1,"name":"Home","item":"https:\/\/operacinesistema.lt\/"},{"@type":"ListItem","position":2,"name":"DUK"}]},{"@type":"WebSite","@id":"https:\/\/operacinesistema.lt\/#website","url":"https:\/\/operacinesistema.lt\/","name":"operacinesistema.lt","description":"\u012esigykite Windows 11 Pro u\u017e geriausi\u0105 kain\u0105","potentialAction":[{"@type":"SearchAction","target":{"@type":"EntryPoint","urlTemplate":"https:\/\/operacinesistema.lt\/?s={search_term_string}"},"query-input":{"@type":"PropertyValueSpecification","valueRequired":true,"valueName":"search_term_string"}}],"inLanguage":"de"}]}},"_links":{"self":[{"href":"https:\/\/operacinesistema.lt\/de\/wp-json\/wp\/v2\/pages\/4404","targetHints":{"allow":["GET"]}}],"collection":[{"href":"https:\/\/operacinesistema.lt\/de\/wp-json\/wp\/v2\/pages"}],"about":[{"href":"https:\/\/operacinesistema.lt\/de\/wp-json\/wp\/v2\/types\/page"}],"author":[{"embeddable":true,"href":"https:\/\/operacinesistema.lt\/de\/wp-json\/wp\/v2\/users\/1"}],"replies":[{"embeddable":true,"href":"https:\/\/operacinesistema.lt\/de\/wp-json\/wp\/v2\/comments?post=4404"}],"version-history":[{"count":14,"href":"https:\/\/operacinesistema.lt\/de\/wp-json\/wp\/v2\/pages\/4404\/revisions"}],"predecessor-version":[{"id":4869,"href":"https:\/\/operacinesistema.lt\/de\/wp-json\/wp\/v2\/pages\/4404\/revisions\/4869"}],"wp:attachment":[{"href":"https:\/\/operacinesistema.lt\/de\/wp-json\/wp\/v2\/media?parent=4404"}],"curies":[{"name":"wp","href":"https:\/\/api.w.org\/{rel}","templated":true}]}}